{"id":967,"date":"2014-02-27T11:30:49","date_gmt":"2014-02-27T10:30:49","guid":{"rendered":"http:\/\/blocs.xtec.cat\/cdabages\/?page_id=967"},"modified":"2026-02-12T09:20:36","modified_gmt":"2026-02-12T08:20:36","slug":"la-culla","status":"publish","type":"page","link":"https:\/\/serveiseducatius.xtec.cat\/cda-bages\/ambits\/la-culla\/","title":{"rendered":"La casa de la Culla"},"content":{"rendered":"\n<p>El Camp d\u2019Aprenentatge del Bages t\u00e9 un acord de col\u00b7laboraci\u00f3 amb el&nbsp;<a href=\"http:\/\/www.parcdelasequia.cat\/\" target=\"_blank\" rel=\"noopener\">Parc de la S\u00e9quia<\/a> (Fundaci\u00f3 Aig\u00fces de Manresa \u2013 Junta de la S\u00e9quia).<\/p>\n\n\n\n<p><strong>Activitats<\/strong>:<\/p>\n\n\n\n<div class=\"wp-block-getwid-accordion has-icon-left\" data-active-element=\"none\">\n<div class=\"wp-block-getwid-accordion__header-wrapper\"><span class=\"wp-block-getwid-accordion__header\"><a href=\"#\"><span class=\"wp-block-getwid-accordion__header-title\">Totes les activitats de la Masia.<\/span><span class=\"wp-block-getwid-accordion__icon is-active\"><i class=\"fas fa-plus\"><\/i><\/span><span class=\"wp-block-getwid-accordion__icon is-passive\"><i class=\"fas fa-minus\"><\/i><\/span><\/a><\/span><\/div><div class=\"wp-block-getwid-accordion__content-wrapper\"><div class=\"wp-block-getwid-accordion__content\">\n<ul class=\"wp-block-list\">\n<li><a title=\"La Casa de La Culla\" href=\"https:\/\/serveiseducatius.xtec.cat\/cda-bages\/ambits\/la-culla\/la-casa-de-la-culla\/\">La Casa de la Culla<\/a><\/li>\n\n\n\n<li><a title=\"La vinya i el vi\" href=\"https:\/\/serveiseducatius.xtec.cat\/cda-bages\/ambits\/la-culla\/la-vinya-i-el-vi\/\">La vinya i el vi<\/a><\/li>\n\n\n\n<li><a title=\"El proc\u00e9s d\u2019elaboraci\u00f3 del vi\" href=\"https:\/\/serveiseducatius.xtec.cat\/cda-bages\/ambits\/la-culla\/el-proces-delaboracio-del-vi\/\">El proc\u00e9s d&#8217;elaboraci\u00f3 del vi<\/a><\/li>\n\n\n\n<li><a title=\"Tastem l'hort\" href=\"https:\/\/serveiseducatius.xtec.cat\/cda-bages\/ambits\/la-culla\/lhort-i-els-fruiters\/\">Tastem l&#8217;hort<\/a><\/li>\n\n\n\n<li><a href=\"https:\/\/serveiseducatius.xtec.cat\/cda-bages\/ambits\/la-culla\/descobrim-lhort\/\">Descobrim l&#8217;hort<\/a><\/li>\n\n\n\n<li><a title=\"La granja\" href=\"https:\/\/serveiseducatius.xtec.cat\/cda-bages\/ambits\/la-culla\/la-granja\/\">El corral de la Culla<\/a><\/li>\n\n\n\n<li><a title=\"Un dia a la Culla\" href=\"https:\/\/serveiseducatius.xtec.cat\/cda-bages\/ambits\/la-culla\/un-dia-a-la-culla\/\">Un dia a la Culla<\/a><\/li>\n<\/ul>\n<\/div><\/div>\n<\/div>\n\n\n\n<div class=\"wp-block-getwid-accordion has-icon-left\" data-active-element=\"none\">\n<div class=\"wp-block-getwid-accordion__header-wrapper\"><span class=\"wp-block-getwid-accordion__header\"><a href=\"#\"><span class=\"wp-block-getwid-accordion__header-title\">Pr\u00e9stecs relacionats amb la Masia:<\/span><span class=\"wp-block-getwid-accordion__icon is-active\"><i class=\"fas fa-plus\"><\/i><\/span><span class=\"wp-block-getwid-accordion__icon is-passive\"><i class=\"fas fa-minus\"><\/i><\/span><\/a><\/span><\/div><div class=\"wp-block-getwid-accordion__content-wrapper\"><div class=\"wp-block-getwid-accordion__content\">\n<ul class=\"wp-block-list\">\n<li><a title=\"Taller Les plantes r\u00e0pides\" href=\"https:\/\/serveiseducatius.xtec.cat\/cda-bages\/ambits\/la-culla\/taller-les-plantes-rapides\/\">Taller Les plantes r\u00e0pides<\/a><\/li>\n\n\n\n<li>Incubadora<\/li>\n<\/ul>\n<\/div><\/div>\n\n\n\n<div class=\"wp-block-getwid-accordion__header-wrapper\"><span class=\"wp-block-getwid-accordion__header\"><a href=\"#\"><span class=\"wp-block-getwid-accordion__header-title\">Recursos relacionats amb la Masia:<\/span><span class=\"wp-block-getwid-accordion__icon is-active\"><i class=\"fas fa-plus\"><\/i><\/span><span class=\"wp-block-getwid-accordion__icon is-passive\"><i class=\"fas fa-minus\"><\/i><\/span><\/a><\/span><\/div><div class=\"wp-block-getwid-accordion__content-wrapper\"><div class=\"wp-block-getwid-accordion__content\">\n<ul class=\"wp-block-list\">\n<li>Dossier <a href=\"http:\/\/www.xtec.cat\/cda-bages\/consulta\/consvinya.htm\" target=\"_blank\" rel=\"noopener\">&#8220;La vinya i el vi al Bages&#8221;<\/a> (CdA del Bages)<\/li>\n\n\n\n<li>La <a href=\"https:\/\/drive.google.com\/file\/d\/0BzWPKr0lE8MKNjF2N2tNVDlXYUU\/edit?resourcekey=0-tIDjVB839Xd4zto_7qA4-Q\" target=\"_blank\" rel=\"noreferrer noopener\">hist\u00f2ria de la Culla<\/a><\/li>\n\n\n\n<li>Retallable de la Culla a la <a href=\"http:\/\/www.isegon.cat\/matdid.htm\" target=\"_blank\" rel=\"noreferrer noopener\">web de l&#8217;Ignasi Segon<\/a>, o demanar-lo al CdA del Bages.<\/li>\n<\/ul>\n<\/div><\/div>\n<\/div>\n\n\n\n<div style=\"height:45px\" aria-hidden=\"true\" class=\"wp-block-spacer\"><\/div>\n\n\n\n<div class=\"wp-block-getwid-content-slider has-arrows-inside has-dots-inside\" data-autoplay=\"true\" data-infinite=\"true\"><div class=\"wp-block-getwid-content-slider__wrapper\">\n<div class=\"wp-block-getwid-content-slider-slide\"><div class=\"wp-block-getwid-content-slider-slide__wrapper\">\n<div class=\"wp-block-columns is-layout-flex wp-container-core-columns-is-layout-1 wp-block-columns-is-layout-flex\">\n<div class=\"wp-block-column is-layout-flow wp-block-column-is-layout-flow\" style=\"flex-basis:33.33%\">\n<figure class=\"wp-block-image aligncenter size-full is-resized\"><a href=\"https:\/\/serveiseducatius.xtec.cat\/cda-bages\/wp-content\/uploads\/usu1387\/2025\/10\/unnamed3.jpg\"><img loading=\"lazy\" decoding=\"async\" width=\"800\" height=\"530\" src=\"https:\/\/serveiseducatius.xtec.cat\/cda-bages\/wp-content\/uploads\/usu1387\/2025\/10\/unnamed3.jpg\" alt=\"\" class=\"wp-image-10726\" style=\"aspect-ratio:3\/4;object-fit:cover;width:300px\" srcset=\"https:\/\/serveiseducatius.xtec.cat\/cda-bages\/wp-content\/uploads\/usu1387\/2025\/10\/unnamed3.jpg 800w, https:\/\/serveiseducatius.xtec.cat\/cda-bages\/wp-content\/uploads\/usu1387\/2025\/10\/unnamed3-300x199.jpg 300w, https:\/\/serveiseducatius.xtec.cat\/cda-bages\/wp-content\/uploads\/usu1387\/2025\/10\/unnamed3-768x509.jpg 768w\" sizes=\"auto, (max-width: 800px) 100vw, 800px\" \/><\/a><\/figure>\n<\/div>\n\n\n\n<div class=\"wp-block-column is-vertically-aligned-center is-layout-flow wp-block-column-is-layout-flow\" style=\"flex-basis:66.66%\">\n<h3 class=\"wp-block-heading\"><a href=\"https:\/\/serveiseducatius.xtec.cat\/cda-bages\/ambits\/la-culla\/la-casa-de-la-culla\/\">La casa de la Culla<\/a><\/h3>\n\n\n\n<p>La Culla era una de les masies m\u00e9s importants de la rodalia de Manresa. La major part de l\u2019edifici actual correspon al d\u2019un mas medieval. <\/p>\n\n\n\n<p>L&#8217;objectiu de l&#8217;activitat \u00e9s donar a con\u00e8ixer la vida rural tradicional, observant i interpretant l\u2019edifici i el seu contingut i relacionant arquitectura, hist\u00f2ria, activitat econ\u00f2mica i vida quotidiana en el passat.<\/p>\n<\/div>\n<\/div>\n<\/div><\/div>\n\n\n\n<div class=\"wp-block-getwid-content-slider-slide\"><div class=\"wp-block-getwid-content-slider-slide__wrapper\">\n<div class=\"wp-block-columns is-layout-flex wp-container-core-columns-is-layout-2 wp-block-columns-is-layout-flex\">\n<div class=\"wp-block-column is-layout-flow wp-block-column-is-layout-flow\" style=\"flex-basis:33.33%\">\n<figure class=\"wp-block-image aligncenter size-full is-resized\"><a href=\"https:\/\/serveiseducatius.xtec.cat\/cda-bages\/wp-content\/uploads\/usu1387\/2025\/10\/vinya-i-vi.jpg\"><img loading=\"lazy\" decoding=\"async\" width=\"423\" height=\"634\" src=\"https:\/\/serveiseducatius.xtec.cat\/cda-bages\/wp-content\/uploads\/usu1387\/2025\/10\/vinya-i-vi.jpg\" alt=\"\" class=\"wp-image-10741\" style=\"aspect-ratio:3\/4;object-fit:cover;width:300px\" srcset=\"https:\/\/serveiseducatius.xtec.cat\/cda-bages\/wp-content\/uploads\/usu1387\/2025\/10\/vinya-i-vi.jpg 423w, https:\/\/serveiseducatius.xtec.cat\/cda-bages\/wp-content\/uploads\/usu1387\/2025\/10\/vinya-i-vi-200x300.jpg 200w\" sizes=\"auto, (max-width: 423px) 100vw, 423px\" \/><\/a><\/figure>\n<\/div>\n\n\n\n<div class=\"wp-block-column is-vertically-aligned-center is-layout-flow wp-block-column-is-layout-flow\" style=\"flex-basis:66.66%\">\n<h3 class=\"wp-block-heading\"><a href=\"https:\/\/serveiseducatius.xtec.cat\/cda-bages\/ambits\/la-culla\/la-vinya-i-el-vi\/\">La vinya i el vi<\/a><\/h3>\n\n\n\n<p>La casa disposa d\u2019una petita vinya i les instal\u00b7lacions i objectes relacionats amb el proc\u00e9s tradicional d\u2019elaboraci\u00f3 del vi, inclosos el celler medieval i les tines del segle XIX.<\/p>\n\n\n\n<p>L\u2019activitat es divideix en 3 parts que es fan en petits grups: La fil\u00b7loxera i la preparaci\u00f3 d\u2019un empelt. La vinya, les parts del cep i el seu conreu, les eines per als diversos treballs a la vinya. I per acabar, les instal\u00b7lacions per a l\u2019elaboraci\u00f3 del vi: les tines, el celler\u2026<\/p>\n<\/div>\n<\/div>\n<\/div><\/div>\n\n\n\n<div class=\"wp-block-getwid-content-slider-slide\"><div class=\"wp-block-getwid-content-slider-slide__wrapper\">\n<div class=\"wp-block-columns is-layout-flex wp-container-core-columns-is-layout-3 wp-block-columns-is-layout-flex\">\n<div class=\"wp-block-column is-layout-flow wp-block-column-is-layout-flow\" style=\"flex-basis:33.33%\">\n<figure class=\"wp-block-image aligncenter size-full is-resized\"><a href=\"https:\/\/serveiseducatius.xtec.cat\/cda-bages\/wp-content\/uploads\/usu1387\/2020\/05\/destil.jpg\"><img loading=\"lazy\" decoding=\"async\" width=\"800\" height=\"532\" src=\"https:\/\/serveiseducatius.xtec.cat\/cda-bages\/wp-content\/uploads\/usu1387\/2020\/05\/destil.jpg\" alt=\"\" class=\"wp-image-9276\" style=\"aspect-ratio:3\/4;object-fit:cover;width:300px\" srcset=\"https:\/\/serveiseducatius.xtec.cat\/cda-bages\/wp-content\/uploads\/usu1387\/2020\/05\/destil.jpg 800w, https:\/\/serveiseducatius.xtec.cat\/cda-bages\/wp-content\/uploads\/usu1387\/2020\/05\/destil-300x200.jpg 300w, https:\/\/serveiseducatius.xtec.cat\/cda-bages\/wp-content\/uploads\/usu1387\/2020\/05\/destil-768x511.jpg 768w\" sizes=\"auto, (max-width: 800px) 100vw, 800px\" \/><\/a><\/figure>\n<\/div>\n\n\n\n<div class=\"wp-block-column is-vertically-aligned-center is-layout-flow wp-block-column-is-layout-flow\" style=\"flex-basis:66.66%\">\n<h3 class=\"wp-block-heading\"><a href=\"https:\/\/serveiseducatius.xtec.cat\/cda-bages\/ambits\/la-culla\/el-proces-delaboracio-del-vi\/\">El proc\u00e9s d&#8217;elaboraci\u00f3 del vi<\/a><\/h3>\n\n\n\n<p>La casa disposa de 2 petites vinyes i instal\u00b7lacions relacionades amb el proc\u00e9s tradicional d\u2019elaboraci\u00f3 del vi.<\/p>\n\n\n\n<p>L\u2019activitat consisteix en observar les vinyes, visitar les instal\u00b7lacions de la casa i fer un taller on es determinar\u00e0 el grau alcoh\u00f2lic del vi, mitjan\u00e7ant una destil\u00b7laci\u00f3, i la utilitzaci\u00f3 de l\u2019alcohol\u00edmetre. S&#8217;observar\u00e0 tamb\u00e9 l\u2019activitat dels llevats, la seva reproducci\u00f3 i les condicions \u00f2ptimes per al seu desenvolupament. <\/p>\n<\/div>\n<\/div>\n<\/div><\/div>\n\n\n\n<div class=\"wp-block-getwid-content-slider-slide\"><div class=\"wp-block-getwid-content-slider-slide__wrapper\">\n<div class=\"wp-block-columns is-layout-flex wp-container-core-columns-is-layout-4 wp-block-columns-is-layout-flex\">\n<div class=\"wp-block-column is-layout-flow wp-block-column-is-layout-flow\" style=\"flex-basis:33.33%\">\n<figure class=\"wp-block-image aligncenter size-full is-resized\"><a href=\"https:\/\/serveiseducatius.xtec.cat\/cda-bages\/wp-content\/uploads\/usu1387\/2025\/10\/IMG_20180924_102110.jpg\"><img loading=\"lazy\" decoding=\"async\" width=\"504\" height=\"378\" src=\"https:\/\/serveiseducatius.xtec.cat\/cda-bages\/wp-content\/uploads\/usu1387\/2025\/10\/IMG_20180924_102110.jpg\" alt=\"\" class=\"wp-image-10743\" style=\"aspect-ratio:3\/4;object-fit:cover;width:300px\" srcset=\"https:\/\/serveiseducatius.xtec.cat\/cda-bages\/wp-content\/uploads\/usu1387\/2025\/10\/IMG_20180924_102110.jpg 504w, https:\/\/serveiseducatius.xtec.cat\/cda-bages\/wp-content\/uploads\/usu1387\/2025\/10\/IMG_20180924_102110-300x225.jpg 300w\" sizes=\"auto, (max-width: 504px) 100vw, 504px\" \/><\/a><\/figure>\n<\/div>\n\n\n\n<div class=\"wp-block-column is-vertically-aligned-center is-layout-flow wp-block-column-is-layout-flow\" style=\"flex-basis:66.66%\">\n<h3 class=\"wp-block-heading\"><a href=\"https:\/\/serveiseducatius.xtec.cat\/cda-bages\/ambits\/la-culla\/lhort-i-els-fruiters\/\">Tastem l&#8217;hort<\/a><\/h3>\n\n\n\n<p>Amb aquesta activitat els nens i nenes veuran, tocaran i tastaran algunes hortalisses.<\/p>\n\n\n\n<p>Comencem l\u2019activitat amb un cistell que cont\u00e9 mostres de diferents plantes i fem una classificaci\u00f3 entre les que es cultiven en un hort i les que no. A continuaci\u00f3 anirem a buscar diferents hortalisses a l\u2019hort de la Culla i en collirem una altra mostra. I per acabar prepararem una bona amanida.<\/p>\n<\/div>\n<\/div>\n<\/div><\/div>\n\n\n\n<div class=\"wp-block-getwid-content-slider-slide\"><div class=\"wp-block-getwid-content-slider-slide__wrapper\">\n<div class=\"wp-block-columns is-layout-flex wp-container-core-columns-is-layout-5 wp-block-columns-is-layout-flex\">\n<div class=\"wp-block-column is-layout-flow wp-block-column-is-layout-flow\" style=\"flex-basis:33.33%\">\n<figure class=\"wp-block-image aligncenter size-full is-resized\"><a href=\"https:\/\/serveiseducatius.xtec.cat\/cda-bages\/wp-content\/uploads\/usu1387\/2025\/04\/20240411_114723-scaled.jpg\"><img loading=\"lazy\" decoding=\"async\" width=\"2560\" height=\"2355\" src=\"https:\/\/serveiseducatius.xtec.cat\/cda-bages\/wp-content\/uploads\/usu1387\/2025\/04\/20240411_114723-scaled.jpg\" alt=\"\" class=\"wp-image-10305\" style=\"aspect-ratio:3\/4;object-fit:cover;width:300px\" srcset=\"https:\/\/serveiseducatius.xtec.cat\/cda-bages\/wp-content\/uploads\/usu1387\/2025\/04\/20240411_114723-scaled.jpg 2560w, https:\/\/serveiseducatius.xtec.cat\/cda-bages\/wp-content\/uploads\/usu1387\/2025\/04\/20240411_114723-300x276.jpg 300w, https:\/\/serveiseducatius.xtec.cat\/cda-bages\/wp-content\/uploads\/usu1387\/2025\/04\/20240411_114723-1024x942.jpg 1024w, https:\/\/serveiseducatius.xtec.cat\/cda-bages\/wp-content\/uploads\/usu1387\/2025\/04\/20240411_114723-768x706.jpg 768w, https:\/\/serveiseducatius.xtec.cat\/cda-bages\/wp-content\/uploads\/usu1387\/2025\/04\/20240411_114723-1536x1413.jpg 1536w, https:\/\/serveiseducatius.xtec.cat\/cda-bages\/wp-content\/uploads\/usu1387\/2025\/04\/20240411_114723-2048x1884.jpg 2048w\" sizes=\"auto, (max-width: 2560px) 100vw, 2560px\" \/><\/a><\/figure>\n<\/div>\n\n\n\n<div class=\"wp-block-column is-vertically-aligned-center is-layout-flow wp-block-column-is-layout-flow\" style=\"flex-basis:66.66%\">\n<h3 class=\"wp-block-heading\"><a href=\"https:\/\/serveiseducatius.xtec.cat\/cda-bages\/ambits\/la-culla\/descobrim-lhort\/\">Descobrim l&#8217;hort<\/a><\/h3>\n\n\n\n<p>L\u2019activitat consta de 2 parts que treballarem al llarg del mat\u00ed:<\/p>\n\n\n\n<p><strong>Bestioletes de l\u2019hort:<\/strong>&nbsp;Parlarem dels animalons que podem trobar a l\u2019hort i els observarem amb lupes i microscopis.<\/p>\n\n\n\n<p><strong>Con\u00e8ixer l\u2019hort amb els 5 sentits:<\/strong>&nbsp;Farem servir els 5 sentits per con\u00e8ixer les diferents hortalisses de l&#8217;hort<\/p>\n<\/div>\n<\/div>\n<\/div><\/div>\n\n\n\n<div class=\"wp-block-getwid-content-slider-slide\"><div class=\"wp-block-getwid-content-slider-slide__wrapper\">\n<div class=\"wp-block-columns is-layout-flex wp-container-core-columns-is-layout-6 wp-block-columns-is-layout-flex\">\n<div class=\"wp-block-column is-layout-flow wp-block-column-is-layout-flow\" style=\"flex-basis:33.33%\">\n<figure class=\"wp-block-image aligncenter size-full is-resized\"><a href=\"https:\/\/serveiseducatius.xtec.cat\/cda-bages\/wp-content\/uploads\/usu1387\/2026\/02\/IMG_20180924_120745.jpg\"><img loading=\"lazy\" decoding=\"async\" width=\"1024\" height=\"768\" src=\"https:\/\/serveiseducatius.xtec.cat\/cda-bages\/wp-content\/uploads\/usu1387\/2026\/02\/IMG_20180924_120745.jpg\" alt=\"\" class=\"wp-image-11548\" style=\"aspect-ratio:3\/4;object-fit:cover;width:300px\" srcset=\"https:\/\/serveiseducatius.xtec.cat\/cda-bages\/wp-content\/uploads\/usu1387\/2026\/02\/IMG_20180924_120745.jpg 1024w, https:\/\/serveiseducatius.xtec.cat\/cda-bages\/wp-content\/uploads\/usu1387\/2026\/02\/IMG_20180924_120745-300x225.jpg 300w, https:\/\/serveiseducatius.xtec.cat\/cda-bages\/wp-content\/uploads\/usu1387\/2026\/02\/IMG_20180924_120745-768x576.jpg 768w\" sizes=\"auto, (max-width: 1024px) 100vw, 1024px\" \/><\/a><\/figure>\n<\/div>\n\n\n\n<div class=\"wp-block-column is-vertically-aligned-center is-layout-flow wp-block-column-is-layout-flow\" style=\"flex-basis:66.66%\">\n<h3 class=\"wp-block-heading\"><a href=\"https:\/\/serveiseducatius.xtec.cat\/cda-bages\/ambits\/la-culla\/la-granja\/\">El corral de la Culla<\/a><\/h3>\n\n\n\n<p>A la Culla es pot veure la imatge poc habitual del conjunt d\u2019animals propis dels corrals tradicionals: el gall i les gallines, \u00e0necs muts i xerraires, oques, indiots i conills.<\/p>\n\n\n\n<p>Al llarg de l&#8217;activitat es distingiran fam\u00edlies d\u2019animals, s&#8217;observar\u00e0 la morfologia, el comportament, l&#8217; alimentaci\u00f3, etc., observant els animals de prop, per\u00f2 sense tocar-los ni molestar-los.<\/p>\n<\/div>\n<\/div>\n<\/div><\/div>\n\n\n\n<div class=\"wp-block-getwid-content-slider-slide\"><div class=\"wp-block-getwid-content-slider-slide__wrapper\">\n<div class=\"wp-block-columns is-layout-flex wp-container-core-columns-is-layout-7 wp-block-columns-is-layout-flex\">\n<div class=\"wp-block-column is-layout-flow wp-block-column-is-layout-flow\" style=\"flex-basis:33.33%\">\n<figure class=\"wp-block-image aligncenter size-full is-resized\"><a href=\"https:\/\/serveiseducatius.xtec.cat\/cda-bages\/wp-content\/uploads\/usu1387\/2025\/10\/la-culla-067-e1393848070826.jpg\"><img loading=\"lazy\" decoding=\"async\" width=\"800\" height=\"600\" src=\"https:\/\/serveiseducatius.xtec.cat\/cda-bages\/wp-content\/uploads\/usu1387\/2025\/10\/la-culla-067-e1393848070826.jpg\" alt=\"\" class=\"wp-image-10746\" style=\"aspect-ratio:3\/4;object-fit:cover;width:300px\" srcset=\"https:\/\/serveiseducatius.xtec.cat\/cda-bages\/wp-content\/uploads\/usu1387\/2025\/10\/la-culla-067-e1393848070826.jpg 800w, https:\/\/serveiseducatius.xtec.cat\/cda-bages\/wp-content\/uploads\/usu1387\/2025\/10\/la-culla-067-e1393848070826-300x225.jpg 300w, https:\/\/serveiseducatius.xtec.cat\/cda-bages\/wp-content\/uploads\/usu1387\/2025\/10\/la-culla-067-e1393848070826-768x576.jpg 768w\" sizes=\"auto, (max-width: 800px) 100vw, 800px\" \/><\/a><\/figure>\n<\/div>\n\n\n\n<div class=\"wp-block-column is-vertically-aligned-center is-layout-flow wp-block-column-is-layout-flow\" style=\"flex-basis:66.66%\">\n<h3 class=\"wp-block-heading\"><a href=\"https:\/\/serveiseducatius.xtec.cat\/cda-bages\/ambits\/la-culla\/un-dia-a-la-culla\/\">Un dia a la Culla<\/a><\/h3>\n\n\n\n<p>Un dia a la Culla \u00e9s una proposta combinada d\u2019activitats per a con\u00e8ixer la masia de la Culla i les diferents activitats que s\u2019hi duien a terme. <\/p>\n\n\n\n<p>Es proposa combinar les activitats de l\u2019hort, la granja i la casa de la Culla. Depenent de la disponibilitat es poden fer totes les activitats, se\u2019n poden fer 2 o 3, o combinar-les amb altres tallers.<\/p>\n<\/div>\n<\/div>\n<\/div><\/div>\n<\/div><\/div>\n\n\n\n<div style=\"height:45px\" aria-hidden=\"true\" class=\"wp-block-spacer\"><\/div>\n\n\n\n<p><\/p>\n","protected":false},"excerpt":{"rendered":"<p>El Camp d\u2019Aprenentatge del Bages t\u00e9 un acord de col\u00b7laboraci\u00f3 amb el&nbsp;Parc de la S\u00e9quia (Fundaci\u00f3 Aig\u00fces de Manresa \u2013 Junta de la S\u00e9quia). Activitats:<\/p>\n","protected":false},"author":3,"featured_media":0,"parent":8235,"menu_order":40,"comment_status":"closed","ping_status":"closed","template":"","meta":{"_bbp_topic_count":0,"_bbp_reply_count":0,"_bbp_total_topic_count":0,"_bbp_total_reply_count":0,"_bbp_voice_count":0,"_bbp_anonymous_reply_count":0,"_bbp_topic_count_hidden":0,"_bbp_reply_count_hidden":0,"_bbp_forum_subforum_count":0,"site-sidebar-layout":"default","site-content-layout":"","ast-site-content-layout":"default","site-content-style":"default","site-sidebar-style":"default","ast-global-header-display":"","ast-banner-title-visibility":"","ast-main-header-display":"","ast-hfb-above-header-display":"","ast-hfb-below-header-display":"","ast-hfb-mobile-header-display":"","site-post-title":"","ast-breadcrumbs-content":"","ast-featured-img":"","footer-sml-layout":"","theme-transparent-header-meta":"","adv-header-id-meta":"","stick-header-meta":"","header-above-stick-meta":"","header-main-stick-meta":"","header-below-stick-meta":"","astra-migrate-meta-layouts":"set","ast-page-background-enabled":"default","ast-page-background-meta":{"desktop":{"background-color":"var(--ast-global-color-4)","background-image":"","background-repeat":"repeat","background-position":"center center","background-size":"auto","background-attachment":"scroll","background-type":"","background-media":"","overlay-type":"","overlay-color":"","overlay-opacity":"","overlay-gradient":""},"tablet":{"background-color":"","background-image":"","background-repeat":"repeat","background-position":"center center","background-size":"auto","background-attachment":"scroll","background-type":"","background-media":"","overlay-type":"","overlay-color":"","overlay-opacity":"","overlay-gradient":""},"mobile":{"background-color":"","background-image":"","background-repeat":"repeat","background-position":"center center","background-size":"auto","background-attachment":"scroll","background-type":"","background-media":"","overlay-type":"","overlay-color":"","overlay-opacity":"","overlay-gradient":""}},"ast-content-background-meta":{"desktop":{"background-color":"var(--ast-global-color-5)","background-image":"","background-repeat":"repeat","background-position":"center center","background-size":"auto","background-attachment":"scroll","background-type":"","background-media":"","overlay-type":"","overlay-color":"","overlay-opacity":"","overlay-gradient":""},"tablet":{"background-color":"var(--ast-global-color-5)","background-image":"","background-repeat":"repeat","background-position":"center center","background-size":"auto","background-attachment":"scroll","background-type":"","background-media":"","overlay-type":"","overlay-color":"","overlay-opacity":"","overlay-gradient":""},"mobile":{"background-color":"var(--ast-global-color-5)","background-image":"","background-repeat":"repeat","background-position":"center center","background-size":"auto","background-attachment":"scroll","background-type":"","background-media":"","overlay-type":"","overlay-color":"","overlay-opacity":"","overlay-gradient":""}},"footnotes":""},"class_list":["post-967","page","type-page","status-publish","hentry"],"post_mailing_queue_ids":[],"_links":{"self":[{"href":"https:\/\/serveiseducatius.xtec.cat\/cda-bages\/wp-json\/wp\/v2\/pages\/967","targetHints":{"allow":["GET"]}}],"collection":[{"href":"https:\/\/serveiseducatius.xtec.cat\/cda-bages\/wp-json\/wp\/v2\/pages"}],"about":[{"href":"https:\/\/serveiseducatius.xtec.cat\/cda-bages\/wp-json\/wp\/v2\/types\/page"}],"author":[{"embeddable":true,"href":"https:\/\/serveiseducatius.xtec.cat\/cda-bages\/wp-json\/wp\/v2\/users\/3"}],"replies":[{"embeddable":true,"href":"https:\/\/serveiseducatius.xtec.cat\/cda-bages\/wp-json\/wp\/v2\/comments?post=967"}],"version-history":[{"count":6,"href":"https:\/\/serveiseducatius.xtec.cat\/cda-bages\/wp-json\/wp\/v2\/pages\/967\/revisions"}],"predecessor-version":[{"id":11596,"href":"https:\/\/serveiseducatius.xtec.cat\/cda-bages\/wp-json\/wp\/v2\/pages\/967\/revisions\/11596"}],"up":[{"embeddable":true,"href":"https:\/\/serveiseducatius.xtec.cat\/cda-bages\/wp-json\/wp\/v2\/pages\/8235"}],"wp:attachment":[{"href":"https:\/\/serveiseducatius.xtec.cat\/cda-bages\/wp-json\/wp\/v2\/media?parent=967"}],"curies":[{"name":"wp","href":"https:\/\/api.w.org\/{rel}","templated":true}]}}