{"id":9532,"date":"2022-05-02T12:05:59","date_gmt":"2022-05-02T10:05:59","guid":{"rendered":"http:\/\/serveiseducatius.xtec.cat\/cda-bages\/?page_id=9532"},"modified":"2026-02-09T14:58:46","modified_gmt":"2026-02-09T13:58:46","slug":"material-en-prestec","status":"publish","type":"page","link":"https:\/\/serveiseducatius.xtec.cat\/cda-bages\/modalitats\/material-en-prestec\/","title":{"rendered":"Material en pr\u00e9stec"},"content":{"rendered":"\n<div class=\"wp-block-getwid-tabs\" data-active-tab=\"0\"><ul class=\"wp-block-getwid-tabs__nav-links\"><\/ul>\n<div class=\"wp-block-getwid-tabs__nav-link\"><span class=\"wp-block-getwid-tabs__title-wrapper\"><a href=\"#\"><span class=\"wp-block-getwid-tabs__title\">Descripci\u00f3<\/span><\/a><\/span><\/div><div class=\"wp-block-getwid-tabs__tab-content-wrapper\"><div class=\"wp-block-getwid-tabs__tab-content\">\n<p>Tots els materials de pr\u00e9stec estan a la disposici\u00f3 de les escoles i instituts. <\/p>\n\n\n\n<p>Els materials s\u2019hauran de venir a buscar i a retornar a <a href=\"https:\/\/maps.app.goo.gl\/TQP5Az6xBwUo1MDt6\" target=\"_blank\" rel=\"noopener\">la Culla<\/a>, la seu del CdA del Bages, a Manresa.<\/p>\n\n\n\n<p>Per sol\u00b7licitar el material i consultar la seva disponibilitat envieu-nos un correu electr\u00f2nic a l\u2019adre\u00e7a <strong>cda-bages@xtec.cat<\/strong><\/p>\n<\/div><\/div>\n\n\n\n<div class=\"wp-block-getwid-tabs__nav-link\"><span class=\"wp-block-getwid-tabs__title-wrapper\"><a href=\"#\"><span class=\"wp-block-getwid-tabs__title\">Materials<\/span><\/a><\/span><\/div><div class=\"wp-block-getwid-tabs__tab-content-wrapper\"><div class=\"wp-block-getwid-tabs__tab-content\">\n<details class=\"wp-block-details is-layout-flow wp-block-details-is-layout-flow\"><summary>Residus<\/summary>\n<figure class=\"wp-block-table\"><table class=\"has-fixed-layout\"><tbody><tr><td><strong>MATERIAL<\/strong><\/td><td><strong>QUANTITAT<\/strong><\/td><td><strong>OBSERVACIONS<\/strong><\/td><\/tr><tr><td><a href=\"https:\/\/serveiseducatius.xtec.cat\/cda-bages\/ambits\/els-residus\/cada-residu-al-seu-lloc\/\">Cada residu al seu lloc (caixes amb tot el material)<\/a><\/td><td>2<\/td><td><\/td><\/tr><\/tbody><\/table><\/figure>\n<\/details>\n\n\n\n<details class=\"wp-block-details is-layout-flow wp-block-details-is-layout-flow\"><summary>Aigua<\/summary>\n<figure class=\"wp-block-table\"><table class=\"has-fixed-layout\"><tbody><tr><td><strong>MATERIAL<\/strong><\/td><td><strong>QUANTITAT<\/strong><\/td><td><strong>OBSERVACIONS<\/strong><\/td><\/tr><tr><td><a href=\"https:\/\/serveiseducatius.xtec.cat\/cda-bages\/ambits\/aigua\/potabilitzacio-al-laboratori-2\/\">Potabilitzaci\u00f3 al laboratori (material per nombre de grups)<\/a><\/td><td>6<\/td><td><\/td><\/tr><tr><td><a href=\"https:\/\/serveiseducatius.xtec.cat\/cda-bages\/ambits\/aigua\/itinerari-la-sequia-de-manresa\/\">Maleta-laboratori per la S\u00e9quia<\/a><\/td><td>8<\/td><td>Maleta de camp amb material per analitzar l&#8217;aigua de la S\u00e9quia i la seva salinitat. Es fa servir a l&#8217;<a href=\"https:\/\/serveiseducatius.xtec.cat\/cda-bages\/ambits\/aigua\/itinerari-per-la-sequia-de-manresa\/\">itinerari per la S\u00e9quia<\/a> que fem des del CdA<\/td><\/tr><tr><td><a href=\"https:\/\/serveiseducatius.xtec.cat\/cda-bages\/ambits\/aigua\/contaminacio-de-vallfrondosa\/\">Kit contaminaci\u00f3 Vallfrondosa<\/a><\/td><td>2<\/td><td><a href=\"https:\/\/urvdivulga.cat\/el_projecte_apqua\/\">Material creat per Apqua<\/a> que es cedeix en pr\u00e9stec des del CdA<\/td><\/tr><tr><td><a href=\"https:\/\/serveiseducatius.xtec.cat\/cda-bages\/modalitats\/material-en-prestec\/maqueta-dun-riu-2\/\" data-type=\"link\" data-id=\"https:\/\/serveiseducatius.xtec.cat\/cda-bages\/modalitats\/material-en-prestec\/maqueta-dun-riu-2\/\">Maqueta d&#8217;un riu<\/a><\/td><td>1<\/td><td>Les mides de la maqueta s\u00f3n aproximadament 3 x 1,5 m<\/td><\/tr><\/tbody><\/table><\/figure>\n<\/details>\n\n\n\n<details class=\"wp-block-details is-layout-flow wp-block-details-is-layout-flow\"><summary>Geologia<\/summary>\n<figure class=\"wp-block-table\"><table class=\"has-fixed-layout\"><tbody><tr><td><strong>MATERIAL<\/strong><\/td><td><strong>QUANTITAT<\/strong><\/td><td><strong>OBSERVACIONS<\/strong><\/td><\/tr><tr><td><a href=\"https:\/\/serveiseducatius.xtec.cat\/cda-bages\/ambits\/geologia\/itineraris-de-geologia-urbana\/\">Geologia urbana<\/a><\/td><td>4<\/td><td>Caixes amb &#8220;llesques&#8221; de roques sediment\u00e0ries, \u00edgnies i metam\u00f2rfiques que podem trobar a les fa\u00e7anes.<\/td><\/tr><tr><td><a href=\"https:\/\/serveiseducatius.xtec.cat\/cda-bages\/modalitats\/prestec-de-material\/materials-geologics-i-les-seves-aplicacions\/\" target=\"_blank\" rel=\"noreferrer noopener\">Materials geol\u00f2gics i les seves aplicacions<\/a><\/td><td>4 blocs <\/td><td>Aquest taller consta de 4 blocs que es poden realitzar de manera conjunta o per separat. Consta de 4 capses de materials geol\u00f2gics, 4 capses de les seves aplicacions, 4 caixes d&#8217;art geol\u00f2gic, 1 joc de mapes en una bossa i 1 capsa de treball previ.<\/td><\/tr><tr><td><a href=\"https:\/\/serveiseducatius.xtec.cat\/cda-bages\/ambits\/geologia\/corda-de-la-terra\/\">La corda de la terra<\/a><\/td><td>1<\/td><td>Corda de 46m per representar la hist\u00f2ria de la Terra.<\/td><\/tr><tr><td>Maletes de les Olimp\u00edades de Geologia<\/td><td>1<\/td><td>3 capses: 1 de minerals, 1 de roques i 1 de f\u00f2ssils.<\/td><\/tr><tr><td>Maleta del Geoparc<\/td><td>2<\/td><td><a href=\"https:\/\/drive.google.com\/file\/d\/1gN2a7bH2fDrN8FothKE4XYMp79YqRRuK\/view?usp=sharing\">1. Presentaci\u00f3 recurs Maleta del Geoparc<\/a><br><a href=\"https:\/\/drive.google.com\/file\/d\/19J2AkByRRu7vqXsu-TVWA_b-P-VOweq3\/view?usp=sharing\">2. Recursos digitals Maleta del Geoparc<\/a><\/td><\/tr><\/tbody><\/table><\/figure>\n<\/details>\n\n\n\n<details class=\"wp-block-details is-layout-flow wp-block-details-is-layout-flow\"><summary>La masia<\/summary>\n<figure class=\"wp-block-table\"><table class=\"has-fixed-layout\"><tbody><tr><td><strong><strong>MATERIAL<\/strong><\/strong><\/td><td><strong>QUANTITAT<\/strong><\/td><td><strong>OBSERVACIONS<\/strong><\/td><\/tr><tr><td><a href=\"https:\/\/serveiseducatius.xtec.cat\/cda-bages\/ambits\/la-culla\/taller-les-plantes-rapides\/\">Kit plantes r\u00e0pides<\/a><\/td><td>4<\/td><td><\/td><\/tr><tr><td>Incubadores<\/td><td>1<\/td><td><\/td><\/tr><\/tbody><\/table><\/figure>\n<\/details>\n\n\n\n<details class=\"wp-block-details is-layout-flow wp-block-details-is-layout-flow\"><summary>Sostenibilitat<\/summary>\n<figure class=\"wp-block-table\"><table class=\"has-fixed-layout\"><tbody><tr><td><strong><strong>MATERIAL<\/strong><\/strong><\/td><td><strong>QUANTITAT<\/strong><\/td><td><strong>OBSERVACIONS<\/strong><\/td><\/tr><tr><td><a href=\"https:\/\/serveiseducatius.xtec.cat\/cda-bages\/?page_id=10249&amp;preview=true\">El joc de l&#8217;energia &#8220;A 10 torns del col\u00b7lapse&#8221;<\/a><\/td><td>2<\/td><td><a href=\"https:\/\/sites.google.com\/xtec.cat\/10torns\/joc\">Guia del joc<\/a> \/ <a href=\"https:\/\/sites.google.com\/xtec.cat\/10torns\/a-10-torns-del-collapse\">web del joc<\/a><\/td><\/tr><tr><td><a href=\"https:\/\/serveiseducatius.xtec.cat\/cda-bages\/modalitats\/material-en-prestec\/kit-daparells-per-la-mesura-de-la-contaminacio\/\">Kit d&#8217;aparells per la mesura de la contaminaci\u00f3<\/a><\/td><td>1<\/td><td>Material de camp amb 2 son\u00f2metres i 2 mesuradors de part\u00edcules a l&#8217;aire.<\/td><\/tr><\/tbody><\/table><\/figure>\n<\/details>\n\n\n\n<details class=\"wp-block-details is-layout-flow wp-block-details-is-layout-flow\"><summary>Material de laboratori<\/summary>\n<figure class=\"wp-block-table\"><table class=\"has-fixed-layout\"><tbody><tr><td><strong>MATERIAL<\/strong><\/td><td><strong>QUANTITAT<\/strong><\/td><td><strong>OBSERVACIONS<\/strong><\/td><\/tr><tr><td>Microscopis<\/td><td>4<\/td><td><\/td><\/tr><tr><td>Lupes binoculars<\/td><td>6<\/td><td><\/td><\/tr><tr><td>Portaobjectes<\/td><td>8<\/td><td><\/td><\/tr><tr><td>Term\u00f2metres digitals<\/td><td>6<\/td><td><\/td><\/tr><\/tbody><\/table><\/figure>\n<\/details>\n<\/div><\/div>\n<\/div>\n","protected":false},"excerpt":{"rendered":"","protected":false},"author":3,"featured_media":0,"parent":8260,"menu_order":90,"comment_status":"closed","ping_status":"closed","template":"","meta":{"_bbp_topic_count":0,"_bbp_reply_count":0,"_bbp_total_topic_count":0,"_bbp_total_reply_count":0,"_bbp_voice_count":0,"_bbp_anonymous_reply_count":0,"_bbp_topic_count_hidden":0,"_bbp_reply_count_hidden":0,"_bbp_forum_subforum_count":0,"site-sidebar-layout":"default","site-content-layout":"","ast-site-content-layout":"default","site-content-style":"default","site-sidebar-style":"default","ast-global-header-display":"","ast-banner-title-visibility":"","ast-main-header-display":"","ast-hfb-above-header-display":"","ast-hfb-below-header-display":"","ast-hfb-mobile-header-display":"","site-post-title":"","ast-breadcrumbs-content":"","ast-featured-img":"","footer-sml-layout":"","theme-transparent-header-meta":"","adv-header-id-meta":"","stick-header-meta":"","header-above-stick-meta":"","header-main-stick-meta":"","header-below-stick-meta":"","astra-migrate-meta-layouts":"set","ast-page-background-enabled":"default","ast-page-background-meta":{"desktop":{"background-color":"var(--ast-global-color-4)","background-image":"","background-repeat":"repeat","background-position":"center center","background-size":"auto","background-attachment":"scroll","background-type":"","background-media":"","overlay-type":"","overlay-color":"","overlay-opacity":"","overlay-gradient":""},"tablet":{"background-color":"","background-image":"","background-repeat":"repeat","background-position":"center center","background-size":"auto","background-attachment":"scroll","background-type":"","background-media":"","overlay-type":"","overlay-color":"","overlay-opacity":"","overlay-gradient":""},"mobile":{"background-color":"","background-image":"","background-repeat":"repeat","background-position":"center center","background-size":"auto","background-attachment":"scroll","background-type":"","background-media":"","overlay-type":"","overlay-color":"","overlay-opacity":"","overlay-gradient":""}},"ast-content-background-meta":{"desktop":{"background-color":"var(--ast-global-color-5)","background-image":"","background-repeat":"repeat","background-position":"center center","background-size":"auto","background-attachment":"scroll","background-type":"","background-media":"","overlay-type":"","overlay-color":"","overlay-opacity":"","overlay-gradient":""},"tablet":{"background-color":"var(--ast-global-color-5)","background-image":"","background-repeat":"repeat","background-position":"center center","background-size":"auto","background-attachment":"scroll","background-type":"","background-media":"","overlay-type":"","overlay-color":"","overlay-opacity":"","overlay-gradient":""},"mobile":{"background-color":"var(--ast-global-color-5)","background-image":"","background-repeat":"repeat","background-position":"center center","background-size":"auto","background-attachment":"scroll","background-type":"","background-media":"","overlay-type":"","overlay-color":"","overlay-opacity":"","overlay-gradient":""}},"footnotes":""},"class_list":["post-9532","page","type-page","status-publish","hentry"],"post_mailing_queue_ids":[],"_links":{"self":[{"href":"https:\/\/serveiseducatius.xtec.cat\/cda-bages\/wp-json\/wp\/v2\/pages\/9532","targetHints":{"allow":["GET"]}}],"collection":[{"href":"https:\/\/serveiseducatius.xtec.cat\/cda-bages\/wp-json\/wp\/v2\/pages"}],"about":[{"href":"https:\/\/serveiseducatius.xtec.cat\/cda-bages\/wp-json\/wp\/v2\/types\/page"}],"author":[{"embeddable":true,"href":"https:\/\/serveiseducatius.xtec.cat\/cda-bages\/wp-json\/wp\/v2\/users\/3"}],"replies":[{"embeddable":true,"href":"https:\/\/serveiseducatius.xtec.cat\/cda-bages\/wp-json\/wp\/v2\/comments?post=9532"}],"version-history":[{"count":5,"href":"https:\/\/serveiseducatius.xtec.cat\/cda-bages\/wp-json\/wp\/v2\/pages\/9532\/revisions"}],"predecessor-version":[{"id":11489,"href":"https:\/\/serveiseducatius.xtec.cat\/cda-bages\/wp-json\/wp\/v2\/pages\/9532\/revisions\/11489"}],"up":[{"embeddable":true,"href":"https:\/\/serveiseducatius.xtec.cat\/cda-bages\/wp-json\/wp\/v2\/pages\/8260"}],"wp:attachment":[{"href":"https:\/\/serveiseducatius.xtec.cat\/cda-bages\/wp-json\/wp\/v2\/media?parent=9532"}],"curies":[{"name":"wp","href":"https:\/\/api.w.org\/{rel}","templated":true}]}}