{"id":930,"date":"2014-02-26T15:48:53","date_gmt":"2014-02-26T14:48:53","guid":{"rendered":"http:\/\/blocs.xtec.cat\/cdabages\/?page_id=930"},"modified":"2026-01-14T14:18:01","modified_gmt":"2026-01-14T13:18:01","slug":"planta-de-reciclatge-de-frigorifics","status":"publish","type":"page","link":"https:\/\/serveiseducatius.xtec.cat\/cda-bages\/ambits\/els-residus\/planta-de-reciclatge-de-frigorifics\/","title":{"rendered":"Visita a les Plantes de reciclatge de frigor\u00edfics i de ferralla electr\u00f2nica"},"content":{"rendered":"\n<div class=\"wp-block-getwid-images-slider has-arrows-inside has-dots-inside is-carousel has-slides-gap-small has-images-center has-cropped-images\"><div class=\"wp-block-getwid-images-slider__wrapper\" data-effect=\"slide\" data-slides-show=\"2\" data-slides-show-laptop=\"1\" data-slides-show-tablet=\"1\" data-slides-show-mobile=\"1\" data-slides-scroll=\"1\" data-autoplay=\"false\" data-pause-hover=\"false\" data-autoplay-speed=\"6000\" data-infinite=\"true\" data-animation-speed=\"800\" data-center-mode=\"false\" data-variable-width=\"false\" data-arrows=\"inside\" data-dots=\"inside\" data-spacing=\"small\"><div class=\"wp-block-getwid-images-slider__item\"><figure><img loading=\"lazy\" decoding=\"async\" width=\"1600\" height=\"1200\" src=\"https:\/\/serveiseducatius.xtec.cat\/cda-bages\/wp-content\/uploads\/usu1387\/2025\/12\/PHOTO-2024-06-12-13-17-36.jpg\" data-id=\"11067\" data-link=\"https:\/\/serveiseducatius.xtec.cat\/cda-bages\/ambits\/els-residus\/planta-de-reciclatge-de-frigorifics\/attachment\/photo-2024-06-12-13-17-36\/\" data-original-link=\"https:\/\/serveiseducatius.xtec.cat\/cda-bages\/wp-content\/uploads\/usu1387\/2025\/12\/PHOTO-2024-06-12-13-17-36.jpg\" class=\"wp-block-getwid-images-slider__image wp-image-11067\" srcset=\"https:\/\/serveiseducatius.xtec.cat\/cda-bages\/wp-content\/uploads\/usu1387\/2025\/12\/PHOTO-2024-06-12-13-17-36.jpg 1600w, https:\/\/serveiseducatius.xtec.cat\/cda-bages\/wp-content\/uploads\/usu1387\/2025\/12\/PHOTO-2024-06-12-13-17-36-300x225.jpg 300w, https:\/\/serveiseducatius.xtec.cat\/cda-bages\/wp-content\/uploads\/usu1387\/2025\/12\/PHOTO-2024-06-12-13-17-36-1024x768.jpg 1024w, https:\/\/serveiseducatius.xtec.cat\/cda-bages\/wp-content\/uploads\/usu1387\/2025\/12\/PHOTO-2024-06-12-13-17-36-768x576.jpg 768w, https:\/\/serveiseducatius.xtec.cat\/cda-bages\/wp-content\/uploads\/usu1387\/2025\/12\/PHOTO-2024-06-12-13-17-36-1536x1152.jpg 1536w\" sizes=\"auto, (max-width: 1600px) 100vw, 1600px\" \/><\/figure><\/div><div class=\"wp-block-getwid-images-slider__item\"><figure><img loading=\"lazy\" decoding=\"async\" width=\"1200\" height=\"853\" src=\"https:\/\/serveiseducatius.xtec.cat\/cda-bages\/wp-content\/uploads\/usu1387\/2025\/12\/PHOTO-2024-06-12-13-17-35.jpg\" data-id=\"11066\" data-link=\"https:\/\/serveiseducatius.xtec.cat\/cda-bages\/ambits\/els-residus\/planta-de-reciclatge-de-frigorifics\/attachment\/photo-2024-06-12-13-17-35-3\/\" data-original-link=\"https:\/\/serveiseducatius.xtec.cat\/cda-bages\/wp-content\/uploads\/usu1387\/2025\/12\/PHOTO-2024-06-12-13-17-35.jpg\" class=\"wp-block-getwid-images-slider__image wp-image-11066\" srcset=\"https:\/\/serveiseducatius.xtec.cat\/cda-bages\/wp-content\/uploads\/usu1387\/2025\/12\/PHOTO-2024-06-12-13-17-35.jpg 1200w, https:\/\/serveiseducatius.xtec.cat\/cda-bages\/wp-content\/uploads\/usu1387\/2025\/12\/PHOTO-2024-06-12-13-17-35-300x213.jpg 300w, https:\/\/serveiseducatius.xtec.cat\/cda-bages\/wp-content\/uploads\/usu1387\/2025\/12\/PHOTO-2024-06-12-13-17-35-1024x728.jpg 1024w, https:\/\/serveiseducatius.xtec.cat\/cda-bages\/wp-content\/uploads\/usu1387\/2025\/12\/PHOTO-2024-06-12-13-17-35-768x546.jpg 768w\" sizes=\"auto, (max-width: 1200px) 100vw, 1200px\" \/><\/figure><\/div><div class=\"wp-block-getwid-images-slider__item\"><figure><img loading=\"lazy\" decoding=\"async\" width=\"1200\" height=\"1016\" src=\"https:\/\/serveiseducatius.xtec.cat\/cda-bages\/wp-content\/uploads\/usu1387\/2025\/12\/PHOTO-2024-06-12-13-17-36_1.jpg\" data-id=\"11068\" data-link=\"https:\/\/serveiseducatius.xtec.cat\/cda-bages\/ambits\/els-residus\/planta-de-reciclatge-de-frigorifics\/attachment\/photo-2024-06-12-13-17-36_1\/\" data-original-link=\"https:\/\/serveiseducatius.xtec.cat\/cda-bages\/wp-content\/uploads\/usu1387\/2025\/12\/PHOTO-2024-06-12-13-17-36_1.jpg\" class=\"wp-block-getwid-images-slider__image wp-image-11068\" srcset=\"https:\/\/serveiseducatius.xtec.cat\/cda-bages\/wp-content\/uploads\/usu1387\/2025\/12\/PHOTO-2024-06-12-13-17-36_1.jpg 1200w, https:\/\/serveiseducatius.xtec.cat\/cda-bages\/wp-content\/uploads\/usu1387\/2025\/12\/PHOTO-2024-06-12-13-17-36_1-300x254.jpg 300w, https:\/\/serveiseducatius.xtec.cat\/cda-bages\/wp-content\/uploads\/usu1387\/2025\/12\/PHOTO-2024-06-12-13-17-36_1-1024x867.jpg 1024w, https:\/\/serveiseducatius.xtec.cat\/cda-bages\/wp-content\/uploads\/usu1387\/2025\/12\/PHOTO-2024-06-12-13-17-36_1-768x650.jpg 768w\" sizes=\"auto, (max-width: 1200px) 100vw, 1200px\" \/><\/figure><\/div><div class=\"wp-block-getwid-images-slider__item\"><figure><img loading=\"lazy\" decoding=\"async\" width=\"1600\" height=\"1200\" src=\"https:\/\/serveiseducatius.xtec.cat\/cda-bages\/wp-content\/uploads\/usu1387\/2025\/12\/PHOTO-2024-06-12-13-17-35_1.jpg\" data-id=\"11065\" data-link=\"https:\/\/serveiseducatius.xtec.cat\/cda-bages\/ambits\/els-residus\/planta-de-reciclatge-de-frigorifics\/attachment\/photo-2024-06-12-13-17-35_1\/\" data-original-link=\"https:\/\/serveiseducatius.xtec.cat\/cda-bages\/wp-content\/uploads\/usu1387\/2025\/12\/PHOTO-2024-06-12-13-17-35_1.jpg\" class=\"wp-block-getwid-images-slider__image wp-image-11065\" srcset=\"https:\/\/serveiseducatius.xtec.cat\/cda-bages\/wp-content\/uploads\/usu1387\/2025\/12\/PHOTO-2024-06-12-13-17-35_1.jpg 1600w, https:\/\/serveiseducatius.xtec.cat\/cda-bages\/wp-content\/uploads\/usu1387\/2025\/12\/PHOTO-2024-06-12-13-17-35_1-300x225.jpg 300w, https:\/\/serveiseducatius.xtec.cat\/cda-bages\/wp-content\/uploads\/usu1387\/2025\/12\/PHOTO-2024-06-12-13-17-35_1-1024x768.jpg 1024w, https:\/\/serveiseducatius.xtec.cat\/cda-bages\/wp-content\/uploads\/usu1387\/2025\/12\/PHOTO-2024-06-12-13-17-35_1-768x576.jpg 768w, https:\/\/serveiseducatius.xtec.cat\/cda-bages\/wp-content\/uploads\/usu1387\/2025\/12\/PHOTO-2024-06-12-13-17-35_1-1536x1152.jpg 1536w\" sizes=\"auto, (max-width: 1600px) 100vw, 1600px\" \/><\/figure><\/div><\/div><\/div>\n\n\n\n<div style=\"height:30px\" aria-hidden=\"true\" class=\"wp-block-spacer\"><\/div>\n\n\n\n<div class=\"wp-block-getwid-tabs\" data-active-tab=\"0\"><ul class=\"wp-block-getwid-tabs__nav-links\"><\/ul>\n<div class=\"wp-block-getwid-tabs__nav-link\"><span class=\"wp-block-getwid-tabs__title-wrapper\"><a href=\"#\"><span class=\"wp-block-getwid-tabs__title\">Descripci\u00f3<\/span><\/a><\/span><\/div><div class=\"wp-block-getwid-tabs__tab-content-wrapper\"><div class=\"wp-block-getwid-tabs__tab-content\">\n<p>El <strong>Centre de tractament i reciclatge de frigor\u00edfics<\/strong> del Pont de Vilomara i Rocafort \u00e9s l\u2019\u00fanica planta de Catalunya que gestiona neveres, congeladors i condicionadors d\u2019aire per tal de que es puguin reciclar la majoria dels seus components i recollir i tractar els CFCs, altres gasos destructors de la capa d\u2019oz\u00f3 i els gasos refrigerants dels equips actuals.<\/p>\n\n\n\n<p>A l\u2019inici de la visita passem una presentaci\u00f3 PowerPoint sobre la hist\u00f2ria del gel: des dels pous de gla\u00e7 fins als frigor\u00edfics actuals i els problemes associats amb els CFCs. Despr\u00e9s, segons les caracter\u00edstiques del grup, es divideix en dos. Dins l\u2019aula es classifiquen els materials procedents de la trituraci\u00f3 d\u2019un frigor\u00edfic, es presenten materials i objectes reciclats i es comenta el funcionament d\u2019una nevera a partir d\u2019una maqueta que representa el circuit de fred. Despr\u00e9s, a l\u2019exposici\u00f3 del vest\u00edbul, s\u2019observa les parts d\u2019un frigor\u00edfic i els materials que se n\u2019extreuen. Finalment, s\u2019entra a planta per veure part del seu funcionament i processos.<\/p>\n\n\n\n<p>Habitualment aquesta visita es realitza <strong>en combinaci\u00f3<\/strong> amb la de la <strong>Planta de reciclatge de ferralla electr\u00f2nica<\/strong>:<\/p>\n\n\n\n<p>Electrorecycling SA \u00e9s la planta de reciclatge de ferralla electr\u00f2nica. Aquesta empresa es dedica a la separaci\u00f3, identificaci\u00f3, tractament i recuperaci\u00f3 dels residus d\u2019aparells el\u00e8ctrics i electr\u00f2nics (RAEEs).<\/p>\n\n\n\n<p>Comencem la visita fent una presentaci\u00f3 Powerpoint dels objectius de la planta, les l\u00ednies i categories dels aparells el\u00e8ctrics i electr\u00f2nics que hi poden arribar i els seu tractament. Despr\u00e9s, segons les caracter\u00edstiques del grup es divideix en dos. Mentre un grup observa el tractament de monitors d\u2019ordinadors i televisors a trav\u00e9s del finestral, l\u2019altre pot observar al vest\u00edbul els materials que es separen dels aparells el\u00e8ctrics i electr\u00f2nics i el tractament que rebran.<\/p>\n\n\n\n<p>Podeu visitar la web de la <a href=\"https:\/\/www.fccambito.com\/\" target=\"_blank\" rel=\"noreferrer noopener\">Planta de reciclatge de frigor\u00edfics<\/a> i la web d\u2019<a href=\"http:\/\/www.electrorecycling.net\/\" target=\"_blank\" rel=\"noreferrer noopener\">Electrorecycling<\/a>.<\/p>\n\n\n\n<div class=\"wp-block-columns is-layout-flex wp-container-core-columns-is-layout-1 wp-block-columns-is-layout-flex\">\n<div class=\"wp-block-column is-layout-flow wp-block-column-is-layout-flow\" style=\"flex-basis:66.66%\">\n<div class=\"wp-block-getwid-table\"><table><tbody><tr><td style=\"color:var(--ast-global-color-0);border-color:var(--ast-global-color-8);border-width:1px\">Nivells<\/td><td style=\"color:var(--ast-global-color-8);border-color:var(--ast-global-color-8);border-width:1px\">ESO, Batxillerat i Cicles formatius<\/td><\/tr><tr><td style=\"border-color:var(--ast-global-color-8);color:var(--ast-global-color-0);border-width:1px\">Durada<\/td><td style=\"border-color:var(--ast-global-color-8);border-width:1px\">1h i 1\/2 (Frigor\u00edfics) + 1h (Electrorecycling).<\/td><\/tr><tr><td style=\"border-color:var(--ast-global-color-8);color:var(--ast-global-color-0);border-width:1px\">Lloc de trobada<\/td><td style=\"border-color:var(--ast-global-color-8);border-width:1px\">Planta de frigor\u00edfics del Pont de Vilomara (enlla\u00e7 mapa)<\/td><\/tr><\/tbody><\/table><\/div>\n<\/div>\n\n\n\n<div class=\"wp-block-column is-layout-flow wp-block-column-is-layout-flow\" style=\"flex-basis:33.33%\">\n<p><strong>RECOMANACIONS:<span style=\"color: #000000; background-color: #d0eaad;\"> <\/span><\/strong><\/p>\n\n\n\n<p>Portar carpeta, llapis i fitxes de treball.<\/p>\n<\/div>\n<\/div>\n<\/div><\/div>\n\n\n\n<div class=\"wp-block-getwid-tabs__nav-link\"><span class=\"wp-block-getwid-tabs__title-wrapper\"><a href=\"#\"><span class=\"wp-block-getwid-tabs__title\">Materials de treball<\/span><\/a><\/span><\/div><div class=\"wp-block-getwid-tabs__tab-content-wrapper\"><div class=\"wp-block-getwid-tabs__tab-content\">\n<p><strong>Fitxes de treball:<\/strong><\/p>\n\n\n\n<div class=\"wp-block-buttons is-layout-flex wp-block-buttons-is-layout-flex\">\n<div class=\"wp-block-button\"><a class=\"wp-block-button__link has-white-color has-text-color has-background has-link-color wp-element-button\" href=\"https:\/\/serveiseducatius.xtec.cat\/cda-bages\/wp-content\/uploads\/usu1387\/2025\/11\/reciclatgefrigorifics-1.pdf\" style=\"background-color:#46a60296\" target=\"_blank\" rel=\"noreferrer noopener\">Planta de reciclatge de frigor\u00edfics<\/a><\/div>\n\n\n\n<div class=\"wp-block-button\"><a class=\"wp-block-button__link has-white-color has-text-color has-background has-link-color wp-element-button\" href=\"https:\/\/serveiseducatius.xtec.cat\/cda-bages\/wp-content\/uploads\/usu1387\/2025\/11\/electrorecycling.pdf\" style=\"background-color:#46a60296\" target=\"_blank\" rel=\"noreferrer noopener\">Electrorecycling<\/a><\/div>\n<\/div>\n\n\n\n<div style=\"height:40px\" aria-hidden=\"true\" class=\"wp-block-spacer\"><\/div>\n\n\n\n<p><strong>Treball previ o posterior:<\/strong><\/p>\n\n\n\n<p>No n&#8217;hi ha<\/p>\n\n\n\n<div style=\"height:40px\" aria-hidden=\"true\" class=\"wp-block-spacer\"><\/div>\n\n\n\n<p>Per m\u00e9s activitats de treball previ o posterior al centre podeu accedir a l\u2019apartat \u201c<strong>Recursos de residus<\/strong>\u201d de la <a href=\"https:\/\/serveiseducatius.xtec.cat\/cda-bages\/ambits\/els-residus\/\" data-type=\"page\" data-id=\"8398\" target=\"_blank\" rel=\"noreferrer noopener\">p\u00e0gina inicial <\/a>de l\u2019\u00e0mbit o posar-vos en contacte amb nosaltres.<\/p>\n<\/div><\/div>\n\n\n\n<div class=\"wp-block-getwid-tabs__nav-link\"><span class=\"wp-block-getwid-tabs__title-wrapper\"><a href=\"#\"><span class=\"wp-block-getwid-tabs__title\">Relaci\u00f3 amb el curr\u00edculum<\/span><\/a><\/span><\/div><div class=\"wp-block-getwid-tabs__tab-content-wrapper\"><div class=\"wp-block-getwid-tabs__tab-content\">\n<p>En els seg\u00fcents enlla\u00e7os podreu descarregar la nostra proposta per encaixar l&#8217;activitat en un context i amb un repte, on es detallen els objectius, compet\u00e8ncies b\u00e0siques, l&#8217;avaluaci\u00f3, els sabers i els ODS mobilitzats.<\/p>\n\n\n\n<p>Pendent d&#8217;elaborar<\/p>\n<\/div><\/div>\n<\/div>\n\n\n\n<p><\/p>\n","protected":false},"excerpt":{"rendered":"","protected":false},"author":3,"featured_media":0,"parent":8398,"menu_order":60,"comment_status":"closed","ping_status":"closed","template":"","meta":{"_bbp_topic_count":0,"_bbp_reply_count":0,"_bbp_total_topic_count":0,"_bbp_total_reply_count":0,"_bbp_voice_count":0,"_bbp_anonymous_reply_count":0,"_bbp_topic_count_hidden":0,"_bbp_reply_count_hidden":0,"_bbp_forum_subforum_count":0,"site-sidebar-layout":"default","site-content-layout":"","ast-site-content-layout":"default","site-content-style":"default","site-sidebar-style":"default","ast-global-header-display":"","ast-banner-title-visibility":"","ast-main-header-display":"","ast-hfb-above-header-display":"","ast-hfb-below-header-display":"","ast-hfb-mobile-header-display":"","site-post-title":"","ast-breadcrumbs-content":"","ast-featured-img":"","footer-sml-layout":"","theme-transparent-header-meta":"","adv-header-id-meta":"","stick-header-meta":"","header-above-stick-meta":"","header-main-stick-meta":"","header-below-stick-meta":"","astra-migrate-meta-layouts":"set","ast-page-background-enabled":"default","ast-page-background-meta":{"desktop":{"background-color":"var(--ast-global-color-4)","background-image":"","background-repeat":"repeat","background-position":"center center","background-size":"auto","background-attachment":"scroll","background-type":"","background-media":"","overlay-type":"","overlay-color":"","overlay-opacity":"","overlay-gradient":""},"tablet":{"background-color":"","background-image":"","background-repeat":"repeat","background-position":"center center","background-size":"auto","background-attachment":"scroll","background-type":"","background-media":"","overlay-type":"","overlay-color":"","overlay-opacity":"","overlay-gradient":""},"mobile":{"background-color":"","background-image":"","background-repeat":"repeat","background-position":"center center","background-size":"auto","background-attachment":"scroll","background-type":"","background-media":"","overlay-type":"","overlay-color":"","overlay-opacity":"","overlay-gradient":""}},"ast-content-background-meta":{"desktop":{"background-color":"var(--ast-global-color-5)","background-image":"","background-repeat":"repeat","background-position":"center center","background-size":"auto","background-attachment":"scroll","background-type":"","background-media":"","overlay-type":"","overlay-color":"","overlay-opacity":"","overlay-gradient":""},"tablet":{"background-color":"var(--ast-global-color-5)","background-image":"","background-repeat":"repeat","background-position":"center center","background-size":"auto","background-attachment":"scroll","background-type":"","background-media":"","overlay-type":"","overlay-color":"","overlay-opacity":"","overlay-gradient":""},"mobile":{"background-color":"var(--ast-global-color-5)","background-image":"","background-repeat":"repeat","background-position":"center center","background-size":"auto","background-attachment":"scroll","background-type":"","background-media":"","overlay-type":"","overlay-color":"","overlay-opacity":"","overlay-gradient":""}},"footnotes":""},"class_list":["post-930","page","type-page","status-publish","hentry"],"post_mailing_queue_ids":[],"_links":{"self":[{"href":"https:\/\/serveiseducatius.xtec.cat\/cda-bages\/wp-json\/wp\/v2\/pages\/930","targetHints":{"allow":["GET"]}}],"collection":[{"href":"https:\/\/serveiseducatius.xtec.cat\/cda-bages\/wp-json\/wp\/v2\/pages"}],"about":[{"href":"https:\/\/serveiseducatius.xtec.cat\/cda-bages\/wp-json\/wp\/v2\/types\/page"}],"author":[{"embeddable":true,"href":"https:\/\/serveiseducatius.xtec.cat\/cda-bages\/wp-json\/wp\/v2\/users\/3"}],"replies":[{"embeddable":true,"href":"https:\/\/serveiseducatius.xtec.cat\/cda-bages\/wp-json\/wp\/v2\/comments?post=930"}],"version-history":[{"count":6,"href":"https:\/\/serveiseducatius.xtec.cat\/cda-bages\/wp-json\/wp\/v2\/pages\/930\/revisions"}],"predecessor-version":[{"id":11287,"href":"https:\/\/serveiseducatius.xtec.cat\/cda-bages\/wp-json\/wp\/v2\/pages\/930\/revisions\/11287"}],"up":[{"embeddable":true,"href":"https:\/\/serveiseducatius.xtec.cat\/cda-bages\/wp-json\/wp\/v2\/pages\/8398"}],"wp:attachment":[{"href":"https:\/\/serveiseducatius.xtec.cat\/cda-bages\/wp-json\/wp\/v2\/media?parent=930"}],"curies":[{"name":"wp","href":"https:\/\/api.w.org\/{rel}","templated":true}]}}