{"id":8527,"date":"2018-12-17T11:17:31","date_gmt":"2018-12-17T10:17:31","guid":{"rendered":"http:\/\/serveiseducatius.xtec.cat\/cda-bages\/?page_id=8527"},"modified":"2024-04-26T14:02:02","modified_gmt":"2024-04-26T12:02:02","slug":"allotjament","status":"publish","type":"page","link":"https:\/\/serveiseducatius.xtec.cat\/cda-bages\/presentacio\/allotjament\/","title":{"rendered":"Allotjament"},"content":{"rendered":"<p>L&#8217;allotjament dels assistents a les estades del CdA del Bages \u00e9s a<strong> l&#8217;Alberg del Carme,<\/strong> de la Xarxa d&#8217;Albergs de Catalunya (XANASCAT), que es troba al centre de Manresa.<\/p>\n<p>L&#8217;adre\u00e7a \u00e9s: <strong>Pla\u00e7a del Milcentenari de Manresa, s\/n \u00a008241-Manresa<\/strong><\/p>\n<p>El lloc de parada dels autocars \u00e9s a la pla\u00e7a Infants (indicat al mapa)<\/p>\n<p><iframe loading=\"lazy\" src=\"https:\/\/maps.google.com\/maps\/ms?msa=0&amp;msid=210954223017423567035.0004d7307c9441acc3179&amp;hl=ca&amp;ie=UTF8&amp;t=h&amp;ll=41.724943,1.82638&amp;spn=0.000457,0.000623&amp;output=embed\" width=\"800\" height=\"400\" frameborder=\"0\"><\/iframe><br \/>\n<small>Mostra <a style=\"color: #0000ff; text-align: left;\" href=\"https:\/\/maps.google.com\/maps\/ms?msa=0&amp;msid=210954223017423567035.0004d7307c9441acc3179&amp;hl=ca&amp;ie=UTF8&amp;t=h&amp;ll=41.724943,1.82638&amp;spn=0.000457,0.000623&amp;source=embed\">Alberg del Carme Manresa<\/a> en un mapa m\u00e9s gran<\/small><\/p>\n<p>Els despla\u00e7aments entre l&#8217;Alberg i La Culla o als indrets on es realitzen les activitats es fan a peu o en autocar a c\u00e0rrec del Camp d&#8217;Aprenentatge. Les habitacions s\u00f3n de 16, 8, 6, 3 i 2 places. El Camp d&#8217;Aprenentatge pot acollir grups de fins a 50 alumnes. El menjador \u00e9s en forma d&#8217;auto-servei.\u00a0Hi ha un petit espai d&#8217;esbarjo interior amb tennis de taula, un auditori, sala d&#8217;estar amb televisi\u00f3, v\u00eddeo i jocs de taula, aix\u00ed com un pati tancat amb pista de mini-b\u00e0squet i futbol.<\/p>\n<p>Podeu trobar m\u00e9s informaci\u00f3 a la <strong><a href=\"https:\/\/xanascat.gencat.cat\/ca\/albergs\/albergs\/manresa-xanascat\" target=\"_blank\" rel=\"noopener noreferrer\">web de l&#8217;Alberg del Carme<\/a><\/strong>.<\/p>\n<div id=\"1AEA4\" style=\"width: 100%; height: 600px; display: none;\"><img decoding=\"async\" src=\"https:\/\/lh3.googleusercontent.com\/PJixZfudyGTzkdqK_0jPsPwego0e-lbecVcVFypIymfyAfphEPVZT-Ar3xCZ_Ee5EG-gdmvmVEEixcpnxSr4TdshAvCs2UXa_kXXXsak6WuxNkVrrtj6x3DYiUQtpVo-xeMHCptW_PzS2huVlHhRymdkuMNoDo1Ac0_Jw_lUWpwCBlCm1zugxSr_ypa0j38SOGym3-K059L76jsqBofocGPqBrLRYYvNUEl6RAzdv7WvB4Fi0py0Hr5PyOqKe0_sDS2Oyu-JKhZT896zSrzUN8c3qXGwUi8L5f8q-GzEddhWwCy30NdQRskbxLPox9KC1MGX7RHZmMw5ZDdZpSddIw9Rofg-2SpenJU9IERtcGWEXkTGSwwz-V8jnrKveZMq5HYpK5zp4AFROVaoe1XDo_6-VMxDkRzitZ-Z0saXORgHfYq4I1zbBxlUprXousuMEV-CYaJcRk-OE-uR-joFPbHjc0dPAtplqnuGAQtbkLf_8IluofFZ1DA9TIePqMbWIaKwatmn22_bdacak7gU1TWhcdqgzgra97Wokw3MMhKYp7lzV00Vyo4-RL5kd3Ug894q6P5M_vxAjsZtZyER6XA4F6RdU1kzextDLXUGJlO7RGk8N3R2t2scV83zTqSUoFoWqOSRx8gF1OU2aC4tjihiOSti2v2Ldgul0xiLfdemqIv0PL5pcjCh1pVbJku27j5JrJuTpXwFIpC9mg=w800-h600-no\" data-link=\"https:\/\/photos.google.com\/share\/AF1QipOAl9LZYdeq1pu0yfWJAXmOLOrgUUSQ-tZPsNysnP0Eu0fyaPUeDqS1ce9UsH8Ybg\/photo\/AF1QipN8o1t08uJ1151MWlzmtZ0VIcWB7xdp57JsN2c?key=b2pCeksxVUN1UXY0SHFtdTJWWFhxR2pka01LRzJR\" \/><br \/>\n<img decoding=\"async\" src=\"https:\/\/lh3.googleusercontent.com\/OCnjVcLE6Ea-TjIuYX7Wfki4aE4tUrkVJh8qMkOfUKAALdUYTVOF2U0x0u8KRd_RG0UjPDP-N-KsGhfXGlXVZWRnIZcGXqcsq_2nyfm0PDpyy3TMZOtMbK8U-s4jDOk8JbdKyVyEnuEArk8n58rdvfaAv-2jN-M7fZhClyjHG4dmZ1mO0ZicuOOZ4OxvceQy_Nn6fry3nPzGyzUYjIpG4IwUHe06Em6FHIrQG_OGc4TvUU8y35os6YBHg2ZDHxHR2iKNP7EtwyfQuk6asHzbO_U5MqgpWNdwgWwf2Ci-4WrmZsXGShkb102VoYzOextFEDA7zMBTTJwLFrvrzu6lMIHbMU2E9dFuOBAT6OkcjdLKbwfnH3fn2RuZCaYJcWlHt_HA1WROi9MQm_gC_IqPiFaelhJX7f3m9DsyOty9KOyDyiHEj2LyvXki2PqNWWrzDm9A22ysGZ96wkSngXm3XEktkQUfnM1WzwDsQE-Ng9h9_HVMvArN4n6UhwLKz5midtc9JdvAh6AL545rzXmzTsMhY7rqxY2WsdRtytBzDxJlNRHzu_H5jQ5ITiZNAKfjS-TrsuiPtf-rsJSHjim9dDIfBjgXajwbQP9k7oXJ5kgwa5EBUw4JCMRl-ZQDWRODeAG8Ch8c1Hyt7NoE9LNZiI1aryOrobv2LOmSuJkwmqygfeBbZLc1jbSKYza-oOQXOJMHTbBE6_wW0n18aQ=w800-h600-no\" data-link=\"https:\/\/photos.google.com\/share\/AF1QipOAl9LZYdeq1pu0yfWJAXmOLOrgUUSQ-tZPsNysnP0Eu0fyaPUeDqS1ce9UsH8Ybg\/photo\/AF1QipMOSHUuLzv9vi6m9hcV4h4S2iPPVJZ4esZrPrw?key=b2pCeksxVUN1UXY0SHFtdTJWWFhxR2pka01LRzJR\" \/><br \/>\n<img decoding=\"async\" src=\"https:\/\/lh3.googleusercontent.com\/2AY41OtEXB_YPEH89oOzCykyMtlR_WhFlKyA0isOHKGjMXi29QhNmqHd7wfSvlT2v1XFzA6ye8HPxnQJMeh8E-OYt3lS13JmYIUgZetJBK6EaRtV4hcnG3NqEEkdQ6052e8reEtAGwXIwiy2JB80X-8jEPc_SLE7SvkUOMQ0_nVV0xZVudOfwZo1JHI5NWbRjxHF074g1jZefkwwE8FXX9N3TNHGQsWGf3qxmUWDP_uZLZ3jgMvjuRbHEj5sLL6t9zD6JiBuhNFVRcfjj4rlWghiLW3RXuGPmiPkyI4rlIniPGZqEUXaBlkUdeIObYyY0vdXnk5LrnVneNx4EEzK6PuBLIY-Kgh9bLS5Tw2VKEKtCPzSAlcFqvPpVbhWNaVQEDIBOIG187MdRahr0IYTBdtX8QP7fRyw3jYGkNDXhALaR4kIKwZFvGGwB2_8oEGZM0oGzfrsc7Blz-3_aOqGmCtjMdy5r5RuloSMTCLTk4PBH6Yh4w8c_9ulJ_FSqj5IRCCHtJaZAH0Gd7aVxFl-xtoiFdCtrZKN5fBneiRe9mN7nmgjbLtm8zQfGIt8YOOuB-d-MvR1Kfx_AtgQudTx81m7pWZwNCpAOqpXnup9x0qPThe2DZc3kgryaDiyPi1Y6vVUC9aWwg1bGhEHhLMiniForP2xTCPhcKqqyCsUECEJCTrA5aqJimOGdq2mtpJuCU0Y5aaBoyo5_gaqNQ=w800-h600-no\" data-link=\"https:\/\/photos.google.com\/share\/AF1QipOAl9LZYdeq1pu0yfWJAXmOLOrgUUSQ-tZPsNysnP0Eu0fyaPUeDqS1ce9UsH8Ybg\/photo\/AF1QipNu4TeaWqmGTXbrzdNf9Ubs4ckKvsglIdpcafk?key=b2pCeksxVUN1UXY0SHFtdTJWWFhxR2pka01LRzJR\" \/><br \/>\n<img decoding=\"async\" src=\"https:\/\/lh3.googleusercontent.com\/lTHRmDo5WpnGMGqlRIdxiqtcA_70TeyfvPiFatFmKNG6xvtI65DVzzLbEZGFzu9RXmsnFchW6rOQmLP48Sb72KSUIcM2Z1DVpetwT2naHTuJylL-cBGEVgpzkuDGI039-84L3_ji8yIlXGRU47tXnwLXbbBAhlubAOAXUnaZevQjJqXkabRpCME8MffuNWiNSiaBaPcHKjYVghQzwgsXU5Bzt_5EFX5URMXbse1vfh6IwhOMdxkMciTutnVXEFAh21g6l1VJUk3KGSWzfMY35pjKI6Zux17HjE6dhtFbhA2H4B5Y8J3Wg-dRPo2TlqBPk4DanG_AVWkT6DgzUz3iFB7iS9XKgHrWSFPbyfz6Mnj2swxJ6SXz_1Zc9qayAqC-ubQ2yzV5wP_SqqEf7mcvI8d1_ha5ld6NvhM3AVrVwn_Lxyj2ZwvlO2C1DKmyYukbKpkT8q95ChvI5wbNKDbveXRJRGq3RKEBEcp0pbOu--ZDDtKWxRJj83YldtcL0hqHtGu0bn5j5_IpebquimdeEdw8BiWVg2ItrcI928V84cNLtxWvD_e3GJSsVpM_0b_kOVv_L6ACgi69W_JwWXmRe6mGtouWcvkWzdl5rCOOWtJ0SL2pLAabuOGdcfmfcRhYM0wmCtfBvuIGF_qU0nzsl4AhPzWv8kqygQvoqRPMlDKtV6XSPDYOgZ5wl9yG3cn33uupQa9njewb9Ru2SA=w800-h600-no\" data-link=\"https:\/\/photos.google.com\/share\/AF1QipOAl9LZYdeq1pu0yfWJAXmOLOrgUUSQ-tZPsNysnP0Eu0fyaPUeDqS1ce9UsH8Ybg\/photo\/AF1QipOMfEc4ImLOyWKfzppvNZYG2wq2akE-N3qWIaE?key=b2pCeksxVUN1UXY0SHFtdTJWWFhxR2pka01LRzJR\" \/><br \/>\n<img decoding=\"async\" src=\"https:\/\/lh3.googleusercontent.com\/MGXgl1jG_x6yIx5k4x6ubTADSRkGcy4lvZ2kgM4DAS8pQg8PxPEtZu-ohvrvNOKvQsuyqrXak4BtJbqn9bGBNoMioRjsZPJso3lA8gOhFKFxP13Fm3SoQ24EJOt1pZ9tV19Pp3hTAVzPwmTe7NER2vzaJQthLKksscPPNjTc388sjR4gVLdZ8qT3A4iSgRjB4YWYjsT7tZ5ZgkKumSRGn15EgcPFVfryZ_6Jt7zrNi31W7sUo_iQhoEElr00kLI824sljcvdwtlu7MsmDxiYpcGUtHgZBNesQ1qw8GvpjqbYovGEy3QbNRiF0UJw4YyFirce5hnpsbSwbrid_2MZtxZMCrY6L2_rCL01lLBGdAMo6KKM1DyoFhcRVfm5nQiguQVvdrzKGyDWag4awZVt5OuCgSM9ToVm-LxszMwkvwffYguiSmCq6-8qP8n53Da-MX5dEgbx480XfOudfiyXh2kRg_v1Wz_E8NBWZvP9mGHsqzlmyfvwhTRscnftMv6_fwKquMWAFcCh5MBBhBzp1WUZha57m9kOHbcgLvK63Kq_ehLPfVKb4siDaPkYV7GCsXtTRwapim6UTrbjjwi7omRsjlFkUyQr0KQYP3MZhK_O07GVGSfE-rCbQEMaseN2iY3KYhoXwQmW-GLSATsfMGI8NteQSjzH5cIHov90QIwxPAaJ-SjhlRJbRSJqr3esSEkHFudDPjj930LsBg=w800-h600-no\" data-link=\"https:\/\/photos.google.com\/share\/AF1QipOAl9LZYdeq1pu0yfWJAXmOLOrgUUSQ-tZPsNysnP0Eu0fyaPUeDqS1ce9UsH8Ybg\/photo\/AF1QipNh0k0QXEbafWWuEUsnCKShdsiLI1xx2iGrQPk?key=b2pCeksxVUN1UXY0SHFtdTJWWFhxR2pka01LRzJR\" \/><br \/>\n<img decoding=\"async\" src=\"https:\/\/lh3.googleusercontent.com\/F9B0AM0n9kt-bwAooj6rtjGAnw5mpRcJjPg1o5LiL3hhCuLhoUqSHYdRN1ostr1aBR4dPj_5Ljvosjxh2dFgut2dV7l75hRzVzB2s_0xKa3IfexmQ2slhaC1VYvx9tZt54WML3I112w-TsFZkQcT5pLjh6eSbsCRXIbPyKjfSEQa055qn4XhxKwtV04FexNOOlFvNmBsEg1Q6_la4DT9QiUy_srci_Zg3I0N3gMKsyr3kYfUrbYdK4-7-0x-wydwbjizR9mkgjGIpK14PIn8_tci_bS5yX-lETZcqw5q1vlNpA-1ga6EuMEPk9X7L_SJw5IROVtGpHtx6QOZjNlWdYY_3g15_H0fAFvUxb0cS5OD76XFWJwGDBigZlrULCi_foqA_NR3KF-MwH6IeOpzZndp4S8678gh77SWZyls4jLEmROwaV4LH8jC_4M4moRE3HXPkuMQ5YRa3gUsd_QO_KAgrMc6ahNpCdGZ1KtsFShk4cOYV2bRKzuYXxX1aNmprzZZJNSiA1hahaCsONnkqDb284IzYP2iw_ctBnOt8irvl0mAMaKnBJTJ5sawxC-IBTIdYQryOnwbnGxjChvxAgQbZ3rotv5HPPZutatGAQAAedPMuQYWdC0s6c2ydyMAgAxRXzZtHsjL58sndN-ZEZGxGiq0epUTkwAKDQBWtcZRuPfpvMnbif3tAFIQVwRECCvF_xe-QO7TNAY2tA=w800-h600-no\" data-link=\"https:\/\/photos.google.com\/share\/AF1QipOAl9LZYdeq1pu0yfWJAXmOLOrgUUSQ-tZPsNysnP0Eu0fyaPUeDqS1ce9UsH8Ybg\/photo\/AF1QipPgDYFuhV0OkHgMS_yTC3BINOQ6BY4ODXuAp8g?key=b2pCeksxVUN1UXY0SHFtdTJWWFhxR2pka01LRzJR\" \/><br \/>\n<img decoding=\"async\" src=\"https:\/\/lh3.googleusercontent.com\/QDCpcMwe_0Tmto19eesM76SSmeYK50D7xJwZGHQm9nvKDJafdLZUQqcKeVk-7e4AhsM769I3JOBZ1I_ayfjOxJ-rJGjOBempMdv3RbxPEX9YgzV1YlzyFhqE_FE1CSTzoKKgfG8f1O0qjEVSrkkhkNPmzyENgyz4AfeF2mRtevEIvT6KsUX8A9mt-TzwSaedYdPFuVWQ6InQ49q4DZ8pkuO7j6YRYx-tnV5tx84x7QTp7XSi0kjn-cwwf-ahocAwXe_w2n5Owb4cPuVvQoIKPQX8MJ8zPuj-EsQ2vh6fRtvXDMrFkHujcmKzTEWynDxd8oHrQNVtNLUMXyAQX-6NNOQibJsSFAJ46mdbrzUqYnQ6cPXxC7k0zoeInWZdgZZIv7Jenu_f5V45ZaQRzRkgBkRcl8b0XkPDinlKqowhYtDQ-QH80eBS72u3vxobER15D2_tKnZkcjk9lp4KC-P1b1qIry5XEjMCEVN7CGKrwdFCXUWjInGlPZM5V9iNlNJch1uVe1WY38-j2UOc-AvxtRLX2zArbvxrz3tmsWk6Yq4bXjENCPUA9QnGIPzAES3kS2Xl18yn6J-k1NGDkve7GbPRAwdNcYIQnF_lr3ekryI8fY35lYotf6vCHaqUMM_q8zpUXukF7NIemD5T50L6hS8lkuFDiXPASD3pEE6ZlUCZKYCqm9RajatzRU4zXyw2ocOcLUmpBH9WW_bijQ=w800-h600-no\" data-link=\"https:\/\/photos.google.com\/share\/AF1QipOAl9LZYdeq1pu0yfWJAXmOLOrgUUSQ-tZPsNysnP0Eu0fyaPUeDqS1ce9UsH8Ybg\/photo\/AF1QipMPCd37hP8FSCjNxcHYFZKnD9TZuCr41kG9ib0?key=b2pCeksxVUN1UXY0SHFtdTJWWFhxR2pka01LRzJR\" \/><\/div>\n<p><script type=\"text\/javascript\" src=\"https:\/\/cdn.jsdelivr.net\/jquery\/1.12.3\/jquery.min.js\"><\/script><br \/>\n<script>\n (MyGalleries=(typeof MyGalleries === 'undefined' ? [] : MyGalleries)).push({gallId:'#1AEA4',autoplay:true,lightbox:true,debug:false,popupLinks:true});\n if(typeof GalleryLoaded === 'undefined'){\n  GalleryLoaded = jQuery(function(){\n   jQuery.ajax({url:'https:\/\/cdn.jsdelivr.net\/galleria\/1.4.2\/galleria.min.js',dataType:'script',cache:true}).done(function(){\n    Galleria.loadTheme('https:\/\/cdn.jsdelivr.net\/galleria\/1.4.2\/themes\/classic\/galleria.classic.js');\n    for(var n in MyGalleries){\n     Galleria.run(MyGalleries[n].gallId, MyGalleries[n]);\n     jQuery(MyGalleries[n].gallId).css('display','block');\n    }\n   });\n  });\n }\n<\/script><\/p>\n<p>Podeu trobar indicacions, normes i consells relacionats amb l&#8217;allotjament en el seg\u00fcent document: <a href=\"https:\/\/drive.google.com\/file\/d\/0BzWPKr0lE8MKYzMtTjRtaHJJOGM\/edit?usp=sharing\" target=\"_blank\" rel=\"noopener noreferrer\">Condicions d&#8217;\u00fas de l&#8217;Alberg<\/a>.<\/p>\n<h1><strong style=\"color: #000000;\">Preu<\/strong><\/h1>\n<p>Els preus d&#8217;allotjament i manutenci\u00f3 s\u00f3n els mateixos per a tots els Camps d&#8217;Aprenentatge del Departament d&#8217;Educaci\u00f3. Els podeu trobar al seg\u00fcent enlla\u00e7 de la p\u00e0gina XTEC<a title=\"Inscripci\u00f3\" href=\"http:\/\/xtec.gencat.cat\/ca\/serveis\/sesc\/cda\/inscripcio\/\" target=\"_blank\" rel=\"noopener noreferrer\"> Inscripci\u00f3 i quotes<\/a>.<\/p>\n<p>Per qualsevol q\u00fcesti\u00f3 relativa a l&#8217;allotjament, us podeu posar en contacte directament amb l&#8217;<strong>Alberg del Carme<\/strong>, al tel\u00e8fon <strong>938750396<\/strong> o per correu electr\u00f2nic a\u00a0<strong>alberg.manresa@gencat.cat<\/strong><\/p>\n","protected":false},"excerpt":{"rendered":"<p>L&#8217;allotjament dels assistents a les estades del CdA del Bages \u00e9s a l&#8217;Alberg del Carme, de la Xarxa d&#8217;Albergs de Catalunya (XANASCAT), que es troba al centre de Manresa. L&#8217;adre\u00e7a \u00e9s: Pla\u00e7a del Milcentenari de Manresa, s\/n \u00a008241-Manresa El lloc de parada dels autocars \u00e9s a la pla\u00e7a Infants (indicat al mapa) Mostra Alberg del [&hellip;]<\/p>\n","protected":false},"author":3,"featured_media":0,"parent":8514,"menu_order":5,"comment_status":"closed","ping_status":"closed","template":"","meta":{"_bbp_topic_count":0,"_bbp_reply_count":0,"_bbp_total_topic_count":0,"_bbp_total_reply_count":0,"_bbp_voice_count":0,"_bbp_anonymous_reply_count":0,"_bbp_topic_count_hidden":0,"_bbp_reply_count_hidden":0,"_bbp_forum_subforum_count":0,"site-sidebar-layout":"default","site-content-layout":"","ast-site-content-layout":"","site-content-style":"default","site-sidebar-style":"default","ast-global-header-display":"","ast-banner-title-visibility":"","ast-main-header-display":"","ast-hfb-above-header-display":"","ast-hfb-below-header-display":"","ast-hfb-mobile-header-display":"","site-post-title":"","ast-breadcrumbs-content":"","ast-featured-img":"","footer-sml-layout":"","theme-transparent-header-meta":"","adv-header-id-meta":"","stick-header-meta":"","header-above-stick-meta":"","header-main-stick-meta":"","header-below-stick-meta":"","astra-migrate-meta-layouts":"default","ast-page-background-enabled":"default","ast-page-background-meta":{"desktop":{"background-color":"var(--ast-global-color-4)","background-image":"","background-repeat":"repeat","background-position":"center center","background-size":"auto","background-attachment":"scroll","background-type":"","background-media":"","overlay-type":"","overlay-color":"","overlay-opacity":"","overlay-gradient":""},"tablet":{"background-color":"","background-image":"","background-repeat":"repeat","background-position":"center center","background-size":"auto","background-attachment":"scroll","background-type":"","background-media":"","overlay-type":"","overlay-color":"","overlay-opacity":"","overlay-gradient":""},"mobile":{"background-color":"","background-image":"","background-repeat":"repeat","background-position":"center center","background-size":"auto","background-attachment":"scroll","background-type":"","background-media":"","overlay-type":"","overlay-color":"","overlay-opacity":"","overlay-gradient":""}},"ast-content-background-meta":{"desktop":{"background-color":"var(--ast-global-color-5)","background-image":"","background-repeat":"repeat","background-position":"center center","background-size":"auto","background-attachment":"scroll","background-type":"","background-media":"","overlay-type":"","overlay-color":"","overlay-opacity":"","overlay-gradient":""},"tablet":{"background-color":"var(--ast-global-color-5)","background-image":"","background-repeat":"repeat","background-position":"center center","background-size":"auto","background-attachment":"scroll","background-type":"","background-media":"","overlay-type":"","overlay-color":"","overlay-opacity":"","overlay-gradient":""},"mobile":{"background-color":"var(--ast-global-color-5)","background-image":"","background-repeat":"repeat","background-position":"center center","background-size":"auto","background-attachment":"scroll","background-type":"","background-media":"","overlay-type":"","overlay-color":"","overlay-opacity":"","overlay-gradient":""}},"footnotes":""},"class_list":["post-8527","page","type-page","status-publish","hentry"],"post_mailing_queue_ids":[],"_links":{"self":[{"href":"https:\/\/serveiseducatius.xtec.cat\/cda-bages\/wp-json\/wp\/v2\/pages\/8527","targetHints":{"allow":["GET"]}}],"collection":[{"href":"https:\/\/serveiseducatius.xtec.cat\/cda-bages\/wp-json\/wp\/v2\/pages"}],"about":[{"href":"https:\/\/serveiseducatius.xtec.cat\/cda-bages\/wp-json\/wp\/v2\/types\/page"}],"author":[{"embeddable":true,"href":"https:\/\/serveiseducatius.xtec.cat\/cda-bages\/wp-json\/wp\/v2\/users\/3"}],"replies":[{"embeddable":true,"href":"https:\/\/serveiseducatius.xtec.cat\/cda-bages\/wp-json\/wp\/v2\/comments?post=8527"}],"version-history":[{"count":4,"href":"https:\/\/serveiseducatius.xtec.cat\/cda-bages\/wp-json\/wp\/v2\/pages\/8527\/revisions"}],"predecessor-version":[{"id":10191,"href":"https:\/\/serveiseducatius.xtec.cat\/cda-bages\/wp-json\/wp\/v2\/pages\/8527\/revisions\/10191"}],"up":[{"embeddable":true,"href":"https:\/\/serveiseducatius.xtec.cat\/cda-bages\/wp-json\/wp\/v2\/pages\/8514"}],"wp:attachment":[{"href":"https:\/\/serveiseducatius.xtec.cat\/cda-bages\/wp-json\/wp\/v2\/media?parent=8527"}],"curies":[{"name":"wp","href":"https:\/\/api.w.org\/{rel}","templated":true}]}}