{"id":8525,"date":"2018-12-17T11:16:28","date_gmt":"2018-12-17T10:16:28","guid":{"rendered":"http:\/\/serveiseducatius.xtec.cat\/cda-bages\/?page_id=8525"},"modified":"2021-02-20T19:16:21","modified_gmt":"2021-02-20T18:16:21","slug":"installacions","status":"publish","type":"page","link":"https:\/\/serveiseducatius.xtec.cat\/cda-bages\/presentacio\/installacions\/","title":{"rendered":"Instal\u00b7lacions del CdA"},"content":{"rendered":"<p><span style=\"font-family: Geneva, Arial, Helvetica, sans-serif;\">La Culla \u00e9s una antiga masia fortificada envoltada d&#8217;una hect\u00e0rea de conreu, t\u00edpica de la Catalunya central. Documentada ja en el segle XIV constitueix un darrer testimoni d&#8217;una gran finca agr\u00e0ria especialitzada, a finals del s. XIX, en el conreu de la vinya i l&#8217;elaboraci\u00f3 de vi. Actualment integrada a la trama urbana \u00e9s un dels edificis singulars de Manresa i \u00e9s gestionada per la Fundaci\u00f3 Aig\u00fces de Manresa-Junta de la S\u00e8quia. \u00c9s la seu del CdA del Bages i tamb\u00e9 de la <a href=\"http:\/\/www.dopladebages.com\/\" target=\"_blank\" rel=\"noopener noreferrer\">D.O. Pla de Bages<\/a>.<\/span><\/p>\n<p><a href=\"https:\/\/drive.google.com\/file\/d\/0BzWPKr0lE8MKNjF2N2tNVDlXYUU\/edit?usp=sharing\">Hist\u00f2ria de La Culla<\/a><\/p>\n","protected":false},"excerpt":{"rendered":"<p>La Culla \u00e9s una antiga masia fortificada envoltada d&#8217;una hect\u00e0rea de conreu, t\u00edpica de la Catalunya central. Documentada ja en el segle XIV constitueix un darrer testimoni d&#8217;una gran finca agr\u00e0ria especialitzada, a finals del s. XIX, en el conreu de la vinya i l&#8217;elaboraci\u00f3 de vi. Actualment integrada a la trama urbana \u00e9s un [&hellip;]<\/p>\n","protected":false},"author":3,"featured_media":0,"parent":8514,"menu_order":4,"comment_status":"closed","ping_status":"closed","template":"","meta":{"_bbp_topic_count":0,"_bbp_reply_count":0,"_bbp_total_topic_count":0,"_bbp_total_reply_count":0,"_bbp_voice_count":0,"_bbp_anonymous_reply_count":0,"_bbp_topic_count_hidden":0,"_bbp_reply_count_hidden":0,"_bbp_forum_subforum_count":0,"site-sidebar-layout":"default","site-content-layout":"","ast-site-content-layout":"","site-content-style":"default","site-sidebar-style":"default","ast-global-header-display":"","ast-banner-title-visibility":"","ast-main-header-display":"","ast-hfb-above-header-display":"","ast-hfb-below-header-display":"","ast-hfb-mobile-header-display":"","site-post-title":"","ast-breadcrumbs-content":"","ast-featured-img":"","footer-sml-layout":"","theme-transparent-header-meta":"","adv-header-id-meta":"","stick-header-meta":"","header-above-stick-meta":"","header-main-stick-meta":"","header-below-stick-meta":"","astra-migrate-meta-layouts":"default","ast-page-background-enabled":"default","ast-page-background-meta":{"desktop":{"background-color":"var(--ast-global-color-4)","background-image":"","background-repeat":"repeat","background-position":"center center","background-size":"auto","background-attachment":"scroll","background-type":"","background-media":"","overlay-type":"","overlay-color":"","overlay-opacity":"","overlay-gradient":""},"tablet":{"background-color":"","background-image":"","background-repeat":"repeat","background-position":"center center","background-size":"auto","background-attachment":"scroll","background-type":"","background-media":"","overlay-type":"","overlay-color":"","overlay-opacity":"","overlay-gradient":""},"mobile":{"background-color":"","background-image":"","background-repeat":"repeat","background-position":"center center","background-size":"auto","background-attachment":"scroll","background-type":"","background-media":"","overlay-type":"","overlay-color":"","overlay-opacity":"","overlay-gradient":""}},"ast-content-background-meta":{"desktop":{"background-color":"var(--ast-global-color-5)","background-image":"","background-repeat":"repeat","background-position":"center center","background-size":"auto","background-attachment":"scroll","background-type":"","background-media":"","overlay-type":"","overlay-color":"","overlay-opacity":"","overlay-gradient":""},"tablet":{"background-color":"var(--ast-global-color-5)","background-image":"","background-repeat":"repeat","background-position":"center center","background-size":"auto","background-attachment":"scroll","background-type":"","background-media":"","overlay-type":"","overlay-color":"","overlay-opacity":"","overlay-gradient":""},"mobile":{"background-color":"var(--ast-global-color-5)","background-image":"","background-repeat":"repeat","background-position":"center center","background-size":"auto","background-attachment":"scroll","background-type":"","background-media":"","overlay-type":"","overlay-color":"","overlay-opacity":"","overlay-gradient":""}},"footnotes":""},"class_list":["post-8525","page","type-page","status-publish","hentry"],"post_mailing_queue_ids":[],"_links":{"self":[{"href":"https:\/\/serveiseducatius.xtec.cat\/cda-bages\/wp-json\/wp\/v2\/pages\/8525","targetHints":{"allow":["GET"]}}],"collection":[{"href":"https:\/\/serveiseducatius.xtec.cat\/cda-bages\/wp-json\/wp\/v2\/pages"}],"about":[{"href":"https:\/\/serveiseducatius.xtec.cat\/cda-bages\/wp-json\/wp\/v2\/types\/page"}],"author":[{"embeddable":true,"href":"https:\/\/serveiseducatius.xtec.cat\/cda-bages\/wp-json\/wp\/v2\/users\/3"}],"replies":[{"embeddable":true,"href":"https:\/\/serveiseducatius.xtec.cat\/cda-bages\/wp-json\/wp\/v2\/comments?post=8525"}],"version-history":[{"count":3,"href":"https:\/\/serveiseducatius.xtec.cat\/cda-bages\/wp-json\/wp\/v2\/pages\/8525\/revisions"}],"predecessor-version":[{"id":9602,"href":"https:\/\/serveiseducatius.xtec.cat\/cda-bages\/wp-json\/wp\/v2\/pages\/8525\/revisions\/9602"}],"up":[{"embeddable":true,"href":"https:\/\/serveiseducatius.xtec.cat\/cda-bages\/wp-json\/wp\/v2\/pages\/8514"}],"wp:attachment":[{"href":"https:\/\/serveiseducatius.xtec.cat\/cda-bages\/wp-json\/wp\/v2\/media?parent=8525"}],"curies":[{"name":"wp","href":"https:\/\/api.w.org\/{rel}","templated":true}]}}