{"id":8522,"date":"2018-12-17T11:13:04","date_gmt":"2018-12-17T10:13:04","guid":{"rendered":"http:\/\/serveiseducatius.xtec.cat\/cda-bages\/?page_id=8522"},"modified":"2021-02-20T18:57:47","modified_gmt":"2021-02-20T17:57:47","slug":"on-som","status":"publish","type":"page","link":"https:\/\/serveiseducatius.xtec.cat\/cda-bages\/presentacio\/on-som\/","title":{"rendered":"On som"},"content":{"rendered":"<p align=\"justify\"><span style=\"font-family: Geneva, Arial, Helvetica, sans-serif;\">El Camp d&#8217;Aprenentatge t\u00e9 la seva seu a la Casa de La Culla,\u00a0<\/span>situada al barri de La Balconada, just al costat de l&#8217;Hospital de Sant Joan de D\u00e9u.<\/p>\n<h4 style=\"text-align: left;\">Adre\u00e7a<strong> Casa La Culla s\/n,\u00a0 08243 &#8211; Manresa<\/strong><\/h4>\n<p><iframe loading=\"lazy\" src=\"https:\/\/maps.google.com\/maps\/ms?msa=0&amp;msid=210954223017423567035.0004f366ca9a7aba9a3e3&amp;ie=UTF8&amp;t=h&amp;ll=41.720185,1.840382&amp;spn=0.003604,0.008572&amp;z=17&amp;output=embed\" width=\"800\" height=\"450\" frameborder=\"0\"><\/iframe><\/p>\n<p><strong style=\"color: #000000;\">Com arribar-hi:<\/strong><\/p>\n<p>Si veniu <strong>amb cotxe propi<\/strong>:<\/p>\n<ul>\n<li>Seguiu les indicacions del Google maps, posant Camp d&#8217;Aprenentatge del Bages (La Casa de la Culla tamb\u00e9 \u00e9s la seu de la DO Pla de Bages)<\/li>\n<\/ul>\n<p><a href=\"https:\/\/drive.google.com\/file\/d\/0BzWPKr0lE8MKejV1Nm1LRmZfMjg\/view?usp=sharing\" target=\"_blank\" rel=\"noopener noreferrer\">Detall acc\u00e9s<\/a> si veniu pel costat de Santa Clara (oest)<\/p>\n<p>Si veniu <strong>amb\u00a0 tren:<\/strong><\/p>\n<ul>\n<li><span style=\"line-height: 15px;\">Renfe (R4): (caminant uns 20&#8242;) Sortir de l&#8217;estaci\u00f3 cap a la dreta, creuar pel Pont Vell, cam\u00ed Cova de Sant Ignasi, carrer Nou de Santa Clara, carrer Sant Joan de D\u00e9u i ja veureu La Culla.<\/span><\/li>\n<li>FGC (R5): (caminant uns 15&#8242;) Estaci\u00f3 FGC Viladordis (indicacions Google maps)<\/li>\n<\/ul>\n","protected":false},"excerpt":{"rendered":"<p>El Camp d&#8217;Aprenentatge t\u00e9 la seva seu a la Casa de La Culla,\u00a0situada al barri de La Balconada, just al costat de l&#8217;Hospital de Sant Joan de D\u00e9u. Adre\u00e7a Casa La Culla s\/n,\u00a0 08243 &#8211; Manresa Com arribar-hi: Si veniu amb cotxe propi: Seguiu les indicacions del Google maps, posant Camp d&#8217;Aprenentatge del Bages (La [&hellip;]<\/p>\n","protected":false},"author":3,"featured_media":0,"parent":8514,"menu_order":3,"comment_status":"closed","ping_status":"closed","template":"","meta":{"_bbp_topic_count":0,"_bbp_reply_count":0,"_bbp_total_topic_count":0,"_bbp_total_reply_count":0,"_bbp_voice_count":0,"_bbp_anonymous_reply_count":0,"_bbp_topic_count_hidden":0,"_bbp_reply_count_hidden":0,"_bbp_forum_subforum_count":0,"site-sidebar-layout":"default","site-content-layout":"","ast-site-content-layout":"","site-content-style":"default","site-sidebar-style":"default","ast-global-header-display":"","ast-banner-title-visibility":"","ast-main-header-display":"","ast-hfb-above-header-display":"","ast-hfb-below-header-display":"","ast-hfb-mobile-header-display":"","site-post-title":"","ast-breadcrumbs-content":"","ast-featured-img":"","footer-sml-layout":"","theme-transparent-header-meta":"","adv-header-id-meta":"","stick-header-meta":"","header-above-stick-meta":"","header-main-stick-meta":"","header-below-stick-meta":"","astra-migrate-meta-layouts":"default","ast-page-background-enabled":"default","ast-page-background-meta":{"desktop":{"background-color":"var(--ast-global-color-4)","background-image":"","background-repeat":"repeat","background-position":"center center","background-size":"auto","background-attachment":"scroll","background-type":"","background-media":"","overlay-type":"","overlay-color":"","overlay-opacity":"","overlay-gradient":""},"tablet":{"background-color":"","background-image":"","background-repeat":"repeat","background-position":"center center","background-size":"auto","background-attachment":"scroll","background-type":"","background-media":"","overlay-type":"","overlay-color":"","overlay-opacity":"","overlay-gradient":""},"mobile":{"background-color":"","background-image":"","background-repeat":"repeat","background-position":"center center","background-size":"auto","background-attachment":"scroll","background-type":"","background-media":"","overlay-type":"","overlay-color":"","overlay-opacity":"","overlay-gradient":""}},"ast-content-background-meta":{"desktop":{"background-color":"var(--ast-global-color-5)","background-image":"","background-repeat":"repeat","background-position":"center center","background-size":"auto","background-attachment":"scroll","background-type":"","background-media":"","overlay-type":"","overlay-color":"","overlay-opacity":"","overlay-gradient":""},"tablet":{"background-color":"var(--ast-global-color-5)","background-image":"","background-repeat":"repeat","background-position":"center center","background-size":"auto","background-attachment":"scroll","background-type":"","background-media":"","overlay-type":"","overlay-color":"","overlay-opacity":"","overlay-gradient":""},"mobile":{"background-color":"var(--ast-global-color-5)","background-image":"","background-repeat":"repeat","background-position":"center center","background-size":"auto","background-attachment":"scroll","background-type":"","background-media":"","overlay-type":"","overlay-color":"","overlay-opacity":"","overlay-gradient":""}},"footnotes":""},"class_list":["post-8522","page","type-page","status-publish","hentry"],"post_mailing_queue_ids":[],"_links":{"self":[{"href":"https:\/\/serveiseducatius.xtec.cat\/cda-bages\/wp-json\/wp\/v2\/pages\/8522","targetHints":{"allow":["GET"]}}],"collection":[{"href":"https:\/\/serveiseducatius.xtec.cat\/cda-bages\/wp-json\/wp\/v2\/pages"}],"about":[{"href":"https:\/\/serveiseducatius.xtec.cat\/cda-bages\/wp-json\/wp\/v2\/types\/page"}],"author":[{"embeddable":true,"href":"https:\/\/serveiseducatius.xtec.cat\/cda-bages\/wp-json\/wp\/v2\/users\/3"}],"replies":[{"embeddable":true,"href":"https:\/\/serveiseducatius.xtec.cat\/cda-bages\/wp-json\/wp\/v2\/comments?post=8522"}],"version-history":[{"count":3,"href":"https:\/\/serveiseducatius.xtec.cat\/cda-bages\/wp-json\/wp\/v2\/pages\/8522\/revisions"}],"predecessor-version":[{"id":9595,"href":"https:\/\/serveiseducatius.xtec.cat\/cda-bages\/wp-json\/wp\/v2\/pages\/8522\/revisions\/9595"}],"up":[{"embeddable":true,"href":"https:\/\/serveiseducatius.xtec.cat\/cda-bages\/wp-json\/wp\/v2\/pages\/8514"}],"wp:attachment":[{"href":"https:\/\/serveiseducatius.xtec.cat\/cda-bages\/wp-json\/wp\/v2\/media?parent=8522"}],"curies":[{"name":"wp","href":"https:\/\/api.w.org\/{rel}","templated":true}]}}