{"id":8514,"date":"2018-12-17T11:00:41","date_gmt":"2018-12-17T10:00:41","guid":{"rendered":"http:\/\/serveiseducatius.xtec.cat\/cda-bages\/?page_id=8514"},"modified":"2025-12-12T12:30:19","modified_gmt":"2025-12-12T11:30:19","slug":"presentacio","status":"publish","type":"page","link":"https:\/\/serveiseducatius.xtec.cat\/cda-bages\/presentacio\/","title":{"rendered":"El Camp d&#8217;Aprenentatge del Bages"},"content":{"rendered":"\n<div class=\"wp-block-getwid-images-slider has-arrows-inside has-dots-inside has-images-center has-fitted-images\"><div class=\"wp-block-getwid-images-slider__wrapper\" data-effect=\"slide\" data-slides-show=\"1\" data-slides-show-laptop=\"1\" data-slides-show-tablet=\"1\" data-slides-show-mobile=\"1\" data-slides-scroll=\"1\" data-autoplay=\"false\" data-pause-hover=\"false\" data-autoplay-speed=\"6000\" data-infinite=\"true\" data-animation-speed=\"800\" data-center-mode=\"false\" data-variable-width=\"false\" data-arrows=\"inside\" data-dots=\"inside\" data-spacing=\"none\"><div class=\"wp-block-getwid-images-slider__item\"><figure><img loading=\"lazy\" decoding=\"async\" width=\"300\" height=\"203\" src=\"https:\/\/serveiseducatius.xtec.cat\/cda-bages\/wp-content\/uploads\/usu1387\/2025\/07\/abocador-i-Montserrat-300x203.jpg\" alt=\"\" data-id=\"10381\" data-link=\"https:\/\/serveiseducatius.xtec.cat\/cda-bages\/abocador-i-montserrat-2\/\" data-original-link=\"https:\/\/serveiseducatius.xtec.cat\/cda-bages\/wp-content\/uploads\/usu1387\/2025\/07\/abocador-i-Montserrat.jpg\" class=\"wp-block-getwid-images-slider__image wp-image-10381\" srcset=\"https:\/\/serveiseducatius.xtec.cat\/cda-bages\/wp-content\/uploads\/usu1387\/2025\/07\/abocador-i-Montserrat-300x203.jpg 300w, https:\/\/serveiseducatius.xtec.cat\/cda-bages\/wp-content\/uploads\/usu1387\/2025\/07\/abocador-i-Montserrat-1024x693.jpg 1024w, https:\/\/serveiseducatius.xtec.cat\/cda-bages\/wp-content\/uploads\/usu1387\/2025\/07\/abocador-i-Montserrat-768x519.jpg 768w, https:\/\/serveiseducatius.xtec.cat\/cda-bages\/wp-content\/uploads\/usu1387\/2025\/07\/abocador-i-Montserrat-1536x1039.jpg 1536w, https:\/\/serveiseducatius.xtec.cat\/cda-bages\/wp-content\/uploads\/usu1387\/2025\/07\/abocador-i-Montserrat.jpg 1665w\" sizes=\"auto, (max-width: 300px) 100vw, 300px\" \/><\/figure><\/div><div class=\"wp-block-getwid-images-slider__item\"><figure><img loading=\"lazy\" decoding=\"async\" width=\"300\" height=\"225\" src=\"https:\/\/serveiseducatius.xtec.cat\/cda-bages\/wp-content\/uploads\/usu1387\/2025\/07\/IMG_20231019_121137-300x225-1.jpg\" alt=\"\" data-id=\"10380\" data-link=\"https:\/\/serveiseducatius.xtec.cat\/cda-bages\/img_20231019_121137-300x225\/\" data-original-link=\"https:\/\/serveiseducatius.xtec.cat\/cda-bages\/wp-content\/uploads\/usu1387\/2025\/07\/IMG_20231019_121137-300x225-1.jpg\" class=\"wp-block-getwid-images-slider__image wp-image-10380\"\/><\/figure><\/div><div class=\"wp-block-getwid-images-slider__item\"><figure><img loading=\"lazy\" decoding=\"async\" width=\"300\" height=\"225\" src=\"https:\/\/serveiseducatius.xtec.cat\/cda-bages\/wp-content\/uploads\/usu1387\/2025\/07\/la-culla-067-e1393848070826-300x225.jpg\" alt=\"\" data-id=\"10371\" data-link=\"https:\/\/serveiseducatius.xtec.cat\/cda-bages\/la-culla-067-e1393848070826\/\" data-original-link=\"https:\/\/serveiseducatius.xtec.cat\/cda-bages\/wp-content\/uploads\/usu1387\/2025\/07\/la-culla-067-e1393848070826.jpg\" class=\"wp-block-getwid-images-slider__image wp-image-10371\" srcset=\"https:\/\/serveiseducatius.xtec.cat\/cda-bages\/wp-content\/uploads\/usu1387\/2025\/07\/la-culla-067-e1393848070826-300x225.jpg 300w, https:\/\/serveiseducatius.xtec.cat\/cda-bages\/wp-content\/uploads\/usu1387\/2025\/07\/la-culla-067-e1393848070826-768x576.jpg 768w, https:\/\/serveiseducatius.xtec.cat\/cda-bages\/wp-content\/uploads\/usu1387\/2025\/07\/la-culla-067-e1393848070826.jpg 800w\" sizes=\"auto, (max-width: 300px) 100vw, 300px\" \/><\/figure><\/div><div class=\"wp-block-getwid-images-slider__item\"><figure><img loading=\"lazy\" decoding=\"async\" width=\"300\" height=\"145\" src=\"https:\/\/serveiseducatius.xtec.cat\/cda-bages\/wp-content\/uploads\/usu1387\/2025\/07\/IMG_20231019_121137m-300x145.jpg\" alt=\"\" data-id=\"10369\" data-link=\"https:\/\/serveiseducatius.xtec.cat\/cda-bages\/img_20231019_121137m\/\" data-original-link=\"https:\/\/serveiseducatius.xtec.cat\/cda-bages\/wp-content\/uploads\/usu1387\/2025\/07\/IMG_20231019_121137m.jpg\" class=\"wp-block-getwid-images-slider__image wp-image-10369\" srcset=\"https:\/\/serveiseducatius.xtec.cat\/cda-bages\/wp-content\/uploads\/usu1387\/2025\/07\/IMG_20231019_121137m-300x145.jpg 300w, https:\/\/serveiseducatius.xtec.cat\/cda-bages\/wp-content\/uploads\/usu1387\/2025\/07\/IMG_20231019_121137m-768x372.jpg 768w, https:\/\/serveiseducatius.xtec.cat\/cda-bages\/wp-content\/uploads\/usu1387\/2025\/07\/IMG_20231019_121137m.jpg 929w\" sizes=\"auto, (max-width: 300px) 100vw, 300px\" \/><\/figure><\/div><div class=\"wp-block-getwid-images-slider__item\"><figure><img loading=\"lazy\" decoding=\"async\" width=\"225\" height=\"300\" src=\"https:\/\/serveiseducatius.xtec.cat\/cda-bages\/wp-content\/uploads\/usu1387\/2025\/04\/17387435255992-225x300.jpg\" alt=\"\" data-id=\"10307\" data-link=\"https:\/\/serveiseducatius.xtec.cat\/cda-bages\/17387435255992\/\" data-original-link=\"https:\/\/serveiseducatius.xtec.cat\/cda-bages\/wp-content\/uploads\/usu1387\/2025\/04\/17387435255992.jpg\" class=\"wp-block-getwid-images-slider__image wp-image-10307\" srcset=\"https:\/\/serveiseducatius.xtec.cat\/cda-bages\/wp-content\/uploads\/usu1387\/2025\/04\/17387435255992-225x300.jpg 225w, https:\/\/serveiseducatius.xtec.cat\/cda-bages\/wp-content\/uploads\/usu1387\/2025\/04\/17387435255992-768x1024.jpg 768w, https:\/\/serveiseducatius.xtec.cat\/cda-bages\/wp-content\/uploads\/usu1387\/2025\/04\/17387435255992-1152x1536.jpg 1152w, https:\/\/serveiseducatius.xtec.cat\/cda-bages\/wp-content\/uploads\/usu1387\/2025\/04\/17387435255992.jpg 1200w\" sizes=\"auto, (max-width: 225px) 100vw, 225px\" \/><\/figure><\/div><div class=\"wp-block-getwid-images-slider__item\"><figure><img loading=\"lazy\" decoding=\"async\" width=\"300\" height=\"276\" src=\"https:\/\/serveiseducatius.xtec.cat\/cda-bages\/wp-content\/uploads\/usu1387\/2025\/04\/20240411_114723-300x276.jpg\" alt=\"\" data-id=\"10305\" data-link=\"https:\/\/serveiseducatius.xtec.cat\/cda-bages\/20240411_114723\/\" data-original-link=\"https:\/\/serveiseducatius.xtec.cat\/cda-bages\/wp-content\/uploads\/usu1387\/2025\/04\/20240411_114723-scaled.jpg\" class=\"wp-block-getwid-images-slider__image wp-image-10305\" srcset=\"https:\/\/serveiseducatius.xtec.cat\/cda-bages\/wp-content\/uploads\/usu1387\/2025\/04\/20240411_114723-300x276.jpg 300w, https:\/\/serveiseducatius.xtec.cat\/cda-bages\/wp-content\/uploads\/usu1387\/2025\/04\/20240411_114723-1024x942.jpg 1024w, https:\/\/serveiseducatius.xtec.cat\/cda-bages\/wp-content\/uploads\/usu1387\/2025\/04\/20240411_114723-768x706.jpg 768w, https:\/\/serveiseducatius.xtec.cat\/cda-bages\/wp-content\/uploads\/usu1387\/2025\/04\/20240411_114723-1536x1413.jpg 1536w, https:\/\/serveiseducatius.xtec.cat\/cda-bages\/wp-content\/uploads\/usu1387\/2025\/04\/20240411_114723-2048x1884.jpg 2048w\" sizes=\"auto, (max-width: 300px) 100vw, 300px\" \/><\/figure><\/div><div class=\"wp-block-getwid-images-slider__item\"><figure><img loading=\"lazy\" decoding=\"async\" width=\"300\" height=\"225\" src=\"https:\/\/serveiseducatius.xtec.cat\/cda-bages\/wp-content\/uploads\/usu1387\/2024\/02\/WhatsApp-Image-2024-02-01-at-2.17.54-PM-300x225.jpeg\" alt=\"3 mestres observant micropl\u00e0stics a la sorra de la platja\" data-id=\"10123\" data-link=\"https:\/\/serveiseducatius.xtec.cat\/cda-bages\/whatsapp-image-2024-02-01-at-2-17-54-pm\/\" data-original-link=\"https:\/\/serveiseducatius.xtec.cat\/cda-bages\/wp-content\/uploads\/usu1387\/2024\/02\/WhatsApp-Image-2024-02-01-at-2.17.54-PM-scaled.jpeg\" class=\"wp-block-getwid-images-slider__image wp-image-10123\" srcset=\"https:\/\/serveiseducatius.xtec.cat\/cda-bages\/wp-content\/uploads\/usu1387\/2024\/02\/WhatsApp-Image-2024-02-01-at-2.17.54-PM-300x225.jpeg 300w, https:\/\/serveiseducatius.xtec.cat\/cda-bages\/wp-content\/uploads\/usu1387\/2024\/02\/WhatsApp-Image-2024-02-01-at-2.17.54-PM-1024x768.jpeg 1024w, https:\/\/serveiseducatius.xtec.cat\/cda-bages\/wp-content\/uploads\/usu1387\/2024\/02\/WhatsApp-Image-2024-02-01-at-2.17.54-PM-768x576.jpeg 768w, https:\/\/serveiseducatius.xtec.cat\/cda-bages\/wp-content\/uploads\/usu1387\/2024\/02\/WhatsApp-Image-2024-02-01-at-2.17.54-PM-1536x1152.jpeg 1536w, https:\/\/serveiseducatius.xtec.cat\/cda-bages\/wp-content\/uploads\/usu1387\/2024\/02\/WhatsApp-Image-2024-02-01-at-2.17.54-PM-2048x1536.jpeg 2048w, https:\/\/serveiseducatius.xtec.cat\/cda-bages\/wp-content\/uploads\/usu1387\/2024\/02\/WhatsApp-Image-2024-02-01-at-2.17.54-PM-200x150.jpeg 200w\" sizes=\"auto, (max-width: 300px) 100vw, 300px\" \/><\/figure><\/div><div class=\"wp-block-getwid-images-slider__item\"><figure><img loading=\"lazy\" decoding=\"async\" width=\"300\" height=\"169\" src=\"https:\/\/serveiseducatius.xtec.cat\/cda-bages\/wp-content\/uploads\/usu1387\/2022\/08\/20140121_155057-300x169.jpg\" alt=\"\" data-id=\"9815\" data-link=\"https:\/\/serveiseducatius.xtec.cat\/cda-bages\/20140121_155057\/\" data-original-link=\"https:\/\/serveiseducatius.xtec.cat\/cda-bages\/wp-content\/uploads\/usu1387\/2022\/08\/20140121_155057-scaled.jpg\" class=\"wp-block-getwid-images-slider__image wp-image-9815\" srcset=\"https:\/\/serveiseducatius.xtec.cat\/cda-bages\/wp-content\/uploads\/usu1387\/2022\/08\/20140121_155057-300x169.jpg 300w, https:\/\/serveiseducatius.xtec.cat\/cda-bages\/wp-content\/uploads\/usu1387\/2022\/08\/20140121_155057-1024x576.jpg 1024w, https:\/\/serveiseducatius.xtec.cat\/cda-bages\/wp-content\/uploads\/usu1387\/2022\/08\/20140121_155057-768x432.jpg 768w, https:\/\/serveiseducatius.xtec.cat\/cda-bages\/wp-content\/uploads\/usu1387\/2022\/08\/20140121_155057-1536x864.jpg 1536w, https:\/\/serveiseducatius.xtec.cat\/cda-bages\/wp-content\/uploads\/usu1387\/2022\/08\/20140121_155057-2048x1152.jpg 2048w\" sizes=\"auto, (max-width: 300px) 100vw, 300px\" \/><\/figure><\/div><div class=\"wp-block-getwid-images-slider__item\"><figure><img loading=\"lazy\" decoding=\"async\" width=\"300\" height=\"225\" src=\"https:\/\/serveiseducatius.xtec.cat\/cda-bages\/wp-content\/uploads\/usu1387\/2020\/06\/0-300x225.jpg\" alt=\"\" data-id=\"9336\" data-link=\"https:\/\/serveiseducatius.xtec.cat\/cda-bages\/general\/hem-tancat-els-projectes-compartits-que-en-fem-dels-nostres-residus\/attachment\/0\/\" data-original-link=\"https:\/\/serveiseducatius.xtec.cat\/cda-bages\/wp-content\/uploads\/usu1387\/2020\/06\/0.jpg\" class=\"wp-block-getwid-images-slider__image wp-image-9336\" srcset=\"https:\/\/serveiseducatius.xtec.cat\/cda-bages\/wp-content\/uploads\/usu1387\/2020\/06\/0-300x225.jpg 300w, https:\/\/serveiseducatius.xtec.cat\/cda-bages\/wp-content\/uploads\/usu1387\/2020\/06\/0-200x150.jpg 200w, https:\/\/serveiseducatius.xtec.cat\/cda-bages\/wp-content\/uploads\/usu1387\/2020\/06\/0.jpg 480w\" sizes=\"auto, (max-width: 300px) 100vw, 300px\" \/><\/figure><\/div><div class=\"wp-block-getwid-images-slider__item\"><figure><img loading=\"lazy\" decoding=\"async\" width=\"300\" height=\"200\" src=\"https:\/\/serveiseducatius.xtec.cat\/cda-bages\/wp-content\/uploads\/usu1387\/2020\/05\/destil-300x200.jpg\" alt=\"\" data-id=\"9276\" data-link=\"https:\/\/serveiseducatius.xtec.cat\/cda-bages\/destil\/\" data-original-link=\"https:\/\/serveiseducatius.xtec.cat\/cda-bages\/wp-content\/uploads\/usu1387\/2020\/05\/destil.jpg\" class=\"wp-block-getwid-images-slider__image wp-image-9276\" srcset=\"https:\/\/serveiseducatius.xtec.cat\/cda-bages\/wp-content\/uploads\/usu1387\/2020\/05\/destil-300x200.jpg 300w, https:\/\/serveiseducatius.xtec.cat\/cda-bages\/wp-content\/uploads\/usu1387\/2020\/05\/destil-768x511.jpg 768w, https:\/\/serveiseducatius.xtec.cat\/cda-bages\/wp-content\/uploads\/usu1387\/2020\/05\/destil.jpg 800w\" sizes=\"auto, (max-width: 300px) 100vw, 300px\" \/><\/figure><\/div><div class=\"wp-block-getwid-images-slider__item\"><figure><img loading=\"lazy\" decoding=\"async\" width=\"300\" height=\"169\" src=\"https:\/\/serveiseducatius.xtec.cat\/cda-bages\/wp-content\/uploads\/usu1387\/2020\/05\/Jornadageo1000-300x169.jpg\" alt=\"\" data-id=\"9274\" data-link=\"https:\/\/serveiseducatius.xtec.cat\/cda-bages\/jornadageo1000\/\" data-original-link=\"https:\/\/serveiseducatius.xtec.cat\/cda-bages\/wp-content\/uploads\/usu1387\/2020\/05\/Jornadageo1000.jpg\" class=\"wp-block-getwid-images-slider__image wp-image-9274\" srcset=\"https:\/\/serveiseducatius.xtec.cat\/cda-bages\/wp-content\/uploads\/usu1387\/2020\/05\/Jornadageo1000-300x169.jpg 300w, https:\/\/serveiseducatius.xtec.cat\/cda-bages\/wp-content\/uploads\/usu1387\/2020\/05\/Jornadageo1000-768x433.jpg 768w, https:\/\/serveiseducatius.xtec.cat\/cda-bages\/wp-content\/uploads\/usu1387\/2020\/05\/Jornadageo1000-1024x578.jpg 1024w, https:\/\/serveiseducatius.xtec.cat\/cda-bages\/wp-content\/uploads\/usu1387\/2020\/05\/Jornadageo1000.jpg 1773w\" sizes=\"auto, (max-width: 300px) 100vw, 300px\" \/><\/figure><\/div><\/div><\/div>\n\n\n\n<div class=\"wp-block-getwid-tabs\" data-active-tab=\"0\"><ul class=\"wp-block-getwid-tabs__nav-links\"><\/ul>\n<div class=\"wp-block-getwid-tabs__nav-link\"><span class=\"wp-block-getwid-tabs__title-wrapper\"><a href=\"#\"><span class=\"wp-block-getwid-tabs__title\">Presentaci\u00f3<\/span><\/a><\/span><\/div><div class=\"wp-block-getwid-tabs__tab-content-wrapper\"><div class=\"wp-block-getwid-tabs__tab-content\">\n<p>El <strong>Camp d\u2019Aprenentatge del Bages&nbsp;<\/strong>\u00e9s un servei educatiu de suport curricular del Departament d\u2019Educaci\u00f3 de la Generalitat de Catalunya. Forma part de la xarxa de Camps d\u2019Aprenentatge del Departament d\u2019Educaci\u00f3. <a href=\"http:\/\/xtec.gencat.cat\/ca\/serveis\/sesc\/cda\/\" target=\"_blank\" rel=\"noreferrer noopener\">Web de la xarxa<\/a><\/p>\n\n\n\n<p>Es troba en un entorn humanitzat. \u00c9s per aix\u00f2 que tant les estades, com els projectes compartits o les sortides tenen per objectiu donar a con\u00e8ixer i fomentar h\u00e0bits de minimitzaci\u00f3 de l\u2019impacte de les persones sobre el medi, especialment en la gesti\u00f3 dels recursos geol\u00f2gics, de l\u2019aigua i dels residus.<\/p>\n\n\n\n<p>Treballem conjuntament amb els centres educatius promovent l\u2019aprenentatge competencial dels alumnes, a partir d\u2019activitats did\u00e0ctiques en l\u2019entorn, vinculades al projecte educatiu de cada centre.<\/p>\n\n\n\n<p>Les <strong>activitats amb alumnes<\/strong> poden ser:<\/p>\n\n\n\n<ul class=\"wp-block-list\">\n<li><strong>Estades<\/strong> de 2 a 5 dies: allotjats a l\u2019<a href=\"https:\/\/xanascat.gencat.cat\/ca\/albergs\/albergs\/manresa-xanascat\" target=\"_blank\" rel=\"noreferrer noopener\">Alberg del Carme de Manresa<\/a><\/li>\n\n\n\n<li><a href=\"http:\/\/www.xanascat.cat\/showhostel.tjc?id=237&amp;index=13\" target=\"_blank\" rel=\"noreferrer noopener\"> <\/a><strong>Sortides o activitats d\u2019un dia<\/strong><\/li>\n\n\n\n<li> <strong>Projectes compartits&nbsp;amb centres de la comarca<\/strong><\/li>\n<\/ul>\n\n\n\n<p>Les activitats&nbsp;que portem a terme poden ser realitzades en les pr\u00f2pies instal\u00b7lacions de La Culla, en instal\u00b7lacions i equipaments d\u2019altres entitats, en itineraris guiats per la comarca, o b\u00e9 en el propi centre escolar si s\u00f3n activitats vinculades a projectes compartits. Es realitzen dins l\u2019horari i calendari escolar.<\/p>\n\n\n\n<p><strong>Altres activitats<\/strong>:<\/p>\n\n\n\n<ul class=\"wp-block-list\">\n<li>Elaboraci\u00f3 de materials per a treballar als centres.<\/li>\n\n\n\n<li>Assessorament a professors i alumnes<\/li>\n\n\n\n<li>Pr\u00e9stec de materials<\/li>\n\n\n\n<li>Jornades de formaci\u00f3 per al professorat, dins el Pla de Formaci\u00f3 de Zona.<\/li>\n<\/ul>\n<\/div><\/div>\n\n\n\n<div class=\"wp-block-getwid-tabs__nav-link\"><span class=\"wp-block-getwid-tabs__title-wrapper\"><a href=\"#\"><span class=\"wp-block-getwid-tabs__title\">Nivells educatius<\/span><\/a><\/span><\/div><div class=\"wp-block-getwid-tabs__tab-content-wrapper\"><div class=\"wp-block-getwid-tabs__tab-content\">\n<p>Aquest camp ofereix activitats adequades pels alumnes dels seg\u00fcents nivells educatius:<\/p>\n\n\n\n<figure class=\"wp-block-image size-full is-resized\"><a href=\"https:\/\/serveiseducatius.xtec.cat\/cda-bages\/wp-content\/uploads\/usu1387\/2025\/09\/captura-nivells-educatius.png\"><img loading=\"lazy\" decoding=\"async\" width=\"777\" height=\"172\" src=\"https:\/\/serveiseducatius.xtec.cat\/cda-bages\/wp-content\/uploads\/usu1387\/2025\/09\/captura-nivells-educatius.png\" alt=\"\" class=\"wp-image-10464\" style=\"width:714px;height:auto\" srcset=\"https:\/\/serveiseducatius.xtec.cat\/cda-bages\/wp-content\/uploads\/usu1387\/2025\/09\/captura-nivells-educatius.png 777w, https:\/\/serveiseducatius.xtec.cat\/cda-bages\/wp-content\/uploads\/usu1387\/2025\/09\/captura-nivells-educatius-300x66.png 300w, https:\/\/serveiseducatius.xtec.cat\/cda-bages\/wp-content\/uploads\/usu1387\/2025\/09\/captura-nivells-educatius-768x170.png 768w\" sizes=\"auto, (max-width: 777px) 100vw, 777px\" \/><\/a><\/figure>\n\n\n\n<div style=\"height:35px\" aria-hidden=\"true\" class=\"wp-block-spacer\"><\/div>\n\n\n\n<p><iframe loading=\"lazy\" src=\"https:\/\/docs.google.com\/spreadsheet\/pub?key=0AlWhk6C-0QRadERwZXpZTncwZlBjeHBVZmViWHpxakE&amp;widget=true\" width=\"800\" height=\"1050\" frameborder=\"0\"><span data-mce-type=\"bookmark\" style=\"display: inline-block; width: 0px; overflow: hidden; line-height: 0;\" class=\"mce_SELRES_start\">\ufeff<\/span><span data-mce-type=\"bookmark\" style=\"display: inline-block; width: 0px; overflow: hidden; line-height: 0;\" class=\"mce_SELRES_start\">\ufeff<\/span><span data-mce-type=\"bookmark\" style=\"display: inline-block; width: 0px; overflow: hidden; line-height: 0;\" class=\"mce_SELRES_start\">\ufeff<\/span><span data-mce-type=\"bookmark\" style=\"display: inline-block; width: 0px; overflow: hidden; line-height: 0;\" class=\"mce_SELRES_start\">\ufeff<\/span><span data-mce-type=\"bookmark\" style=\"display: inline-block; width: 0px; overflow: hidden; line-height: 0;\" class=\"mce_SELRES_start\">\ufeff<\/span><\/iframe><\/p>\n<\/div><\/div>\n\n\n\n<div class=\"wp-block-getwid-tabs__nav-link\"><span class=\"wp-block-getwid-tabs__title-wrapper\"><a href=\"#\"><span class=\"wp-block-getwid-tabs__title\">Col\u00b7laboraci\u00f3 amb entitats<\/span><\/a><\/span><\/div><div class=\"wp-block-getwid-tabs__tab-content-wrapper\"><div class=\"wp-block-getwid-tabs__tab-content\">\n<p>El Camp d&#8217;Aprenentatge del Bages fa xarxa amb el <a href=\"http:\/\/www.consorcidelbages.cat\/\" target=\"_blank\" rel=\"noreferrer noopener\">Consorci del Bages per a la Gesti\u00f3 de Residus<\/a>&nbsp;i col\u00b7labora amb <a href=\"http:\/\/www.parcdelasequia.cat\/\" target=\"_blank\" rel=\"noreferrer noopener\">Fundaci\u00f3 Aig\u00fces de Manresa-Junta de la S\u00e8quia (Parc de la S\u00e8quia)<\/a> &nbsp;formant equip amb les seves educadores i treballant per l&#8217;educaci\u00f3 ambiental.<\/p>\n\n\n\n<p>Tenim un altre tipus d&#8217;acord de col\u00b7laboraci\u00f3 amb el <a href=\"http:\/\/cardonaturisme.cat\/ca\/que-fer-hi\/parc-cultural-muntanya-de-sal\/\" target=\"_blank\" rel=\"noreferrer noopener\">Parc Cultural de la Muntanya de Sal de Cardona<\/a>&nbsp;per visitar i utilitzar les seves instal\u00b7lacions amb els alumnes de les estades.<\/p>\n\n\n\n<p>El Camp forma part de la comissi\u00f3 cient\u00edfica del<a href=\"http:\/\/www.geoparc.cat\/\"> GeoParc de la Catalunya Central<\/a> , de la comissi\u00f3 d&#8217;activitats de <a href=\"http:\/\/anellaverdamanresa.cat\/\" target=\"_blank\" rel=\"noreferrer noopener\">l&#8217;Anella Verda de Manresa<\/a>&nbsp;i de la comissi\u00f3 organitzadora de la <a href=\"http:\/\/www.firamanresa.cat\/ecoviure\" target=\"_blank\" rel=\"noreferrer noopener\">Fira Ecoviure<\/a>.<\/p>\n\n\n<p><iframe loading=\"lazy\" src=\"https:\/\/serveiseducatius.xtec.cat\/cda-bages\/wp-admin\/admin-ajax.php?action=h5p_embed&#038;id=1\" width=\"858\" height=\"653\" frameborder=\"0\" allowfullscreen=\"allowfullscreen\" title=\"Mapa d&#039;equipaments relacionats amb el CdA del Bages\"><\/iframe><script src=\"https:\/\/serveiseducatius.xtec.cat\/cda-bages\/wp-content\/plugins\/h5p\/h5p-php-library\/js\/h5p-resizer.js\" charset=\"UTF-8\"><\/script><\/p>\n<\/div><\/div>\n<\/div>\n","protected":false},"excerpt":{"rendered":"","protected":false},"author":3,"featured_media":0,"parent":0,"menu_order":1,"comment_status":"closed","ping_status":"closed","template":"","meta":{"_bbp_topic_count":0,"_bbp_reply_count":0,"_bbp_total_topic_count":0,"_bbp_total_reply_count":0,"_bbp_voice_count":0,"_bbp_anonymous_reply_count":0,"_bbp_topic_count_hidden":0,"_bbp_reply_count_hidden":0,"_bbp_forum_subforum_count":0,"site-sidebar-layout":"default","site-content-layout":"","ast-site-content-layout":"default","site-content-style":"default","site-sidebar-style":"default","ast-global-header-display":"","ast-banner-title-visibility":"","ast-main-header-display":"","ast-hfb-above-header-display":"","ast-hfb-below-header-display":"","ast-hfb-mobile-header-display":"","site-post-title":"","ast-breadcrumbs-content":"","ast-featured-img":"","footer-sml-layout":"","theme-transparent-header-meta":"","adv-header-id-meta":"","stick-header-meta":"","header-above-stick-meta":"","header-main-stick-meta":"","header-below-stick-meta":"","astra-migrate-meta-layouts":"set","ast-page-background-enabled":"default","ast-page-background-meta":{"desktop":{"background-color":"var(--ast-global-color-4)","background-image":"","background-repeat":"repeat","background-position":"center center","background-size":"auto","background-attachment":"scroll","background-type":"","background-media":"","overlay-type":"","overlay-color":"","overlay-opacity":"","overlay-gradient":""},"tablet":{"background-color":"","background-image":"","background-repeat":"repeat","background-position":"center center","background-size":"auto","background-attachment":"scroll","background-type":"","background-media":"","overlay-type":"","overlay-color":"","overlay-opacity":"","overlay-gradient":""},"mobile":{"background-color":"","background-image":"","background-repeat":"repeat","background-position":"center center","background-size":"auto","background-attachment":"scroll","background-type":"","background-media":"","overlay-type":"","overlay-color":"","overlay-opacity":"","overlay-gradient":""}},"ast-content-background-meta":{"desktop":{"background-color":"var(--ast-global-color-5)","background-image":"","background-repeat":"repeat","background-position":"center center","background-size":"auto","background-attachment":"scroll","background-type":"","background-media":"","overlay-type":"","overlay-color":"","overlay-opacity":"","overlay-gradient":""},"tablet":{"background-color":"var(--ast-global-color-5)","background-image":"","background-repeat":"repeat","background-position":"center center","background-size":"auto","background-attachment":"scroll","background-type":"","background-media":"","overlay-type":"","overlay-color":"","overlay-opacity":"","overlay-gradient":""},"mobile":{"background-color":"var(--ast-global-color-5)","background-image":"","background-repeat":"repeat","background-position":"center center","background-size":"auto","background-attachment":"scroll","background-type":"","background-media":"","overlay-type":"","overlay-color":"","overlay-opacity":"","overlay-gradient":""}},"footnotes":""},"class_list":["post-8514","page","type-page","status-publish","hentry"],"post_mailing_queue_ids":[],"_links":{"self":[{"href":"https:\/\/serveiseducatius.xtec.cat\/cda-bages\/wp-json\/wp\/v2\/pages\/8514","targetHints":{"allow":["GET"]}}],"collection":[{"href":"https:\/\/serveiseducatius.xtec.cat\/cda-bages\/wp-json\/wp\/v2\/pages"}],"about":[{"href":"https:\/\/serveiseducatius.xtec.cat\/cda-bages\/wp-json\/wp\/v2\/types\/page"}],"author":[{"embeddable":true,"href":"https:\/\/serveiseducatius.xtec.cat\/cda-bages\/wp-json\/wp\/v2\/users\/3"}],"replies":[{"embeddable":true,"href":"https:\/\/serveiseducatius.xtec.cat\/cda-bages\/wp-json\/wp\/v2\/comments?post=8514"}],"version-history":[{"count":5,"href":"https:\/\/serveiseducatius.xtec.cat\/cda-bages\/wp-json\/wp\/v2\/pages\/8514\/revisions"}],"predecessor-version":[{"id":11063,"href":"https:\/\/serveiseducatius.xtec.cat\/cda-bages\/wp-json\/wp\/v2\/pages\/8514\/revisions\/11063"}],"wp:attachment":[{"href":"https:\/\/serveiseducatius.xtec.cat\/cda-bages\/wp-json\/wp\/v2\/media?parent=8514"}],"curies":[{"name":"wp","href":"https:\/\/api.w.org\/{rel}","templated":true}]}}