{"id":8404,"date":"2014-02-27T18:19:34","date_gmt":"2014-02-27T17:19:34","guid":{"rendered":"http:\/\/blocs.xtec.cat\/cdabages\/?page_id=1038"},"modified":"2026-02-12T09:17:12","modified_gmt":"2026-02-12T08:17:12","slug":"meteorologia-2","status":"publish","type":"page","link":"https:\/\/serveiseducatius.xtec.cat\/cda-bages\/ambits\/meteorologia-2\/","title":{"rendered":"Meteorologia"},"content":{"rendered":"\n<p>El Camp d\u2019Aprenentatge del Bages t\u00e9 un acord de col\u00b7laboraci\u00f3 amb el&nbsp;<a href=\"http:\/\/www.parcdelasequia.cat\/\" target=\"_blank\" rel=\"noopener\">Parc de la S\u00e9quia<\/a> (Fundaci\u00f3 Aig\u00fces de Manresa \u2013 Junta de la S\u00e9quia).<\/p>\n\n\n\n<p><strong>Activitats<\/strong>:<\/p>\n\n\n\n<div class=\"wp-block-getwid-accordion has-icon-left\" data-active-element=\"none\">\n<div class=\"wp-block-getwid-accordion__header-wrapper\"><span class=\"wp-block-getwid-accordion__header\"><a href=\"#\"><span class=\"wp-block-getwid-accordion__header-title\">Totes les activitats de meteorologia.<\/span><span class=\"wp-block-getwid-accordion__icon is-active\"><i class=\"fas fa-plus\"><\/i><\/span><span class=\"wp-block-getwid-accordion__icon is-passive\"><i class=\"fas fa-minus\"><\/i><\/span><\/a><\/span><\/div><div class=\"wp-block-getwid-accordion__content-wrapper\"><div class=\"wp-block-getwid-accordion__content\">\n<ul class=\"wp-block-list\">\n<li><a title=\"L\u2019estaci\u00f3 meteorol\u00f2gica\" href=\"https:\/\/serveiseducatius.xtec.cat\/cda-bages\/ambits\/meteorologia-2\/lestacio-meteorologica\/\">L&#8217;estaci\u00f3 meteorol\u00f2gica<\/a><\/li>\n<\/ul>\n<\/div><\/div>\n<\/div>\n\n\n\n<div style=\"height:45px\" aria-hidden=\"true\" class=\"wp-block-spacer\"><\/div>\n\n\n\n<div class=\"wp-block-getwid-content-slider has-arrows-inside has-dots-inside\" data-infinite=\"true\"><div class=\"wp-block-getwid-content-slider__wrapper\">\n<div class=\"wp-block-getwid-content-slider-slide\"><div class=\"wp-block-getwid-content-slider-slide__wrapper\">\n<div class=\"wp-block-columns is-layout-flex wp-container-core-columns-is-layout-1 wp-block-columns-is-layout-flex\">\n<div class=\"wp-block-column is-layout-flow wp-block-column-is-layout-flow\" style=\"flex-basis:33.33%\">\n<figure class=\"wp-block-image aligncenter size-full is-resized\"><a href=\"https:\/\/serveiseducatius.xtec.cat\/cda-bages\/wp-content\/uploads\/usu1387\/2025\/10\/IMG-20240611-WA0000.jpg\"><img loading=\"lazy\" decoding=\"async\" width=\"2048\" height=\"1536\" src=\"https:\/\/serveiseducatius.xtec.cat\/cda-bages\/wp-content\/uploads\/usu1387\/2025\/10\/IMG-20240611-WA0000.jpg\" alt=\"\" class=\"wp-image-10750\" style=\"aspect-ratio:3\/4;object-fit:cover;width:300px\" srcset=\"https:\/\/serveiseducatius.xtec.cat\/cda-bages\/wp-content\/uploads\/usu1387\/2025\/10\/IMG-20240611-WA0000.jpg 2048w, https:\/\/serveiseducatius.xtec.cat\/cda-bages\/wp-content\/uploads\/usu1387\/2025\/10\/IMG-20240611-WA0000-300x225.jpg 300w, https:\/\/serveiseducatius.xtec.cat\/cda-bages\/wp-content\/uploads\/usu1387\/2025\/10\/IMG-20240611-WA0000-1024x768.jpg 1024w, https:\/\/serveiseducatius.xtec.cat\/cda-bages\/wp-content\/uploads\/usu1387\/2025\/10\/IMG-20240611-WA0000-768x576.jpg 768w, https:\/\/serveiseducatius.xtec.cat\/cda-bages\/wp-content\/uploads\/usu1387\/2025\/10\/IMG-20240611-WA0000-1536x1152.jpg 1536w\" sizes=\"auto, (max-width: 2048px) 100vw, 2048px\" \/><\/a><\/figure>\n<\/div>\n\n\n\n<div class=\"wp-block-column is-vertically-aligned-center is-layout-flow wp-block-column-is-layout-flow\" style=\"flex-basis:66.66%\">\n<h3 class=\"wp-block-heading\"><a href=\"https:\/\/serveiseducatius.xtec.cat\/cda-bages\/ambits\/meteorologia-2\/lestacio-meteorologica\/\">L&#8217;estaci\u00f3 meteorol\u00f2gica<\/a><\/h3>\n\n\n\n<p>Es tracta d\u2019un treball pr\u00e0ctic de meteorologia a l\u2019estaci\u00f3 agro-meteorol\u00f2gica de Manresa-La Culla (de la xarxa d\u2019estacions de l\u2019Ag\u00e8ncia Estatal de Meteorologia \u2013 AEMET). <\/p>\n\n\n\n<p>L\u2019activitat es divideix en: l&#8217;explicaci\u00f3 de les caracter\u00edstiques generals d\u2019una estaci\u00f3, la presa de dades enregistrades, l&#8217;observaci\u00f3 del temps a ull nu i la realitzaci\u00f3 d&#8217;experiments de f\u00edsica per a entendre la din\u00e0mica atmosf\u00e8rica.<\/p>\n<\/div>\n<\/div>\n<\/div><\/div>\n<\/div><\/div>\n\n\n\n<div style=\"height:45px\" aria-hidden=\"true\" class=\"wp-block-spacer\"><\/div>\n\n\n\n<div class=\"wp-block-getwid-accordion has-icon-left\" data-active-element=\"none\">\n<div class=\"wp-block-getwid-accordion__header-wrapper\"><span class=\"wp-block-getwid-accordion__header\"><a href=\"#\"><span class=\"wp-block-getwid-accordion__header-title\"><strong>Recursos de meteorologia<\/strong>:<\/span><span class=\"wp-block-getwid-accordion__icon is-active\"><i class=\"fas fa-plus\"><\/i><\/span><span class=\"wp-block-getwid-accordion__icon is-passive\"><i class=\"fas fa-minus\"><\/i><\/span><\/a><\/span><\/div><div class=\"wp-block-getwid-accordion__content-wrapper\"><div class=\"wp-block-getwid-accordion__content\">\n<ul class=\"wp-block-list\">\n<li><strong>P\u00e0gines interessants<\/strong>:<br><a href=\"https:\/\/www.aemet.es\/ca\/eltiempo\/observacion\/ultimosdatos?k=cat&amp;l=0149X&amp;w=0&amp;datos=img&amp;x=h24&amp;f=temperatura\" target=\"_blank\" rel=\"noopener\">La nostra estaci\u00f3 autom\u00e0tica de la xarxa de l&#8217;Aemet.<br><\/a><a style=\"font-style: normal;\" href=\"http:\/\/www.meteo.cat\/\" target=\"_blank\" rel=\"noopener\">Servei Meteorol\u00f2gic de Catalunya.<br><\/a><a style=\"font-style: normal;\" href=\"http:\/\/www.educaplus.org\/climatic\/index.html\" target=\"_blank\" rel=\"noopener\">Educaplus\/climatic<\/a>: El clima i el tiempo.<br><a href=\"https:\/\/meteopallars.blogspot.com.es\/2010\/06\/aparells-dobservacio-meteorologica.html\" target=\"_blank\" rel=\"noopener\">Meteosort (estaci\u00f3 meteorol\u00f2gica de Sort).<\/a><a style=\"font-style: normal;\" href=\"https:\/\/sites.google.com\/a\/xtec.cat\/meteorologia\/\" target=\"_blank\" rel=\"noopener\"><br>Introducci\u00f3 a la meteorologia.<\/a><\/li>\n<\/ul>\n<\/div><\/div>\n<\/div>\n","protected":false},"excerpt":{"rendered":"<p>El Camp d\u2019Aprenentatge del Bages t\u00e9 un acord de col\u00b7laboraci\u00f3 amb el&nbsp;Parc de la S\u00e9quia (Fundaci\u00f3 Aig\u00fces de Manresa \u2013 Junta de la S\u00e9quia). Activitats:<\/p>\n","protected":false},"author":3,"featured_media":0,"parent":8235,"menu_order":50,"comment_status":"closed","ping_status":"closed","template":"","meta":{"_bbp_topic_count":0,"_bbp_reply_count":0,"_bbp_total_topic_count":0,"_bbp_total_reply_count":0,"_bbp_voice_count":0,"_bbp_anonymous_reply_count":0,"_bbp_topic_count_hidden":0,"_bbp_reply_count_hidden":0,"_bbp_forum_subforum_count":0,"site-sidebar-layout":"default","site-content-layout":"","ast-site-content-layout":"default","site-content-style":"default","site-sidebar-style":"default","ast-global-header-display":"","ast-banner-title-visibility":"","ast-main-header-display":"","ast-hfb-above-header-display":"","ast-hfb-below-header-display":"","ast-hfb-mobile-header-display":"","site-post-title":"","ast-breadcrumbs-content":"","ast-featured-img":"","footer-sml-layout":"","theme-transparent-header-meta":"","adv-header-id-meta":"","stick-header-meta":"","header-above-stick-meta":"","header-main-stick-meta":"","header-below-stick-meta":"","astra-migrate-meta-layouts":"set","ast-page-background-enabled":"default","ast-page-background-meta":{"desktop":{"background-color":"var(--ast-global-color-4)","background-image":"","background-repeat":"repeat","background-position":"center center","background-size":"auto","background-attachment":"scroll","background-type":"","background-media":"","overlay-type":"","overlay-color":"","overlay-opacity":"","overlay-gradient":""},"tablet":{"background-color":"","background-image":"","background-repeat":"repeat","background-position":"center center","background-size":"auto","background-attachment":"scroll","background-type":"","background-media":"","overlay-type":"","overlay-color":"","overlay-opacity":"","overlay-gradient":""},"mobile":{"background-color":"","background-image":"","background-repeat":"repeat","background-position":"center center","background-size":"auto","background-attachment":"scroll","background-type":"","background-media":"","overlay-type":"","overlay-color":"","overlay-opacity":"","overlay-gradient":""}},"ast-content-background-meta":{"desktop":{"background-color":"var(--ast-global-color-5)","background-image":"","background-repeat":"repeat","background-position":"center center","background-size":"auto","background-attachment":"scroll","background-type":"","background-media":"","overlay-type":"","overlay-color":"","overlay-opacity":"","overlay-gradient":""},"tablet":{"background-color":"var(--ast-global-color-5)","background-image":"","background-repeat":"repeat","background-position":"center center","background-size":"auto","background-attachment":"scroll","background-type":"","background-media":"","overlay-type":"","overlay-color":"","overlay-opacity":"","overlay-gradient":""},"mobile":{"background-color":"var(--ast-global-color-5)","background-image":"","background-repeat":"repeat","background-position":"center center","background-size":"auto","background-attachment":"scroll","background-type":"","background-media":"","overlay-type":"","overlay-color":"","overlay-opacity":"","overlay-gradient":""}},"footnotes":""},"class_list":["post-8404","page","type-page","status-publish","hentry"],"post_mailing_queue_ids":[],"_links":{"self":[{"href":"https:\/\/serveiseducatius.xtec.cat\/cda-bages\/wp-json\/wp\/v2\/pages\/8404","targetHints":{"allow":["GET"]}}],"collection":[{"href":"https:\/\/serveiseducatius.xtec.cat\/cda-bages\/wp-json\/wp\/v2\/pages"}],"about":[{"href":"https:\/\/serveiseducatius.xtec.cat\/cda-bages\/wp-json\/wp\/v2\/types\/page"}],"author":[{"embeddable":true,"href":"https:\/\/serveiseducatius.xtec.cat\/cda-bages\/wp-json\/wp\/v2\/users\/3"}],"replies":[{"embeddable":true,"href":"https:\/\/serveiseducatius.xtec.cat\/cda-bages\/wp-json\/wp\/v2\/comments?post=8404"}],"version-history":[{"count":6,"href":"https:\/\/serveiseducatius.xtec.cat\/cda-bages\/wp-json\/wp\/v2\/pages\/8404\/revisions"}],"predecessor-version":[{"id":11594,"href":"https:\/\/serveiseducatius.xtec.cat\/cda-bages\/wp-json\/wp\/v2\/pages\/8404\/revisions\/11594"}],"up":[{"embeddable":true,"href":"https:\/\/serveiseducatius.xtec.cat\/cda-bages\/wp-json\/wp\/v2\/pages\/8235"}],"wp:attachment":[{"href":"https:\/\/serveiseducatius.xtec.cat\/cda-bages\/wp-json\/wp\/v2\/media?parent=8404"}],"curies":[{"name":"wp","href":"https:\/\/api.w.org\/{rel}","templated":true}]}}