{"id":8272,"date":"2016-06-20T17:56:05","date_gmt":"2016-06-20T16:56:05","guid":{"rendered":"http:\/\/serveiseducatius.xtec.cat\/cda-bages\/?page_id=8272"},"modified":"2019-01-30T10:39:25","modified_gmt":"2019-01-30T09:39:25","slug":"amb-els-centres","status":"publish","type":"page","link":"https:\/\/serveiseducatius.xtec.cat\/cda-bages\/amb-els-centres\/","title":{"rendered":"Amb els centres"},"content":{"rendered":"<p>La relaci\u00f3 entre els centres i el CdA \u00e9s clau per aconseguir bons resultats de l&#8217;experi\u00e8ncia educativa. Per aix\u00f2 us demanem que hi poseu especial atenci\u00f3 i ens demaneu aclariments per tot all\u00f2 que calgui.<\/p>\n<p>La relaci\u00f3 dels centres amb el Camp d\u2019Aprenentatge comen\u00e7a en el moment de la\u00a0<strong>inscripci\u00f3<\/strong>, normalment durant la segona quinzena del mes de maig. Els centres realitzeu la vostra petici\u00f3 d&#8217;estada, sortida o projecte compartit i ens expliqueu els motius pels quals heu escollit aquest Camp d\u2019Aprenentatge, quines compet\u00e8ncies voldreu treballar i les dates preferents.<\/p>\n<p>Un cop revisades les sol\u00b7licituds i d\u2019acord als barems establerts,\u00a0es fan les <strong>assignacions<\/strong> i propostes de dates, que podreu consultar a finals de juny al mateix aplicatiu d&#8217;inscripci\u00f3. A continuaci\u00f3 cal que des dels centres realitzeu l&#8217;<strong>acceptaci\u00f3<\/strong> de les assignacions.<\/p>\n<p>Un cop realitzada l&#8217;acceptaci\u00f3, comen\u00e7a el proc\u00e9s de\u00a0<strong>preparaci\u00f3 de l\u2019estada, sortida o projecte compartit<\/strong>.<\/p>\n<p>&nbsp;<\/p>\n","protected":false},"excerpt":{"rendered":"<p>La relaci\u00f3 entre els centres i el CdA \u00e9s clau per aconseguir bons resultats de l&#8217;experi\u00e8ncia educativa. Per aix\u00f2 us demanem que hi poseu especial atenci\u00f3 i ens demaneu aclariments per tot all\u00f2 que calgui. La relaci\u00f3 dels centres amb el Camp d\u2019Aprenentatge comen\u00e7a en el moment de la\u00a0inscripci\u00f3, normalment durant la segona quinzena del [&hellip;]<\/p>\n","protected":false},"author":1,"featured_media":0,"parent":0,"menu_order":0,"comment_status":"closed","ping_status":"closed","template":"page-templates\/side-menu.php","meta":{"_bbp_topic_count":0,"_bbp_reply_count":0,"_bbp_total_topic_count":0,"_bbp_total_reply_count":0,"_bbp_voice_count":0,"_bbp_anonymous_reply_count":0,"_bbp_topic_count_hidden":0,"_bbp_reply_count_hidden":0,"_bbp_forum_subforum_count":0,"site-sidebar-layout":"default","site-content-layout":"","ast-site-content-layout":"","site-content-style":"default","site-sidebar-style":"default","ast-global-header-display":"","ast-banner-title-visibility":"","ast-main-header-display":"","ast-hfb-above-header-display":"","ast-hfb-below-header-display":"","ast-hfb-mobile-header-display":"","site-post-title":"","ast-breadcrumbs-content":"","ast-featured-img":"","footer-sml-layout":"","theme-transparent-header-meta":"","adv-header-id-meta":"","stick-header-meta":"","header-above-stick-meta":"","header-main-stick-meta":"","header-below-stick-meta":"","astra-migrate-meta-layouts":"default","ast-page-background-enabled":"default","ast-page-background-meta":{"desktop":{"background-color":"var(--ast-global-color-4)","background-image":"","background-repeat":"repeat","background-position":"center center","background-size":"auto","background-attachment":"scroll","background-type":"","background-media":"","overlay-type":"","overlay-color":"","overlay-opacity":"","overlay-gradient":""},"tablet":{"background-color":"","background-image":"","background-repeat":"repeat","background-position":"center center","background-size":"auto","background-attachment":"scroll","background-type":"","background-media":"","overlay-type":"","overlay-color":"","overlay-opacity":"","overlay-gradient":""},"mobile":{"background-color":"","background-image":"","background-repeat":"repeat","background-position":"center center","background-size":"auto","background-attachment":"scroll","background-type":"","background-media":"","overlay-type":"","overlay-color":"","overlay-opacity":"","overlay-gradient":""}},"ast-content-background-meta":{"desktop":{"background-color":"var(--ast-global-color-5)","background-image":"","background-repeat":"repeat","background-position":"center center","background-size":"auto","background-attachment":"scroll","background-type":"","background-media":"","overlay-type":"","overlay-color":"","overlay-opacity":"","overlay-gradient":""},"tablet":{"background-color":"var(--ast-global-color-5)","background-image":"","background-repeat":"repeat","background-position":"center center","background-size":"auto","background-attachment":"scroll","background-type":"","background-media":"","overlay-type":"","overlay-color":"","overlay-opacity":"","overlay-gradient":""},"mobile":{"background-color":"var(--ast-global-color-5)","background-image":"","background-repeat":"repeat","background-position":"center center","background-size":"auto","background-attachment":"scroll","background-type":"","background-media":"","overlay-type":"","overlay-color":"","overlay-opacity":"","overlay-gradient":""}},"footnotes":""},"class_list":["post-8272","page","type-page","status-publish","hentry"],"post_mailing_queue_ids":[],"_links":{"self":[{"href":"https:\/\/serveiseducatius.xtec.cat\/cda-bages\/wp-json\/wp\/v2\/pages\/8272","targetHints":{"allow":["GET"]}}],"collection":[{"href":"https:\/\/serveiseducatius.xtec.cat\/cda-bages\/wp-json\/wp\/v2\/pages"}],"about":[{"href":"https:\/\/serveiseducatius.xtec.cat\/cda-bages\/wp-json\/wp\/v2\/types\/page"}],"author":[{"embeddable":true,"href":"https:\/\/serveiseducatius.xtec.cat\/cda-bages\/wp-json\/wp\/v2\/users\/1"}],"replies":[{"embeddable":true,"href":"https:\/\/serveiseducatius.xtec.cat\/cda-bages\/wp-json\/wp\/v2\/comments?post=8272"}],"version-history":[{"count":3,"href":"https:\/\/serveiseducatius.xtec.cat\/cda-bages\/wp-json\/wp\/v2\/pages\/8272\/revisions"}],"predecessor-version":[{"id":8700,"href":"https:\/\/serveiseducatius.xtec.cat\/cda-bages\/wp-json\/wp\/v2\/pages\/8272\/revisions\/8700"}],"wp:attachment":[{"href":"https:\/\/serveiseducatius.xtec.cat\/cda-bages\/wp-json\/wp\/v2\/media?parent=8272"}],"curies":[{"name":"wp","href":"https:\/\/api.w.org\/{rel}","templated":true}]}}