{"id":549,"date":"2013-12-12T09:25:27","date_gmt":"2013-12-12T09:25:27","guid":{"rendered":"http:\/\/blocs.xtec.cat\/plantillacda\/?page_id=549"},"modified":"2026-02-09T17:38:20","modified_gmt":"2026-02-09T16:38:20","slug":"preparacio-de-lestada","status":"publish","type":"page","link":"https:\/\/serveiseducatius.xtec.cat\/cda-bages\/amb-els-centres\/preparacio-de-lestada\/","title":{"rendered":"Moment 1 (coordinaci\u00f3)"},"content":{"rendered":"\n<p>Preparaci\u00f3 de les activitats<\/p>\n\n\n\n<div class=\"wp-block-getwid-tabs\" data-active-tab=\"0\"><ul class=\"wp-block-getwid-tabs__nav-links\"><\/ul>\n<div class=\"wp-block-getwid-tabs__nav-link\"><span class=\"wp-block-getwid-tabs__title-wrapper\"><a href=\"#\"><span class=\"wp-block-getwid-tabs__title\">Sortides<\/span><\/a><\/span><\/div><div class=\"wp-block-getwid-tabs__tab-content-wrapper\"><div class=\"wp-block-getwid-tabs__tab-content\">\n<details class=\"wp-block-details is-layout-flow wp-block-details-is-layout-flow\"><summary>Assignaci\u00f3<\/summary>\n<p>Rebudes totes les  demandes, es realitza la selecci\u00f3 de centres segons el <a href=\"https:\/\/xtec.gencat.cat\/web\/.content\/serveis\/cda\/inscripcio\/documents\/Barem_CdA_EdA_2021.pdf\">barem <\/a>p\u00fablic establert.<\/p>\n\n\n\n<p>Es poden consultar les assignacions a partir del 22 de juny a l&#8217;aplicatiu <a href=\"http:\/\/aplicacions.gestioeducativa.gencat.cat\/ords\/pls\/apex\/f?p=camps\">CAMPS<\/a><\/p>\n<\/details>\n\n\n\n<div style=\"height:17px\" aria-hidden=\"true\" class=\"wp-block-spacer\"><\/div>\n\n\n\n<details class=\"wp-block-details is-layout-flow wp-block-details-is-layout-flow\"><summary>Acceptaci\u00f3<\/summary>\n<p>Uns quinze dies abans de fer l\u2019activitat,<strong> rebreu un correu<\/strong> del Camp d\u2019Aprenentatge on se us recordar\u00e0 la data, el preu, s\u2019especifica com fer el pagament i la documentaci\u00f3 que ens haureu de fer arribar.<\/p>\n\n\n\n<p>S<strong>\u2019adjuntar\u00e0 un document<\/strong> amb propostes de treball previ i\/o posterior i l\u2019enlla\u00e7 per a baixar-vos les fitxes de treball dels alumnes pel dia de l\u2019activitat, si \u00e9s el cas <\/p>\n\n\n\n<p><strong>(Si us conv\u00e9 tenir-les abans, trobareu l\u2019enlla\u00e7 a la p\u00e0gina de descripci\u00f3 de l\u2019activitat a la web).<\/strong>En el cas que el centre hagi estat assignat, caldr\u00e0 enviar el <strong>full d&#8217;acceptaci\u00f3 de l&#8217;estada, <\/strong>que trobareu a <a href=\"http:\/\/aplicacions.gestioeducativa.gencat.cat\/pls\/apex\/f?p=camps\" target=\"_blank\" rel=\"noopener noreferrer\">aplicatiu CAMPS<\/a>,<strong> signat digitalment <\/strong>al CdA assignat.<\/p>\n<\/details>\n\n\n\n<div style=\"height:17px\" aria-hidden=\"true\" class=\"wp-block-spacer\"><\/div>\n\n\n\n<details class=\"wp-block-details is-layout-flow wp-block-details-is-layout-flow\"><summary>Coordinaci\u00f3<\/summary>\n<p>Uns quinze dies abans de fer l\u2019activitat,<strong> rebreu un correu<\/strong> del Camp d\u2019Aprenentatge on se us recordar\u00e0 la data, el preu, s\u2019especifica com fer el pagament i la documentaci\u00f3 que ens haureu de fer arribar.<\/p>\n\n\n\n<p>S<strong>\u2019adjuntar\u00e0 un document<\/strong> amb propostes de treball previ i\/o posterior i l\u2019enlla\u00e7 per a baixar-vos les fitxes de treball dels alumnes pel dia de l\u2019activitat, si \u00e9s el cas (Si us conv\u00e9 tenir-les abans, trobareu l\u2019enlla\u00e7 a la p\u00e0gina de descripci\u00f3 de l\u2019activitat a la web).<\/p>\n<\/details>\n<\/div><\/div>\n\n\n\n<div class=\"wp-block-getwid-tabs__nav-link\"><span class=\"wp-block-getwid-tabs__title-wrapper\"><a href=\"#\"><span class=\"wp-block-getwid-tabs__title\">Projectes Compartits<\/span><\/a><\/span><\/div><div class=\"wp-block-getwid-tabs__tab-content-wrapper\"><div class=\"wp-block-getwid-tabs__tab-content\">\n<details class=\"wp-block-details is-layout-flow wp-block-details-is-layout-flow\"><summary>Assignaci\u00f3<\/summary>\n<p>Rebudes totes les  demandes, es realitza la selecci\u00f3 de centres segons el <a href=\"https:\/\/xtec.gencat.cat\/web\/.content\/serveis\/cda\/inscripcio\/documents\/Barem_CdA_EdA_2021.pdf\">barem <\/a>p\u00fablic establert.<\/p>\n\n\n\n<p>Es poden consultar les assignacions a partir del 22 de juny a l&#8217;aplicatiu <a href=\"http:\/\/aplicacions.gestioeducativa.gencat.cat\/ords\/pls\/apex\/f?p=camps\">CAMPS<\/a><\/p>\n<\/details>\n\n\n\n<div style=\"height:17px\" aria-hidden=\"true\" class=\"wp-block-spacer\"><\/div>\n\n\n\n<details class=\"wp-block-details is-layout-flow wp-block-details-is-layout-flow\"><summary>Acceptaci\u00f3<\/summary>\n<p>En el cas que el centre hagi estat assignat, caldr\u00e0 enviar el <strong>full d&#8217;acceptaci\u00f3 de l&#8217;estada, <\/strong>que trobareu a <a href=\"http:\/\/aplicacions.gestioeducativa.gencat.cat\/pls\/apex\/f?p=camps\" target=\"_blank\" rel=\"noopener noreferrer\">aplicatiu CAMPS<\/a>,<strong> signat digitalment <\/strong>al CdA assignat.<\/p>\n<\/details>\n\n\n\n<div style=\"height:17px\" aria-hidden=\"true\" class=\"wp-block-spacer\"><\/div>\n\n\n\n<details class=\"wp-block-details is-layout-flow wp-block-details-is-layout-flow\"><summary>Coordinaci\u00f3<\/summary>\n<p>Durant la primera setmana de setembre rebreu un correu amb una proposta de data de coordinaci\u00f3 amb tots els centres que realitzin els Projectes Compartits del curs. <\/p>\n\n\n\n<p>En aquesta primera reuni\u00f3 es parlar\u00e0 de les seg\u00fcents reunions, la formaci\u00f3 i les activitats que es desenvoluparan durant el curs. <\/p>\n<\/details>\n<\/div><\/div>\n\n\n\n<div class=\"wp-block-getwid-tabs__nav-link\"><span class=\"wp-block-getwid-tabs__title-wrapper\"><a href=\"#\"><span class=\"wp-block-getwid-tabs__title\">Estades<\/span><\/a><\/span><\/div><div class=\"wp-block-getwid-tabs__tab-content-wrapper\"><div class=\"wp-block-getwid-tabs__tab-content\">\n<details class=\"wp-block-details is-layout-flow wp-block-details-is-layout-flow\"><summary>Assignaci\u00f3<\/summary>\n<p>Rebudes totes les  demandes, es realitza la selecci\u00f3 de centres segons el <a href=\"https:\/\/xtec.gencat.cat\/web\/.content\/serveis\/cda\/inscripcio\/documents\/Barem_CdA_EdA_2021.pdf\">barem <\/a>p\u00fablic establert.<\/p>\n\n\n\n<p>Es poden consultar les assignacions a partir del 22 de juny a l&#8217;aplicatiu <a href=\"http:\/\/aplicacions.gestioeducativa.gencat.cat\/ords\/pls\/apex\/f?p=camps\">CAMPS<\/a><\/p>\n<\/details>\n\n\n\n<div style=\"height:17px\" aria-hidden=\"true\" class=\"wp-block-spacer\"><\/div>\n\n\n\n<details class=\"wp-block-details is-layout-flow wp-block-details-is-layout-flow\"><summary>Acceptaci\u00f3<\/summary>\n<p>En el cas que el centre hagi estat assignat, caldr\u00e0 enviar el <strong>full d&#8217;acceptaci\u00f3 de l&#8217;estada, <\/strong>que trobareu a <a href=\"http:\/\/aplicacions.gestioeducativa.gencat.cat\/pls\/apex\/f?p=camps\" target=\"_blank\" rel=\"noopener noreferrer\">aplicatiu CAMPS<\/a>,<strong> signat digitalment <\/strong>al CdA assignat.<\/p>\n<\/details>\n\n\n\n<div style=\"height:17px\" aria-hidden=\"true\" class=\"wp-block-spacer\"><\/div>\n\n\n\n<details class=\"wp-block-details is-layout-flow wp-block-details-is-layout-flow\"><summary>Trobada de coordinaci\u00f3<\/summary>\n<p>En el cas de les estades. per tal de preparar l&#8217;activitat farem una Trobada de coordinaci\u00f3. Aquesta podr\u00e0 ser presencial o telem\u00e0tica amb una data que concretarem, generalment durant el mes de setembre. La trobada serveix per con\u00e8ixer-nos, acordar el programa d&#8217;activitats i horaris de l&#8217;estada, activitats pr\u00e8vies i posteriors relacionades i veure les instal\u00b7lacions del Camp d&#8217;Aprenentatge i de l&#8217;Alberg del Carme. <\/p>\n\n\n\n<p>En el cas de ser presencial, la trobada es realitzar\u00e0 a la seu del Camp d&#8217;Aprenentatge, a la casa de La Culla (<a href=\"https:\/\/serveiseducatius.xtec.cat\/cda-bages\/presentacio\/on-som\/\">On som<\/a>) on us presentarem les activitats i podreu veure els espais de treball. Despr\u00e9s ens traslladarem a l&#8217;alberg del Carme, al centre de Manresa.  Durada de 10h a 13:30h.<\/p>\n\n\n\n<p>Per activitats d&#8217;un dia i Projectes compartits, rebreu un correu amb m\u00e9s informaci\u00f3.<\/p>\n<\/details>\n<\/div><\/div>\n<\/div>\n","protected":false},"excerpt":{"rendered":"<p>Preparaci\u00f3 de les activitats<\/p>\n","protected":false},"author":1,"featured_media":0,"parent":8272,"menu_order":20,"comment_status":"closed","ping_status":"closed","template":"","meta":{"_bbp_topic_count":0,"_bbp_reply_count":0,"_bbp_total_topic_count":0,"_bbp_total_reply_count":0,"_bbp_voice_count":0,"_bbp_anonymous_reply_count":0,"_bbp_topic_count_hidden":0,"_bbp_reply_count_hidden":0,"_bbp_forum_subforum_count":0,"site-sidebar-layout":"default","site-content-layout":"","ast-site-content-layout":"default","site-content-style":"default","site-sidebar-style":"default","ast-global-header-display":"","ast-banner-title-visibility":"","ast-main-header-display":"","ast-hfb-above-header-display":"","ast-hfb-below-header-display":"","ast-hfb-mobile-header-display":"","site-post-title":"","ast-breadcrumbs-content":"","ast-featured-img":"","footer-sml-layout":"","theme-transparent-header-meta":"","adv-header-id-meta":"","stick-header-meta":"","header-above-stick-meta":"","header-main-stick-meta":"","header-below-stick-meta":"","astra-migrate-meta-layouts":"set","ast-page-background-enabled":"default","ast-page-background-meta":{"desktop":{"background-color":"var(--ast-global-color-4)","background-image":"","background-repeat":"repeat","background-position":"center center","background-size":"auto","background-attachment":"scroll","background-type":"","background-media":"","overlay-type":"","overlay-color":"","overlay-opacity":"","overlay-gradient":""},"tablet":{"background-color":"","background-image":"","background-repeat":"repeat","background-position":"center center","background-size":"auto","background-attachment":"scroll","background-type":"","background-media":"","overlay-type":"","overlay-color":"","overlay-opacity":"","overlay-gradient":""},"mobile":{"background-color":"","background-image":"","background-repeat":"repeat","background-position":"center center","background-size":"auto","background-attachment":"scroll","background-type":"","background-media":"","overlay-type":"","overlay-color":"","overlay-opacity":"","overlay-gradient":""}},"ast-content-background-meta":{"desktop":{"background-color":"var(--ast-global-color-5)","background-image":"","background-repeat":"repeat","background-position":"center center","background-size":"auto","background-attachment":"scroll","background-type":"","background-media":"","overlay-type":"","overlay-color":"","overlay-opacity":"","overlay-gradient":""},"tablet":{"background-color":"var(--ast-global-color-5)","background-image":"","background-repeat":"repeat","background-position":"center center","background-size":"auto","background-attachment":"scroll","background-type":"","background-media":"","overlay-type":"","overlay-color":"","overlay-opacity":"","overlay-gradient":""},"mobile":{"background-color":"var(--ast-global-color-5)","background-image":"","background-repeat":"repeat","background-position":"center center","background-size":"auto","background-attachment":"scroll","background-type":"","background-media":"","overlay-type":"","overlay-color":"","overlay-opacity":"","overlay-gradient":""}},"footnotes":""},"class_list":["post-549","page","type-page","status-publish","hentry"],"post_mailing_queue_ids":[],"_links":{"self":[{"href":"https:\/\/serveiseducatius.xtec.cat\/cda-bages\/wp-json\/wp\/v2\/pages\/549","targetHints":{"allow":["GET"]}}],"collection":[{"href":"https:\/\/serveiseducatius.xtec.cat\/cda-bages\/wp-json\/wp\/v2\/pages"}],"about":[{"href":"https:\/\/serveiseducatius.xtec.cat\/cda-bages\/wp-json\/wp\/v2\/types\/page"}],"author":[{"embeddable":true,"href":"https:\/\/serveiseducatius.xtec.cat\/cda-bages\/wp-json\/wp\/v2\/users\/1"}],"replies":[{"embeddable":true,"href":"https:\/\/serveiseducatius.xtec.cat\/cda-bages\/wp-json\/wp\/v2\/comments?post=549"}],"version-history":[{"count":5,"href":"https:\/\/serveiseducatius.xtec.cat\/cda-bages\/wp-json\/wp\/v2\/pages\/549\/revisions"}],"predecessor-version":[{"id":11533,"href":"https:\/\/serveiseducatius.xtec.cat\/cda-bages\/wp-json\/wp\/v2\/pages\/549\/revisions\/11533"}],"up":[{"embeddable":true,"href":"https:\/\/serveiseducatius.xtec.cat\/cda-bages\/wp-json\/wp\/v2\/pages\/8272"}],"wp:attachment":[{"href":"https:\/\/serveiseducatius.xtec.cat\/cda-bages\/wp-json\/wp\/v2\/media?parent=549"}],"curies":[{"name":"wp","href":"https:\/\/api.w.org\/{rel}","templated":true}]}}