{"id":433,"date":"2013-11-19T17:56:41","date_gmt":"2013-11-19T16:56:41","guid":{"rendered":"http:\/\/blocs.xtec.cat\/cdaaltbergueda\/?page_id=433"},"modified":"2024-11-11T09:24:14","modified_gmt":"2024-11-11T08:24:14","slug":"meteorologia","status":"publish","type":"page","link":"https:\/\/serveiseducatius.xtec.cat\/cda-bages\/meteorologia\/","title":{"rendered":"Dades Meteorologia"},"content":{"rendered":"<p><a href=\"https:\/\/www.aemet.es\/ca\/eltiempo\/observacion\/ultimosdatos?k=cat&amp;l=0149X&amp;w=0&amp;datos=img&amp;x=h24&amp;f=temperatura\" target=\"_blank\" rel=\"noopener\">Dades actuals de la nostra estaci\u00f3 (0149X) de l&#8217;AEMET (Ag\u00e8ncia Estatal de Meteorologia)<\/a><\/p>\n<p><a title=\"Dades hist\u00f2riques\" href=\"https:\/\/serveiseducatius.xtec.cat\/cda-bages\/meteorologia\/dades-historiques\/\">Dades hist\u00f2riques de la nostra estaci\u00f3.<\/a><\/p>\n<p><a title=\"Dades mensuals\" href=\"https:\/\/serveiseducatius.xtec.cat\/cda-bages\/meteorologia\/dades-mensuals\/\">Dades mensuals de la nostra estaci\u00f3.<\/a><\/p>\n<div id=\"c_282197b92daa04ec2f57b8ee702aabe4\" class=\"completo\"><\/div>\n<p><script src=\"http:\/\/www.eltiempo.es\/widget\/widget_loader\/282197b92daa04ec2f57b8ee702aabe4\" type=\"text\/javascript\"><\/script><br \/>\n<iframe loading=\"lazy\" src=\"https:\/\/mapsengine.google.com\/map\/embed?mid=zZuYfmFHHtuo.kp8hvVN7OIVA\" width=\"640\" height=\"480\"><\/iframe><\/p>\n","protected":false},"excerpt":{"rendered":"<p>Dades actuals de la nostra estaci\u00f3 (0149X) de l&#8217;AEMET (Ag\u00e8ncia Estatal de Meteorologia) Dades hist\u00f2riques de la nostra estaci\u00f3. Dades mensuals de la nostra estaci\u00f3.<\/p>\n","protected":false},"author":1,"featured_media":0,"parent":0,"menu_order":0,"comment_status":"closed","ping_status":"closed","template":"","meta":{"_bbp_topic_count":0,"_bbp_reply_count":0,"_bbp_total_topic_count":0,"_bbp_total_reply_count":0,"_bbp_voice_count":0,"_bbp_anonymous_reply_count":0,"_bbp_topic_count_hidden":0,"_bbp_reply_count_hidden":0,"_bbp_forum_subforum_count":0,"site-sidebar-layout":"default","site-content-layout":"","ast-site-content-layout":"","site-content-style":"default","site-sidebar-style":"default","ast-global-header-display":"","ast-banner-title-visibility":"","ast-main-header-display":"","ast-hfb-above-header-display":"","ast-hfb-below-header-display":"","ast-hfb-mobile-header-display":"","site-post-title":"","ast-breadcrumbs-content":"","ast-featured-img":"","footer-sml-layout":"","theme-transparent-header-meta":"","adv-header-id-meta":"","stick-header-meta":"","header-above-stick-meta":"","header-main-stick-meta":"","header-below-stick-meta":"","astra-migrate-meta-layouts":"default","ast-page-background-enabled":"default","ast-page-background-meta":{"desktop":{"background-color":"var(--ast-global-color-4)","background-image":"","background-repeat":"repeat","background-position":"center center","background-size":"auto","background-attachment":"scroll","background-type":"","background-media":"","overlay-type":"","overlay-color":"","overlay-opacity":"","overlay-gradient":""},"tablet":{"background-color":"","background-image":"","background-repeat":"repeat","background-position":"center center","background-size":"auto","background-attachment":"scroll","background-type":"","background-media":"","overlay-type":"","overlay-color":"","overlay-opacity":"","overlay-gradient":""},"mobile":{"background-color":"","background-image":"","background-repeat":"repeat","background-position":"center center","background-size":"auto","background-attachment":"scroll","background-type":"","background-media":"","overlay-type":"","overlay-color":"","overlay-opacity":"","overlay-gradient":""}},"ast-content-background-meta":{"desktop":{"background-color":"var(--ast-global-color-5)","background-image":"","background-repeat":"repeat","background-position":"center center","background-size":"auto","background-attachment":"scroll","background-type":"","background-media":"","overlay-type":"","overlay-color":"","overlay-opacity":"","overlay-gradient":""},"tablet":{"background-color":"var(--ast-global-color-5)","background-image":"","background-repeat":"repeat","background-position":"center center","background-size":"auto","background-attachment":"scroll","background-type":"","background-media":"","overlay-type":"","overlay-color":"","overlay-opacity":"","overlay-gradient":""},"mobile":{"background-color":"var(--ast-global-color-5)","background-image":"","background-repeat":"repeat","background-position":"center center","background-size":"auto","background-attachment":"scroll","background-type":"","background-media":"","overlay-type":"","overlay-color":"","overlay-opacity":"","overlay-gradient":""}},"footnotes":""},"class_list":["post-433","page","type-page","status-publish","hentry"],"post_mailing_queue_ids":[],"_links":{"self":[{"href":"https:\/\/serveiseducatius.xtec.cat\/cda-bages\/wp-json\/wp\/v2\/pages\/433","targetHints":{"allow":["GET"]}}],"collection":[{"href":"https:\/\/serveiseducatius.xtec.cat\/cda-bages\/wp-json\/wp\/v2\/pages"}],"about":[{"href":"https:\/\/serveiseducatius.xtec.cat\/cda-bages\/wp-json\/wp\/v2\/types\/page"}],"author":[{"embeddable":true,"href":"https:\/\/serveiseducatius.xtec.cat\/cda-bages\/wp-json\/wp\/v2\/users\/1"}],"replies":[{"embeddable":true,"href":"https:\/\/serveiseducatius.xtec.cat\/cda-bages\/wp-json\/wp\/v2\/comments?post=433"}],"version-history":[{"count":4,"href":"https:\/\/serveiseducatius.xtec.cat\/cda-bages\/wp-json\/wp\/v2\/pages\/433\/revisions"}],"predecessor-version":[{"id":10248,"href":"https:\/\/serveiseducatius.xtec.cat\/cda-bages\/wp-json\/wp\/v2\/pages\/433\/revisions\/10248"}],"wp:attachment":[{"href":"https:\/\/serveiseducatius.xtec.cat\/cda-bages\/wp-json\/wp\/v2\/media?parent=433"}],"curies":[{"name":"wp","href":"https:\/\/api.w.org\/{rel}","templated":true}]}}