{"id":254,"date":"2013-11-16T11:47:36","date_gmt":"2013-11-16T10:47:36","guid":{"rendered":"http:\/\/blocs.xtec.cat\/cdaaltbergueda\/?page_id=254"},"modified":"2026-01-19T13:53:07","modified_gmt":"2026-01-19T12:53:07","slug":"inscripcio","status":"publish","type":"page","link":"https:\/\/serveiseducatius.xtec.cat\/cda-bages\/amb-els-centres\/inscripcio\/","title":{"rendered":"Inscripci\u00f3"},"content":{"rendered":"\n<div class=\"wp-block-getwid-tabs\" data-active-tab=\"0\"><ul class=\"wp-block-getwid-tabs__nav-links\"><\/ul>\n<div class=\"wp-block-getwid-tabs__nav-link\"><span class=\"wp-block-getwid-tabs__title-wrapper\"><a href=\"#\"><span class=\"wp-block-getwid-tabs__title\">Sol\u00b7licitud d&#8217;inscripci\u00f3<\/span><\/a><\/span><\/div><div class=\"wp-block-getwid-tabs__tab-content-wrapper\"><div class=\"wp-block-getwid-tabs__tab-content\">\n<p>El per\u00edode d&#8217;inscripci\u00f3 pel <strong>curs 2025-26<\/strong> ser\u00e0 del <strong>2 al 31 de maig<\/strong> del 2025<\/p>\n\n\n\n<p>Abans de fer la sol\u00b7licitud, cal que tingueu en compte :<\/p>\n\n\n\n<ul class=\"wp-block-list\">\n<li><span style=\"line-height: 15px;\">L&#8217;oferta d&#8217;activitats d&#8217;aquest Camp d&#8217;Aprenentatge en funci\u00f3 del nivell educatiu dels alumnes. Ho podeu consultar a l&#8217;apartat <strong><a title=\"Totes les activitats\" href=\"https:\/\/serveiseducatius.xtec.cat\/cda-bages\/ambits\/totes-les-activitats\/\">Totes les activitats<\/a>.<\/strong><\/span><\/li>\n\n\n\n<li>La situaci\u00f3 de l&#8217;<a title=\"Allotjament\" href=\"https:\/\/serveiseducatius.xtec.cat\/cda-bages\/presentacio\/allotjament\/\"><strong>allotjament<\/strong><\/a>, \u00e9s al centre de Manresa (Alberg del Carme).<\/li>\n<\/ul>\n\n\n\n<p>Trobareu <strong>les instruccions i l&#8217;enlla\u00e7 per a fer la inscripci\u00f3<\/strong>&nbsp;a l&#8217;espai <strong><a href=\"https:\/\/projectes.xtec.cat\/camps\/\" target=\"_blank\" rel=\"noreferrer noopener\">web dels Camps d&#8217;Aprenentatge<\/a><\/strong> de l&#8217;Xtec, a <a href=\"https:\/\/xtec.gencat.cat\/ca\/serveis\/sesc\/cda\/inscripcio\/\" target=\"_blank\" rel=\"noopener noreferrer\"><strong>Inscripci\u00f3 i quotes<\/strong><\/a><\/p>\n\n\n\n<p>A partir&nbsp;del curs 2017-18, <strong>les activitats d\u2019un dia de l&#8217;\u00e0mbit &#8220;aigua&#8221; vinculades amb el Parc de la S\u00e8quia s\u00f3n gestionades per aquesta entitat<\/strong>. Caldr\u00e0 fer la<strong><a href=\"https:\/\/www.parcdelasequia.cat\/servei-educatiu\/inscripcions\/\" target=\"_blank\" rel=\"noopener noreferrer\"> inscripci\u00f3 a la web del Parc de la S\u00e8quia<\/a><\/strong> directament.&nbsp;Les dues entitats seguirem oferint conjuntament activitats pels centres que facin estada al CdA del Bages.<\/p>\n\n\n\n<p><\/p>\n<\/div><\/div>\n\n\n\n<div class=\"wp-block-getwid-tabs__nav-link\"><span class=\"wp-block-getwid-tabs__title-wrapper\"><a href=\"#\"><span class=\"wp-block-getwid-tabs__title\">Assignacions<\/span><\/a><\/span><\/div><div class=\"wp-block-getwid-tabs__tab-content-wrapper\"><div class=\"wp-block-getwid-tabs__tab-content\">\n<p>Un cop finalitzat el per\u00edode de sol\u00b7licituds, cada CdA far\u00e0 les assignacions i podreu consultar el resultat en la mateixa aplicaci\u00f3 on caldr\u00e0 clicar l\u2019acceptaci\u00f3 de les dates assignades en cas afirmatiu.<\/p>\n<\/div><\/div>\n\n\n\n<div class=\"wp-block-getwid-tabs__nav-link\"><span class=\"wp-block-getwid-tabs__title-wrapper\"><a href=\"#\"><span class=\"wp-block-getwid-tabs__title\">Inscripci\u00f3 definitiva<\/span><\/a><\/span><\/div><div class=\"wp-block-getwid-tabs__tab-content-wrapper\"><div class=\"wp-block-getwid-tabs__tab-content\">\n<p>Pr\u00e8viament o el mateix dia de fer l&#8217;activitat ens haureu d&#8217;entregar el <strong>full d&#8217;acceptaci\u00f3 de la inscripci\u00f3<\/strong> que podreu imprimir des de la mateixa <strong><a href=\"http:\/\/aplicacions.gestioeducativa.gencat.cat\/pls\/apex\/f?p=camps\" target=\"_blank\" rel=\"noopener noreferrer\">aplicaci\u00f3&nbsp; CAMPS<\/a><\/strong>, de gesti\u00f3 de la inscripci\u00f3.<\/p>\n<\/div><\/div>\n\n\n\n<div class=\"wp-block-getwid-tabs__nav-link\"><span class=\"wp-block-getwid-tabs__title-wrapper\"><a href=\"#\"><span class=\"wp-block-getwid-tabs__title\">Quotes<\/span><\/a><\/span><\/div><div class=\"wp-block-getwid-tabs__tab-content-wrapper\"><div class=\"wp-block-getwid-tabs__tab-content\">\n<details class=\"wp-block-details is-layout-flow wp-block-details-is-layout-flow\"><summary>Del Camp d&#8217;Aprenentatge:<\/summary>\n<p>Preus p\u00fablics:<\/p>\n\n\n\n<ul class=\"wp-block-list\">\n<li>Activitats d&#8217;un dia (sense estada): 3 \u20ac per alumne<\/li>\n\n\n\n<li>Activitats en el marc d&#8217;una estada: 3 \u20ac per alumne i dia<\/li>\n<\/ul>\n\n\n\n<p>Al preu de les activitats s&#8217;hi aplicaran les seg\u00fcents&nbsp;<strong>bonificacions o exempcions<\/strong>: (aquestes no afecten al preu de l&#8217;allotjament i manutenci\u00f3).<\/p>\n\n\n\n<ul class=\"wp-block-list\">\n<li><span style=\"line-height: 15px;\"><em>Bonificaci\u00f3 del 50%<\/em>: alumnes de fam\u00edlies nombroses o monoparentals de categoria general.<\/span><\/li>\n\n\n\n<li><em>Exempci\u00f3<\/em>: alumnes de fam\u00edlies nombroses o monoparentals de categoria especial, alumnes amb una disminuci\u00f3 del 33%, els membres de fam\u00edlies v\u00edctimes de viol\u00e8ncia de g\u00e8nere, v\u00edctimes del terrorisme i l&#8217;alumnat dels centres de m\u00e0xima complexitat.<\/li>\n<\/ul>\n\n\n\n<p>Els centres d&#8217;alta complexitat estan exempts d&#8217;aquest pagament.<\/p>\n\n\n\n<p><span style=\"font-weight: 400;\">Caldr\u00e0 el <\/span><b><a href=\"https:\/\/docs.google.com\/document\/d\/1IbmVasc0r189uOgtLsZnJCBmReyx7gSy\/edit?usp=sharing&amp;ouid=100645642959568906739&amp;rtpof=true&amp;sd=true\">document certificant<\/a> l\u2019alumnat amb dret a bonificaci\u00f3 o exempci\u00f3<\/b><span style=\"font-weight: 400;\">.<\/span><\/p>\n<\/details>\n\n\n\n<p>Referents\u00a0a l&#8217;<strong>allotjament i manutenci\u00f3<\/strong> (a abonar ):<\/p>\n\n\n\n<p><strong>Com fer el pagament<\/strong>:<\/p>\n\n\n\n<p>Trobareu la informaci\u00f3 a l&#8217;apartat de <a title=\"Preparaci\u00f3 activitats d\u2019un dia\" href=\"https:\/\/serveiseducatius.xtec.cat\/cda-bages\/amb-els-centres\/preparacio-de-la-sortida\/\">preparaci\u00f3 d&#8217;activitats d&#8217;un dia<\/a> o <a title=\"Preparaci\u00f3 estades\" href=\"https:\/\/serveiseducatius.xtec.cat\/cda-bages\/amb-els-centres\/preparacio-de-lestada\/\">preparaci\u00f3 d&#8217;estades<\/a><\/p>\n\n\n\n<details class=\"wp-block-details is-layout-flow wp-block-details-is-layout-flow\"><summary>De l&#8217;Alberg &#8211; XANASCAT<\/summary>\n<ul class=\"wp-block-list\">\n<li>Trobareu els preus actuals a la web del Departament, a <a href=\"http:\/\/xtec.gencat.cat\/ca\/serveis\/sesc\/cda\/inscripcio\/\" target=\"_blank\" rel=\"noopener noreferrer\">inscripci\u00f3 i quotes<\/a>.<\/li>\n<\/ul>\n\n\n\n<p>En el cas de les estades, per considerar formalitzada la reserva, caldr\u00e0 realitzar una <strong>bestreta<\/strong> del 10% del cost de l&#8217;allotjament i manutenci\u00f3 previst.<\/p>\n<\/details>\n<\/div><\/div>\n\n\n\n<div class=\"wp-block-getwid-tabs__nav-link\"><span class=\"wp-block-getwid-tabs__title-wrapper\"><a href=\"#\"><span class=\"wp-block-getwid-tabs__title\">Fora de termini<\/span><\/a><\/span><\/div><div class=\"wp-block-getwid-tabs__tab-content-wrapper\"><div class=\"wp-block-getwid-tabs__tab-content\">\n<p>Per demanar sortides (un dia) o estades (m\u00e9s d\u2019un dia) fora del per\u00edode d\u2019inscripci\u00f3, us heu de posar en contacte amb nosaltres amb aquest formulari.<\/p>\n\n\n\n<iframe loading=\"lazy\" src=\"https:\/\/docs.google.com\/forms\/d\/e\/1FAIpQLSfVT0Z5nG47KYNUFeRtsZfEOL3GzFy6xz9qypRADXOVAzWAIA\/viewform?embedded=true\" width=\"640\" height=\"5583\" frameborder=\"0\" marginheight=\"0\" marginwidth=\"0\">S&#39;est\u00e0 carregant\u2026<\/iframe>\n<\/div><\/div>\n<\/div>\n","protected":false},"excerpt":{"rendered":"","protected":false},"author":1,"featured_media":0,"parent":8272,"menu_order":10,"comment_status":"closed","ping_status":"closed","template":"","meta":{"_bbp_topic_count":0,"_bbp_reply_count":0,"_bbp_total_topic_count":0,"_bbp_total_reply_count":0,"_bbp_voice_count":0,"_bbp_anonymous_reply_count":0,"_bbp_topic_count_hidden":0,"_bbp_reply_count_hidden":0,"_bbp_forum_subforum_count":0,"site-sidebar-layout":"default","site-content-layout":"","ast-site-content-layout":"default","site-content-style":"default","site-sidebar-style":"default","ast-global-header-display":"","ast-banner-title-visibility":"","ast-main-header-display":"","ast-hfb-above-header-display":"","ast-hfb-below-header-display":"","ast-hfb-mobile-header-display":"","site-post-title":"","ast-breadcrumbs-content":"","ast-featured-img":"","footer-sml-layout":"","theme-transparent-header-meta":"","adv-header-id-meta":"","stick-header-meta":"","header-above-stick-meta":"","header-main-stick-meta":"","header-below-stick-meta":"","astra-migrate-meta-layouts":"set","ast-page-background-enabled":"default","ast-page-background-meta":{"desktop":{"background-color":"var(--ast-global-color-4)","background-image":"","background-repeat":"repeat","background-position":"center center","background-size":"auto","background-attachment":"scroll","background-type":"","background-media":"","overlay-type":"","overlay-color":"","overlay-opacity":"","overlay-gradient":""},"tablet":{"background-color":"","background-image":"","background-repeat":"repeat","background-position":"center center","background-size":"auto","background-attachment":"scroll","background-type":"","background-media":"","overlay-type":"","overlay-color":"","overlay-opacity":"","overlay-gradient":""},"mobile":{"background-color":"","background-image":"","background-repeat":"repeat","background-position":"center center","background-size":"auto","background-attachment":"scroll","background-type":"","background-media":"","overlay-type":"","overlay-color":"","overlay-opacity":"","overlay-gradient":""}},"ast-content-background-meta":{"desktop":{"background-color":"var(--ast-global-color-5)","background-image":"","background-repeat":"repeat","background-position":"center center","background-size":"auto","background-attachment":"scroll","background-type":"","background-media":"","overlay-type":"","overlay-color":"","overlay-opacity":"","overlay-gradient":""},"tablet":{"background-color":"var(--ast-global-color-5)","background-image":"","background-repeat":"repeat","background-position":"center center","background-size":"auto","background-attachment":"scroll","background-type":"","background-media":"","overlay-type":"","overlay-color":"","overlay-opacity":"","overlay-gradient":""},"mobile":{"background-color":"var(--ast-global-color-5)","background-image":"","background-repeat":"repeat","background-position":"center center","background-size":"auto","background-attachment":"scroll","background-type":"","background-media":"","overlay-type":"","overlay-color":"","overlay-opacity":"","overlay-gradient":""}},"footnotes":""},"class_list":["post-254","page","type-page","status-publish","hentry"],"post_mailing_queue_ids":[],"_links":{"self":[{"href":"https:\/\/serveiseducatius.xtec.cat\/cda-bages\/wp-json\/wp\/v2\/pages\/254","targetHints":{"allow":["GET"]}}],"collection":[{"href":"https:\/\/serveiseducatius.xtec.cat\/cda-bages\/wp-json\/wp\/v2\/pages"}],"about":[{"href":"https:\/\/serveiseducatius.xtec.cat\/cda-bages\/wp-json\/wp\/v2\/types\/page"}],"author":[{"embeddable":true,"href":"https:\/\/serveiseducatius.xtec.cat\/cda-bages\/wp-json\/wp\/v2\/users\/1"}],"replies":[{"embeddable":true,"href":"https:\/\/serveiseducatius.xtec.cat\/cda-bages\/wp-json\/wp\/v2\/comments?post=254"}],"version-history":[{"count":5,"href":"https:\/\/serveiseducatius.xtec.cat\/cda-bages\/wp-json\/wp\/v2\/pages\/254\/revisions"}],"predecessor-version":[{"id":11345,"href":"https:\/\/serveiseducatius.xtec.cat\/cda-bages\/wp-json\/wp\/v2\/pages\/254\/revisions\/11345"}],"up":[{"embeddable":true,"href":"https:\/\/serveiseducatius.xtec.cat\/cda-bages\/wp-json\/wp\/v2\/pages\/8272"}],"wp:attachment":[{"href":"https:\/\/serveiseducatius.xtec.cat\/cda-bages\/wp-json\/wp\/v2\/media?parent=254"}],"curies":[{"name":"wp","href":"https:\/\/api.w.org\/{rel}","templated":true}]}}