{"id":1747,"date":"2014-09-02T18:14:54","date_gmt":"2014-09-02T17:14:54","guid":{"rendered":"http:\/\/blocs.xtec.cat\/cdabages\/?page_id=1747"},"modified":"2026-02-06T08:59:49","modified_gmt":"2026-02-06T07:59:49","slug":"la-vida-en-una-gota-daigua","status":"publish","type":"page","link":"https:\/\/serveiseducatius.xtec.cat\/cda-bages\/ambits\/aigua\/la-vida-en-una-gota-daigua\/","title":{"rendered":"La vida en una gota d&#8217;aigua (Estades)"},"content":{"rendered":"\n<div class=\"wp-block-getwid-images-slider has-arrows-inside has-dots-inside is-carousel has-slides-gap-small has-images-center has-cropped-images\"><div class=\"wp-block-getwid-images-slider__wrapper\" data-effect=\"slide\" data-slides-show=\"2\" data-slides-show-laptop=\"1\" data-slides-show-tablet=\"1\" data-slides-show-mobile=\"1\" data-slides-scroll=\"1\" data-autoplay=\"false\" data-pause-hover=\"false\" data-autoplay-speed=\"6000\" data-infinite=\"true\" data-animation-speed=\"800\" data-center-mode=\"false\" data-variable-width=\"false\" data-arrows=\"inside\" data-dots=\"inside\" data-spacing=\"small\"><div class=\"wp-block-getwid-images-slider__item\"><figure><img loading=\"lazy\" decoding=\"async\" width=\"1024\" height=\"934\" src=\"https:\/\/serveiseducatius.xtec.cat\/cda-bages\/wp-content\/uploads\/usu1387\/2026\/02\/IMG_4297.jpg\" data-id=\"11455\" data-link=\"https:\/\/serveiseducatius.xtec.cat\/cda-bages\/ambits\/aigua\/la-vida-en-una-gota-daigua\/attachment\/img_4297\/\" data-original-link=\"https:\/\/serveiseducatius.xtec.cat\/cda-bages\/wp-content\/uploads\/usu1387\/2026\/02\/IMG_4297.jpg\" class=\"wp-block-getwid-images-slider__image wp-image-11455\" srcset=\"https:\/\/serveiseducatius.xtec.cat\/cda-bages\/wp-content\/uploads\/usu1387\/2026\/02\/IMG_4297.jpg 1024w, https:\/\/serveiseducatius.xtec.cat\/cda-bages\/wp-content\/uploads\/usu1387\/2026\/02\/IMG_4297-300x274.jpg 300w, https:\/\/serveiseducatius.xtec.cat\/cda-bages\/wp-content\/uploads\/usu1387\/2026\/02\/IMG_4297-768x701.jpg 768w\" sizes=\"auto, (max-width: 1024px) 100vw, 1024px\" \/><\/figure><\/div><div class=\"wp-block-getwid-images-slider__item\"><figure><img loading=\"lazy\" decoding=\"async\" width=\"800\" height=\"802\" src=\"https:\/\/serveiseducatius.xtec.cat\/cda-bages\/wp-content\/uploads\/usu1387\/2026\/02\/rDSC05985.jpg\" data-id=\"11454\" data-link=\"https:\/\/serveiseducatius.xtec.cat\/cda-bages\/ambits\/aigua\/la-vida-en-una-gota-daigua\/attachment\/rdsc05985\/\" data-original-link=\"https:\/\/serveiseducatius.xtec.cat\/cda-bages\/wp-content\/uploads\/usu1387\/2026\/02\/rDSC05985.jpg\" class=\"wp-block-getwid-images-slider__image wp-image-11454\" srcset=\"https:\/\/serveiseducatius.xtec.cat\/cda-bages\/wp-content\/uploads\/usu1387\/2026\/02\/rDSC05985.jpg 800w, https:\/\/serveiseducatius.xtec.cat\/cda-bages\/wp-content\/uploads\/usu1387\/2026\/02\/rDSC05985-300x300.jpg 300w, https:\/\/serveiseducatius.xtec.cat\/cda-bages\/wp-content\/uploads\/usu1387\/2026\/02\/rDSC05985-150x150.jpg 150w, https:\/\/serveiseducatius.xtec.cat\/cda-bages\/wp-content\/uploads\/usu1387\/2026\/02\/rDSC05985-768x770.jpg 768w\" sizes=\"auto, (max-width: 800px) 100vw, 800px\" \/><\/figure><\/div><div class=\"wp-block-getwid-images-slider__item\"><figure><img loading=\"lazy\" decoding=\"async\" width=\"2048\" height=\"1536\" src=\"https:\/\/serveiseducatius.xtec.cat\/cda-bages\/wp-content\/uploads\/usu1387\/2026\/02\/DSC02637.jpg\" data-id=\"11416\" data-link=\"https:\/\/serveiseducatius.xtec.cat\/cda-bages\/ambits\/aigua\/la-vida-en-una-gota-daigua\/attachment\/dsc02637\/\" data-original-link=\"https:\/\/serveiseducatius.xtec.cat\/cda-bages\/wp-content\/uploads\/usu1387\/2026\/02\/DSC02637.jpg\" class=\"wp-block-getwid-images-slider__image wp-image-11416\" srcset=\"https:\/\/serveiseducatius.xtec.cat\/cda-bages\/wp-content\/uploads\/usu1387\/2026\/02\/DSC02637.jpg 2048w, https:\/\/serveiseducatius.xtec.cat\/cda-bages\/wp-content\/uploads\/usu1387\/2026\/02\/DSC02637-300x225.jpg 300w, https:\/\/serveiseducatius.xtec.cat\/cda-bages\/wp-content\/uploads\/usu1387\/2026\/02\/DSC02637-1024x768.jpg 1024w, https:\/\/serveiseducatius.xtec.cat\/cda-bages\/wp-content\/uploads\/usu1387\/2026\/02\/DSC02637-768x576.jpg 768w, https:\/\/serveiseducatius.xtec.cat\/cda-bages\/wp-content\/uploads\/usu1387\/2026\/02\/DSC02637-1536x1152.jpg 1536w\" sizes=\"auto, (max-width: 2048px) 100vw, 2048px\" \/><\/figure><\/div><div class=\"wp-block-getwid-images-slider__item\"><figure><img loading=\"lazy\" decoding=\"async\" width=\"747\" height=\"734\" src=\"https:\/\/serveiseducatius.xtec.cat\/cda-bages\/wp-content\/uploads\/usu1387\/2026\/02\/IMG_5505.jpg\" data-id=\"11418\" data-link=\"https:\/\/serveiseducatius.xtec.cat\/cda-bages\/ambits\/aigua\/la-vida-en-una-gota-daigua\/attachment\/img_5505\/\" data-original-link=\"https:\/\/serveiseducatius.xtec.cat\/cda-bages\/wp-content\/uploads\/usu1387\/2026\/02\/IMG_5505.jpg\" class=\"wp-block-getwid-images-slider__image wp-image-11418\" srcset=\"https:\/\/serveiseducatius.xtec.cat\/cda-bages\/wp-content\/uploads\/usu1387\/2026\/02\/IMG_5505.jpg 747w, https:\/\/serveiseducatius.xtec.cat\/cda-bages\/wp-content\/uploads\/usu1387\/2026\/02\/IMG_5505-300x295.jpg 300w\" sizes=\"auto, (max-width: 747px) 100vw, 747px\" \/><\/figure><\/div><div class=\"wp-block-getwid-images-slider__item\"><figure><img loading=\"lazy\" decoding=\"async\" width=\"747\" height=\"827\" src=\"https:\/\/serveiseducatius.xtec.cat\/cda-bages\/wp-content\/uploads\/usu1387\/2026\/02\/IMG_5508.jpg\" data-id=\"11419\" data-link=\"https:\/\/serveiseducatius.xtec.cat\/cda-bages\/ambits\/aigua\/la-vida-en-una-gota-daigua\/attachment\/img_5508\/\" data-original-link=\"https:\/\/serveiseducatius.xtec.cat\/cda-bages\/wp-content\/uploads\/usu1387\/2026\/02\/IMG_5508.jpg\" class=\"wp-block-getwid-images-slider__image wp-image-11419\" srcset=\"https:\/\/serveiseducatius.xtec.cat\/cda-bages\/wp-content\/uploads\/usu1387\/2026\/02\/IMG_5508.jpg 747w, https:\/\/serveiseducatius.xtec.cat\/cda-bages\/wp-content\/uploads\/usu1387\/2026\/02\/IMG_5508-271x300.jpg 271w\" sizes=\"auto, (max-width: 747px) 100vw, 747px\" \/><\/figure><\/div><\/div><\/div>\n\n\n\n<div style=\"height:30px\" aria-hidden=\"true\" class=\"wp-block-spacer\"><\/div>\n\n\n\n<div class=\"wp-block-getwid-tabs\" data-active-tab=\"0\"><ul class=\"wp-block-getwid-tabs__nav-links\"><\/ul>\n<div class=\"wp-block-getwid-tabs__nav-link\"><span class=\"wp-block-getwid-tabs__title-wrapper\"><a href=\"#\"><span class=\"wp-block-getwid-tabs__title\">Descripci\u00f3<\/span><\/a><\/span><\/div><div class=\"wp-block-getwid-tabs__tab-content-wrapper\"><div class=\"wp-block-getwid-tabs__tab-content\">\n<p>Aquesta activitat s&#8217;ofereix<strong> nom\u00e9s per estades<\/strong>. Est\u00e0 gestionada pel Parc de la S\u00e9quia i es fa conjuntament amb el Camp d\u2019Aprenentatge del Bages<\/p>\n\n\n\n<p>Aquesta activitat permet una aproximaci\u00f3 a la vida microsc\u00f2pica a l&#8217;aigua dol\u00e7a. L&#8217;aigua utilitzada per a l&#8217;observaci\u00f3 dels microorganismes \u00e9s la d&#8217;un canal provinent del Llac de l&#8217;Agulla que passa pel costat de la casa de Can Font.<\/p>\n\n\n\n<p>L&#8217;activitat t\u00e9 diferents parts:<\/p>\n\n\n\n<ul class=\"wp-block-list\">\n<li>Presentaci\u00f3 power point per introduir la identificaci\u00f3&nbsp;i classificaci\u00f3 dels microorganismes.<\/li>\n\n\n\n<li>Recollida de mostres amb m\u00e0negues de pl\u00e0ncton.<\/li>\n\n\n\n<li>Al laboratori: utilitzem el microscopi i la lupa binocular per observar, identificar i con\u00e8ixer els microorganismes aqu\u00e0tics.<\/li>\n\n\n\n<li>A l\u2019aula: utilitzem al programa inform\u00e0tic Motic per captar imatges d&#8217;organismes d&#8217;aigua dol\u00e7a, identificar-los i recon\u00e8ixer les diferents parts del seu cos.<\/li>\n<\/ul>\n\n\n\n<p>La metodologia i els materials utilitzats s\u00f3n v\u00e0lids per a l&#8217;estudi de la vida a qualsevol bassa, riu o riera. Si hi teniu inter\u00e8s podeu comptar amb la nostra col\u00b7laboraci\u00f3 i el pr\u00e9stec dels materials del camp que utilitzem.<\/p>\n\n\n\n<div class=\"wp-block-columns is-layout-flex wp-container-core-columns-is-layout-1 wp-block-columns-is-layout-flex\">\n<div class=\"wp-block-column is-layout-flow wp-block-column-is-layout-flow\" style=\"flex-basis:50%\">\n<div class=\"wp-block-getwid-table\"><table><tbody><tr><td style=\"color:var(--ast-global-color-0);border-color:var(--ast-global-color-8);border-width:1px\">Nivells<\/td><td style=\"color:var(--ast-global-color-8);border-color:var(--ast-global-color-8);border-width:1px\">CS i ESO<\/td><\/tr><tr><td style=\"border-color:var(--ast-global-color-8);color:var(--ast-global-color-0);border-width:1px\">Durada<\/td><td style=\"border-color:var(--ast-global-color-8);border-width:1px\">1,5 h<\/td><\/tr><tr><td style=\"border-color:var(--ast-global-color-8);color:var(--ast-global-color-0);border-width:1px\">Lloc de trobada<\/td><td style=\"border-color:var(--ast-global-color-8);border-width:1px;color:var(--ast-global-color-8)\">Centre de l&#8217;Aigua de Can Font<\/td><\/tr><\/tbody><\/table><\/div>\n<\/div>\n\n\n\n<div class=\"wp-block-column is-layout-flow wp-block-column-is-layout-flow\" style=\"flex-basis:50%\">\n<p><strong>RECOMANANCIONS: <\/strong><\/p>\n\n\n\n<p>Portar fitxes de treball, llapis i goma<\/p>\n\n\n\n<p>Portar roba adequada a l&#8217;\u00e8poca de l&#8217;any.<\/p>\n\n\n\n<p>Activitat gestionada pel Parc de la S\u00e9quia que es fan conjuntament amb el Camp d\u2019Aprenentatge del Bages.<\/p>\n<\/div>\n<\/div>\n<\/div><\/div>\n\n\n\n<div class=\"wp-block-getwid-tabs__nav-link\"><span class=\"wp-block-getwid-tabs__title-wrapper\"><a href=\"#\"><span class=\"wp-block-getwid-tabs__title\">Materials de treball<\/span><\/a><\/span><\/div><div class=\"wp-block-getwid-tabs__tab-content-wrapper\"><div class=\"wp-block-getwid-tabs__tab-content\">\n<p><strong>Fitxes de treball:<\/strong><\/p>\n\n\n\n<div class=\"wp-block-buttons is-layout-flex wp-block-buttons-is-layout-flex\">\n<div class=\"wp-block-button\"><a class=\"wp-block-button__link has-white-color has-text-color has-background has-link-color wp-element-button\" href=\"https:\/\/drive.google.com\/file\/d\/0BzWPKr0lE8MKM2VEOHBiWHFVUlU\/edit?resourcekey=0-eqqhQEBRKhRxVyTjm7b4lw\" style=\"background-color:#46a60296\" target=\"_blank\" rel=\"noreferrer noopener\">Fitxa treball<\/a><\/div>\n<\/div>\n\n\n\n<div style=\"height:19px\" aria-hidden=\"true\" class=\"wp-block-spacer\"><\/div>\n\n\n\n<p><strong>Treball previ o posterior:<\/strong><\/p>\n\n\n\n<div class=\"wp-block-buttons is-layout-flex wp-block-buttons-is-layout-flex\">\n<div class=\"wp-block-button\"><a class=\"wp-block-button__link has-white-color has-text-color has-background has-link-color wp-element-button\" href=\"https:\/\/drive.google.com\/file\/d\/0BzWPKr0lE8MKa2ZLNE9sZWVzU00\/edit?usp=sharing\" style=\"background-color:#46a60296\" target=\"_blank\" rel=\"noreferrer noopener\">El microscopi<\/a><\/div>\n\n\n\n<div class=\"wp-block-button\"><a class=\"wp-block-button__link has-white-color has-text-color has-background has-link-color wp-element-button\" href=\"https:\/\/drive.google.com\/file\/d\/0BzWPKr0lE8MKNVpPRmlxNDR5WFE\/edit?resourcekey=0-oNnItd-T36fyFC2SaU_Qow\" style=\"background-color:#46a60296\" target=\"_blank\" rel=\"noreferrer noopener\">La lupa binocular<\/a><\/div>\n\n\n\n<div class=\"wp-block-button\"><a class=\"wp-block-button__link has-white-color has-text-color has-background has-link-color wp-element-button\" href=\"https:\/\/drive.google.com\/file\/d\/0BzWPKr0lE8MKU1RjdFFZVmp1ckE\/edit?resourcekey=0-BBkJkpnIHp2F7nC9ePCSBw\" style=\"background-color:#46a60296\" target=\"_blank\" rel=\"noreferrer noopener\">El funcionament d&#8217;aquests instruments<\/a><\/div>\n<\/div>\n\n\n\n<div style=\"height:19px\" aria-hidden=\"true\" class=\"wp-block-spacer\"><\/div>\n<\/div><\/div>\n\n\n\n<div class=\"wp-block-getwid-tabs__nav-link\"><span class=\"wp-block-getwid-tabs__title-wrapper\"><a href=\"#\"><span class=\"wp-block-getwid-tabs__title\">Relaci\u00f3 amb el curr\u00edculum<\/span><\/a><\/span><\/div><div class=\"wp-block-getwid-tabs__tab-content-wrapper\"><div class=\"wp-block-getwid-tabs__tab-content\">\n<p>Pendent<\/p>\n<\/div><\/div>\n<\/div>\n","protected":false},"excerpt":{"rendered":"","protected":false},"author":3,"featured_media":0,"parent":8403,"menu_order":90,"comment_status":"closed","ping_status":"closed","template":"","meta":{"_bbp_topic_count":0,"_bbp_reply_count":0,"_bbp_total_topic_count":0,"_bbp_total_reply_count":0,"_bbp_voice_count":0,"_bbp_anonymous_reply_count":0,"_bbp_topic_count_hidden":0,"_bbp_reply_count_hidden":0,"_bbp_forum_subforum_count":0,"site-sidebar-layout":"default","site-content-layout":"","ast-site-content-layout":"default","site-content-style":"default","site-sidebar-style":"default","ast-global-header-display":"","ast-banner-title-visibility":"","ast-main-header-display":"","ast-hfb-above-header-display":"","ast-hfb-below-header-display":"","ast-hfb-mobile-header-display":"","site-post-title":"","ast-breadcrumbs-content":"","ast-featured-img":"","footer-sml-layout":"","theme-transparent-header-meta":"","adv-header-id-meta":"","stick-header-meta":"","header-above-stick-meta":"","header-main-stick-meta":"","header-below-stick-meta":"","astra-migrate-meta-layouts":"set","ast-page-background-enabled":"default","ast-page-background-meta":{"desktop":{"background-color":"var(--ast-global-color-4)","background-image":"","background-repeat":"repeat","background-position":"center center","background-size":"auto","background-attachment":"scroll","background-type":"","background-media":"","overlay-type":"","overlay-color":"","overlay-opacity":"","overlay-gradient":""},"tablet":{"background-color":"","background-image":"","background-repeat":"repeat","background-position":"center center","background-size":"auto","background-attachment":"scroll","background-type":"","background-media":"","overlay-type":"","overlay-color":"","overlay-opacity":"","overlay-gradient":""},"mobile":{"background-color":"","background-image":"","background-repeat":"repeat","background-position":"center center","background-size":"auto","background-attachment":"scroll","background-type":"","background-media":"","overlay-type":"","overlay-color":"","overlay-opacity":"","overlay-gradient":""}},"ast-content-background-meta":{"desktop":{"background-color":"var(--ast-global-color-5)","background-image":"","background-repeat":"repeat","background-position":"center center","background-size":"auto","background-attachment":"scroll","background-type":"","background-media":"","overlay-type":"","overlay-color":"","overlay-opacity":"","overlay-gradient":""},"tablet":{"background-color":"var(--ast-global-color-5)","background-image":"","background-repeat":"repeat","background-position":"center center","background-size":"auto","background-attachment":"scroll","background-type":"","background-media":"","overlay-type":"","overlay-color":"","overlay-opacity":"","overlay-gradient":""},"mobile":{"background-color":"var(--ast-global-color-5)","background-image":"","background-repeat":"repeat","background-position":"center center","background-size":"auto","background-attachment":"scroll","background-type":"","background-media":"","overlay-type":"","overlay-color":"","overlay-opacity":"","overlay-gradient":""}},"footnotes":""},"class_list":["post-1747","page","type-page","status-publish","hentry"],"post_mailing_queue_ids":[],"_links":{"self":[{"href":"https:\/\/serveiseducatius.xtec.cat\/cda-bages\/wp-json\/wp\/v2\/pages\/1747","targetHints":{"allow":["GET"]}}],"collection":[{"href":"https:\/\/serveiseducatius.xtec.cat\/cda-bages\/wp-json\/wp\/v2\/pages"}],"about":[{"href":"https:\/\/serveiseducatius.xtec.cat\/cda-bages\/wp-json\/wp\/v2\/types\/page"}],"author":[{"embeddable":true,"href":"https:\/\/serveiseducatius.xtec.cat\/cda-bages\/wp-json\/wp\/v2\/users\/3"}],"replies":[{"embeddable":true,"href":"https:\/\/serveiseducatius.xtec.cat\/cda-bages\/wp-json\/wp\/v2\/comments?post=1747"}],"version-history":[{"count":6,"href":"https:\/\/serveiseducatius.xtec.cat\/cda-bages\/wp-json\/wp\/v2\/pages\/1747\/revisions"}],"predecessor-version":[{"id":11456,"href":"https:\/\/serveiseducatius.xtec.cat\/cda-bages\/wp-json\/wp\/v2\/pages\/1747\/revisions\/11456"}],"up":[{"embeddable":true,"href":"https:\/\/serveiseducatius.xtec.cat\/cda-bages\/wp-json\/wp\/v2\/pages\/8403"}],"wp:attachment":[{"href":"https:\/\/serveiseducatius.xtec.cat\/cda-bages\/wp-json\/wp\/v2\/media?parent=1747"}],"curies":[{"name":"wp","href":"https:\/\/api.w.org\/{rel}","templated":true}]}}