{"id":157,"date":"2013-11-15T13:22:03","date_gmt":"2013-11-15T12:22:03","guid":{"rendered":"http:\/\/blocs.xtec.cat\/plantillacda\/?page_id=157"},"modified":"2026-02-18T08:18:36","modified_gmt":"2026-02-18T07:18:36","slug":"estades","status":"publish","type":"page","link":"https:\/\/serveiseducatius.xtec.cat\/cda-bages\/modalitats\/estades\/","title":{"rendered":"Estades"},"content":{"rendered":"\n<div class=\"wp-block-getwid-tabs\" data-active-tab=\"0\"><ul class=\"wp-block-getwid-tabs__nav-links\"><\/ul>\n<div class=\"wp-block-getwid-tabs__nav-link\"><span class=\"wp-block-getwid-tabs__title-wrapper\"><a href=\"#\"><span class=\"wp-block-getwid-tabs__title\">Descripci\u00f3<\/span><\/a><\/span><\/div><div class=\"wp-block-getwid-tabs__tab-content-wrapper\"><div class=\"wp-block-getwid-tabs__tab-content\">\n<p>Les estades s&#8217;adrecen a qualsevol centre educatiu de Catalunya, priorit\u00e0riament. Tamb\u00e9 en poden realitzar centres de fora de la comunitat.<\/p>\n\n\n\n<p>Les estades al nostre CdA poden tenir una durada de 2, 3, 4 o 5 dies.<\/p>\n\n\n\n<p>L&#8217;allotjament \u00e9s a l&#8217;Alberg del Carme, al centre de Manresa. Trobareu informaci\u00f3 a l&#8217;apartat <a href=\"https:\/\/xanascat.gencat.cat\/ca\/albergs\/albergs\/manresa-xanascat\">Allotjament<\/a>.<\/p>\n<\/div><\/div>\n\n\n\n<div class=\"wp-block-getwid-tabs__nav-link\"><span class=\"wp-block-getwid-tabs__title-wrapper\"><a href=\"#\"><span class=\"wp-block-getwid-tabs__title\">Totes les activitats<\/span><\/a><\/span><\/div><div class=\"wp-block-getwid-tabs__tab-content-wrapper\"><div class=\"wp-block-getwid-tabs__tab-content\">\n<p><iframe loading=\"lazy\" src=\"https:\/\/docs.google.com\/spreadsheet\/pub?key=0AlWhk6C-0QRadERwZXpZTncwZlBjeHBVZmViWHpxakE&amp;widget=true\" width=\"800\" height=\"1050\" frameborder=\"0\"><span data-mce-type=\"bookmark\" style=\"display: inline-block; width: 0px; overflow: hidden; line-height: 0;\" class=\"mce_SELRES_start\">\ufeff<\/span><span data-mce-type=\"bookmark\" style=\"display: inline-block; width: 0px; overflow: hidden; line-height: 0;\" class=\"mce_SELRES_start\">\ufeff<\/span><span data-mce-type=\"bookmark\" style=\"display: inline-block; width: 0px; overflow: hidden; line-height: 0;\" class=\"mce_SELRES_start\">\ufeff<\/span><span data-mce-type=\"bookmark\" style=\"display: inline-block; width: 0px; overflow: hidden; line-height: 0;\" class=\"mce_SELRES_start\">\ufeff<\/span><span data-mce-type=\"bookmark\" style=\"display: inline-block; width: 0px; overflow: hidden; line-height: 0;\" class=\"mce_SELRES_start\">\ufeff<\/span><\/iframe><\/p>\n\n\n\n<p>Podeu&nbsp;consultar la nostra oferta d&#8217;activitats a la secci\u00f3 \u00c0mbits &gt; <a href=\"https:\/\/serveiseducatius.xtec.cat\/cda-bages\/ambits\/totes-les-activitats\/\">Totes les activitats<\/a>. Recomanem triar activitats seguint un eix tem\u00e0tic, per\u00f2 podem adaptar el disseny del programa de l&#8217;estada a les vostres prefer\u00e8ncies.<\/p>\n\n\n\n<figure class=\"wp-block-table has-small-font-size\"><table style=\"border-width:2px\"><tbody><tr><td>R<\/td><td>Oferta recomanada<\/td><\/tr><tr><td>A<\/td><td>Oferta adaptable<\/td><\/tr><tr><td>E<\/td><td>Oferta nom\u00e9s per estades<\/td><\/tr><\/tbody><\/table><\/figure>\n\n\n\n<p>Des del Camp d&#8217;aprenentatge, realitzem estades adequades pels alumnes des de cicle mitj\u00e0 fins batxillerat.&nbsp; A continuaci\u00f3 us mostrem alguns <a href=\"https:\/\/serveiseducatius.xtec.cat\/cda-bages\/modalitats\/estades\/models-destada\/\">models d&#8217;estada<\/a>.<\/p>\n<\/div><\/div>\n\n\n\n<div class=\"wp-block-getwid-tabs__nav-link\"><span class=\"wp-block-getwid-tabs__title-wrapper\"><a href=\"#\"><span class=\"wp-block-getwid-tabs__title\">Inscripci\u00f3<\/span><\/a><\/span><\/div><div class=\"wp-block-getwid-tabs__tab-content-wrapper\"><div class=\"wp-block-getwid-tabs__tab-content\">\n<p>El per\u00edode d&#8217;inscripci\u00f3 pel <strong>curs 2025-26<\/strong> ser\u00e0 del <strong>2 al 31 de maig<\/strong>.<\/p>\n\n\n\n<p><a href=\"https:\/\/xtec.gencat.cat\/ca\/serveis\/sesc\/cda\/inscripcio\/\" target=\"_blank\" rel=\"noopener noreferrer\"><strong>Inscripci\u00f3 i quotes<\/strong><\/a><\/p>\n\n\n\n<p>Si esteu <strong>fora de termini<\/strong> us podeu inscriure en aquest<strong> <a href=\"https:\/\/docs.google.com\/forms\/d\/e\/1FAIpQLSfVT0Z5nG47KYNUFeRtsZfEOL3GzFy6xz9qypRADXOVAzWAIA\/viewform\" target=\"_blank\" rel=\"noreferrer noopener\">formulari<\/a><\/strong>.<\/p>\n\n\n\n<p><a href=\"https:\/\/serveiseducatius.xtec.cat\/cda-bages\/amb-els-centres\/inscripcio\/\" target=\"_blank\" rel=\"noreferrer noopener\">M\u00e9s informaci\u00f3<\/a><\/p>\n<\/div><\/div>\n\n\n\n<div class=\"wp-block-getwid-tabs__nav-link\"><span class=\"wp-block-getwid-tabs__title-wrapper\"><a href=\"#\"><span class=\"wp-block-getwid-tabs__title\">Preparaci\u00f3 de la sortida<\/span><\/a><\/span><\/div><div class=\"wp-block-getwid-tabs__tab-content-wrapper\"><div class=\"wp-block-getwid-tabs__tab-content\">\n<p>Uns quinze dies abans de fer l\u2019activitat,<strong> rebreu un correu<\/strong> del Camp d\u2019Aprenentatge on se us recordar\u00e0 la data, el preu, s\u2019especifica com fer el pagament i la documentaci\u00f3 que ens haureu de fer arribar. <\/p>\n\n\n\n<p>S<strong>\u2019adjuntar\u00e0 un document<\/strong>  amb propostes de treball previ i\/o posterior i l\u2019enlla\u00e7 per a baixar-vos les fitxes de treball dels alumnes pel dia de l\u2019activitat, si \u00e9s el cas (Si us conv\u00e9 tenir-les abans, trobareu l\u2019enlla\u00e7 a la p\u00e0gina de descripci\u00f3 de l\u2019activitat a la web).<\/p>\n<\/div><\/div>\n<\/div>\n","protected":false},"excerpt":{"rendered":"","protected":false},"author":1,"featured_media":0,"parent":8260,"menu_order":50,"comment_status":"closed","ping_status":"closed","template":"","meta":{"_bbp_topic_count":0,"_bbp_reply_count":0,"_bbp_total_topic_count":0,"_bbp_total_reply_count":0,"_bbp_voice_count":0,"_bbp_anonymous_reply_count":0,"_bbp_topic_count_hidden":0,"_bbp_reply_count_hidden":0,"_bbp_forum_subforum_count":0,"site-sidebar-layout":"default","site-content-layout":"","ast-site-content-layout":"default","site-content-style":"default","site-sidebar-style":"default","ast-global-header-display":"","ast-banner-title-visibility":"","ast-main-header-display":"","ast-hfb-above-header-display":"","ast-hfb-below-header-display":"","ast-hfb-mobile-header-display":"","site-post-title":"","ast-breadcrumbs-content":"","ast-featured-img":"","footer-sml-layout":"","theme-transparent-header-meta":"","adv-header-id-meta":"","stick-header-meta":"","header-above-stick-meta":"","header-main-stick-meta":"","header-below-stick-meta":"","astra-migrate-meta-layouts":"set","ast-page-background-enabled":"default","ast-page-background-meta":{"desktop":{"background-color":"var(--ast-global-color-4)","background-image":"","background-repeat":"repeat","background-position":"center center","background-size":"auto","background-attachment":"scroll","background-type":"","background-media":"","overlay-type":"","overlay-color":"","overlay-opacity":"","overlay-gradient":""},"tablet":{"background-color":"","background-image":"","background-repeat":"repeat","background-position":"center center","background-size":"auto","background-attachment":"scroll","background-type":"","background-media":"","overlay-type":"","overlay-color":"","overlay-opacity":"","overlay-gradient":""},"mobile":{"background-color":"","background-image":"","background-repeat":"repeat","background-position":"center center","background-size":"auto","background-attachment":"scroll","background-type":"","background-media":"","overlay-type":"","overlay-color":"","overlay-opacity":"","overlay-gradient":""}},"ast-content-background-meta":{"desktop":{"background-color":"var(--ast-global-color-5)","background-image":"","background-repeat":"repeat","background-position":"center center","background-size":"auto","background-attachment":"scroll","background-type":"","background-media":"","overlay-type":"","overlay-color":"","overlay-opacity":"","overlay-gradient":""},"tablet":{"background-color":"var(--ast-global-color-5)","background-image":"","background-repeat":"repeat","background-position":"center center","background-size":"auto","background-attachment":"scroll","background-type":"","background-media":"","overlay-type":"","overlay-color":"","overlay-opacity":"","overlay-gradient":""},"mobile":{"background-color":"var(--ast-global-color-5)","background-image":"","background-repeat":"repeat","background-position":"center center","background-size":"auto","background-attachment":"scroll","background-type":"","background-media":"","overlay-type":"","overlay-color":"","overlay-opacity":"","overlay-gradient":""}},"footnotes":""},"class_list":["post-157","page","type-page","status-publish","hentry"],"post_mailing_queue_ids":[],"_links":{"self":[{"href":"https:\/\/serveiseducatius.xtec.cat\/cda-bages\/wp-json\/wp\/v2\/pages\/157","targetHints":{"allow":["GET"]}}],"collection":[{"href":"https:\/\/serveiseducatius.xtec.cat\/cda-bages\/wp-json\/wp\/v2\/pages"}],"about":[{"href":"https:\/\/serveiseducatius.xtec.cat\/cda-bages\/wp-json\/wp\/v2\/types\/page"}],"author":[{"embeddable":true,"href":"https:\/\/serveiseducatius.xtec.cat\/cda-bages\/wp-json\/wp\/v2\/users\/1"}],"replies":[{"embeddable":true,"href":"https:\/\/serveiseducatius.xtec.cat\/cda-bages\/wp-json\/wp\/v2\/comments?post=157"}],"version-history":[{"count":5,"href":"https:\/\/serveiseducatius.xtec.cat\/cda-bages\/wp-json\/wp\/v2\/pages\/157\/revisions"}],"predecessor-version":[{"id":11629,"href":"https:\/\/serveiseducatius.xtec.cat\/cda-bages\/wp-json\/wp\/v2\/pages\/157\/revisions\/11629"}],"up":[{"embeddable":true,"href":"https:\/\/serveiseducatius.xtec.cat\/cda-bages\/wp-json\/wp\/v2\/pages\/8260"}],"wp:attachment":[{"href":"https:\/\/serveiseducatius.xtec.cat\/cda-bages\/wp-json\/wp\/v2\/media?parent=157"}],"curies":[{"name":"wp","href":"https:\/\/api.w.org\/{rel}","templated":true}]}}