{"id":1532,"date":"2014-07-24T13:06:11","date_gmt":"2014-07-24T12:06:11","guid":{"rendered":"http:\/\/blocs.xtec.cat\/cdabages\/?page_id=1532"},"modified":"2026-02-09T14:53:56","modified_gmt":"2026-02-09T13:53:56","slug":"taller-les-plantes-rapides","status":"publish","type":"page","link":"https:\/\/serveiseducatius.xtec.cat\/cda-bages\/taller-les-plantes-rapides\/","title":{"rendered":"Taller Les plantes r\u00e0pides (en pr\u00e9stec)"},"content":{"rendered":"<div id=\"20571\" style=\"width: 100%; height: 600px; display: none;\"><img decoding=\"async\" src=\"https:\/\/lh3.googleusercontent.com\/yClCLOQIyKZmHq8ZAtR676ft3bf8c_m0eaAm6MVpA0gwOYOBrEVoqPhmuMDpi1600bxj1O10Y1WrtSR6=w800-h600-no\" \/><br \/>\n<img decoding=\"async\" src=\"https:\/\/lh3.googleusercontent.com\/ET7hCv_wF9IJ_4as3ATcE6DCjBWKgDOtff42ZUfUwNYawteJE4NQpx0CR5OeLuYQjVaxxsBVai2HpRcy=w800-h600-no\" \/><br \/>\n<img decoding=\"async\" src=\"https:\/\/lh3.googleusercontent.com\/oeXBdI3o8FKoW8UZlPSjaQdYTgKA4BsH9u3yYFghlb7kasIAh85be0eohtsKzSYwSKAsCjwncWQxPEZU=w800-h600-no\" \/><br \/>\n<img decoding=\"async\" src=\"https:\/\/lh3.googleusercontent.com\/hdlHWPW56DvXlg18YKqCrAv2Lmy-JfRI1gti_NyDQRcu8yuLhXSBXTf5ReaYhIemM9C4W_yrhpuZeeVq=w800-h600-no\" \/><br \/>\n<img decoding=\"async\" src=\"https:\/\/lh3.googleusercontent.com\/Ttl82qD0W1P-Oh78PpzMuOofIw47LjjIJpbsx_qyImP5t2b-0raw-0Vyr7anPAsH89gzkNMuekrjdgai=w800-h600-no\" \/><\/div>\n<p><script type=\"text\/javascript\" src=\"https:\/\/cdn.jsdelivr.net\/jquery\/1.12.3\/jquery.min.js\"><\/script><br \/>\n<script>\n (MyGalleries=(typeof MyGalleries === 'undefined' ? [] : MyGalleries)).push({gallId:'#20571',autoplay:true,lightbox:true,debug:false,popupLinks:true});\n if(typeof GalleryLoaded === 'undefined'){\n  GalleryLoaded = jQuery(function(){\n   jQuery.ajax({url:'https:\/\/cdn.jsdelivr.net\/galleria\/1.4.2\/galleria.min.js',dataType:'script',cache:true}).done(function(){\n    Galleria.loadTheme('https:\/\/cdn.jsdelivr.net\/galleria\/1.4.2\/themes\/classic\/galleria.classic.js');\n    for(var n in MyGalleries){\n     Galleria.run(MyGalleries[n].gallId, MyGalleries[n]);\n     jQuery(MyGalleries[n].gallId).css('display','block');\n    }\n   });\n  });\n }\n<\/script><\/p>\n<p>Es tracta d&#8217;un kit que permet veure el cicle complet d&#8217;unes plantes a la mateixa aula. Est\u00e0 format per un banc de llums que haur\u00e0 d&#8217;estar enc\u00e8s dia i nit, i unes safates amb petits testos on creixeran les plantes (brassica campestris), parentes de les cols i les ravenisses, per\u00f2 de creixement molt r\u00e0pid: amb la temperatura &#8220;normal&#8221; de l&#8217;aula necessiten aproximadament un mes per completar el cicle des de la sembra fins a la collita. Durant el seu creixement s&#8217;haur\u00e0 de fer un manteniment: regar-les, pol\u00b7linitzar les flors&#8230;<\/p>\n<p>Aquest material forma part del nostre servei de pr\u00e9stec.\u00a0 Quan el vingueu a buscar us podem assessorar sobre el muntatge del kit, la preparaci\u00f3 de la terra, el regatge o la sembra de les llavors.\u00a0 Per qualsevol dubte o q\u00fcesti\u00f3, podem estar en contacte amb vosaltres i el vostre alumnat per correu electr\u00f2nic.<\/p>\n<p>Tal com es planteja aquesta activitat \u00e9s adequada per a prim\u00e0ria, per\u00f2 el kit permet fer investigaci\u00f3 sobre diversos factors de creixement de les plantes, sent adequat per a nivells d&#8217;ESO i per a treballs de recerca de batxillerat.<\/p>\n<p><strong>FITXES DE TREBALL:<\/strong><\/p>\n<ul>\n<li><a href=\"https:\/\/drive.google.com\/file\/d\/1zRqsMyL6PkX1EfzHu_9aMNWqrNdtaEQb\/view?usp=sharing\" target=\"_blank\" rel=\"noopener noreferrer\">Cicle de la planta<\/a><\/li>\n<li><a href=\"https:\/\/drive.google.com\/file\/d\/1qTAaB-FJHxwa0gXEF8EQ0OpKqwX4egrK\/view?usp=sharing\" target=\"_blank\" rel=\"noopener noreferrer\">Sembra<\/a><\/li>\n<li><a href=\"https:\/\/drive.google.com\/file\/d\/1xTMkI7vYzld1JIQJlYAcAYJoO3-deyzT\/view?usp=sharing\" target=\"_blank\" rel=\"noopener noreferrer\">Conreu<\/a><\/li>\n<\/ul>\n","protected":false},"excerpt":{"rendered":"<p>Es tracta d&#8217;un kit que permet veure el cicle complet d&#8217;unes plantes a la mateixa aula. Est\u00e0 format per un banc de llums que haur\u00e0 d&#8217;estar enc\u00e8s dia i nit, i unes safates amb petits testos on creixeran les plantes (brassica campestris), parentes de les cols i les ravenisses, per\u00f2 de creixement molt r\u00e0pid: amb [&hellip;]<\/p>\n","protected":false},"author":3,"featured_media":0,"parent":0,"menu_order":210,"comment_status":"closed","ping_status":"closed","template":"","meta":{"_bbp_topic_count":0,"_bbp_reply_count":0,"_bbp_total_topic_count":0,"_bbp_total_reply_count":0,"_bbp_voice_count":0,"_bbp_anonymous_reply_count":0,"_bbp_topic_count_hidden":0,"_bbp_reply_count_hidden":0,"_bbp_forum_subforum_count":0,"site-sidebar-layout":"default","site-content-layout":"","ast-site-content-layout":"","site-content-style":"default","site-sidebar-style":"default","ast-global-header-display":"","ast-banner-title-visibility":"","ast-main-header-display":"","ast-hfb-above-header-display":"","ast-hfb-below-header-display":"","ast-hfb-mobile-header-display":"","site-post-title":"","ast-breadcrumbs-content":"","ast-featured-img":"","footer-sml-layout":"","theme-transparent-header-meta":"","adv-header-id-meta":"","stick-header-meta":"","header-above-stick-meta":"","header-main-stick-meta":"","header-below-stick-meta":"","astra-migrate-meta-layouts":"default","ast-page-background-enabled":"default","ast-page-background-meta":{"desktop":{"background-color":"var(--ast-global-color-4)","background-image":"","background-repeat":"repeat","background-position":"center center","background-size":"auto","background-attachment":"scroll","background-type":"","background-media":"","overlay-type":"","overlay-color":"","overlay-opacity":"","overlay-gradient":""},"tablet":{"background-color":"","background-image":"","background-repeat":"repeat","background-position":"center center","background-size":"auto","background-attachment":"scroll","background-type":"","background-media":"","overlay-type":"","overlay-color":"","overlay-opacity":"","overlay-gradient":""},"mobile":{"background-color":"","background-image":"","background-repeat":"repeat","background-position":"center center","background-size":"auto","background-attachment":"scroll","background-type":"","background-media":"","overlay-type":"","overlay-color":"","overlay-opacity":"","overlay-gradient":""}},"ast-content-background-meta":{"desktop":{"background-color":"var(--ast-global-color-5)","background-image":"","background-repeat":"repeat","background-position":"center center","background-size":"auto","background-attachment":"scroll","background-type":"","background-media":"","overlay-type":"","overlay-color":"","overlay-opacity":"","overlay-gradient":""},"tablet":{"background-color":"var(--ast-global-color-5)","background-image":"","background-repeat":"repeat","background-position":"center center","background-size":"auto","background-attachment":"scroll","background-type":"","background-media":"","overlay-type":"","overlay-color":"","overlay-opacity":"","overlay-gradient":""},"mobile":{"background-color":"var(--ast-global-color-5)","background-image":"","background-repeat":"repeat","background-position":"center center","background-size":"auto","background-attachment":"scroll","background-type":"","background-media":"","overlay-type":"","overlay-color":"","overlay-opacity":"","overlay-gradient":""}},"footnotes":""},"class_list":["post-1532","page","type-page","status-publish","hentry"],"post_mailing_queue_ids":[],"_links":{"self":[{"href":"https:\/\/serveiseducatius.xtec.cat\/cda-bages\/wp-json\/wp\/v2\/pages\/1532","targetHints":{"allow":["GET"]}}],"collection":[{"href":"https:\/\/serveiseducatius.xtec.cat\/cda-bages\/wp-json\/wp\/v2\/pages"}],"about":[{"href":"https:\/\/serveiseducatius.xtec.cat\/cda-bages\/wp-json\/wp\/v2\/types\/page"}],"author":[{"embeddable":true,"href":"https:\/\/serveiseducatius.xtec.cat\/cda-bages\/wp-json\/wp\/v2\/users\/3"}],"replies":[{"embeddable":true,"href":"https:\/\/serveiseducatius.xtec.cat\/cda-bages\/wp-json\/wp\/v2\/comments?post=1532"}],"version-history":[{"count":3,"href":"https:\/\/serveiseducatius.xtec.cat\/cda-bages\/wp-json\/wp\/v2\/pages\/1532\/revisions"}],"predecessor-version":[{"id":9479,"href":"https:\/\/serveiseducatius.xtec.cat\/cda-bages\/wp-json\/wp\/v2\/pages\/1532\/revisions\/9479"}],"wp:attachment":[{"href":"https:\/\/serveiseducatius.xtec.cat\/cda-bages\/wp-json\/wp\/v2\/media?parent=1532"}],"curies":[{"name":"wp","href":"https:\/\/api.w.org\/{rel}","templated":true}]}}