{"id":1517,"date":"2014-07-24T12:55:27","date_gmt":"2014-07-24T11:55:27","guid":{"rendered":"http:\/\/blocs.xtec.cat\/cdabages\/?page_id=1517"},"modified":"2026-02-06T09:42:49","modified_gmt":"2026-02-06T08:42:49","slug":"la-vinya-i-el-vi","status":"publish","type":"page","link":"https:\/\/serveiseducatius.xtec.cat\/cda-bages\/ambits\/la-culla\/la-vinya-i-el-vi\/","title":{"rendered":"La vinya i el vi"},"content":{"rendered":"\n<div class=\"wp-block-getwid-images-slider has-arrows-inside has-dots-inside is-carousel has-slides-gap-small has-images-center has-cropped-images\"><div class=\"wp-block-getwid-images-slider__wrapper\" data-effect=\"slide\" data-slides-show=\"2\" data-slides-show-laptop=\"1\" data-slides-show-tablet=\"1\" data-slides-show-mobile=\"1\" data-slides-scroll=\"1\" data-autoplay=\"false\" data-pause-hover=\"false\" data-autoplay-speed=\"6000\" data-infinite=\"true\" data-animation-speed=\"800\" data-center-mode=\"false\" data-variable-width=\"false\" data-arrows=\"inside\" data-dots=\"inside\" data-spacing=\"small\"><div class=\"wp-block-getwid-images-slider__item\"><figure><img loading=\"lazy\" decoding=\"async\" width=\"800\" height=\"549\" src=\"https:\/\/serveiseducatius.xtec.cat\/cda-bages\/wp-content\/uploads\/usu1387\/2026\/02\/cullaanitga-2.jpg\" data-id=\"11476\" data-link=\"https:\/\/serveiseducatius.xtec.cat\/cda-bages\/ambits\/la-culla\/la-vinya-i-el-vi\/attachment\/cullaanitga-3\/\" data-original-link=\"https:\/\/serveiseducatius.xtec.cat\/cda-bages\/wp-content\/uploads\/usu1387\/2026\/02\/cullaanitga-2.jpg\" class=\"wp-block-getwid-images-slider__image wp-image-11476\" srcset=\"https:\/\/serveiseducatius.xtec.cat\/cda-bages\/wp-content\/uploads\/usu1387\/2026\/02\/cullaanitga-2.jpg 800w, https:\/\/serveiseducatius.xtec.cat\/cda-bages\/wp-content\/uploads\/usu1387\/2026\/02\/cullaanitga-2-300x206.jpg 300w, https:\/\/serveiseducatius.xtec.cat\/cda-bages\/wp-content\/uploads\/usu1387\/2026\/02\/cullaanitga-2-768x527.jpg 768w\" sizes=\"auto, (max-width: 800px) 100vw, 800px\" \/><\/figure><\/div><div class=\"wp-block-getwid-images-slider__item\"><figure><img loading=\"lazy\" decoding=\"async\" width=\"1024\" height=\"768\" src=\"https:\/\/serveiseducatius.xtec.cat\/cda-bages\/wp-content\/uploads\/usu1387\/2026\/02\/IMG-20250929-WA0027-1.jpg\" data-id=\"11484\" data-link=\"https:\/\/serveiseducatius.xtec.cat\/cda-bages\/ambits\/la-culla\/la-vinya-i-el-vi\/attachment\/img-20250929-wa0027-2\/\" data-original-link=\"https:\/\/serveiseducatius.xtec.cat\/cda-bages\/wp-content\/uploads\/usu1387\/2026\/02\/IMG-20250929-WA0027-1.jpg\" class=\"wp-block-getwid-images-slider__image wp-image-11484\" srcset=\"https:\/\/serveiseducatius.xtec.cat\/cda-bages\/wp-content\/uploads\/usu1387\/2026\/02\/IMG-20250929-WA0027-1.jpg 1024w, https:\/\/serveiseducatius.xtec.cat\/cda-bages\/wp-content\/uploads\/usu1387\/2026\/02\/IMG-20250929-WA0027-1-300x225.jpg 300w, https:\/\/serveiseducatius.xtec.cat\/cda-bages\/wp-content\/uploads\/usu1387\/2026\/02\/IMG-20250929-WA0027-1-768x576.jpg 768w\" sizes=\"auto, (max-width: 1024px) 100vw, 1024px\" \/><\/figure><\/div><div class=\"wp-block-getwid-images-slider__item\"><figure><img loading=\"lazy\" decoding=\"async\" width=\"2560\" height=\"1920\" src=\"https:\/\/serveiseducatius.xtec.cat\/cda-bages\/wp-content\/uploads\/usu1387\/2026\/02\/IMG-20250929-WA0031-2-scaled.jpg\" data-id=\"11482\" data-link=\"https:\/\/serveiseducatius.xtec.cat\/cda-bages\/ambits\/la-culla\/la-vinya-i-el-vi\/attachment\/img-20250929-wa0031-4\/\" data-original-link=\"https:\/\/serveiseducatius.xtec.cat\/cda-bages\/wp-content\/uploads\/usu1387\/2026\/02\/IMG-20250929-WA0031-2-scaled.jpg\" class=\"wp-block-getwid-images-slider__image wp-image-11482\" srcset=\"https:\/\/serveiseducatius.xtec.cat\/cda-bages\/wp-content\/uploads\/usu1387\/2026\/02\/IMG-20250929-WA0031-2-scaled.jpg 2560w, https:\/\/serveiseducatius.xtec.cat\/cda-bages\/wp-content\/uploads\/usu1387\/2026\/02\/IMG-20250929-WA0031-2-300x225.jpg 300w, https:\/\/serveiseducatius.xtec.cat\/cda-bages\/wp-content\/uploads\/usu1387\/2026\/02\/IMG-20250929-WA0031-2-1024x768.jpg 1024w, https:\/\/serveiseducatius.xtec.cat\/cda-bages\/wp-content\/uploads\/usu1387\/2026\/02\/IMG-20250929-WA0031-2-768x576.jpg 768w, https:\/\/serveiseducatius.xtec.cat\/cda-bages\/wp-content\/uploads\/usu1387\/2026\/02\/IMG-20250929-WA0031-2-1536x1152.jpg 1536w, https:\/\/serveiseducatius.xtec.cat\/cda-bages\/wp-content\/uploads\/usu1387\/2026\/02\/IMG-20250929-WA0031-2-2048x1536.jpg 2048w\" sizes=\"auto, (max-width: 2560px) 100vw, 2560px\" \/><\/figure><\/div><div class=\"wp-block-getwid-images-slider__item\"><figure><img loading=\"lazy\" decoding=\"async\" width=\"2560\" height=\"1920\" src=\"https:\/\/serveiseducatius.xtec.cat\/cda-bages\/wp-content\/uploads\/usu1387\/2026\/02\/IMG-20250929-WA0030-2-scaled.jpg\" data-id=\"11481\" data-link=\"https:\/\/serveiseducatius.xtec.cat\/cda-bages\/ambits\/la-culla\/la-vinya-i-el-vi\/attachment\/img-20250929-wa0030-4\/\" data-original-link=\"https:\/\/serveiseducatius.xtec.cat\/cda-bages\/wp-content\/uploads\/usu1387\/2026\/02\/IMG-20250929-WA0030-2-scaled.jpg\" class=\"wp-block-getwid-images-slider__image wp-image-11481\" srcset=\"https:\/\/serveiseducatius.xtec.cat\/cda-bages\/wp-content\/uploads\/usu1387\/2026\/02\/IMG-20250929-WA0030-2-scaled.jpg 2560w, https:\/\/serveiseducatius.xtec.cat\/cda-bages\/wp-content\/uploads\/usu1387\/2026\/02\/IMG-20250929-WA0030-2-300x225.jpg 300w, https:\/\/serveiseducatius.xtec.cat\/cda-bages\/wp-content\/uploads\/usu1387\/2026\/02\/IMG-20250929-WA0030-2-1024x768.jpg 1024w, https:\/\/serveiseducatius.xtec.cat\/cda-bages\/wp-content\/uploads\/usu1387\/2026\/02\/IMG-20250929-WA0030-2-768x576.jpg 768w, https:\/\/serveiseducatius.xtec.cat\/cda-bages\/wp-content\/uploads\/usu1387\/2026\/02\/IMG-20250929-WA0030-2-1536x1152.jpg 1536w, https:\/\/serveiseducatius.xtec.cat\/cda-bages\/wp-content\/uploads\/usu1387\/2026\/02\/IMG-20250929-WA0030-2-2048x1536.jpg 2048w\" sizes=\"auto, (max-width: 2560px) 100vw, 2560px\" \/><\/figure><\/div><div class=\"wp-block-getwid-images-slider__item\"><figure><img loading=\"lazy\" decoding=\"async\" width=\"1024\" height=\"768\" src=\"https:\/\/serveiseducatius.xtec.cat\/cda-bages\/wp-content\/uploads\/usu1387\/2026\/02\/IMG-20250929-WA0011-1-1.jpg\" data-id=\"11485\" data-link=\"https:\/\/serveiseducatius.xtec.cat\/cda-bages\/ambits\/la-culla\/la-vinya-i-el-vi\/attachment\/img-20250929-wa0011-1-2\/\" data-original-link=\"https:\/\/serveiseducatius.xtec.cat\/cda-bages\/wp-content\/uploads\/usu1387\/2026\/02\/IMG-20250929-WA0011-1-1.jpg\" class=\"wp-block-getwid-images-slider__image wp-image-11485\" srcset=\"https:\/\/serveiseducatius.xtec.cat\/cda-bages\/wp-content\/uploads\/usu1387\/2026\/02\/IMG-20250929-WA0011-1-1.jpg 1024w, https:\/\/serveiseducatius.xtec.cat\/cda-bages\/wp-content\/uploads\/usu1387\/2026\/02\/IMG-20250929-WA0011-1-1-300x225.jpg 300w, https:\/\/serveiseducatius.xtec.cat\/cda-bages\/wp-content\/uploads\/usu1387\/2026\/02\/IMG-20250929-WA0011-1-1-768x576.jpg 768w\" sizes=\"auto, (max-width: 1024px) 100vw, 1024px\" \/><\/figure><\/div><div class=\"wp-block-getwid-images-slider__item\"><figure><img loading=\"lazy\" decoding=\"async\" width=\"2560\" height=\"2536\" src=\"https:\/\/serveiseducatius.xtec.cat\/cda-bages\/wp-content\/uploads\/usu1387\/2026\/02\/IMG-20250929-WA0008-3-scaled.jpg\" data-id=\"11480\" data-link=\"https:\/\/serveiseducatius.xtec.cat\/cda-bages\/ambits\/la-culla\/la-vinya-i-el-vi\/attachment\/img-20250929-wa0008-5\/\" data-original-link=\"https:\/\/serveiseducatius.xtec.cat\/cda-bages\/wp-content\/uploads\/usu1387\/2026\/02\/IMG-20250929-WA0008-3-scaled.jpg\" class=\"wp-block-getwid-images-slider__image wp-image-11480\" srcset=\"https:\/\/serveiseducatius.xtec.cat\/cda-bages\/wp-content\/uploads\/usu1387\/2026\/02\/IMG-20250929-WA0008-3-scaled.jpg 2560w, https:\/\/serveiseducatius.xtec.cat\/cda-bages\/wp-content\/uploads\/usu1387\/2026\/02\/IMG-20250929-WA0008-3-300x297.jpg 300w, https:\/\/serveiseducatius.xtec.cat\/cda-bages\/wp-content\/uploads\/usu1387\/2026\/02\/IMG-20250929-WA0008-3-1024x1014.jpg 1024w, https:\/\/serveiseducatius.xtec.cat\/cda-bages\/wp-content\/uploads\/usu1387\/2026\/02\/IMG-20250929-WA0008-3-150x150.jpg 150w, https:\/\/serveiseducatius.xtec.cat\/cda-bages\/wp-content\/uploads\/usu1387\/2026\/02\/IMG-20250929-WA0008-3-768x761.jpg 768w, https:\/\/serveiseducatius.xtec.cat\/cda-bages\/wp-content\/uploads\/usu1387\/2026\/02\/IMG-20250929-WA0008-3-1536x1521.jpg 1536w, https:\/\/serveiseducatius.xtec.cat\/cda-bages\/wp-content\/uploads\/usu1387\/2026\/02\/IMG-20250929-WA0008-3-2048x2029.jpg 2048w\" sizes=\"auto, (max-width: 2560px) 100vw, 2560px\" \/><\/figure><\/div><div class=\"wp-block-getwid-images-slider__item\"><figure><img loading=\"lazy\" decoding=\"async\" width=\"2560\" height=\"1920\" src=\"https:\/\/serveiseducatius.xtec.cat\/cda-bages\/wp-content\/uploads\/usu1387\/2026\/02\/IMG-20250929-WA0007-3-scaled.jpg\" data-id=\"11479\" data-link=\"https:\/\/serveiseducatius.xtec.cat\/cda-bages\/ambits\/la-culla\/la-vinya-i-el-vi\/attachment\/img-20250929-wa0007-4\/\" data-original-link=\"https:\/\/serveiseducatius.xtec.cat\/cda-bages\/wp-content\/uploads\/usu1387\/2026\/02\/IMG-20250929-WA0007-3-scaled.jpg\" class=\"wp-block-getwid-images-slider__image wp-image-11479\" srcset=\"https:\/\/serveiseducatius.xtec.cat\/cda-bages\/wp-content\/uploads\/usu1387\/2026\/02\/IMG-20250929-WA0007-3-scaled.jpg 2560w, https:\/\/serveiseducatius.xtec.cat\/cda-bages\/wp-content\/uploads\/usu1387\/2026\/02\/IMG-20250929-WA0007-3-300x225.jpg 300w, https:\/\/serveiseducatius.xtec.cat\/cda-bages\/wp-content\/uploads\/usu1387\/2026\/02\/IMG-20250929-WA0007-3-1024x768.jpg 1024w, https:\/\/serveiseducatius.xtec.cat\/cda-bages\/wp-content\/uploads\/usu1387\/2026\/02\/IMG-20250929-WA0007-3-768x576.jpg 768w, https:\/\/serveiseducatius.xtec.cat\/cda-bages\/wp-content\/uploads\/usu1387\/2026\/02\/IMG-20250929-WA0007-3-1536x1152.jpg 1536w, https:\/\/serveiseducatius.xtec.cat\/cda-bages\/wp-content\/uploads\/usu1387\/2026\/02\/IMG-20250929-WA0007-3-2048x1536.jpg 2048w\" sizes=\"auto, (max-width: 2560px) 100vw, 2560px\" \/><\/figure><\/div><div class=\"wp-block-getwid-images-slider__item\"><figure><img loading=\"lazy\" decoding=\"async\" width=\"2560\" height=\"2560\" src=\"https:\/\/serveiseducatius.xtec.cat\/cda-bages\/wp-content\/uploads\/usu1387\/2026\/02\/B405A2D3-8051-461B-8C04-1D7696F21E69-1-scaled.jpeg\" data-id=\"11483\" data-link=\"https:\/\/serveiseducatius.xtec.cat\/cda-bages\/ambits\/la-culla\/la-vinya-i-el-vi\/attachment\/b405a2d3-8051-461b-8c04-1d7696f21e69-3\/\" data-original-link=\"https:\/\/serveiseducatius.xtec.cat\/cda-bages\/wp-content\/uploads\/usu1387\/2026\/02\/B405A2D3-8051-461B-8C04-1D7696F21E69-1-scaled.jpeg\" class=\"wp-block-getwid-images-slider__image wp-image-11483\" srcset=\"https:\/\/serveiseducatius.xtec.cat\/cda-bages\/wp-content\/uploads\/usu1387\/2026\/02\/B405A2D3-8051-461B-8C04-1D7696F21E69-1-scaled.jpeg 2560w, https:\/\/serveiseducatius.xtec.cat\/cda-bages\/wp-content\/uploads\/usu1387\/2026\/02\/B405A2D3-8051-461B-8C04-1D7696F21E69-1-300x300.jpeg 300w, https:\/\/serveiseducatius.xtec.cat\/cda-bages\/wp-content\/uploads\/usu1387\/2026\/02\/B405A2D3-8051-461B-8C04-1D7696F21E69-1-1024x1024.jpeg 1024w, https:\/\/serveiseducatius.xtec.cat\/cda-bages\/wp-content\/uploads\/usu1387\/2026\/02\/B405A2D3-8051-461B-8C04-1D7696F21E69-1-150x150.jpeg 150w, https:\/\/serveiseducatius.xtec.cat\/cda-bages\/wp-content\/uploads\/usu1387\/2026\/02\/B405A2D3-8051-461B-8C04-1D7696F21E69-1-768x768.jpeg 768w, https:\/\/serveiseducatius.xtec.cat\/cda-bages\/wp-content\/uploads\/usu1387\/2026\/02\/B405A2D3-8051-461B-8C04-1D7696F21E69-1-1536x1536.jpeg 1536w, https:\/\/serveiseducatius.xtec.cat\/cda-bages\/wp-content\/uploads\/usu1387\/2026\/02\/B405A2D3-8051-461B-8C04-1D7696F21E69-1-2048x2048.jpeg 2048w\" sizes=\"auto, (max-width: 2560px) 100vw, 2560px\" \/><\/figure><\/div><\/div><\/div>\n\n\n\n<div style=\"height:30px\" aria-hidden=\"true\" class=\"wp-block-spacer\"><\/div>\n\n\n\n<div class=\"wp-block-getwid-tabs\" data-active-tab=\"0\"><ul class=\"wp-block-getwid-tabs__nav-links\"><\/ul>\n<div class=\"wp-block-getwid-tabs__nav-link\"><span class=\"wp-block-getwid-tabs__title-wrapper\"><a href=\"#\"><span class=\"wp-block-getwid-tabs__title\">Descripci\u00f3<\/span><\/a><\/span><\/div><div class=\"wp-block-getwid-tabs__tab-content-wrapper\"><div class=\"wp-block-getwid-tabs__tab-content\">\n<p>Aquesta activitat es fa conjuntament entre el Parc de la S\u00e9quia i el Camp d\u2019Aprenentatge del Bages.<\/p>\n\n\n\n<p>La casa disposa d&#8217;una petita vinya i les instal\u00b7lacions i objectes relacionats amb el proc\u00e9s tradicional d&#8217;elaboraci\u00f3 del vi, inclosos el celler medieval i les tines del segle XIX.<\/p>\n\n\n\n<p>L&#8217;activitat es divideix en 3 parts que es fan en petits grups: <\/p>\n\n\n\n<ul class=\"wp-block-list\">\n<li>La fil\u00b7loxera i la preparaci\u00f3 d&#8217;un empelt<\/li>\n\n\n\n<li>La vinya, les parts del cep i el seu conreu, les eines per als diversos treballs a la vinya<\/li>\n\n\n\n<li>Les instal\u00b7lacions per a l&#8217;elaboraci\u00f3 del vi: les tines, el celler&#8230;<\/li>\n<\/ul>\n\n\n\n<p>I si la visita es fa a la tardor, tot el grup junt acabar premsant ra\u00efm per fer-ne most i tastar-lo amb un porr\u00f3.<\/p>\n\n\n\n<div class=\"wp-block-columns is-layout-flex wp-container-core-columns-is-layout-1 wp-block-columns-is-layout-flex\">\n<div class=\"wp-block-column is-layout-flow wp-block-column-is-layout-flow\" style=\"flex-basis:50%\">\n<div class=\"wp-block-getwid-table\"><table><tbody><tr><td style=\"color:var(--ast-global-color-0);border-color:var(--ast-global-color-8);border-width:1px\">Nivells<\/td><td style=\"color:var(--ast-global-color-8);border-color:var(--ast-global-color-8);border-width:1px\">CM i CS<\/td><\/tr><tr><td style=\"border-color:var(--ast-global-color-8);color:var(--ast-global-color-0);border-width:1px\">Durada<\/td><td style=\"border-color:var(--ast-global-color-8);border-width:1px\">3 hores<\/td><\/tr><tr><td style=\"border-color:var(--ast-global-color-8);color:var(--ast-global-color-0);border-width:1px\">Lloc de trobada<\/td><td style=\"border-color:var(--ast-global-color-8);border-width:1px;color:var(--ast-global-color-8)\">Casa de la Culla<\/td><\/tr><\/tbody><\/table><\/div>\n<\/div>\n\n\n\n<div class=\"wp-block-column is-layout-flow wp-block-column-is-layout-flow\" style=\"flex-basis:50%\">\n<p><strong>RECOMANANCIONS: <\/strong><\/p>\n\n\n\n<p>Portar roba adequada a l&#8217;\u00e8poca de l&#8217;any.<\/p>\n\n\n\n<p>Es prioritza fer l&#8217;activitat a la tardor.<\/p>\n<\/div>\n<\/div>\n<\/div><\/div>\n\n\n\n<div class=\"wp-block-getwid-tabs__nav-link\"><span class=\"wp-block-getwid-tabs__title-wrapper\"><a href=\"#\"><span class=\"wp-block-getwid-tabs__title\">Materials de treball<\/span><\/a><\/span><\/div><div class=\"wp-block-getwid-tabs__tab-content-wrapper\"><div class=\"wp-block-getwid-tabs__tab-content\">\n<p><strong>Fitxes de treball:<\/strong><\/p>\n\n\n\n<p>No n&#8217;hi ha<\/p>\n\n\n\n<p><strong>Treball previ o posterior:<\/strong><\/p>\n\n\n\n<p>Informaci\u00f3 de la producci\u00f3 de vi a la Culla<\/p>\n\n\n\n<div class=\"wp-block-buttons is-layout-flex wp-block-buttons-is-layout-flex\">\n<div class=\"wp-block-button\"><a class=\"wp-block-button__link has-white-color has-text-color has-background has-link-color wp-element-button\" href=\"https:\/\/drive.google.com\/file\/d\/0BzWPKr0lE8MKbENsRElHRXJoRGc\/view?usp=sharing\" style=\"background-color:#46a60296\" target=\"_blank\" rel=\"noreferrer noopener\">Presentaci\u00f3 amb imatges de l&#8217;\u00e8poca<\/a><\/div>\n\n\n\n<div class=\"wp-block-button\"><a class=\"wp-block-button__link has-white-color has-text-color has-background has-link-color wp-element-button\" href=\"https:\/\/drive.google.com\/file\/d\/1uQG8BwD_3vjHkz2tE6c8yfLZnk7lPF0i\/view?usp=drive_link\" style=\"background-color:#46a60296\" target=\"_blank\" rel=\"noreferrer noopener\">Presentaci\u00f3 fil\u00b7loxera i empelt<\/a><\/div>\n<\/div>\n\n\n\n<div style=\"height:30px\" aria-hidden=\"true\" class=\"wp-block-spacer\"><\/div>\n\n\n\n<p>Propostes d&#8217;activitats<\/p>\n\n\n\n<div class=\"wp-block-buttons is-layout-flex wp-block-buttons-is-layout-flex\">\n<div class=\"wp-block-button\"><a class=\"wp-block-button__link has-background wp-element-button\" href=\"https:\/\/drive.google.com\/file\/d\/0BzWPKr0lE8MKNTBjb0FaWS13OXc\/edit?usp=sharing\" style=\"background-color:#46a60296\" target=\"_blank\" rel=\"noreferrer noopener\">Les parts del cep<\/a><\/div>\n\n\n\n<div class=\"wp-block-button is-style-fill\"><a class=\"wp-block-button__link has-background wp-element-button\" href=\"https:\/\/drive.google.com\/file\/d\/0BzWPKr0lE8MKcXVaMXVnTmM1elE\/edit?usp=sharing\" style=\"background-color:#46a60296\" target=\"_blank\" rel=\"noreferrer noopener\">M\u00e9mori<\/a><\/div>\n\n\n\n<div class=\"wp-block-button is-style-fill\"><a class=\"wp-block-button__link has-background wp-element-button\" href=\"https:\/\/drive.google.com\/file\/d\/0BzWPKr0lE8MKeHRVTHQ0aVFhZnc\/edit?usp=sharing\" style=\"background-color:#46a60296\" target=\"_blank\" rel=\"noreferrer noopener\">Treball posterior<\/a><\/div>\n<\/div>\n\n\n\n<div style=\"height:40px\" aria-hidden=\"true\" class=\"wp-block-spacer\"><\/div>\n\n\n\n<p>Per m\u00e9s activitats de treball previ o posterior al centre podeu accedir a l\u2019apartat \u201c<strong>Recursos relacionats amb la masia<\/strong>\u201d de la <a href=\"https:\/\/serveiseducatius.xtec.cat\/cda-bages\/ambits\/la-culla\/\" data-type=\"page\" data-id=\"8398\" target=\"_blank\" rel=\"noreferrer noopener\">p\u00e0gina inicial <\/a>de l\u2019\u00e0mbit o posar-vos en contacte amb nosaltres.<\/p>\n<\/div><\/div>\n\n\n\n<div class=\"wp-block-getwid-tabs__nav-link\"><span class=\"wp-block-getwid-tabs__title-wrapper\"><a href=\"#\"><span class=\"wp-block-getwid-tabs__title\">Relaci\u00f3 amb el curr\u00edculum<\/span><\/a><\/span><\/div><div class=\"wp-block-getwid-tabs__tab-content-wrapper\"><div class=\"wp-block-getwid-tabs__tab-content\">\n<p>En els seg\u00fcents enlla\u00e7os podreu descarregar la nostra proposta per encaixar l&#8217;activitat en un context i amb un repte, on es detallen els objectius, compet\u00e8ncies b\u00e0siques, l&#8217;avaluaci\u00f3, els sabers i els ODS mobilitzats.<\/p>\n\n\n\n<p>Pendent d&#8217;elaborar<\/p>\n<\/div><\/div>\n<\/div>\n\n\n\n<p><\/p>\n","protected":false},"excerpt":{"rendered":"","protected":false},"author":3,"featured_media":0,"parent":967,"menu_order":20,"comment_status":"closed","ping_status":"closed","template":"","meta":{"_bbp_topic_count":0,"_bbp_reply_count":0,"_bbp_total_topic_count":0,"_bbp_total_reply_count":0,"_bbp_voice_count":0,"_bbp_anonymous_reply_count":0,"_bbp_topic_count_hidden":0,"_bbp_reply_count_hidden":0,"_bbp_forum_subforum_count":0,"site-sidebar-layout":"default","site-content-layout":"","ast-site-content-layout":"default","site-content-style":"default","site-sidebar-style":"default","ast-global-header-display":"","ast-banner-title-visibility":"","ast-main-header-display":"","ast-hfb-above-header-display":"","ast-hfb-below-header-display":"","ast-hfb-mobile-header-display":"","site-post-title":"","ast-breadcrumbs-content":"","ast-featured-img":"","footer-sml-layout":"","theme-transparent-header-meta":"","adv-header-id-meta":"","stick-header-meta":"","header-above-stick-meta":"","header-main-stick-meta":"","header-below-stick-meta":"","astra-migrate-meta-layouts":"set","ast-page-background-enabled":"default","ast-page-background-meta":{"desktop":{"background-color":"var(--ast-global-color-4)","background-image":"","background-repeat":"repeat","background-position":"center center","background-size":"auto","background-attachment":"scroll","background-type":"","background-media":"","overlay-type":"","overlay-color":"","overlay-opacity":"","overlay-gradient":""},"tablet":{"background-color":"","background-image":"","background-repeat":"repeat","background-position":"center center","background-size":"auto","background-attachment":"scroll","background-type":"","background-media":"","overlay-type":"","overlay-color":"","overlay-opacity":"","overlay-gradient":""},"mobile":{"background-color":"","background-image":"","background-repeat":"repeat","background-position":"center center","background-size":"auto","background-attachment":"scroll","background-type":"","background-media":"","overlay-type":"","overlay-color":"","overlay-opacity":"","overlay-gradient":""}},"ast-content-background-meta":{"desktop":{"background-color":"var(--ast-global-color-5)","background-image":"","background-repeat":"repeat","background-position":"center center","background-size":"auto","background-attachment":"scroll","background-type":"","background-media":"","overlay-type":"","overlay-color":"","overlay-opacity":"","overlay-gradient":""},"tablet":{"background-color":"var(--ast-global-color-5)","background-image":"","background-repeat":"repeat","background-position":"center center","background-size":"auto","background-attachment":"scroll","background-type":"","background-media":"","overlay-type":"","overlay-color":"","overlay-opacity":"","overlay-gradient":""},"mobile":{"background-color":"var(--ast-global-color-5)","background-image":"","background-repeat":"repeat","background-position":"center center","background-size":"auto","background-attachment":"scroll","background-type":"","background-media":"","overlay-type":"","overlay-color":"","overlay-opacity":"","overlay-gradient":""}},"footnotes":""},"class_list":["post-1517","page","type-page","status-publish","hentry"],"post_mailing_queue_ids":[],"_links":{"self":[{"href":"https:\/\/serveiseducatius.xtec.cat\/cda-bages\/wp-json\/wp\/v2\/pages\/1517","targetHints":{"allow":["GET"]}}],"collection":[{"href":"https:\/\/serveiseducatius.xtec.cat\/cda-bages\/wp-json\/wp\/v2\/pages"}],"about":[{"href":"https:\/\/serveiseducatius.xtec.cat\/cda-bages\/wp-json\/wp\/v2\/types\/page"}],"author":[{"embeddable":true,"href":"https:\/\/serveiseducatius.xtec.cat\/cda-bages\/wp-json\/wp\/v2\/users\/3"}],"replies":[{"embeddable":true,"href":"https:\/\/serveiseducatius.xtec.cat\/cda-bages\/wp-json\/wp\/v2\/comments?post=1517"}],"version-history":[{"count":6,"href":"https:\/\/serveiseducatius.xtec.cat\/cda-bages\/wp-json\/wp\/v2\/pages\/1517\/revisions"}],"predecessor-version":[{"id":11487,"href":"https:\/\/serveiseducatius.xtec.cat\/cda-bages\/wp-json\/wp\/v2\/pages\/1517\/revisions\/11487"}],"up":[{"embeddable":true,"href":"https:\/\/serveiseducatius.xtec.cat\/cda-bages\/wp-json\/wp\/v2\/pages\/967"}],"wp:attachment":[{"href":"https:\/\/serveiseducatius.xtec.cat\/cda-bages\/wp-json\/wp\/v2\/media?parent=1517"}],"curies":[{"name":"wp","href":"https:\/\/api.w.org\/{rel}","templated":true}]}}