{"id":1515,"date":"2014-07-24T12:54:55","date_gmt":"2014-07-24T11:54:55","guid":{"rendered":"http:\/\/blocs.xtec.cat\/cdabages\/?page_id=1515"},"modified":"2026-02-12T07:19:15","modified_gmt":"2026-02-12T06:19:15","slug":"la-casa-de-la-culla","status":"publish","type":"page","link":"https:\/\/serveiseducatius.xtec.cat\/cda-bages\/ambits\/la-culla\/la-casa-de-la-culla\/","title":{"rendered":"La Casa de La Culla"},"content":{"rendered":"\n<div class=\"wp-block-getwid-images-slider has-arrows-inside has-dots-inside is-carousel has-slides-gap-small has-images-center has-cropped-images\"><div class=\"wp-block-getwid-images-slider__wrapper\" data-effect=\"slide\" data-slides-show=\"2\" data-slides-show-laptop=\"1\" data-slides-show-tablet=\"1\" data-slides-show-mobile=\"1\" data-slides-scroll=\"1\" data-autoplay=\"false\" data-pause-hover=\"false\" data-autoplay-speed=\"6000\" data-infinite=\"true\" data-animation-speed=\"800\" data-center-mode=\"false\" data-variable-width=\"false\" data-arrows=\"inside\" data-dots=\"inside\" data-spacing=\"small\"><div class=\"wp-block-getwid-images-slider__item\"><figure><img loading=\"lazy\" decoding=\"async\" width=\"800\" height=\"549\" src=\"https:\/\/serveiseducatius.xtec.cat\/cda-bages\/wp-content\/uploads\/usu1387\/2026\/02\/cullaanitga.jpg\" data-id=\"11447\" data-link=\"https:\/\/serveiseducatius.xtec.cat\/cda-bages\/ambits\/la-culla\/la-casa-de-la-culla\/attachment\/cullaanitga\/\" data-original-link=\"https:\/\/serveiseducatius.xtec.cat\/cda-bages\/wp-content\/uploads\/usu1387\/2026\/02\/cullaanitga.jpg\" class=\"wp-block-getwid-images-slider__image wp-image-11447\" srcset=\"https:\/\/serveiseducatius.xtec.cat\/cda-bages\/wp-content\/uploads\/usu1387\/2026\/02\/cullaanitga.jpg 800w, https:\/\/serveiseducatius.xtec.cat\/cda-bages\/wp-content\/uploads\/usu1387\/2026\/02\/cullaanitga-300x206.jpg 300w, https:\/\/serveiseducatius.xtec.cat\/cda-bages\/wp-content\/uploads\/usu1387\/2026\/02\/cullaanitga-768x527.jpg 768w\" sizes=\"auto, (max-width: 800px) 100vw, 800px\" \/><\/figure><\/div><div class=\"wp-block-getwid-images-slider__item\"><figure><img loading=\"lazy\" decoding=\"async\" width=\"800\" height=\"600\" src=\"https:\/\/serveiseducatius.xtec.cat\/cda-bages\/wp-content\/uploads\/usu1387\/2026\/02\/rCullaVista.jpg\" data-id=\"11450\" data-link=\"https:\/\/serveiseducatius.xtec.cat\/cda-bages\/ambits\/la-culla\/la-casa-de-la-culla\/attachment\/rcullavista-2\/\" data-original-link=\"https:\/\/serveiseducatius.xtec.cat\/cda-bages\/wp-content\/uploads\/usu1387\/2026\/02\/rCullaVista.jpg\" class=\"wp-block-getwid-images-slider__image wp-image-11450\" srcset=\"https:\/\/serveiseducatius.xtec.cat\/cda-bages\/wp-content\/uploads\/usu1387\/2026\/02\/rCullaVista.jpg 800w, https:\/\/serveiseducatius.xtec.cat\/cda-bages\/wp-content\/uploads\/usu1387\/2026\/02\/rCullaVista-300x225.jpg 300w, https:\/\/serveiseducatius.xtec.cat\/cda-bages\/wp-content\/uploads\/usu1387\/2026\/02\/rCullaVista-768x576.jpg 768w\" sizes=\"auto, (max-width: 800px) 100vw, 800px\" \/><\/figure><\/div><div class=\"wp-block-getwid-images-slider__item\"><figure><img loading=\"lazy\" decoding=\"async\" width=\"800\" height=\"600\" src=\"https:\/\/serveiseducatius.xtec.cat\/cda-bages\/wp-content\/uploads\/usu1387\/2026\/02\/rCullaPorta.jpg\" data-id=\"11449\" data-link=\"https:\/\/serveiseducatius.xtec.cat\/cda-bages\/ambits\/la-culla\/la-casa-de-la-culla\/attachment\/rcullaporta-2\/\" data-original-link=\"https:\/\/serveiseducatius.xtec.cat\/cda-bages\/wp-content\/uploads\/usu1387\/2026\/02\/rCullaPorta.jpg\" class=\"wp-block-getwid-images-slider__image wp-image-11449\" srcset=\"https:\/\/serveiseducatius.xtec.cat\/cda-bages\/wp-content\/uploads\/usu1387\/2026\/02\/rCullaPorta.jpg 800w, https:\/\/serveiseducatius.xtec.cat\/cda-bages\/wp-content\/uploads\/usu1387\/2026\/02\/rCullaPorta-300x225.jpg 300w, https:\/\/serveiseducatius.xtec.cat\/cda-bages\/wp-content\/uploads\/usu1387\/2026\/02\/rCullaPorta-768x576.jpg 768w\" sizes=\"auto, (max-width: 800px) 100vw, 800px\" \/><\/figure><\/div><div class=\"wp-block-getwid-images-slider__item\"><figure><img loading=\"lazy\" decoding=\"async\" width=\"800\" height=\"600\" src=\"https:\/\/serveiseducatius.xtec.cat\/cda-bages\/wp-content\/uploads\/usu1387\/2026\/02\/rEines-entrada.jpg\" data-id=\"11451\" data-link=\"https:\/\/serveiseducatius.xtec.cat\/cda-bages\/ambits\/la-culla\/la-casa-de-la-culla\/attachment\/reines-entrada\/\" data-original-link=\"https:\/\/serveiseducatius.xtec.cat\/cda-bages\/wp-content\/uploads\/usu1387\/2026\/02\/rEines-entrada.jpg\" class=\"wp-block-getwid-images-slider__image wp-image-11451\" srcset=\"https:\/\/serveiseducatius.xtec.cat\/cda-bages\/wp-content\/uploads\/usu1387\/2026\/02\/rEines-entrada.jpg 800w, https:\/\/serveiseducatius.xtec.cat\/cda-bages\/wp-content\/uploads\/usu1387\/2026\/02\/rEines-entrada-300x225.jpg 300w, https:\/\/serveiseducatius.xtec.cat\/cda-bages\/wp-content\/uploads\/usu1387\/2026\/02\/rEines-entrada-768x576.jpg 768w\" sizes=\"auto, (max-width: 800px) 100vw, 800px\" \/><\/figure><\/div><div class=\"wp-block-getwid-images-slider__item\"><figure><img loading=\"lazy\" decoding=\"async\" width=\"800\" height=\"1067\" src=\"https:\/\/serveiseducatius.xtec.cat\/cda-bages\/wp-content\/uploads\/usu1387\/2026\/02\/rLlar-de-foc2.jpg\" data-id=\"11452\" data-link=\"https:\/\/serveiseducatius.xtec.cat\/cda-bages\/ambits\/la-culla\/la-casa-de-la-culla\/attachment\/rllar-de-foc2\/\" data-original-link=\"https:\/\/serveiseducatius.xtec.cat\/cda-bages\/wp-content\/uploads\/usu1387\/2026\/02\/rLlar-de-foc2.jpg\" class=\"wp-block-getwid-images-slider__image wp-image-11452\" srcset=\"https:\/\/serveiseducatius.xtec.cat\/cda-bages\/wp-content\/uploads\/usu1387\/2026\/02\/rLlar-de-foc2.jpg 800w, https:\/\/serveiseducatius.xtec.cat\/cda-bages\/wp-content\/uploads\/usu1387\/2026\/02\/rLlar-de-foc2-225x300.jpg 225w, https:\/\/serveiseducatius.xtec.cat\/cda-bages\/wp-content\/uploads\/usu1387\/2026\/02\/rLlar-de-foc2-768x1024.jpg 768w\" sizes=\"auto, (max-width: 800px) 100vw, 800px\" \/><\/figure><\/div><div class=\"wp-block-getwid-images-slider__item\"><figure><img loading=\"lazy\" decoding=\"async\" width=\"800\" height=\"600\" src=\"https:\/\/serveiseducatius.xtec.cat\/cda-bages\/wp-content\/uploads\/usu1387\/2026\/02\/rLlar-de-foc3.jpg\" data-id=\"11460\" data-link=\"https:\/\/serveiseducatius.xtec.cat\/cda-bages\/ambits\/la-culla\/la-casa-de-la-culla\/attachment\/rllar-de-foc3\/\" data-original-link=\"https:\/\/serveiseducatius.xtec.cat\/cda-bages\/wp-content\/uploads\/usu1387\/2026\/02\/rLlar-de-foc3.jpg\" class=\"wp-block-getwid-images-slider__image wp-image-11460\" srcset=\"https:\/\/serveiseducatius.xtec.cat\/cda-bages\/wp-content\/uploads\/usu1387\/2026\/02\/rLlar-de-foc3.jpg 800w, https:\/\/serveiseducatius.xtec.cat\/cda-bages\/wp-content\/uploads\/usu1387\/2026\/02\/rLlar-de-foc3-300x225.jpg 300w, https:\/\/serveiseducatius.xtec.cat\/cda-bages\/wp-content\/uploads\/usu1387\/2026\/02\/rLlar-de-foc3-768x576.jpg 768w\" sizes=\"auto, (max-width: 800px) 100vw, 800px\" \/><\/figure><\/div><div class=\"wp-block-getwid-images-slider__item\"><figure><img loading=\"lazy\" decoding=\"async\" width=\"2560\" height=\"1920\" src=\"https:\/\/serveiseducatius.xtec.cat\/cda-bages\/wp-content\/uploads\/usu1387\/2026\/02\/IMG-20250929-WA0011-scaled.jpg\" data-id=\"11458\" data-link=\"https:\/\/serveiseducatius.xtec.cat\/cda-bages\/ambits\/la-culla\/la-casa-de-la-culla\/attachment\/img-20250929-wa0011\/\" data-original-link=\"https:\/\/serveiseducatius.xtec.cat\/cda-bages\/wp-content\/uploads\/usu1387\/2026\/02\/IMG-20250929-WA0011-scaled.jpg\" class=\"wp-block-getwid-images-slider__image wp-image-11458\" srcset=\"https:\/\/serveiseducatius.xtec.cat\/cda-bages\/wp-content\/uploads\/usu1387\/2026\/02\/IMG-20250929-WA0011-scaled.jpg 2560w, https:\/\/serveiseducatius.xtec.cat\/cda-bages\/wp-content\/uploads\/usu1387\/2026\/02\/IMG-20250929-WA0011-300x225.jpg 300w, https:\/\/serveiseducatius.xtec.cat\/cda-bages\/wp-content\/uploads\/usu1387\/2026\/02\/IMG-20250929-WA0011-1024x768.jpg 1024w, https:\/\/serveiseducatius.xtec.cat\/cda-bages\/wp-content\/uploads\/usu1387\/2026\/02\/IMG-20250929-WA0011-768x576.jpg 768w, https:\/\/serveiseducatius.xtec.cat\/cda-bages\/wp-content\/uploads\/usu1387\/2026\/02\/IMG-20250929-WA0011-1536x1152.jpg 1536w, https:\/\/serveiseducatius.xtec.cat\/cda-bages\/wp-content\/uploads\/usu1387\/2026\/02\/IMG-20250929-WA0011-2048x1536.jpg 2048w\" sizes=\"auto, (max-width: 2560px) 100vw, 2560px\" \/><\/figure><\/div><\/div><\/div>\n\n\n\n<div style=\"height:30px\" aria-hidden=\"true\" class=\"wp-block-spacer\"><\/div>\n\n\n\n<div class=\"wp-block-getwid-tabs\" data-active-tab=\"0\"><ul class=\"wp-block-getwid-tabs__nav-links\"><\/ul>\n<div class=\"wp-block-getwid-tabs__nav-link\"><span class=\"wp-block-getwid-tabs__title-wrapper\"><a href=\"#\"><span class=\"wp-block-getwid-tabs__title\">Descripci\u00f3<\/span><\/a><\/span><\/div><div class=\"wp-block-getwid-tabs__tab-content-wrapper\"><div class=\"wp-block-getwid-tabs__tab-content\">\n<p>Aquesta activitat es fa conjuntament entre el Parc de la S\u00e9quia i el Camp d\u2019Aprenentatge del Bages.<\/p>\n\n\n\n<p>La Culla era una de les masies m\u00e9s importants de la rodalia de Manresa. La major part de l&#8217;edifici actual correspon al d&#8217;un mas medieval. Pel creixement de la ciutat est\u00e0 integrada a la trama urbana, tot i que est\u00e0 envoltada per una hect\u00e0rea de conreus i bosc. Actualment \u00e9s propietat de l&#8217;Ajuntament i gestionada per la Fundaci\u00f3 Aig\u00fces de Manresa-Junta de la S\u00e8quia. La planta baixa est\u00e0 restaurada i equipada amb estris propis de la vida rural tradicional.<\/p>\n\n\n\n<p>Com que hi t\u00e9 la seu el Camp d&#8217;Aprenentatge, la seva visita \u00e9s gaireb\u00e9 ineludible per als alumnes que hi fan estada. L&#8217;objectiu de l&#8217;activitat \u00e9s donar a con\u00e8ixer la vida rural tradicional, observant i interpretant l&#8217;edifici i el seu contingut i relacionant arquitectura, hist\u00f2ria, activitat econ\u00f2mica i vida quotidiana en el passat.<\/p>\n\n\n\n<div class=\"wp-block-columns is-layout-flex wp-container-core-columns-is-layout-1 wp-block-columns-is-layout-flex\">\n<div class=\"wp-block-column is-layout-flow wp-block-column-is-layout-flow\" style=\"flex-basis:50%\">\n<div class=\"wp-block-getwid-table\"><table><tbody><tr><td style=\"color:var(--ast-global-color-0);border-color:var(--ast-global-color-8);border-width:1px\">Nivells<\/td><td style=\"color:var(--ast-global-color-8);border-color:var(--ast-global-color-8);border-width:1px\">CI, CM, CS i 1r cicle ESO<\/td><\/tr><tr><td style=\"border-color:var(--ast-global-color-8);color:var(--ast-global-color-0);border-width:1px\">Durada<\/td><td style=\"border-color:var(--ast-global-color-8);border-width:1px\">1 &#8211; 1,5 hores<\/td><\/tr><tr><td style=\"border-color:var(--ast-global-color-8);color:var(--ast-global-color-0);border-width:1px\">Lloc de trobada<\/td><td style=\"border-color:var(--ast-global-color-8);border-width:1px;color:var(--ast-global-color-8)\">Casa de la Culla<\/td><\/tr><\/tbody><\/table><\/div>\n<\/div>\n\n\n\n<div class=\"wp-block-column is-layout-flow wp-block-column-is-layout-flow\" style=\"flex-basis:50%\">\n<p><strong>RECOMANANCIONS: <\/strong><\/p>\n\n\n\n<p>Portar roba adequada a l&#8217;\u00e8poca de l&#8217;any.<\/p>\n\n\n\n<p><\/p>\n<\/div>\n<\/div>\n<\/div><\/div>\n\n\n\n<div class=\"wp-block-getwid-tabs__nav-link\"><span class=\"wp-block-getwid-tabs__title-wrapper\"><a href=\"#\"><span class=\"wp-block-getwid-tabs__title\">Materials de treball<\/span><\/a><\/span><\/div><div class=\"wp-block-getwid-tabs__tab-content-wrapper\"><div class=\"wp-block-getwid-tabs__tab-content\">\n<p><strong>Fitxes de treball:<\/strong><\/p>\n\n\n\n<p>No n&#8217;hi ha<\/p>\n\n\n\n<p><strong>Treball previ o posterior:<\/strong><\/p>\n\n\n\n<p>Informaci\u00f3 de la Culla<\/p>\n\n\n\n<div class=\"wp-block-buttons is-layout-flex wp-block-buttons-is-layout-flex\">\n<div class=\"wp-block-button\"><a class=\"wp-block-button__link has-white-color has-text-color has-background has-link-color wp-element-button\" href=\"https:\/\/drive.google.com\/file\/d\/0BzWPKr0lE8MKLXg0Y2lVNXJ6UlE\/edit?usp=sharing\" style=\"background-color:#46a60296\" target=\"_blank\" rel=\"noreferrer noopener\">Breu hist\u00f2ria de la Culla<\/a><\/div>\n\n\n\n<div class=\"wp-block-button\"><a class=\"wp-block-button__link has-white-color has-text-color has-background has-link-color wp-element-button\" href=\"https:\/\/drive.google.com\/file\/d\/0BzWPKr0lE8MKdXcxZ2pDWGk1eUE\/view?usp=sharing\" style=\"background-color:#46a60296\" target=\"_blank\" rel=\"noreferrer noopener\">Presentaci\u00f3 de la vida a la Culla<\/a><\/div>\n<\/div>\n\n\n\n<div style=\"height:30px\" aria-hidden=\"true\" class=\"wp-block-spacer\"><\/div>\n\n\n\n<p>Fitxes <\/p>\n\n\n\n<div class=\"wp-block-buttons is-layout-flex wp-block-buttons-is-layout-flex\">\n<div class=\"wp-block-button\"><a class=\"wp-block-button__link has-background wp-element-button\" href=\"https:\/\/drive.google.com\/file\/d\/0BzWPKr0lE8MKa2trS21aSmx1UWM\/edit?usp=sharing\" style=\"background-color:#46a60296\" target=\"_blank\" rel=\"noreferrer noopener\">Les parts de la casa_CS i ESO<\/a><\/div>\n\n\n\n<div class=\"wp-block-button is-style-fill\"><a class=\"wp-block-button__link has-background wp-element-button\" href=\"https:\/\/drive.google.com\/file\/d\/0BzWPKr0lE8MKNlFteXlkS1BJNjg\/edit?resourcekey=0-1XlzefG8fMaDqtm6tFh7NA\" style=\"background-color:#46a60296\" target=\"_blank\" rel=\"noreferrer noopener\">L&#8217;entrada_CM<\/a><\/div>\n\n\n\n<div class=\"wp-block-button is-style-fill\"><a class=\"wp-block-button__link has-background wp-element-button\" href=\"https:\/\/drive.google.com\/file\/d\/0BzWPKr0lE8MKUGlvS0I3c0EtVDg\/edit?usp=sharing\" style=\"background-color:#46a60296\" target=\"_blank\" rel=\"noreferrer noopener\">El celler_CM<\/a><\/div>\n<\/div>\n\n\n\n<div style=\"height:40px\" aria-hidden=\"true\" class=\"wp-block-spacer\"><\/div>\n\n\n\n<p>Per m\u00e9s activitats de treball previ o posterior al centre podeu accedir a l\u2019apartat \u201c<strong>Recursos relacionats amb la masia<\/strong>\u201d de la <a href=\"https:\/\/serveiseducatius.xtec.cat\/cda-bages\/ambits\/la-culla\/\" data-type=\"page\" data-id=\"8398\" target=\"_blank\" rel=\"noreferrer noopener\">p\u00e0gina inicial <\/a>de l\u2019\u00e0mbit o posar-vos en contacte amb nosaltres.<\/p>\n<\/div><\/div>\n\n\n\n<div class=\"wp-block-getwid-tabs__nav-link\"><span class=\"wp-block-getwid-tabs__title-wrapper\"><a href=\"#\"><span class=\"wp-block-getwid-tabs__title\">Relaci\u00f3 amb el curr\u00edculum<\/span><\/a><\/span><\/div><div class=\"wp-block-getwid-tabs__tab-content-wrapper\"><div class=\"wp-block-getwid-tabs__tab-content\">\n<p>En els seg\u00fcents enlla\u00e7os podreu descarregar la nostra proposta per encaixar l&#8217;activitat en un context i amb un repte, on es detallen els objectius, compet\u00e8ncies b\u00e0siques, l&#8217;avaluaci\u00f3, els sabers i els ODS mobilitzats.<\/p>\n\n\n\n<p>Pendent d&#8217;elaborar<\/p>\n<\/div><\/div>\n<\/div>\n\n\n\n<p><\/p>\n","protected":false},"excerpt":{"rendered":"","protected":false},"author":3,"featured_media":0,"parent":967,"menu_order":10,"comment_status":"closed","ping_status":"closed","template":"","meta":{"_bbp_topic_count":0,"_bbp_reply_count":0,"_bbp_total_topic_count":0,"_bbp_total_reply_count":0,"_bbp_voice_count":0,"_bbp_anonymous_reply_count":0,"_bbp_topic_count_hidden":0,"_bbp_reply_count_hidden":0,"_bbp_forum_subforum_count":0,"site-sidebar-layout":"default","site-content-layout":"","ast-site-content-layout":"default","site-content-style":"default","site-sidebar-style":"default","ast-global-header-display":"","ast-banner-title-visibility":"","ast-main-header-display":"","ast-hfb-above-header-display":"","ast-hfb-below-header-display":"","ast-hfb-mobile-header-display":"","site-post-title":"","ast-breadcrumbs-content":"","ast-featured-img":"","footer-sml-layout":"","theme-transparent-header-meta":"","adv-header-id-meta":"","stick-header-meta":"","header-above-stick-meta":"","header-main-stick-meta":"","header-below-stick-meta":"","astra-migrate-meta-layouts":"set","ast-page-background-enabled":"default","ast-page-background-meta":{"desktop":{"background-color":"var(--ast-global-color-4)","background-image":"","background-repeat":"repeat","background-position":"center center","background-size":"auto","background-attachment":"scroll","background-type":"","background-media":"","overlay-type":"","overlay-color":"","overlay-opacity":"","overlay-gradient":""},"tablet":{"background-color":"","background-image":"","background-repeat":"repeat","background-position":"center center","background-size":"auto","background-attachment":"scroll","background-type":"","background-media":"","overlay-type":"","overlay-color":"","overlay-opacity":"","overlay-gradient":""},"mobile":{"background-color":"","background-image":"","background-repeat":"repeat","background-position":"center center","background-size":"auto","background-attachment":"scroll","background-type":"","background-media":"","overlay-type":"","overlay-color":"","overlay-opacity":"","overlay-gradient":""}},"ast-content-background-meta":{"desktop":{"background-color":"var(--ast-global-color-5)","background-image":"","background-repeat":"repeat","background-position":"center center","background-size":"auto","background-attachment":"scroll","background-type":"","background-media":"","overlay-type":"","overlay-color":"","overlay-opacity":"","overlay-gradient":""},"tablet":{"background-color":"var(--ast-global-color-5)","background-image":"","background-repeat":"repeat","background-position":"center center","background-size":"auto","background-attachment":"scroll","background-type":"","background-media":"","overlay-type":"","overlay-color":"","overlay-opacity":"","overlay-gradient":""},"mobile":{"background-color":"var(--ast-global-color-5)","background-image":"","background-repeat":"repeat","background-position":"center center","background-size":"auto","background-attachment":"scroll","background-type":"","background-media":"","overlay-type":"","overlay-color":"","overlay-opacity":"","overlay-gradient":""}},"footnotes":""},"class_list":["post-1515","page","type-page","status-publish","hentry"],"post_mailing_queue_ids":[],"_links":{"self":[{"href":"https:\/\/serveiseducatius.xtec.cat\/cda-bages\/wp-json\/wp\/v2\/pages\/1515","targetHints":{"allow":["GET"]}}],"collection":[{"href":"https:\/\/serveiseducatius.xtec.cat\/cda-bages\/wp-json\/wp\/v2\/pages"}],"about":[{"href":"https:\/\/serveiseducatius.xtec.cat\/cda-bages\/wp-json\/wp\/v2\/types\/page"}],"author":[{"embeddable":true,"href":"https:\/\/serveiseducatius.xtec.cat\/cda-bages\/wp-json\/wp\/v2\/users\/3"}],"replies":[{"embeddable":true,"href":"https:\/\/serveiseducatius.xtec.cat\/cda-bages\/wp-json\/wp\/v2\/comments?post=1515"}],"version-history":[{"count":6,"href":"https:\/\/serveiseducatius.xtec.cat\/cda-bages\/wp-json\/wp\/v2\/pages\/1515\/revisions"}],"predecessor-version":[{"id":11571,"href":"https:\/\/serveiseducatius.xtec.cat\/cda-bages\/wp-json\/wp\/v2\/pages\/1515\/revisions\/11571"}],"up":[{"embeddable":true,"href":"https:\/\/serveiseducatius.xtec.cat\/cda-bages\/wp-json\/wp\/v2\/pages\/967"}],"wp:attachment":[{"href":"https:\/\/serveiseducatius.xtec.cat\/cda-bages\/wp-json\/wp\/v2\/media?parent=1515"}],"curies":[{"name":"wp","href":"https:\/\/api.w.org\/{rel}","templated":true}]}}