{"id":1512,"date":"2014-07-24T12:49:26","date_gmt":"2014-07-24T11:49:26","guid":{"rendered":"http:\/\/blocs.xtec.cat\/cdabages\/?page_id=1512"},"modified":"2026-02-09T14:54:02","modified_gmt":"2026-02-09T13:54:02","slug":"contaminacio-de-vallfrondosa","status":"publish","type":"page","link":"https:\/\/serveiseducatius.xtec.cat\/cda-bages\/contaminacio-de-vallfrondosa\/","title":{"rendered":"Contaminaci\u00f3 de Vallfrondosa"},"content":{"rendered":"<div id=\"1A335\" style=\"width: 100%; height: 600px; display: none;\"><img decoding=\"async\" src=\"https:\/\/lh3.googleusercontent.com\/nkCdWqvTTpH6Ocf9YgA82qbRsD5ivW4p_4uBHObTxrDgLmeP-d9pRL8eRg7KCHgedH_tYBJtX05BrU9IqoXAyPPn9VRcZyxEwx8FGNIQqfoAKXRFKaBBHU_A1Ijbny8mWSsDRShzxODKvqGfnH-Hh6pBexkbrd5xI1dhTiOHhKUpQ3bfu9DXsPbKLxVk7M9PP5gjK9cBi_B0hWoT_4f6OMGU35yAyQ8BmthqIxF-WAumUI5rwtkfKeibWpkAeVGe6UmbuH2m327qXOiAUrnzdz0Q-r3brPS_rX-7holdm2PrFgecMDAigZ2EeCt1D03ug7U3UpBERzVSHn4cTM1nRUXYYLuwgGeUdkcAhD197-YygvlEl4tgBWUeTgy85l_0yNb-eD667pDFstEIGszFFchtY0saZwCaJgL74DvrPKjBToOoubTGDbjku2-6VkAYOoAjVays_CIsp0E1AF3bt6Fv-4nnGGY7D3WkxQiSa6t0VfLGklXCMZEk99A-FjJU0U_339ryjAo1sjleTHOHKbTWt8xSNzKTKiX6cZdTby79KvR5Op4tRoh-BAQEmzmHYwljuUNGSdYyxgAePp504yzuDHqgpGwSWQhaKHk2xLhf24aHSVJN4QehX9C0c1eWD23GYyJtuoC9nhLznLTmilDl=w800-h600-no\" data-link=\"https:\/\/photos.google.com\/album\/AF1QipMtj5XE5Yp-_2xsNebRMhK5EIKoV3rcMlg7uEc\/photo\/AF1QipOam02SceQT3nAtc2h1d81ery2eNaeap48oPLU\" \/><br \/>\n<img decoding=\"async\" src=\"https:\/\/lh3.googleusercontent.com\/tDf5ffuoGLsMW7weyCQ3RMIz2okZxb1TasZ2MqRbVSviiOhTqCl87BcrgsL008AE1KZqEg2BIc6Nms6qhGPrH626ZroXcD-wXRFwrdCG9JvliMRMzG9vT8kV_AGH1VWUSfzZ7JPQmL3wIFRvZWicgxBb6J3HdOcET3WYHeYICrWiN3esTeUPpgww-ySXPhXb-OeMR0QopVK45Kq8wwgqXKskreDhDmlL0Uz3A-rn5dgoiqYQNjvd57NJjfseNLG0JXEgFicSzevJ7Z4oUVSBqe_q5OtZk9iQfd1RCAncqURi8KTAprxkZW7jLCpXDF0dIKmsXlGDdCyjsrhrA0CQ1P3ShxQfWHsYipIN8-CfenkjVvXVKCtlzEly4aTonPUoszj590MvNg_r4vQnldWLDEPW9g8wbaVyXXYCoWq9JJvj1sjQ_B5DxkZtPs5Tk8PJu-Zb3OuvUnDMU6MQwSterONlgtpLi4j6kC5HVwNxcp7VjrI-cu39UDdxEHLM1qmr9qc-8OIORe1xf4B_JBSYsZ1o2MfbV0HaeWcmSK1YuJx2NgdZykSbHRcWyAIOb4VYdFHU3Z_ZHdPsmmWFXFGGTlcj2ntKyGs0t0D04RSxvYZHIq7VnHt3W9zz901s1Z7ZnGQjyUrIVua0IzOw4MHvnDWJ=w800-h600-no\" data-link=\"https:\/\/photos.google.com\/album\/AF1QipMtj5XE5Yp-_2xsNebRMhK5EIKoV3rcMlg7uEc\/photo\/AF1QipOYag_shjMf4vRKa15IAhiYo1wPVxI503zzBsU\" \/><\/div>\n<p><script type=\"text\/javascript\" src=\"https:\/\/cdn.jsdelivr.net\/jquery\/1.12.3\/jquery.min.js\"><\/script><br \/>\n<script><br \/>\n (MyGalleries=(typeof MyGalleries === 'undefined' ? [] : MyGalleries)).push({gallId:'#1A335',autoplay:true,lightbox:true,debug:false,popupLinks:true});<br \/>\n if(typeof GalleryLoaded === 'undefined'){<br \/>\n  GalleryLoaded = jQuery(function(){<br \/>\n   jQuery.ajax({url:'https:\/\/cdn.jsdelivr.net\/galleria\/1.4.2\/galleria.min.js',dataType:'script',cache:true}).done(function(){<br \/>\n    Galleria.loadTheme('https:\/\/cdn.jsdelivr.net\/galleria\/1.4.2\/themes\/classic\/galleria.classic.js');<br \/>\n    for(var n in MyGalleries){<br \/>\n     Galleria.run(MyGalleries[n].gallId, MyGalleries[n]);<br \/>\n     jQuery(MyGalleries[n].gallId).css('display','block');<br \/>\n    }<br \/>\n   });<br \/>\n  });<br \/>\n }<br \/>\n<\/script><\/p>\n<p>Actualment \u00e9s un <strong>material de pr\u00e9stec per a \u00fas aut\u00f2nom<\/strong>.<\/p>\n<p>Hem fet una adaptaci\u00f3 d&#8217;un m\u00f2dul del programa APQUA. Consisteix en un treball de simulaci\u00f3 en el que els alumnes investiguen un cas de contaminaci\u00f3 d&#8217;aig\u00fces subterr\u00e0nies. Comen\u00e7arem enviant un text en forma de not\u00edcia sobre un gos pressumptament intoxicat&#8230;<\/p>\n<p>A l&#8217;aula i en grups, els alumnes han d&#8217;estudiar el problema, elaborar un pla d&#8217;investigaci\u00f3 amb perforacions del terreny i an\u00e0lisis simulats fins a con\u00e8ixer l&#8217;origen del contaminant i acabant amb una presa de decisions per a resoldre el problema. \u00c9s una activitat molt participativa en la que es tracten q\u00fcestions geol\u00f2giques, qu\u00edmiques, ambientals, socials, econ\u00f2miques &#8230;<\/p>\n<p>Si en voleu saber m\u00e9s coses, podeu consultar-ho a la <a href=\"https:\/\/urvdivulga.cat\/el_projecte_apqua\/el-programa-escolar\/moduls-secundaria\/c_vallfrondosa\/\">p\u00e0gina d&#8217;APQUA<\/a>.<\/p>\n<p>Per als centres que no coneguin el programa APQUA seria una bona manera d\u2019introduir-s\u2019hi. Aquest m\u00f2dul i altres del programa els podeu obtenir per al seu \u00fas aut\u00f2nom mitjan\u00e7ant el nostre <a href=\"http:\/\/www.xtec.cat\/cda-bages\/paginesdeserveis\/prestec\/llistamaterials.htm\" target=\"_blank\" rel=\"noopener\">material de pr\u00e9stec<\/a>.<\/p>\n","protected":false},"excerpt":{"rendered":"<p>Actualment \u00e9s un material de pr\u00e9stec per a \u00fas aut\u00f2nom. Hem fet una adaptaci\u00f3 d&#8217;un m\u00f2dul del programa APQUA. Consisteix en un treball de simulaci\u00f3 en el que els alumnes investiguen un cas de contaminaci\u00f3 d&#8217;aig\u00fces subterr\u00e0nies. Comen\u00e7arem enviant un text en forma de not\u00edcia sobre un gos pressumptament intoxicat&#8230; A l&#8217;aula i en grups, [&hellip;]<\/p>\n","protected":false},"author":3,"featured_media":0,"parent":0,"menu_order":410,"comment_status":"closed","ping_status":"closed","template":"","meta":{"_bbp_topic_count":0,"_bbp_reply_count":0,"_bbp_total_topic_count":0,"_bbp_total_reply_count":0,"_bbp_voice_count":0,"_bbp_anonymous_reply_count":0,"_bbp_topic_count_hidden":0,"_bbp_reply_count_hidden":0,"_bbp_forum_subforum_count":0,"site-sidebar-layout":"default","site-content-layout":"","ast-site-content-layout":"default","site-content-style":"default","site-sidebar-style":"default","ast-global-header-display":"","ast-banner-title-visibility":"","ast-main-header-display":"","ast-hfb-above-header-display":"","ast-hfb-below-header-display":"","ast-hfb-mobile-header-display":"","site-post-title":"","ast-breadcrumbs-content":"","ast-featured-img":"","footer-sml-layout":"","theme-transparent-header-meta":"","adv-header-id-meta":"","stick-header-meta":"","header-above-stick-meta":"","header-main-stick-meta":"","header-below-stick-meta":"","astra-migrate-meta-layouts":"set","ast-page-background-enabled":"default","ast-page-background-meta":{"desktop":{"background-color":"var(--ast-global-color-4)","background-image":"","background-repeat":"repeat","background-position":"center center","background-size":"auto","background-attachment":"scroll","background-type":"","background-media":"","overlay-type":"","overlay-color":"","overlay-opacity":"","overlay-gradient":""},"tablet":{"background-color":"","background-image":"","background-repeat":"repeat","background-position":"center center","background-size":"auto","background-attachment":"scroll","background-type":"","background-media":"","overlay-type":"","overlay-color":"","overlay-opacity":"","overlay-gradient":""},"mobile":{"background-color":"","background-image":"","background-repeat":"repeat","background-position":"center center","background-size":"auto","background-attachment":"scroll","background-type":"","background-media":"","overlay-type":"","overlay-color":"","overlay-opacity":"","overlay-gradient":""}},"ast-content-background-meta":{"desktop":{"background-color":"var(--ast-global-color-5)","background-image":"","background-repeat":"repeat","background-position":"center center","background-size":"auto","background-attachment":"scroll","background-type":"","background-media":"","overlay-type":"","overlay-color":"","overlay-opacity":"","overlay-gradient":""},"tablet":{"background-color":"var(--ast-global-color-5)","background-image":"","background-repeat":"repeat","background-position":"center center","background-size":"auto","background-attachment":"scroll","background-type":"","background-media":"","overlay-type":"","overlay-color":"","overlay-opacity":"","overlay-gradient":""},"mobile":{"background-color":"var(--ast-global-color-5)","background-image":"","background-repeat":"repeat","background-position":"center center","background-size":"auto","background-attachment":"scroll","background-type":"","background-media":"","overlay-type":"","overlay-color":"","overlay-opacity":"","overlay-gradient":""}},"footnotes":""},"class_list":["post-1512","page","type-page","status-publish","hentry"],"post_mailing_queue_ids":[],"_links":{"self":[{"href":"https:\/\/serveiseducatius.xtec.cat\/cda-bages\/wp-json\/wp\/v2\/pages\/1512","targetHints":{"allow":["GET"]}}],"collection":[{"href":"https:\/\/serveiseducatius.xtec.cat\/cda-bages\/wp-json\/wp\/v2\/pages"}],"about":[{"href":"https:\/\/serveiseducatius.xtec.cat\/cda-bages\/wp-json\/wp\/v2\/types\/page"}],"author":[{"embeddable":true,"href":"https:\/\/serveiseducatius.xtec.cat\/cda-bages\/wp-json\/wp\/v2\/users\/3"}],"replies":[{"embeddable":true,"href":"https:\/\/serveiseducatius.xtec.cat\/cda-bages\/wp-json\/wp\/v2\/comments?post=1512"}],"version-history":[{"count":6,"href":"https:\/\/serveiseducatius.xtec.cat\/cda-bages\/wp-json\/wp\/v2\/pages\/1512\/revisions"}],"predecessor-version":[{"id":11426,"href":"https:\/\/serveiseducatius.xtec.cat\/cda-bages\/wp-json\/wp\/v2\/pages\/1512\/revisions\/11426"}],"wp:attachment":[{"href":"https:\/\/serveiseducatius.xtec.cat\/cda-bages\/wp-json\/wp\/v2\/media?parent=1512"}],"curies":[{"name":"wp","href":"https:\/\/api.w.org\/{rel}","templated":true}]}}