{"id":1510,"date":"2014-07-24T12:48:29","date_gmt":"2014-07-24T11:48:29","guid":{"rendered":"http:\/\/blocs.xtec.cat\/cdabages\/?page_id=1510"},"modified":"2026-01-09T11:48:02","modified_gmt":"2026-01-09T10:48:02","slug":"potabilitzacio-al-laboratori","status":"publish","type":"page","link":"https:\/\/serveiseducatius.xtec.cat\/cda-bages\/ambits\/aigua\/potabilitzacio-al-laboratori\/","title":{"rendered":"Potabilitzaci\u00f3 al laboratori"},"content":{"rendered":"\n<div class=\"wp-block-getwid-images-slider has-arrows-inside has-dots-inside is-carousel has-slides-gap-small has-images-center has-cropped-images\"><div class=\"wp-block-getwid-images-slider__wrapper\" data-effect=\"slide\" data-slides-show=\"2\" data-slides-show-laptop=\"1\" data-slides-show-tablet=\"1\" data-slides-show-mobile=\"1\" data-slides-scroll=\"1\" data-autoplay=\"false\" data-pause-hover=\"false\" data-autoplay-speed=\"6000\" data-infinite=\"true\" data-animation-speed=\"800\" data-center-mode=\"false\" data-variable-width=\"false\" data-arrows=\"inside\" data-dots=\"inside\" data-spacing=\"small\"><div class=\"wp-block-getwid-images-slider__item\"><figure><img loading=\"lazy\" decoding=\"async\" width=\"2560\" height=\"1440\" src=\"https:\/\/serveiseducatius.xtec.cat\/cda-bages\/wp-content\/uploads\/usu1387\/2026\/01\/20140121_154418-scaled.jpg\" alt=\"Afegint lleixiu a l'aigua\" data-id=\"11206\" data-link=\"https:\/\/serveiseducatius.xtec.cat\/cda-bages\/ambits\/aigua\/potabilitzacio-al-laboratori\/attachment\/%c2%8d%c2%8d%c2%8b%c2%91%c2%8d%c2%8b%c2%8b%c2%8c%c2%8c%c2%8b%c2%8a%c2%8b%c2%8b%c2%8a\/\" data-original-link=\"https:\/\/serveiseducatius.xtec.cat\/cda-bages\/wp-content\/uploads\/usu1387\/2026\/01\/20140121_154418-scaled.jpg\" class=\"wp-block-getwid-images-slider__image wp-image-11206\" srcset=\"https:\/\/serveiseducatius.xtec.cat\/cda-bages\/wp-content\/uploads\/usu1387\/2026\/01\/20140121_154418-scaled.jpg 2560w, https:\/\/serveiseducatius.xtec.cat\/cda-bages\/wp-content\/uploads\/usu1387\/2026\/01\/20140121_154418-300x169.jpg 300w, https:\/\/serveiseducatius.xtec.cat\/cda-bages\/wp-content\/uploads\/usu1387\/2026\/01\/20140121_154418-1024x576.jpg 1024w, https:\/\/serveiseducatius.xtec.cat\/cda-bages\/wp-content\/uploads\/usu1387\/2026\/01\/20140121_154418-768x432.jpg 768w, https:\/\/serveiseducatius.xtec.cat\/cda-bages\/wp-content\/uploads\/usu1387\/2026\/01\/20140121_154418-1536x864.jpg 1536w, https:\/\/serveiseducatius.xtec.cat\/cda-bages\/wp-content\/uploads\/usu1387\/2026\/01\/20140121_154418-2048x1152.jpg 2048w\" sizes=\"auto, (max-width: 2560px) 100vw, 2560px\" \/><\/figure><\/div><div class=\"wp-block-getwid-images-slider__item\"><figure><img loading=\"lazy\" decoding=\"async\" width=\"1200\" height=\"1171\" src=\"https:\/\/serveiseducatius.xtec.cat\/cda-bages\/wp-content\/uploads\/usu1387\/2026\/01\/IMG-20251107-WA0001.jpg\" alt=\"Remenant l'aigua amb PAC\" data-id=\"11209\" data-link=\"https:\/\/serveiseducatius.xtec.cat\/cda-bages\/ambits\/aigua\/potabilitzacio-al-laboratori\/attachment\/img-20251107-wa0001\/\" data-original-link=\"https:\/\/serveiseducatius.xtec.cat\/cda-bages\/wp-content\/uploads\/usu1387\/2026\/01\/IMG-20251107-WA0001.jpg\" class=\"wp-block-getwid-images-slider__image wp-image-11209\" srcset=\"https:\/\/serveiseducatius.xtec.cat\/cda-bages\/wp-content\/uploads\/usu1387\/2026\/01\/IMG-20251107-WA0001.jpg 1200w, https:\/\/serveiseducatius.xtec.cat\/cda-bages\/wp-content\/uploads\/usu1387\/2026\/01\/IMG-20251107-WA0001-300x293.jpg 300w, https:\/\/serveiseducatius.xtec.cat\/cda-bages\/wp-content\/uploads\/usu1387\/2026\/01\/IMG-20251107-WA0001-1024x999.jpg 1024w, https:\/\/serveiseducatius.xtec.cat\/cda-bages\/wp-content\/uploads\/usu1387\/2026\/01\/IMG-20251107-WA0001-768x749.jpg 768w\" sizes=\"auto, (max-width: 1200px) 100vw, 1200px\" \/><\/figure><\/div><div class=\"wp-block-getwid-images-slider__item\"><figure><img loading=\"lazy\" decoding=\"async\" width=\"1024\" height=\"686\" src=\"https:\/\/serveiseducatius.xtec.cat\/cda-bages\/wp-content\/uploads\/usu1387\/2026\/01\/20140121_154623-1-1.jpg\" alt=\"Observant com decanta el fang amb el PAC\" data-id=\"11214\" data-link=\"https:\/\/serveiseducatius.xtec.cat\/cda-bages\/ambits\/aigua\/potabilitzacio-al-laboratori\/attachment\/20140121_154623-1\/\" data-original-link=\"https:\/\/serveiseducatius.xtec.cat\/cda-bages\/wp-content\/uploads\/usu1387\/2026\/01\/20140121_154623-1-1.jpg\" class=\"wp-block-getwid-images-slider__image wp-image-11214\" srcset=\"https:\/\/serveiseducatius.xtec.cat\/cda-bages\/wp-content\/uploads\/usu1387\/2026\/01\/20140121_154623-1-1.jpg 1024w, https:\/\/serveiseducatius.xtec.cat\/cda-bages\/wp-content\/uploads\/usu1387\/2026\/01\/20140121_154623-1-1-300x201.jpg 300w, https:\/\/serveiseducatius.xtec.cat\/cda-bages\/wp-content\/uploads\/usu1387\/2026\/01\/20140121_154623-1-1-768x515.jpg 768w\" sizes=\"auto, (max-width: 1024px) 100vw, 1024px\" \/><\/figure><\/div><div class=\"wp-block-getwid-images-slider__item\"><figure><img loading=\"lazy\" decoding=\"async\" width=\"2560\" height=\"1440\" src=\"https:\/\/serveiseducatius.xtec.cat\/cda-bages\/wp-content\/uploads\/usu1387\/2026\/01\/20140121_155057-scaled.jpg\" alt=\"Fent una decantaci\u00f3\" data-id=\"11208\" data-link=\"https:\/\/serveiseducatius.xtec.cat\/cda-bages\/ambits\/aigua\/potabilitzacio-al-laboratori\/attachment\/oooo%c2%b6o%c2%bd%c2%bd%c2%bc%c2%bcooo\/\" data-original-link=\"https:\/\/serveiseducatius.xtec.cat\/cda-bages\/wp-content\/uploads\/usu1387\/2026\/01\/20140121_155057-scaled.jpg\" class=\"wp-block-getwid-images-slider__image wp-image-11208\" srcset=\"https:\/\/serveiseducatius.xtec.cat\/cda-bages\/wp-content\/uploads\/usu1387\/2026\/01\/20140121_155057-scaled.jpg 2560w, https:\/\/serveiseducatius.xtec.cat\/cda-bages\/wp-content\/uploads\/usu1387\/2026\/01\/20140121_155057-300x169.jpg 300w, https:\/\/serveiseducatius.xtec.cat\/cda-bages\/wp-content\/uploads\/usu1387\/2026\/01\/20140121_155057-1024x576.jpg 1024w, https:\/\/serveiseducatius.xtec.cat\/cda-bages\/wp-content\/uploads\/usu1387\/2026\/01\/20140121_155057-768x432.jpg 768w, https:\/\/serveiseducatius.xtec.cat\/cda-bages\/wp-content\/uploads\/usu1387\/2026\/01\/20140121_155057-1536x864.jpg 1536w, https:\/\/serveiseducatius.xtec.cat\/cda-bages\/wp-content\/uploads\/usu1387\/2026\/01\/20140121_155057-2048x1152.jpg 2048w\" sizes=\"auto, (max-width: 2560px) 100vw, 2560px\" \/><\/figure><\/div><div class=\"wp-block-getwid-images-slider__item\"><figure><img loading=\"lazy\" decoding=\"async\" width=\"2560\" height=\"2355\" src=\"https:\/\/serveiseducatius.xtec.cat\/cda-bages\/wp-content\/uploads\/usu1387\/2026\/01\/IMG_20211102_164335-scaled.jpg\" alt=\"Fent servir el filtre de sorra\" data-id=\"11210\" data-link=\"https:\/\/serveiseducatius.xtec.cat\/cda-bages\/ambits\/aigua\/potabilitzacio-al-laboratori\/attachment\/img_20211102_164335\/\" data-original-link=\"https:\/\/serveiseducatius.xtec.cat\/cda-bages\/wp-content\/uploads\/usu1387\/2026\/01\/IMG_20211102_164335-scaled.jpg\" class=\"wp-block-getwid-images-slider__image wp-image-11210\" srcset=\"https:\/\/serveiseducatius.xtec.cat\/cda-bages\/wp-content\/uploads\/usu1387\/2026\/01\/IMG_20211102_164335-scaled.jpg 2560w, https:\/\/serveiseducatius.xtec.cat\/cda-bages\/wp-content\/uploads\/usu1387\/2026\/01\/IMG_20211102_164335-300x276.jpg 300w, https:\/\/serveiseducatius.xtec.cat\/cda-bages\/wp-content\/uploads\/usu1387\/2026\/01\/IMG_20211102_164335-1024x942.jpg 1024w, https:\/\/serveiseducatius.xtec.cat\/cda-bages\/wp-content\/uploads\/usu1387\/2026\/01\/IMG_20211102_164335-768x707.jpg 768w, https:\/\/serveiseducatius.xtec.cat\/cda-bages\/wp-content\/uploads\/usu1387\/2026\/01\/IMG_20211102_164335-1536x1413.jpg 1536w, https:\/\/serveiseducatius.xtec.cat\/cda-bages\/wp-content\/uploads\/usu1387\/2026\/01\/IMG_20211102_164335-2048x1884.jpg 2048w\" sizes=\"auto, (max-width: 2560px) 100vw, 2560px\" \/><\/figure><\/div><\/div><\/div>\n\n\n\n<div style=\"height:30px\" aria-hidden=\"true\" class=\"wp-block-spacer\"><\/div>\n\n\n\n<div class=\"wp-block-getwid-tabs\" data-active-tab=\"0\"><ul class=\"wp-block-getwid-tabs__nav-links\"><\/ul>\n<div class=\"wp-block-getwid-tabs__nav-link\"><span class=\"wp-block-getwid-tabs__title-wrapper\"><a href=\"#\"><span class=\"wp-block-getwid-tabs__title\">Descripci\u00f3<\/span><\/a><\/span><\/div><div class=\"wp-block-getwid-tabs__tab-content-wrapper\"><div class=\"wp-block-getwid-tabs__tab-content\">\n<p>Es tracta d&#8217;un taller en el qual reprodu\u00efm en un model redu\u00eft els processos f\u00edsics i qu\u00edmics m\u00e9s habituals de la potabilitzaci\u00f3 de l&#8217;aigua: la cloraci\u00f3, la decantaci\u00f3 i la filtraci\u00f3.<\/p>\n\n\n\n<p>A m\u00e9s a m\u00e9s de fer l&#8217;activitat, el Camp d&#8217;Aprenentatge ofereix deixar aquest material en pr\u00e9stec.<\/p>\n\n\n\n<div class=\"wp-block-columns is-layout-flex wp-container-core-columns-is-layout-1 wp-block-columns-is-layout-flex\">\n<div class=\"wp-block-column is-layout-flow wp-block-column-is-layout-flow\" style=\"flex-basis:66.66%\">\n<div class=\"wp-block-getwid-table\"><table><tbody><tr><td style=\"color:var(--ast-global-color-0);border-color:var(--ast-global-color-8);border-width:1px\">Nivells<\/td><td style=\"color:var(--ast-global-color-8);border-color:var(--ast-global-color-8);border-width:1px\">CM, CS i 1r cicle ESO<\/td><\/tr><tr><td style=\"border-color:var(--ast-global-color-8);color:var(--ast-global-color-0);border-width:1px\">Durada<\/td><td style=\"border-color:var(--ast-global-color-8);border-width:1px\">Uns 45-60 minuts<\/td><\/tr><tr><td style=\"border-color:var(--ast-global-color-8);color:var(--ast-global-color-0);border-width:1px\">Lloc de trobada<\/td><td style=\"border-color:var(--ast-global-color-8);border-width:1px\"><a href=\"https:\/\/www.google.es\/maps\/@41.8042657,1.8948424,16.75z\/data=!4m2!6m1!1sz2fTI2d8YDBA.k4_yOfRkeC1o?hl=ca\">Casa de la Culla (<\/a><a href=\"https:\/\/www.google.es\/maps\/@41.7201765,1.8376978,17z\/data=!3m1!4b1!4m2!6m1!1s1MIf1fx4Yl1rTnHrOfh45t-Hr7BM?hl=ca\" target=\"_blank\" rel=\"noreferrer noopener\">mapa<\/a>) o al vostre centre.<\/td><\/tr><\/tbody><\/table><\/div>\n<\/div>\n\n\n\n<div class=\"wp-block-column is-layout-flow wp-block-column-is-layout-flow\" style=\"flex-basis:33.33%\">\n<p><strong>RECOMANACIONS<\/strong><\/p>\n\n\n\n<p>Treballarem al laboratori amb grups de 3-4 alumnes.<\/p>\n<\/div>\n<\/div>\n<\/div><\/div>\n\n\n\n<div class=\"wp-block-getwid-tabs__nav-link\"><span class=\"wp-block-getwid-tabs__title-wrapper\"><a href=\"#\"><span class=\"wp-block-getwid-tabs__title\">Materials de treball<\/span><\/a><\/span><\/div><div class=\"wp-block-getwid-tabs__tab-content-wrapper\"><div class=\"wp-block-getwid-tabs__tab-content\">\n<p><strong>Fitxes de treball:<\/strong><\/p>\n\n\n\n<p>No n&#8217;hi ha.<\/p>\n\n\n\n<p><strong>Treball previ o posterior:<\/strong><\/p>\n\n\n\n<div class=\"wp-block-buttons is-layout-flex wp-block-buttons-is-layout-flex\">\n<div class=\"wp-block-button\"><a class=\"wp-block-button__link has-background wp-element-button\" href=\"https:\/\/drive.google.com\/file\/d\/0BzWPKr0lE8MKUXhhSkpxT29EUDQ\/edit?resourcekey=0-ATu6cKKRZHKWqd041MyClw\" style=\"background-color:#46a60296\" target=\"_blank\" rel=\"noreferrer noopener\">Cicle del consum de l&#8217;aigua<\/a><\/div>\n\n\n\n<div class=\"wp-block-button\"><a class=\"wp-block-button__link has-background wp-element-button\" href=\"https:\/\/drive.google.com\/file\/d\/0BzWPKr0lE8MKYUtUTWZRYnlhdzg\/edit?resourcekey=0-awiVX9AljBdrlRlipjppTA\" style=\"background-color:#46a60296\" target=\"_blank\" rel=\"noreferrer noopener\">Resum del treball al laboratori<\/a><\/div>\n<\/div>\n\n\n\n<div style=\"height:20px\" aria-hidden=\"true\" class=\"wp-block-spacer\"><\/div>\n\n\n\n<p>Tamb\u00e9 podeu veure el cicle del consum de l&#8217;aigua des de la seva captaci\u00f3 al riu fins que hi retorna un cop depurada, al<strong> v\u00eddeo<\/strong> <a href=\"https:\/\/youtu.be\/sNzs_PjCmTA\" target=\"_blank\" rel=\"noreferrer noopener\">&#8220;L&#8217;aigua, del riu al riu&#8221;<\/a>.<\/p>\n<\/div><\/div>\n\n\n\n<div class=\"wp-block-getwid-tabs__nav-link\"><span class=\"wp-block-getwid-tabs__title-wrapper\"><a href=\"#\"><span class=\"wp-block-getwid-tabs__title\">Relaci\u00f3 amb el curr\u00edculum<\/span><\/a><\/span><\/div><div class=\"wp-block-getwid-tabs__tab-content-wrapper\"><div class=\"wp-block-getwid-tabs__tab-content\">\n<p>En els seg\u00fcents enlla\u00e7os podreu descarregar la nostra proposta per encaixar l\u2019activitat en un context i amb un repte, on es detallen els objectius, compet\u00e8ncies b\u00e0siques, l\u2019avaluaci\u00f3, els sabers i els ODS mobilitzats.<\/p>\n\n\n\n<p>Pendent d&#8217;elaborar<\/p>\n<\/div><\/div>\n<\/div>\n","protected":false},"excerpt":{"rendered":"","protected":false},"author":3,"featured_media":0,"parent":8403,"menu_order":20,"comment_status":"closed","ping_status":"closed","template":"","meta":{"_bbp_topic_count":0,"_bbp_reply_count":0,"_bbp_total_topic_count":0,"_bbp_total_reply_count":0,"_bbp_voice_count":0,"_bbp_anonymous_reply_count":0,"_bbp_topic_count_hidden":0,"_bbp_reply_count_hidden":0,"_bbp_forum_subforum_count":0,"site-sidebar-layout":"default","site-content-layout":"","ast-site-content-layout":"default","site-content-style":"default","site-sidebar-style":"default","ast-global-header-display":"","ast-banner-title-visibility":"","ast-main-header-display":"","ast-hfb-above-header-display":"","ast-hfb-below-header-display":"","ast-hfb-mobile-header-display":"","site-post-title":"","ast-breadcrumbs-content":"","ast-featured-img":"","footer-sml-layout":"","theme-transparent-header-meta":"","adv-header-id-meta":"","stick-header-meta":"","header-above-stick-meta":"","header-main-stick-meta":"","header-below-stick-meta":"","astra-migrate-meta-layouts":"set","ast-page-background-enabled":"default","ast-page-background-meta":{"desktop":{"background-color":"var(--ast-global-color-4)","background-image":"","background-repeat":"repeat","background-position":"center center","background-size":"auto","background-attachment":"scroll","background-type":"","background-media":"","overlay-type":"","overlay-color":"","overlay-opacity":"","overlay-gradient":""},"tablet":{"background-color":"","background-image":"","background-repeat":"repeat","background-position":"center center","background-size":"auto","background-attachment":"scroll","background-type":"","background-media":"","overlay-type":"","overlay-color":"","overlay-opacity":"","overlay-gradient":""},"mobile":{"background-color":"","background-image":"","background-repeat":"repeat","background-position":"center center","background-size":"auto","background-attachment":"scroll","background-type":"","background-media":"","overlay-type":"","overlay-color":"","overlay-opacity":"","overlay-gradient":""}},"ast-content-background-meta":{"desktop":{"background-color":"var(--ast-global-color-5)","background-image":"","background-repeat":"repeat","background-position":"center center","background-size":"auto","background-attachment":"scroll","background-type":"","background-media":"","overlay-type":"","overlay-color":"","overlay-opacity":"","overlay-gradient":""},"tablet":{"background-color":"var(--ast-global-color-5)","background-image":"","background-repeat":"repeat","background-position":"center center","background-size":"auto","background-attachment":"scroll","background-type":"","background-media":"","overlay-type":"","overlay-color":"","overlay-opacity":"","overlay-gradient":""},"mobile":{"background-color":"var(--ast-global-color-5)","background-image":"","background-repeat":"repeat","background-position":"center center","background-size":"auto","background-attachment":"scroll","background-type":"","background-media":"","overlay-type":"","overlay-color":"","overlay-opacity":"","overlay-gradient":""}},"footnotes":""},"class_list":["post-1510","page","type-page","status-publish","hentry"],"post_mailing_queue_ids":[],"_links":{"self":[{"href":"https:\/\/serveiseducatius.xtec.cat\/cda-bages\/wp-json\/wp\/v2\/pages\/1510","targetHints":{"allow":["GET"]}}],"collection":[{"href":"https:\/\/serveiseducatius.xtec.cat\/cda-bages\/wp-json\/wp\/v2\/pages"}],"about":[{"href":"https:\/\/serveiseducatius.xtec.cat\/cda-bages\/wp-json\/wp\/v2\/types\/page"}],"author":[{"embeddable":true,"href":"https:\/\/serveiseducatius.xtec.cat\/cda-bages\/wp-json\/wp\/v2\/users\/3"}],"replies":[{"embeddable":true,"href":"https:\/\/serveiseducatius.xtec.cat\/cda-bages\/wp-json\/wp\/v2\/comments?post=1510"}],"version-history":[{"count":6,"href":"https:\/\/serveiseducatius.xtec.cat\/cda-bages\/wp-json\/wp\/v2\/pages\/1510\/revisions"}],"predecessor-version":[{"id":11243,"href":"https:\/\/serveiseducatius.xtec.cat\/cda-bages\/wp-json\/wp\/v2\/pages\/1510\/revisions\/11243"}],"up":[{"embeddable":true,"href":"https:\/\/serveiseducatius.xtec.cat\/cda-bages\/wp-json\/wp\/v2\/pages\/8403"}],"wp:attachment":[{"href":"https:\/\/serveiseducatius.xtec.cat\/cda-bages\/wp-json\/wp\/v2\/media?parent=1510"}],"curies":[{"name":"wp","href":"https:\/\/api.w.org\/{rel}","templated":true}]}}