{"id":1475,"date":"2014-07-24T12:06:34","date_gmt":"2014-07-24T11:06:34","guid":{"rendered":"http:\/\/blocs.xtec.cat\/cdabages\/?page_id=1475"},"modified":"2026-02-09T14:53:20","modified_gmt":"2026-02-09T13:53:20","slug":"materials-geologics-i-les-seves-aplicacions","status":"publish","type":"page","link":"https:\/\/serveiseducatius.xtec.cat\/cda-bages\/materials-geologics-i-les-seves-aplicacions\/","title":{"rendered":"Materials geol\u00f2gics i les seves aplicacions"},"content":{"rendered":"<div id=\"184ED\" style=\"width: 100%; height: 600px; display: none;\"><img decoding=\"async\" src=\"https:\/\/lh3.googleusercontent.com\/43dyrNFn-CMeX9HA260uVYteoJe78krxqUaQOP7cOvCi8yge6j7cSni4g3tVGwjYl9TFlxODGrBXjisPb4RHuKSYGgdA_KrYZJX6pZnELfh0lwm0fxZuS_0mi8gFN8zTMUAEVcM_i7JCSCG1Y_fgzRXr8P9-vgpr2UsREvkMeHgUgOWqCJ_3fxibvFp3ktKY2r8urHatnra83vro3XJk6zxpla-Ln94HJAW8mP8aGj2GXpWBUB_aN-Eu_DifDaEDIHADgI3m5mQ7KzvAap1IvfXni6ymaP_PVj781jd-m7bZiwmWIH07y8cfQ2ks0_CklTbyRYzeblotXfJYygV7HtOblJeD8W3SczNqlfkJag_X8X8a4d35vDhGK7a7T1eGSm4N1xGgTfd8u2ZJtcVqB6L5M8zLtKDNRBK2qYQ8Oc1c3yye3RUPazXXbTop1yQAsjmxiuHZwL2yAdwLTy5yiCeo33iRFxcg38OJ3PVnNGHNHEfxGu5lYMZoxYUJjKmtx0wXs6G-8ZZJMPYykqnLqZfyE55F-sGjnPMA9wWu9B4MQlARUCsS4M2ZXXakysFhly5jSpl8uj3kuqf4PA7mRCBhlfwDDh-LqG_xqii34S2ei5lhNP_F00psiC7rO4XFsxIf0zmgXbuQ0ryB9IaoxWKe2RrOgzqHorcapGyOBLQlhWlxFS0KyF2in4pDmNsRB6VdRn3V6Gs7vfOO0g=w800-h600-no\" data-link=\"https:\/\/photos.google.com\/share\/AF1QipPQKG-f9OxYWCTVMA2VICYopeVq0mvoXzkl0Zm__bCA7qV9y1cZJoqfFjA6YCd7gw\/photo\/AF1QipNX9xwcSKRhwiCeKJl6bh13k1UySI-p3rbKQBo?key=eDhkMEhnUEpwb0Z1QUV2cUItWUtOams0VFNzWlln\" \/><br \/>\n<img decoding=\"async\" src=\"https:\/\/lh3.googleusercontent.com\/Zecob1r9aIfksYP9uV_7a9fwWeQyHyHalcbrUXWR1xTYqXznOKuJokHXMOwRDB9uu8ECH1rGt-bqDO3-rWfT7TXO5ls6glfx5AcBWPqbwcY_Qk_K2JfzFOb2hSNtJWFQmXWOLd2qV297emIC098ZVebDAKzz7_eNfI75YkCURWzjfQBSgN8GY4keSgkms7mZko2G_Zz9dRjgpdAm3GoA5jRFJ09Pt7X5ySsnW4AnGvtg-dTwQ0OhcwnH0wiy_SzyjjyRfWWqIEIiJDGybZiU_QHyIV8mzVBQF4nFGLFxQzvuvNfs3Tb48im4HjmVi5fy4W3a22GuAKdfa6CuzHhRymhW5EUF1HS2H8XijrMf9MeAwEY4sJBY2ZorqcbzLenIa6F6zWLymNm__e05u33SmFzOleQrV4384-nbSL0D_IDFw3UatgEvswF2jAdgjCWeI3wesM_vEMT4Ctd0f3Y1es-_LzryaAN1IqJV8J_LseytcVnQB02bn6cmxS5zvcubNjXJM0JQs3IXDva2O4szih9nIa_biQY7Bff5CYYWXcHyKJE2iwyTukT49tm1uSYFltRs9IqRB1E3ueP6ekgwpzkkHdMXUFP0DG_2jq89Rbq6y9xthOC9J9W1kPDaqNPrcmM2BFiq4qsRJgYRKHA1eD-trGUi9WKr1EizJTlUcODuxrdXEoqJw0XsjwOVcNKV79RQ-VRlyQNte9ufRQ=w800-h600-no\" data-link=\"https:\/\/photos.google.com\/share\/AF1QipPQKG-f9OxYWCTVMA2VICYopeVq0mvoXzkl0Zm__bCA7qV9y1cZJoqfFjA6YCd7gw\/photo\/AF1QipPZaN99a4VcGyIir0xsBUYldLLtS7WIC_CuJkY?key=eDhkMEhnUEpwb0Z1QUV2cUItWUtOams0VFNzWlln\" \/><br \/>\n<img decoding=\"async\" src=\"https:\/\/lh3.googleusercontent.com\/ZVPh0X-Me1pUrV8K1QGgYivZZSgGVLGWz3SIK7yXtVEZq5H-AgdkiqvwDINi0hB_ZFYJnZdSKu05nZPR68HC3A-m7CSFPFnOkow1G9KU1RNCuI4i3PAwfqAbmTSuUSJf0T172uZCiM8JW8Ue4Glt5Pp04inOyA_MSe-PVJ_jAoBjeoaX6tES2dYAK0VbehpraIfTNh_KhdRpVY4-UgBS69EN6EuGVR0cpaOtKikbml5o5nXbjK0P6T8Y3jrVf0gMsonvqFH3NBxg4Yz4hLLU8q2nt7wIbFyHYS-kqv-A_jXrKlrv15rhS6u5uNTh6_9_mhhl5HDifXOCvq48khRFQfk_C4-cwTW29jKJMCHRKYj4A1wHUXTfUhhPiSi7q9KueBPXvoLfDjVEy2xJ7d_jLdMidcu2aTiHgKj6VWudjuZ-bzgAQEa_haJYRjuWOkIu9u1-elJZLlsjFOzuvlL71aeP3lJ5tZgPhPPaCt7rHNb9PTcHgs13ZtHaaVZGyRDHby2_J7tPKny4xLZgsJdOKsMb_3M_9Dy1-hMhYC3DY4AGM3NSxotMUlBNB0fchNlDWe83ikm4xVFOmigQisAI4pZfxU55g9h0NFUKOx3yqHLYncfwsLoiaMCedLEw-jKEKBaa9lduBd8RvYd-FBfL2s1aCjFMdtzj4ICtGLrWo6tExQR8a6FpuAowwiD92605FUQ0Rjaq7MAXwMesUg=w800-h600-no\" data-link=\"https:\/\/photos.google.com\/share\/AF1QipPQKG-f9OxYWCTVMA2VICYopeVq0mvoXzkl0Zm__bCA7qV9y1cZJoqfFjA6YCd7gw\/photo\/AF1QipOmbrR70cwbFASR0nN3opNNz1aJCYWBvQeMo-w?key=eDhkMEhnUEpwb0Z1QUV2cUItWUtOams0VFNzWlln\" \/><br \/>\n<img decoding=\"async\" src=\"https:\/\/lh3.googleusercontent.com\/ig4eJAbQOgOWX7ZXx0bkaKlvD8a15nqRO1A_rbt-Oxgh_fgbJ_hU8srUKuKisK5Od-HXHrc6NRoS0GkGF-XGTulnWXJZCYl_Hepz8sQh5t2qXINoc_PbBRfS8r94Xqpyjn_lYoX9kDlLAvZMIvuvxITgwvUiRRIRIcDNJH19g-Pbldxl90hyIvJ3qxRxIc62pB06I4OX2_ZgUBGLZMDx8Ckz4Yjnn7qVBFi1i7wqvKSFDaJvod5ZV8i5FuQdw6ohRo4Qt8mwU1FJZMKFdimYWjKgeOjlRLD4w-QIqvk_Lxt9R4QBdUIso6NFX__PFGCTJws_LWkQVeCUyon_qemYlX6pR-D3Tj3nL4SZqc9_61rtCjpL0pyR6wJ9f3cgVW0MUqCXy1SJT9acR5dVe_pX0AJEfbgfkmxD4mFIwenyP35Kz-wbXZZMXKtAKIyO2CmHqUvbgm59FdiqmAEKM74D5SugOcDQFxSLNIzjboNr7mVPJ6Sbg3nDRwOvRu1HZswrbzxndPtxj2NB6ojW1JrgOzA1etY8DgxteXxh-gks-UkNYdb_d-jZ68byd0zyuEDWuQBLuWtjxulsvz810Zx3jwAj93x1HlrjCsRosCBk3eRipVHkeS0aXhICynSG972Tvv41-hRcIZWtZDLMRePU6ih8UwSQSF0Wb6qa4TFrssxMz0mB-U7Mddof420pK3ySUybCE69QCPEf_cueqg=w800-h600-no\" data-link=\"https:\/\/photos.google.com\/share\/AF1QipPQKG-f9OxYWCTVMA2VICYopeVq0mvoXzkl0Zm__bCA7qV9y1cZJoqfFjA6YCd7gw\/photo\/AF1QipN0eYsybpoBS2vSLNZtTZHZl0IZmscG3rafs8M?key=eDhkMEhnUEpwb0Z1QUV2cUItWUtOams0VFNzWlln\" \/><br \/>\n<img decoding=\"async\" src=\"https:\/\/lh3.googleusercontent.com\/0HuQABpMBonLGTyXTnOlIHp17j_pQcAssBNTPTW9ncrGMxRWfUV77ODgMZzi2xPst4ukt-0DehKTbFvUJMx4Vctc3XiX8PJsW4cHkqA27FP7R5DpzVWsl5zU4Bux1VJrsBCoSPoZ_gU7y96GKzl5WhjlNjvfBhL3sRlXGTXVLhe3jUqfzGbAm1n_4ekEyVrhjlt-ECuOpyYfUsaq0sXYV5DDIh--JKPBc-Bg-sFuWtzIgk8TAAvST6kD6W_Ooa_pFXRvLBm-gvknx15dh41u6Q624lHnLvEXQ9m0mN_NVELRMS4kRycsMdglgpQbVLEVC-zCeq0bVZHBUztZajp0SRNuPMoCBRgsjHmGuR-TOjR-r1OAXixQqd6xxlnyemccLPeL-cbn9-uox-gfxhyY72fT9JeV3QLo1HFe5NLNzs40te7ZnXfcQrgZsFMClbjegEl_U6Nb-zoIWNs1edXC-xZsH9kmA9hr3_OvBhplSQdsLhpSw93wZJS8kEGljdvvC_9bAqHlkune5unqc6wvfeUV_tAEB35RTdxvFqTnyVvenkxsZygoyLfP85MKVfowWj7rLG_aHBtGx9gNc6fWVdqirhuLlqSan0A90Cvt7YPGcOd_SJ3GvlrPB8RE-dMS5wMs5tuCJMK8h0EPmkyarCwLtSUvGFXs6O3vbv76Lm1h89lW1zE0w2-fwSG_kKvYBU4TuQDJW8ni533dLg=w800-h600-no\" data-link=\"https:\/\/photos.google.com\/share\/AF1QipPQKG-f9OxYWCTVMA2VICYopeVq0mvoXzkl0Zm__bCA7qV9y1cZJoqfFjA6YCd7gw\/photo\/AF1QipOVTlRAvz6I2vH3ISb-0Xi-MTMyBEoFv4-UdQw?key=eDhkMEhnUEpwb0Z1QUV2cUItWUtOams0VFNzWlln\" \/><br \/>\n<img decoding=\"async\" src=\"https:\/\/lh3.googleusercontent.com\/UHN9cAIRy30RAFHm7yp35ZoiltUWbXIOqxtn3LaSPOqU0tgDMYMirM045Etgi_80NBhzTOMOu8zP0D0Lx8Nh9PnVLYqea8UL3Ngr1WKPr1Oc95WBwrWLErpbl7i5f57oNztkTpWRR-8gUneFJkakD0RdijpOPxJJb6NOBwG7zSOGTe-eS8g_7GbaCpbotcnsnyIAa4v5rIaJO5KDxxxb9NOCV2kEv7R-znXuyzidFN85y8t-IwMSVdpOOjPc-DDU5C5LEBRdew0lqMgrPQsjcFhejMTHuQf9hA6oTppppNQV-HyKkwjw_fRP2wjRL2DLxLpTr5Fx6vVH8F7Li0zCng4VWLDOZYs5qET_lMdCGzLZdhTFA82hprW-BnIa6yK6XJf-gBTyp9S8FKt3Z5xi-QlZRcC1d8hwCDTUnwkrzQP7HmeyhBSwx2LJDb51oAYCadsn2xfRcIjOjeH2PoRRIVSxjBsAIrfPjOFxgE85nKX4ZOY8qak_zoS5WaF4c78FtdqZMxAhJ5CU1tTUUyKDIUqTBVvM8C_W4OSJU5gQ4CO9Tyi5q3pu23LWBNR6mcW6Ank2YymInyQ2KiLFCliFeqNCs1lUfgTrhIRDYWuuTwGgw4JOwHs2jT4csQcNSpdwt53_vLW-9cO2Cwf2qPgzEYOv1uANeL_sKOJ1q-A6DDjYz-wW2j2awWJF5M8Sm6_HeEHGSEd2xk39cdCb3Q=w800-h600-no\" data-link=\"https:\/\/photos.google.com\/share\/AF1QipPQKG-f9OxYWCTVMA2VICYopeVq0mvoXzkl0Zm__bCA7qV9y1cZJoqfFjA6YCd7gw\/photo\/AF1QipOz8veTBDyE7fjnMKra3qRSZwYrkLwmVQq2k-k?key=eDhkMEhnUEpwb0Z1QUV2cUItWUtOams0VFNzWlln\" \/><\/div>\n<p><script type=\"text\/javascript\" src=\"https:\/\/cdn.jsdelivr.net\/jquery\/1.12.3\/jquery.min.js\"><\/script><br \/>\n<script><br \/>\n (MyGalleries=(typeof MyGalleries === 'undefined' ? [] : MyGalleries)).push({gallId:'#184ED',autoplay:true,lightbox:true,debug:false,popupLinks:true});<br \/>\n if(typeof GalleryLoaded === 'undefined'){<br \/>\n  GalleryLoaded = jQuery(function(){<br \/>\n   jQuery.ajax({url:'https:\/\/cdn.jsdelivr.net\/galleria\/1.4.2\/galleria.min.js',dataType:'script',cache:true}).done(function(){<br \/>\n    Galleria.loadTheme('https:\/\/cdn.jsdelivr.net\/galleria\/1.4.2\/themes\/classic\/galleria.classic.js');<br \/>\n    for(var n in MyGalleries){<br \/>\n     Galleria.run(MyGalleries[n].gallId, MyGalleries[n]);<br \/>\n     jQuery(MyGalleries[n].gallId).css('display','block');<br \/>\n    }<br \/>\n   });<br \/>\n  });<br \/>\n }<br \/>\n<\/script><\/p>\n<p><strong>TREBALL PREVI<\/strong>:<\/p>\n<ul>\n<li>Revisar la proced\u00e8ncia d&#8217;alguns materials i objectes quotidians emplenant la <a href=\"https:\/\/docs.google.com\/document\/d\/1Ir1sG6CqF9QY-JoffY_9FpdWd8CZlU2v\/edit\" target=\"_blank\" rel=\"noopener\">carta de presentaci\u00f3<\/a>.<\/li>\n<li>Explicar les propietats dels minerals i procediments que s&#8217;utilitzaran per a recon\u00e8ixer-los al taller.\n<ul>\n<li>Activitat pr\u00e8via: Material incl\u00f2s en una caixa. <a href=\"https:\/\/docs.google.com\/document\/d\/1Afauio9_sn_IcUp8K3PSNZCddQa9X8AB\/edit\" target=\"_blank\" rel=\"noopener\">Gui\u00f3 de l&#8217;activitat<\/a> i <a href=\"https:\/\/docs.google.com\/document\/d\/1qSImPOZFDBJY-ZW9xU1Mh4PThYB7YESo\/edit\" target=\"_blank\" rel=\"noopener\">fitxes per l&#8217;alumnat<\/a><\/li>\n<li>A partir de la lectura de la fitxa <a href=\"https:\/\/drive.google.com\/file\/d\/0BzWPKr0lE8MKcDdCVWd5cHlCWFE\/edit?usp=sharing\" target=\"_blank\" rel=\"noopener noreferrer\">Propietats dels minerals<\/a>.<\/li>\n<\/ul>\n<\/li>\n<\/ul>\n<p><strong>TALLER<\/strong>: consta de quatre blocs (<a href=\"https:\/\/docs.google.com\/document\/d\/1xKy1oSmD3IbGdOaSZY5K8csA73uwO3Vf_t0fDdXjTXQ\/edit?usp=sharing\">guia docent<\/a>):<\/p>\n<ul>\n<li aria-level=\"1\">Bloc 1 Identificaci\u00f3 de materials geol\u00f2gics: observaci\u00f3 de les mostres i relaci\u00f3 de cadascuna amb el seu nom (etiqueta) en funci\u00f3 de les <strong>propietats<\/strong> que es descriuen a les etiquetes<\/li>\n<li aria-level=\"1\">Bloc 2 Aplicacions: <i>C<\/i>al relacionar les mostres de les aplicacions amb la seva<strong> targeta d\u2019identificaci\u00f3<\/strong>, completar targetes incompletes i omplir aquelles identificacions amb altres materials que hagin semblat interessants a l&#8217;alumnat.<\/li>\n<li aria-level=\"1\">Bloc 3 Pensament cr\u00edtic: Elaboraci\u00f3 d&#8217;un <strong>mapa<\/strong> amb l&#8217;origen d&#8217;alguns dels materials geol\u00f2gics treballats en els altres blocs. Comparaci\u00f3 d&#8217;aquest amb altres mapes tem\u00e0tics per fer que l&#8217;alumnat <strong>reflexioni i discuteixi<\/strong> sobre les conclusions extretes.<\/li>\n<li aria-level=\"1\">Bloc 4 Art geol\u00f2gic: Creaci\u00f3 d&#8217;un punt de llibre amb els <b>pigments minerals<\/b> que s&#8217;obtenen a partir de determinats minerals quan s&#8217;aconsegueix reduir-los a pols fina.<\/li>\n<\/ul>\n<p><strong>TREBALL POSTERIOR<\/strong>:<\/p>\n<p><a href=\"https:\/\/docs.google.com\/presentation\/d\/0BzWPKr0lE8MKYTVhNHJpVHB1QjA\/edit?usp=drive_link&amp;ouid=100645642959568906739&amp;resourcekey=0-it4LAiO3FTCi4SSakzcBCQ&amp;rtpof=true&amp;sd=true\"><strong>Presentaci\u00f3 powerpoint<\/strong><\/a> per repassar l&#8217;origen dels materials geol\u00f2gics i com tancar el cicle.<br \/>\n<a href=\"https:\/\/drive.google.com\/file\/d\/0BzWPKr0lE8MKVUd0REl3dEF3eHM\/view?usp=sharing\" target=\"_blank\" rel=\"noopener noreferrer\"><strong>Fitxa <\/strong><\/a>per repassar conceptes treballats durant el taller<br \/>\nPresentaci\u00f3 PowerPoint sobre el tema dels recursos minerals, la seva extracci\u00f3, els problemes i mesures correctores de la mineria i la import\u00e0ncia de fer un \u00fas prudent dels recursos i de reciclar sempre que sigui possible.<br \/>\n<strong>V\u00eddeo<\/strong>\u00a0<a href=\"http:\/\/www.survival.es\/peliculas\/lamina\" target=\"_blank\" rel=\"noopener noreferrer\">La \u00a0mina, historia de una monta\u00f1a sagrada<\/a>,\u00a0documental d&#8217;una mina de bauxita a cel obert a l&#8217;\u00cdndia.<br \/>\n<strong>Visita<\/strong> al <a href=\"http:\/\/www.geomuseu.upc.edu\/\" target=\"_blank\" rel=\"noopener noreferrer\">Museu de Geologia Valent\u00ed Masachs<\/a> de la UPC a Manresa. Veure <a href=\"https:\/\/drive.google.com\/file\/d\/0BzWPKr0lE8MKNXFBOVVmRF81S1BXSHppUFNONHB6d2d3U3Vz\/view?usp=sharing\" target=\"_blank\" rel=\"noopener noreferrer\">Fullet\u00f3 del Museu<\/a><\/p>\n<p><strong>RECOMANACIONS:<\/strong> Cal disposar d&#8217;una taula gran (o 6 individuals ajuntades) per a cada grup de 4 a 6 alumnes i folrades amb paper.<br \/>\n<strong>MATERIAL NECESSARI<\/strong>: Podeu imprimir-vos m\u00e9s punts de llibre pel bloc 4 d&#8217;art geol\u00f2gic descarregant-los <a href=\"https:\/\/docs.google.com\/document\/d\/19icr70HmYLkiWOXtWBrR0jUqeOntdhK3\/edit?usp=sharing&amp;ouid=100645642959568906739&amp;rtpof=true&amp;sd=true\">aqu\u00ed<\/a>.<br \/>\n<strong>DURADA<\/strong>: De 5h a 6h<br \/>\n<strong>NIVELLS<\/strong>: ESO. Adaptable a CS de Prim\u00e0ria.<\/p>\n","protected":false},"excerpt":{"rendered":"<p>TREBALL PREVI: Revisar la proced\u00e8ncia d&#8217;alguns materials i objectes quotidians emplenant la carta de presentaci\u00f3. Explicar les propietats dels minerals i procediments que s&#8217;utilitzaran per a recon\u00e8ixer-los al taller. Activitat pr\u00e8via: Material incl\u00f2s en una caixa. Gui\u00f3 de l&#8217;activitat i fitxes per l&#8217;alumnat A partir de la lectura de la fitxa Propietats dels minerals. TALLER: [&hellip;]<\/p>\n","protected":false},"author":3,"featured_media":0,"parent":0,"menu_order":40,"comment_status":"closed","ping_status":"closed","template":"","meta":{"_bbp_topic_count":0,"_bbp_reply_count":0,"_bbp_total_topic_count":0,"_bbp_total_reply_count":0,"_bbp_voice_count":0,"_bbp_anonymous_reply_count":0,"_bbp_topic_count_hidden":0,"_bbp_reply_count_hidden":0,"_bbp_forum_subforum_count":0,"site-sidebar-layout":"default","site-content-layout":"","ast-site-content-layout":"default","site-content-style":"default","site-sidebar-style":"default","ast-global-header-display":"","ast-banner-title-visibility":"","ast-main-header-display":"","ast-hfb-above-header-display":"","ast-hfb-below-header-display":"","ast-hfb-mobile-header-display":"","site-post-title":"","ast-breadcrumbs-content":"","ast-featured-img":"","footer-sml-layout":"","theme-transparent-header-meta":"","adv-header-id-meta":"","stick-header-meta":"","header-above-stick-meta":"","header-main-stick-meta":"","header-below-stick-meta":"","astra-migrate-meta-layouts":"set","ast-page-background-enabled":"default","ast-page-background-meta":{"desktop":{"background-color":"var(--ast-global-color-4)","background-image":"","background-repeat":"repeat","background-position":"center center","background-size":"auto","background-attachment":"scroll","background-type":"","background-media":"","overlay-type":"","overlay-color":"","overlay-opacity":"","overlay-gradient":""},"tablet":{"background-color":"","background-image":"","background-repeat":"repeat","background-position":"center center","background-size":"auto","background-attachment":"scroll","background-type":"","background-media":"","overlay-type":"","overlay-color":"","overlay-opacity":"","overlay-gradient":""},"mobile":{"background-color":"","background-image":"","background-repeat":"repeat","background-position":"center center","background-size":"auto","background-attachment":"scroll","background-type":"","background-media":"","overlay-type":"","overlay-color":"","overlay-opacity":"","overlay-gradient":""}},"ast-content-background-meta":{"desktop":{"background-color":"var(--ast-global-color-5)","background-image":"","background-repeat":"repeat","background-position":"center center","background-size":"auto","background-attachment":"scroll","background-type":"","background-media":"","overlay-type":"","overlay-color":"","overlay-opacity":"","overlay-gradient":""},"tablet":{"background-color":"var(--ast-global-color-5)","background-image":"","background-repeat":"repeat","background-position":"center center","background-size":"auto","background-attachment":"scroll","background-type":"","background-media":"","overlay-type":"","overlay-color":"","overlay-opacity":"","overlay-gradient":""},"mobile":{"background-color":"var(--ast-global-color-5)","background-image":"","background-repeat":"repeat","background-position":"center center","background-size":"auto","background-attachment":"scroll","background-type":"","background-media":"","overlay-type":"","overlay-color":"","overlay-opacity":"","overlay-gradient":""}},"footnotes":""},"class_list":["post-1475","page","type-page","status-publish","hentry"],"post_mailing_queue_ids":[],"_links":{"self":[{"href":"https:\/\/serveiseducatius.xtec.cat\/cda-bages\/wp-json\/wp\/v2\/pages\/1475","targetHints":{"allow":["GET"]}}],"collection":[{"href":"https:\/\/serveiseducatius.xtec.cat\/cda-bages\/wp-json\/wp\/v2\/pages"}],"about":[{"href":"https:\/\/serveiseducatius.xtec.cat\/cda-bages\/wp-json\/wp\/v2\/types\/page"}],"author":[{"embeddable":true,"href":"https:\/\/serveiseducatius.xtec.cat\/cda-bages\/wp-json\/wp\/v2\/users\/3"}],"replies":[{"embeddable":true,"href":"https:\/\/serveiseducatius.xtec.cat\/cda-bages\/wp-json\/wp\/v2\/comments?post=1475"}],"version-history":[{"count":6,"href":"https:\/\/serveiseducatius.xtec.cat\/cda-bages\/wp-json\/wp\/v2\/pages\/1475\/revisions"}],"predecessor-version":[{"id":11335,"href":"https:\/\/serveiseducatius.xtec.cat\/cda-bages\/wp-json\/wp\/v2\/pages\/1475\/revisions\/11335"}],"wp:attachment":[{"href":"https:\/\/serveiseducatius.xtec.cat\/cda-bages\/wp-json\/wp\/v2\/media?parent=1475"}],"curies":[{"name":"wp","href":"https:\/\/api.w.org\/{rel}","templated":true}]}}