{"id":1427,"date":"2014-04-30T18:12:07","date_gmt":"2014-04-30T17:12:07","guid":{"rendered":"http:\/\/blocs.xtec.cat\/cdabages\/?page_id=1427"},"modified":"2026-02-09T14:47:41","modified_gmt":"2026-02-09T13:47:41","slug":"itineraris-geologics-per-la-comarca","status":"publish","type":"page","link":"https:\/\/serveiseducatius.xtec.cat\/cda-bages\/ambits\/geologia\/itineraris-geologics-per-la-comarca\/","title":{"rendered":"Itineraris geol\u00f2gics per la comarca"},"content":{"rendered":"\n<div class=\"wp-block-getwid-images-slider has-arrows-inside has-dots-inside is-carousel has-slides-gap-small has-images-center has-cropped-images\"><div class=\"wp-block-getwid-images-slider__wrapper\" data-effect=\"slide\" data-slides-show=\"2\" data-slides-show-laptop=\"2\" data-slides-show-tablet=\"2\" data-slides-show-mobile=\"1\" data-slides-scroll=\"1\" data-autoplay=\"false\" data-pause-hover=\"false\" data-autoplay-speed=\"6000\" data-infinite=\"true\" data-animation-speed=\"800\" data-center-mode=\"false\" data-variable-width=\"false\" data-arrows=\"inside\" data-dots=\"inside\" data-spacing=\"small\"><div class=\"wp-block-getwid-images-slider__item\"><figure><img loading=\"lazy\" decoding=\"async\" width=\"800\" height=\"534\" src=\"https:\/\/serveiseducatius.xtec.cat\/cda-bages\/wp-content\/uploads\/usu1387\/2025\/10\/image-18.jpeg\" data-id=\"10769\" data-link=\"https:\/\/serveiseducatius.xtec.cat\/cda-bages\/ambits\/geologia\/itineraris-geologics-per-la-comarca\/attachment\/image-57\/\" data-original-link=\"https:\/\/serveiseducatius.xtec.cat\/cda-bages\/wp-content\/uploads\/usu1387\/2025\/10\/image-18.jpeg\" class=\"wp-block-getwid-images-slider__image wp-image-10769\" srcset=\"https:\/\/serveiseducatius.xtec.cat\/cda-bages\/wp-content\/uploads\/usu1387\/2025\/10\/image-18.jpeg 800w, https:\/\/serveiseducatius.xtec.cat\/cda-bages\/wp-content\/uploads\/usu1387\/2025\/10\/image-18-300x200.jpeg 300w, https:\/\/serveiseducatius.xtec.cat\/cda-bages\/wp-content\/uploads\/usu1387\/2025\/10\/image-18-768x513.jpeg 768w\" sizes=\"auto, (max-width: 800px) 100vw, 800px\" \/><\/figure><\/div><div class=\"wp-block-getwid-images-slider__item\"><figure><img loading=\"lazy\" decoding=\"async\" width=\"800\" height=\"600\" src=\"https:\/\/serveiseducatius.xtec.cat\/cda-bages\/wp-content\/uploads\/usu1387\/2025\/10\/image-17.jpeg\" data-id=\"10768\" data-link=\"https:\/\/serveiseducatius.xtec.cat\/cda-bages\/ambits\/geologia\/itineraris-geologics-per-la-comarca\/attachment\/image-56\/\" data-original-link=\"https:\/\/serveiseducatius.xtec.cat\/cda-bages\/wp-content\/uploads\/usu1387\/2025\/10\/image-17.jpeg\" class=\"wp-block-getwid-images-slider__image wp-image-10768\" srcset=\"https:\/\/serveiseducatius.xtec.cat\/cda-bages\/wp-content\/uploads\/usu1387\/2025\/10\/image-17.jpeg 800w, https:\/\/serveiseducatius.xtec.cat\/cda-bages\/wp-content\/uploads\/usu1387\/2025\/10\/image-17-300x225.jpeg 300w, https:\/\/serveiseducatius.xtec.cat\/cda-bages\/wp-content\/uploads\/usu1387\/2025\/10\/image-17-768x576.jpeg 768w\" sizes=\"auto, (max-width: 800px) 100vw, 800px\" \/><\/figure><\/div><div class=\"wp-block-getwid-images-slider__item\"><figure><img loading=\"lazy\" decoding=\"async\" width=\"800\" height=\"600\" src=\"https:\/\/serveiseducatius.xtec.cat\/cda-bages\/wp-content\/uploads\/usu1387\/2025\/10\/image-16.jpeg\" data-id=\"10767\" data-link=\"https:\/\/serveiseducatius.xtec.cat\/cda-bages\/ambits\/geologia\/itineraris-geologics-per-la-comarca\/attachment\/image-55\/\" data-original-link=\"https:\/\/serveiseducatius.xtec.cat\/cda-bages\/wp-content\/uploads\/usu1387\/2025\/10\/image-16.jpeg\" class=\"wp-block-getwid-images-slider__image wp-image-10767\" srcset=\"https:\/\/serveiseducatius.xtec.cat\/cda-bages\/wp-content\/uploads\/usu1387\/2025\/10\/image-16.jpeg 800w, https:\/\/serveiseducatius.xtec.cat\/cda-bages\/wp-content\/uploads\/usu1387\/2025\/10\/image-16-300x225.jpeg 300w, https:\/\/serveiseducatius.xtec.cat\/cda-bages\/wp-content\/uploads\/usu1387\/2025\/10\/image-16-768x576.jpeg 768w\" sizes=\"auto, (max-width: 800px) 100vw, 800px\" \/><\/figure><\/div><div class=\"wp-block-getwid-images-slider__item\"><figure><img loading=\"lazy\" decoding=\"async\" width=\"800\" height=\"530\" src=\"https:\/\/serveiseducatius.xtec.cat\/cda-bages\/wp-content\/uploads\/usu1387\/2025\/10\/image-15.jpeg\" data-id=\"10766\" data-link=\"https:\/\/serveiseducatius.xtec.cat\/cda-bages\/ambits\/geologia\/itineraris-geologics-per-la-comarca\/attachment\/image-54\/\" data-original-link=\"https:\/\/serveiseducatius.xtec.cat\/cda-bages\/wp-content\/uploads\/usu1387\/2025\/10\/image-15.jpeg\" class=\"wp-block-getwid-images-slider__image wp-image-10766\" srcset=\"https:\/\/serveiseducatius.xtec.cat\/cda-bages\/wp-content\/uploads\/usu1387\/2025\/10\/image-15.jpeg 800w, https:\/\/serveiseducatius.xtec.cat\/cda-bages\/wp-content\/uploads\/usu1387\/2025\/10\/image-15-300x199.jpeg 300w, https:\/\/serveiseducatius.xtec.cat\/cda-bages\/wp-content\/uploads\/usu1387\/2025\/10\/image-15-768x509.jpeg 768w\" sizes=\"auto, (max-width: 800px) 100vw, 800px\" \/><\/figure><\/div><div class=\"wp-block-getwid-images-slider__item\"><figure><img loading=\"lazy\" decoding=\"async\" width=\"800\" height=\"600\" src=\"https:\/\/serveiseducatius.xtec.cat\/cda-bages\/wp-content\/uploads\/usu1387\/2025\/10\/image-13.jpeg\" data-id=\"10764\" data-link=\"https:\/\/serveiseducatius.xtec.cat\/cda-bages\/ambits\/geologia\/itineraris-geologics-per-la-comarca\/attachment\/image-52\/\" data-original-link=\"https:\/\/serveiseducatius.xtec.cat\/cda-bages\/wp-content\/uploads\/usu1387\/2025\/10\/image-13.jpeg\" class=\"wp-block-getwid-images-slider__image wp-image-10764\" srcset=\"https:\/\/serveiseducatius.xtec.cat\/cda-bages\/wp-content\/uploads\/usu1387\/2025\/10\/image-13.jpeg 800w, https:\/\/serveiseducatius.xtec.cat\/cda-bages\/wp-content\/uploads\/usu1387\/2025\/10\/image-13-300x225.jpeg 300w, https:\/\/serveiseducatius.xtec.cat\/cda-bages\/wp-content\/uploads\/usu1387\/2025\/10\/image-13-768x576.jpeg 768w\" sizes=\"auto, (max-width: 800px) 100vw, 800px\" \/><\/figure><\/div><div class=\"wp-block-getwid-images-slider__item\"><figure><img loading=\"lazy\" decoding=\"async\" width=\"800\" height=\"600\" src=\"https:\/\/serveiseducatius.xtec.cat\/cda-bages\/wp-content\/uploads\/usu1387\/2025\/10\/image-12.jpeg\" data-id=\"10763\" data-link=\"https:\/\/serveiseducatius.xtec.cat\/cda-bages\/ambits\/geologia\/itineraris-geologics-per-la-comarca\/attachment\/image-51\/\" data-original-link=\"https:\/\/serveiseducatius.xtec.cat\/cda-bages\/wp-content\/uploads\/usu1387\/2025\/10\/image-12.jpeg\" class=\"wp-block-getwid-images-slider__image wp-image-10763\" srcset=\"https:\/\/serveiseducatius.xtec.cat\/cda-bages\/wp-content\/uploads\/usu1387\/2025\/10\/image-12.jpeg 800w, https:\/\/serveiseducatius.xtec.cat\/cda-bages\/wp-content\/uploads\/usu1387\/2025\/10\/image-12-300x225.jpeg 300w, https:\/\/serveiseducatius.xtec.cat\/cda-bages\/wp-content\/uploads\/usu1387\/2025\/10\/image-12-768x576.jpeg 768w\" sizes=\"auto, (max-width: 800px) 100vw, 800px\" \/><\/figure><\/div><div class=\"wp-block-getwid-images-slider__item\"><figure><img loading=\"lazy\" decoding=\"async\" width=\"800\" height=\"600\" src=\"https:\/\/serveiseducatius.xtec.cat\/cda-bages\/wp-content\/uploads\/usu1387\/2025\/10\/image-9.jpeg\" data-id=\"10760\" data-link=\"https:\/\/serveiseducatius.xtec.cat\/cda-bages\/ambits\/geologia\/itineraris-geologics-per-la-comarca\/attachment\/image-48\/\" data-original-link=\"https:\/\/serveiseducatius.xtec.cat\/cda-bages\/wp-content\/uploads\/usu1387\/2025\/10\/image-9.jpeg\" class=\"wp-block-getwid-images-slider__image wp-image-10760\" srcset=\"https:\/\/serveiseducatius.xtec.cat\/cda-bages\/wp-content\/uploads\/usu1387\/2025\/10\/image-9.jpeg 800w, https:\/\/serveiseducatius.xtec.cat\/cda-bages\/wp-content\/uploads\/usu1387\/2025\/10\/image-9-300x225.jpeg 300w, https:\/\/serveiseducatius.xtec.cat\/cda-bages\/wp-content\/uploads\/usu1387\/2025\/10\/image-9-768x576.jpeg 768w\" sizes=\"auto, (max-width: 800px) 100vw, 800px\" \/><\/figure><\/div><div class=\"wp-block-getwid-images-slider__item\"><figure><img loading=\"lazy\" decoding=\"async\" width=\"800\" height=\"600\" src=\"https:\/\/serveiseducatius.xtec.cat\/cda-bages\/wp-content\/uploads\/usu1387\/2025\/10\/image-8.jpeg\" data-id=\"10759\" data-link=\"https:\/\/serveiseducatius.xtec.cat\/cda-bages\/ambits\/geologia\/itineraris-geologics-per-la-comarca\/attachment\/image-47\/\" data-original-link=\"https:\/\/serveiseducatius.xtec.cat\/cda-bages\/wp-content\/uploads\/usu1387\/2025\/10\/image-8.jpeg\" class=\"wp-block-getwid-images-slider__image wp-image-10759\" srcset=\"https:\/\/serveiseducatius.xtec.cat\/cda-bages\/wp-content\/uploads\/usu1387\/2025\/10\/image-8.jpeg 800w, https:\/\/serveiseducatius.xtec.cat\/cda-bages\/wp-content\/uploads\/usu1387\/2025\/10\/image-8-300x225.jpeg 300w, https:\/\/serveiseducatius.xtec.cat\/cda-bages\/wp-content\/uploads\/usu1387\/2025\/10\/image-8-768x576.jpeg 768w\" sizes=\"auto, (max-width: 800px) 100vw, 800px\" \/><\/figure><\/div><div class=\"wp-block-getwid-images-slider__item\"><figure><img loading=\"lazy\" decoding=\"async\" width=\"1024\" height=\"768\" src=\"https:\/\/serveiseducatius.xtec.cat\/cda-bages\/wp-content\/uploads\/usu1387\/2025\/12\/IMG-20251002-WA0087.jpg\" data-id=\"11143\" data-link=\"https:\/\/serveiseducatius.xtec.cat\/cda-bages\/ambits\/geologia\/itineraris-geologics-per-la-comarca\/attachment\/img-20251002-wa0087\/\" data-original-link=\"https:\/\/serveiseducatius.xtec.cat\/cda-bages\/wp-content\/uploads\/usu1387\/2025\/12\/IMG-20251002-WA0087.jpg\" class=\"wp-block-getwid-images-slider__image wp-image-11143\" srcset=\"https:\/\/serveiseducatius.xtec.cat\/cda-bages\/wp-content\/uploads\/usu1387\/2025\/12\/IMG-20251002-WA0087.jpg 1024w, https:\/\/serveiseducatius.xtec.cat\/cda-bages\/wp-content\/uploads\/usu1387\/2025\/12\/IMG-20251002-WA0087-300x225.jpg 300w, https:\/\/serveiseducatius.xtec.cat\/cda-bages\/wp-content\/uploads\/usu1387\/2025\/12\/IMG-20251002-WA0087-768x576.jpg 768w\" sizes=\"auto, (max-width: 1024px) 100vw, 1024px\" \/><\/figure><\/div><div class=\"wp-block-getwid-images-slider__item\"><figure><img loading=\"lazy\" decoding=\"async\" width=\"1024\" height=\"1365\" src=\"https:\/\/serveiseducatius.xtec.cat\/cda-bages\/wp-content\/uploads\/usu1387\/2025\/12\/IMG_20240321_120410.jpg\" data-id=\"11142\" data-link=\"https:\/\/serveiseducatius.xtec.cat\/cda-bages\/ambits\/geologia\/itineraris-geologics-per-la-comarca\/attachment\/img_20240321_120410\/\" data-original-link=\"https:\/\/serveiseducatius.xtec.cat\/cda-bages\/wp-content\/uploads\/usu1387\/2025\/12\/IMG_20240321_120410.jpg\" class=\"wp-block-getwid-images-slider__image wp-image-11142\" srcset=\"https:\/\/serveiseducatius.xtec.cat\/cda-bages\/wp-content\/uploads\/usu1387\/2025\/12\/IMG_20240321_120410.jpg 1024w, https:\/\/serveiseducatius.xtec.cat\/cda-bages\/wp-content\/uploads\/usu1387\/2025\/12\/IMG_20240321_120410-225x300.jpg 225w, https:\/\/serveiseducatius.xtec.cat\/cda-bages\/wp-content\/uploads\/usu1387\/2025\/12\/IMG_20240321_120410-768x1024.jpg 768w\" sizes=\"auto, (max-width: 1024px) 100vw, 1024px\" \/><\/figure><\/div><\/div><\/div>\n\n\n\n<div style=\"height:30px\" aria-hidden=\"true\" class=\"wp-block-spacer\"><\/div>\n\n\n\n<div class=\"wp-block-getwid-tabs\" data-active-tab=\"0\"><ul class=\"wp-block-getwid-tabs__nav-links\"><\/ul>\n<div class=\"wp-block-getwid-tabs__nav-link\"><span class=\"wp-block-getwid-tabs__title-wrapper\"><a href=\"#\"><span class=\"wp-block-getwid-tabs__title\">Descripci\u00f3<\/span><\/a><\/span><\/div><div class=\"wp-block-getwid-tabs__tab-content-wrapper\"><div class=\"wp-block-getwid-tabs__tab-content\">\n<p>El Camp d&#8217;Aprenentatge ha elaborat diversos itineraris geol\u00f2gics per la rodalia de diverses poblacions del Bages: Art\u00e9s, Aviny\u00f3, Calders, Manresa, Navarcles, Nav\u00e0s, Santpedor, Santa Maria d&#8217;Ol\u00f3, S\u00faria i Valls de Torroella. Tots ells es localitzen en materials dels per\u00edodes de l&#8217;Eoc\u00e8 i l&#8217;Oligoc\u00e8, marins i continentals, que s\u00f3n els m\u00e9s caracter\u00edstics de la comarca.<\/p>\n\n\n\n<p>El nostre objectiu \u00e9s introduir l&#8217;alumnat en el coneixement de les roques sediment\u00e0ries a trav\u00e9s de l&#8217;observaci\u00f3 directa, esbrinant algunes circumst\u00e0ncies de la seva formaci\u00f3. Pot plantejar-se com a activitat de camp per a alumnes que estudien geologia o com a iniciaci\u00f3 a aquesta mat\u00e8ria. Tots els itineraris (excepte al de Manresa) es poden fer a peu a partir dels nuclis de poblaci\u00f3 respectius.<\/p>\n\n\n\n<p>Alguns itineraris es poden complementar amb un taller que solem fer a la tarda: un <strong>taller de f\u00f2ssils<\/strong> si s&#8217;han estudiat terrenys fossil\u00edfers o un<strong> taller de cocci\u00f3 de la pedra de guix<\/strong> en el cas de S\u00faria.<\/p>\n\n\n\n<div class=\"wp-block-columns is-layout-flex wp-container-core-columns-is-layout-1 wp-block-columns-is-layout-flex\">\n<div class=\"wp-block-column is-layout-flow wp-block-column-is-layout-flow\" style=\"flex-basis:66.66%\">\n<div class=\"wp-block-getwid-table\"><table><tbody><tr><td style=\"color:var(--ast-global-color-0);border-color:var(--ast-global-color-8);border-width:1px\">Nivells<\/td><td style=\"color:var(--ast-global-color-8);border-color:var(--ast-global-color-8);border-width:1px\">CS, ESO, BAT I CF<\/td><\/tr><tr><td style=\"border-color:var(--ast-global-color-8);color:var(--ast-global-color-0);border-width:1px\">Durada<\/td><td style=\"border-color:var(--ast-global-color-8);border-width:1px\">3h<\/td><\/tr><tr><td style=\"border-color:var(--ast-global-color-8);color:var(--ast-global-color-0);border-width:1px\">Lloc de trobada<\/td><td style=\"border-color:var(--ast-global-color-8);border-width:1px\">Lloc acordat<\/td><\/tr><\/tbody><\/table><\/div>\n<\/div>\n\n\n\n<div class=\"wp-block-column is-layout-flow wp-block-column-is-layout-flow\" style=\"flex-basis:33.33%\">\n<p><strong>RECOMANACIONS<\/strong><\/p>\n\n\n\n<p>Portar carpeta i llapis<\/p>\n\n\n\n<p>Fitxes de treball<\/p>\n\n\n\n<p>Portar roba adequada a l&#8217;\u00e8poca de l&#8217;any.<\/p>\n<\/div>\n<\/div>\n<\/div><\/div>\n\n\n\n<div class=\"wp-block-getwid-tabs__nav-link\"><span class=\"wp-block-getwid-tabs__title-wrapper\"><a href=\"#\"><span class=\"wp-block-getwid-tabs__title\">Materials de treball<\/span><\/a><\/span><\/div><div class=\"wp-block-getwid-tabs__tab-content-wrapper\"><div class=\"wp-block-getwid-tabs__tab-content\">\n<p><strong>Fitxes de treball:<\/strong><\/p>\n\n\n\n<div class=\"wp-block-group is-layout-constrained wp-block-group-is-layout-constrained\">\n<p>Itinerari d&#8217;Art\u00e9s.<\/p>\n\n\n\n<div class=\"wp-block-buttons is-layout-flex wp-block-buttons-is-layout-flex\">\n<div class=\"wp-block-button\"><a class=\"wp-block-button__link has-background wp-element-button\" href=\"https:\/\/drive.google.com\/file\/d\/1rd4M5U6x_Oh7LZqcvovKP7y6KaszWvRp\/view?usp=sharing\" style=\"background-color:#46a60296\">Fitxes de treball Batxillerat<\/a><\/div>\n\n\n\n<div class=\"wp-block-button\"><a class=\"wp-block-button__link has-background wp-element-button\" href=\"https:\/\/drive.google.com\/file\/d\/1mDRawpAqo7ocQosELN65Djc_u1cLAja6\/view?usp=sharing\" style=\"background-color:#46a60296\"> Fitxes de treball ESO<\/a><\/div>\n<\/div>\n\n\n\n<div style=\"height:22px\" aria-hidden=\"true\" class=\"wp-block-spacer\"><\/div>\n<\/div>\n\n\n\n<div class=\"wp-block-group is-layout-constrained wp-block-group-is-layout-constrained\">\n<p>Itinerari de Calders. <\/p>\n\n\n\n<div class=\"wp-block-buttons is-layout-flex wp-block-buttons-is-layout-flex\">\n<div class=\"wp-block-button\"><a class=\"wp-block-button__link has-background wp-element-button\" href=\"https:\/\/drive.google.com\/file\/d\/0BzWPKr0lE8MKN1BOWF9WLU1DRlE\/edit?usp=sharing\" style=\"background-color:#46a60296\">Fitxes de treball<\/a><\/div>\n<\/div>\n\n\n\n<div style=\"height:22px\" aria-hidden=\"true\" class=\"wp-block-spacer\"><\/div>\n<\/div>\n\n\n\n<div class=\"wp-block-group is-layout-constrained wp-block-group-is-layout-constrained\">\n<p>Itinerari de Manresa<\/p>\n\n\n\n<div class=\"wp-block-buttons is-layout-flex wp-block-buttons-is-layout-flex\">\n<div class=\"wp-block-button\"><a class=\"wp-block-button__link has-background wp-element-button\" href=\"https:\/\/drive.google.com\/open?id=1J_h8cYtSt9NfOgh5d3b_Wm7koBVHV4Fm\" style=\"background-color:#46a60296\">Fitxes de treball Batxillerat<\/a><\/div>\n\n\n\n<div class=\"wp-block-button\"><a class=\"wp-block-button__link has-background wp-element-button\" href=\"https:\/\/drive.google.com\/file\/d\/0BzWPKr0lE8MKY3ZrNXlPaFFxRk0\/edit?usp=sharing\" style=\"background-color:#46a60296\">Fitxes de treball (ESO).<\/a><\/div>\n\n\n\n<div class=\"wp-block-button\"><a class=\"wp-block-button__link has-background wp-element-button\" href=\"https:\/\/drive.google.com\/file\/d\/1uvTSsnCe9iNTs6bld3lgTjL_YhA_rv2h\/view?usp=drive_link\" style=\"background-color:#46a60296\">Fitxes de treball (PRI)<\/a><\/div>\n<\/div>\n\n\n\n<div style=\"height:22px\" aria-hidden=\"true\" class=\"wp-block-spacer\"><\/div>\n<\/div>\n\n\n\n<div class=\"wp-block-group is-layout-constrained wp-block-group-is-layout-constrained\">\n<p>Itinerari de Sta. Maria d&#8217;Ol\u00f3. <\/p>\n\n\n\n<div class=\"wp-block-buttons is-layout-flex wp-block-buttons-is-layout-flex\">\n<div class=\"wp-block-button\"><a class=\"wp-block-button__link has-background wp-element-button\" href=\"https:\/\/drive.google.com\/file\/d\/0BzWPKr0lE8MKc0lQd3hYU1IybjA\/view?usp=drive_link&amp;resourcekey=0-OUcQ6eeVPR7kllsUG6Q4lg\" style=\"background-color:#46a60296\">Fitxes de treball<\/a><\/div>\n<\/div>\n<\/div>\n\n\n\n<div style=\"height:22px\" aria-hidden=\"true\" class=\"wp-block-spacer\"><\/div>\n\n\n\n<div class=\"wp-block-group is-layout-constrained wp-block-group-is-layout-constrained\">\n<p>Itinerari de S\u00faria. <\/p>\n\n\n\n<div class=\"wp-block-buttons is-layout-flex wp-block-buttons-is-layout-flex\">\n<div class=\"wp-block-button\"><a class=\"wp-block-button__link has-background wp-element-button\" href=\"https:\/\/drive.google.com\/file\/d\/0BzWPKr0lE8MKd2FEN2N2TEVjeWs\/view?usp=sharing\" style=\"background-color:#46a60296\">Fitxes de treball<\/a><\/div>\n<\/div>\n\n\n\n<div style=\"height:22px\" aria-hidden=\"true\" class=\"wp-block-spacer\"><\/div>\n<\/div>\n\n\n\n<div class=\"wp-block-group is-layout-constrained wp-block-group-is-layout-constrained\">\n<p>Altres itineraris sense fitxa de treball d&#8217;alumnat.<\/p>\n\n\n\n<div class=\"wp-block-buttons is-content-justification-left is-layout-flex wp-container-core-buttons-is-layout-6 wp-block-buttons-is-layout-flex\">\n<div class=\"wp-block-button\"><a class=\"wp-block-button__link has-background wp-element-button\" style=\"background-color:#46a60296\">Aviny\u00f3<\/a><\/div>\n\n\n\n<div class=\"wp-block-button\"><a class=\"wp-block-button__link has-background wp-element-button\" style=\"background-color:#46a60296\">Navarcles<\/a><\/div>\n\n\n\n<div class=\"wp-block-button\"><a class=\"wp-block-button__link has-background wp-element-button\" style=\"background-color:#46a60296\">Nav\u00e0s<\/a><\/div>\n\n\n\n<div class=\"wp-block-button\"><a class=\"wp-block-button__link has-background wp-element-button\" style=\"background-color:#46a60296\">Santpedor<\/a><\/div>\n\n\n\n<div class=\"wp-block-button\"><a class=\"wp-block-button__link has-background wp-element-button\" style=\"background-color:#46a60296\">Valls de Torruella<\/a><\/div>\n<\/div>\n<\/div>\n\n\n\n<div style=\"height:40px\" aria-hidden=\"true\" class=\"wp-block-spacer\"><\/div>\n\n\n\n<p><strong>Treball previ o posterior:<\/strong><\/p>\n\n\n\n<div class=\"wp-block-buttons is-content-justification-left is-layout-flex wp-container-core-buttons-is-layout-7 wp-block-buttons-is-layout-flex\">\n<div class=\"wp-block-button\"><a class=\"wp-block-button__link has-background wp-element-button\" href=\"https:\/\/docs.google.com\/presentation\/d\/1o-_X-ueeRkABnzcg9WUFxnX3djwVORQw\/edit?usp=sharing&amp;ouid=100645642959568906739&amp;rtpof=true&amp;sd=true\" style=\"background-color:#46a60296\" target=\"_blank\" rel=\"noreferrer noopener\">Hist\u00f2ria geol\u00f2gica del Bages<\/a><\/div>\n\n\n\n<div class=\"wp-block-button\"><a class=\"wp-block-button__link has-background wp-element-button\" href=\"https:\/\/docs.google.com\/presentation\/d\/e\/2PACX-1vQjSj6eU6m4cUpCD6-1YS8blkyTI5NQJr9P42dTeLHMgshIwrU25eLIKsy1C-449HSxEZlNaESvkW2p\/pub?start=false&amp;loop=false&amp;delayms=3000\" style=\"background-color:#46a60296\" target=\"_blank\" rel=\"noreferrer noopener\">El temps geol\u00f2gic<\/a><\/div>\n\n\n\n<div class=\"wp-block-button\"><a class=\"wp-block-button__link has-background wp-element-button\" href=\"https:\/\/view.genially.com\/687934683f9d670a3932e22c\/guide-4540-milions-danys\" style=\"background-color:#46a60296\" target=\"_blank\" rel=\"noreferrer noopener\">El calendari de la Terra<\/a><\/div>\n\n\n\n<div class=\"wp-block-button\"><a class=\"wp-block-button__link has-background wp-element-button\" href=\"https:\/\/docs.google.com\/forms\/d\/14P-raOVd9Za2SKZkI4ImEZRJPdh6tgGlNYrzq_A7KBg\/copy\" style=\"background-color:#46a60296\" target=\"_blank\" rel=\"noreferrer noopener\">Q\u00fcestionari geol\u00f2gic (format Google Forms)<\/a><\/div>\n<\/div>\n\n\n\n<div style=\"height:30px\" aria-hidden=\"true\" class=\"wp-block-spacer\"><\/div>\n\n\n\n<p>Per m\u00e9s activitats de treball previ o posterior al centre podeu accedir a l&#8217;apartat &#8220;<strong>Recursos de geologia<\/strong>&#8221; de la <a href=\"https:\/\/serveiseducatius.xtec.cat\/cda-bages\/ambits\/geologia\/\" data-type=\"category\" data-id=\"338\" target=\"_blank\" rel=\"noreferrer noopener\">p\u00e0gina inicial <\/a>de l&#8217;\u00e0mbit o posar-vos en contacte amb nosaltres.<\/p>\n<\/div><\/div>\n\n\n\n<div class=\"wp-block-getwid-tabs__nav-link\"><span class=\"wp-block-getwid-tabs__title-wrapper\"><a href=\"#\"><span class=\"wp-block-getwid-tabs__title\">Relaci\u00f3 amb el curr\u00edculum<\/span><\/a><\/span><\/div><div class=\"wp-block-getwid-tabs__tab-content-wrapper\"><div class=\"wp-block-getwid-tabs__tab-content\">\n<p>En els seg\u00fcents enlla\u00e7os podreu descarregar la nostra proposta per encaixar l&#8217;activitat en un context i amb un repte, on es detallen els objectius, compet\u00e8ncies b\u00e0siques, l&#8217;avaluaci\u00f3, els sabers i els ODS mobilitzats.<\/p>\n\n\n\n<p><a href=\"https:\/\/docs.google.com\/document\/d\/1sD7GjusskQ0cjcRpI6BTe3WHJV8SBjpEaMv9NduZhf0\/edit?usp=sharing\" target=\"_blank\" rel=\"noreferrer noopener\">Prim\u00e0ria<\/a><\/p>\n\n\n\n<p><a href=\"https:\/\/serveiseducatius.xtec.cat\/cda-bages\/wp-content\/uploads\/usu1387\/2025\/11\/AC-Itinerari-geologic-SEC-1.pdf\" target=\"_blank\" rel=\"noreferrer noopener\">Secund\u00e0ria<\/a><\/p>\n<\/div><\/div>\n<\/div>\n","protected":false},"excerpt":{"rendered":"","protected":false},"author":3,"featured_media":0,"parent":965,"menu_order":10,"comment_status":"closed","ping_status":"closed","template":"","meta":{"_bbp_topic_count":0,"_bbp_reply_count":0,"_bbp_total_topic_count":0,"_bbp_total_reply_count":0,"_bbp_voice_count":0,"_bbp_anonymous_reply_count":0,"_bbp_topic_count_hidden":0,"_bbp_reply_count_hidden":0,"_bbp_forum_subforum_count":0,"site-sidebar-layout":"default","site-content-layout":"","ast-site-content-layout":"default","site-content-style":"default","site-sidebar-style":"default","ast-global-header-display":"","ast-banner-title-visibility":"","ast-main-header-display":"","ast-hfb-above-header-display":"","ast-hfb-below-header-display":"","ast-hfb-mobile-header-display":"","site-post-title":"","ast-breadcrumbs-content":"","ast-featured-img":"","footer-sml-layout":"","theme-transparent-header-meta":"","adv-header-id-meta":"","stick-header-meta":"","header-above-stick-meta":"","header-main-stick-meta":"","header-below-stick-meta":"","astra-migrate-meta-layouts":"set","ast-page-background-enabled":"default","ast-page-background-meta":{"desktop":{"background-color":"var(--ast-global-color-4)","background-image":"","background-repeat":"repeat","background-position":"center center","background-size":"auto","background-attachment":"scroll","background-type":"","background-media":"","overlay-type":"","overlay-color":"","overlay-opacity":"","overlay-gradient":""},"tablet":{"background-color":"","background-image":"","background-repeat":"repeat","background-position":"center center","background-size":"auto","background-attachment":"scroll","background-type":"","background-media":"","overlay-type":"","overlay-color":"","overlay-opacity":"","overlay-gradient":""},"mobile":{"background-color":"","background-image":"","background-repeat":"repeat","background-position":"center center","background-size":"auto","background-attachment":"scroll","background-type":"","background-media":"","overlay-type":"","overlay-color":"","overlay-opacity":"","overlay-gradient":""}},"ast-content-background-meta":{"desktop":{"background-color":"var(--ast-global-color-5)","background-image":"","background-repeat":"repeat","background-position":"center center","background-size":"auto","background-attachment":"scroll","background-type":"","background-media":"","overlay-type":"","overlay-color":"","overlay-opacity":"","overlay-gradient":""},"tablet":{"background-color":"var(--ast-global-color-5)","background-image":"","background-repeat":"repeat","background-position":"center center","background-size":"auto","background-attachment":"scroll","background-type":"","background-media":"","overlay-type":"","overlay-color":"","overlay-opacity":"","overlay-gradient":""},"mobile":{"background-color":"var(--ast-global-color-5)","background-image":"","background-repeat":"repeat","background-position":"center center","background-size":"auto","background-attachment":"scroll","background-type":"","background-media":"","overlay-type":"","overlay-color":"","overlay-opacity":"","overlay-gradient":""}},"footnotes":""},"class_list":["post-1427","page","type-page","status-publish","hentry"],"post_mailing_queue_ids":[],"_links":{"self":[{"href":"https:\/\/serveiseducatius.xtec.cat\/cda-bages\/wp-json\/wp\/v2\/pages\/1427","targetHints":{"allow":["GET"]}}],"collection":[{"href":"https:\/\/serveiseducatius.xtec.cat\/cda-bages\/wp-json\/wp\/v2\/pages"}],"about":[{"href":"https:\/\/serveiseducatius.xtec.cat\/cda-bages\/wp-json\/wp\/v2\/types\/page"}],"author":[{"embeddable":true,"href":"https:\/\/serveiseducatius.xtec.cat\/cda-bages\/wp-json\/wp\/v2\/users\/3"}],"replies":[{"embeddable":true,"href":"https:\/\/serveiseducatius.xtec.cat\/cda-bages\/wp-json\/wp\/v2\/comments?post=1427"}],"version-history":[{"count":6,"href":"https:\/\/serveiseducatius.xtec.cat\/cda-bages\/wp-json\/wp\/v2\/pages\/1427\/revisions"}],"predecessor-version":[{"id":11523,"href":"https:\/\/serveiseducatius.xtec.cat\/cda-bages\/wp-json\/wp\/v2\/pages\/1427\/revisions\/11523"}],"up":[{"embeddable":true,"href":"https:\/\/serveiseducatius.xtec.cat\/cda-bages\/wp-json\/wp\/v2\/pages\/965"}],"wp:attachment":[{"href":"https:\/\/serveiseducatius.xtec.cat\/cda-bages\/wp-json\/wp\/v2\/media?parent=1427"}],"curies":[{"name":"wp","href":"https:\/\/api.w.org\/{rel}","templated":true}]}}