{"id":1409,"date":"2014-04-28T12:50:58","date_gmt":"2014-04-28T11:50:58","guid":{"rendered":"http:\/\/blocs.xtec.cat\/cdabages\/?page_id=1409"},"modified":"2026-02-02T14:18:00","modified_gmt":"2026-02-02T13:18:00","slug":"xerrada-sostenibilitat","status":"publish","type":"page","link":"https:\/\/serveiseducatius.xtec.cat\/cda-bages\/ambits\/els-residus\/xerrada-sostenibilitat\/","title":{"rendered":"Xerrades de sostenibilitat i de consumisme"},"content":{"rendered":"\n<figure class=\"wp-block-image aligncenter size-large is-resized\" style=\"margin-top:0;margin-right:var(--wp--preset--spacing--40);margin-bottom:0;margin-left:var(--wp--preset--spacing--40)\"><a href=\"https:\/\/serveiseducatius.xtec.cat\/cda-bages\/wp-content\/uploads\/usu1387\/2025\/12\/Institut-Lacetania_0711_3rESO-1.jpg\"><img loading=\"lazy\" decoding=\"async\" width=\"1024\" height=\"563\" src=\"https:\/\/serveiseducatius.xtec.cat\/cda-bages\/wp-content\/uploads\/usu1387\/2025\/12\/Institut-Lacetania_0711_3rESO-1-1024x563.jpg\" alt=\"\" class=\"wp-image-11150\" style=\"width:600px\" srcset=\"https:\/\/serveiseducatius.xtec.cat\/cda-bages\/wp-content\/uploads\/usu1387\/2025\/12\/Institut-Lacetania_0711_3rESO-1-1024x563.jpg 1024w, https:\/\/serveiseducatius.xtec.cat\/cda-bages\/wp-content\/uploads\/usu1387\/2025\/12\/Institut-Lacetania_0711_3rESO-1-300x165.jpg 300w, https:\/\/serveiseducatius.xtec.cat\/cda-bages\/wp-content\/uploads\/usu1387\/2025\/12\/Institut-Lacetania_0711_3rESO-1-768x422.jpg 768w, https:\/\/serveiseducatius.xtec.cat\/cda-bages\/wp-content\/uploads\/usu1387\/2025\/12\/Institut-Lacetania_0711_3rESO-1.jpg 1170w\" sizes=\"auto, (max-width: 1024px) 100vw, 1024px\" \/><\/a><\/figure>\n\n\n\n<div style=\"height:30px\" aria-hidden=\"true\" class=\"wp-block-spacer\"><\/div>\n\n\n\n<div class=\"wp-block-getwid-tabs\" data-active-tab=\"0\"><ul class=\"wp-block-getwid-tabs__nav-links\"><\/ul>\n<div class=\"wp-block-getwid-tabs__nav-link\"><span class=\"wp-block-getwid-tabs__title-wrapper\"><a href=\"#\"><span class=\"wp-block-getwid-tabs__title\">Descripci\u00f3<\/span><\/a><\/span><\/div><div class=\"wp-block-getwid-tabs__tab-content-wrapper\"><div class=\"wp-block-getwid-tabs__tab-content\">\n<p>Activitats realitzades conjuntament amb el Consorci del Bages per a la gesti\u00f3 de residus. Oferim xerrades al propi centre sobre diferents tem\u00e0tiques relacionades amb els residus.&nbsp;<\/p>\n\n\n\n<p><strong>Xerrada de sostenibilitat<\/strong>: La xerrada sobre sostenibilitat introdueix l\u2019origen del concepte i com s\u2019ha anat construint la consci\u00e8ncia ecol\u00f2gica. S\u2019hi presenten els principals reptes ambientals actuals com el canvi clim\u00e0tic, la p\u00e8rdua de biodiversitat, la desforestaci\u00f3, la contaminaci\u00f3 i l\u2019alteraci\u00f3 dels grans cicles naturals a trav\u00e9s del marc dels l\u00edmits planetaris. Es reflexiona sobre el nostre model de consum i la necessitat d\u2019avan\u00e7ar cap a un desenvolupament que respecti la capacitat del planeta. Finalment, es proposen solucions i accions que podem dur a terme a nivell individual i col\u00b7lectiu, aix\u00ed com bones pr\u00e0ctiques relacionades amb el consum responsable, els residus, l\u2019aigua, l\u2019energia i la mobilitat. \u00a0<\/p>\n\n\n\n<p><strong>Xerrada de consumisme:\u00a0<\/strong>La xerrada sobre consum i consumisme explica com la publicitat i la cultura del consum generen desitjos que sovint no responen a necessitats reals, i quins problemes afrontem com a consumidors. S\u2019hi analitza amb detall com el nostre model de consum pressiona els l\u00edmits del planeta: la sobreexplotaci\u00f3 constant de mat\u00e8ries primeres, la desforestaci\u00f3 i la p\u00e8rdua de biodiversitat associada, la generaci\u00f3 creixent de residus i la contribuci\u00f3 directa al canvi clim\u00e0tic a trav\u00e9s d\u2019emissions i processos de producci\u00f3 cada vegada m\u00e9s intensius. A partir d\u2019aix\u00f2, es reflexiona sobre la necessitat de repensar els nostres h\u00e0bits i es presenten algunes idees per avan\u00e7ar cap a un consum m\u00e9s conscient i sostenible.<\/p>\n\n\n\n<p> Si us interessa complementar l&#8217;activitat amb una visita a la deixalleria contacteu amb el <a href=\"http:\/\/www.consorcidelbages.cat\/\" target=\"_blank\" rel=\"noopener noreferrer\">Consorci del Bages per a la gesti\u00f3 de residus<\/a>.<\/p>\n\n\n\n<div class=\"wp-block-columns is-layout-flex wp-container-core-columns-is-layout-1 wp-block-columns-is-layout-flex\">\n<div class=\"wp-block-column is-layout-flow wp-block-column-is-layout-flow\" style=\"flex-basis:66.66%\">\n<div class=\"wp-block-getwid-table\"><table><tbody><tr><td style=\"color:var(--ast-global-color-0);border-color:var(--ast-global-color-8);border-width:1px\">Nivells<\/td><td style=\"color:var(--ast-global-color-8);border-color:var(--ast-global-color-8);border-width:1px\">CS, ESO, BAT I CF<\/td><\/tr><tr><td style=\"border-color:var(--ast-global-color-8);color:var(--ast-global-color-0);border-width:1px\">Durada<\/td><td style=\"border-color:var(--ast-global-color-8);border-width:1px\">1 h &#8211; 1h i mitja<\/td><\/tr><tr><td style=\"border-color:var(--ast-global-color-8);color:var(--ast-global-color-0);border-width:1px\">Lloc de trobada<\/td><td style=\"border-color:var(--ast-global-color-8);border-width:1px;color:var(--ast-global-color-8)\">Al centre educatiu<\/td><\/tr><\/tbody><\/table><\/div>\n<\/div>\n\n\n\n<div class=\"wp-block-column is-layout-flow wp-block-column-is-layout-flow\" style=\"flex-basis:33.33%\">\n<p><strong>RECOMANACIONS<\/strong>: Aula que es pugui enfosquir per passar presentacions.<\/p>\n\n\n\n<p><\/p>\n<\/div>\n<\/div>\n<\/div><\/div>\n\n\n\n<div class=\"wp-block-getwid-tabs__nav-link\"><span class=\"wp-block-getwid-tabs__title-wrapper\"><a href=\"#\"><span class=\"wp-block-getwid-tabs__title\">Materials de treball<\/span><\/a><\/span><\/div><div class=\"wp-block-getwid-tabs__tab-content-wrapper\"><div class=\"wp-block-getwid-tabs__tab-content\">\n<p><strong>Fitxes de treball:<\/strong><\/p>\n\n\n\n<p>No n&#8217;hi ha<\/p>\n\n\n\n<p><strong>Treball previ o posterior:<\/strong><\/p>\n\n\n\n<p>No n&#8217;hi ha<\/p>\n\n\n\n<div style=\"height:40px\" aria-hidden=\"true\" class=\"wp-block-spacer\"><\/div>\n\n\n\n<p>Per m\u00e9s activitats de treball previ o posterior al centre podeu accedir a l\u2019apartat \u201c<strong>Recursos de residus<\/strong>\u201d de la <a href=\"https:\/\/serveiseducatius.xtec.cat\/cda-bages\/ambits\/els-residus\/\" data-type=\"page\" data-id=\"8398\" target=\"_blank\" rel=\"noreferrer noopener\">p\u00e0gina inicial <\/a>de l\u2019\u00e0mbit o posar-vos en contacte amb nosaltres.<\/p>\n<\/div><\/div>\n\n\n\n<div class=\"wp-block-getwid-tabs__nav-link\"><span class=\"wp-block-getwid-tabs__title-wrapper\"><a href=\"#\"><span class=\"wp-block-getwid-tabs__title\">Relaci\u00f3 amb el curr\u00edculum<\/span><\/a><\/span><\/div><div class=\"wp-block-getwid-tabs__tab-content-wrapper\"><div class=\"wp-block-getwid-tabs__tab-content\">\n<p>En els seg\u00fcents enlla\u00e7os podreu descarregar la nostra proposta per encaixar l&#8217;activitat en un context i amb un repte, on es detallen els objectius, compet\u00e8ncies b\u00e0siques, l&#8217;avaluaci\u00f3, els sabers i els ODS mobilitzats.<\/p>\n\n\n\n<p>Pendent d&#8217;elaborar<\/p>\n<\/div><\/div>\n<\/div>\n","protected":false},"excerpt":{"rendered":"","protected":false},"author":3,"featured_media":0,"parent":8398,"menu_order":80,"comment_status":"closed","ping_status":"closed","template":"","meta":{"_bbp_topic_count":0,"_bbp_reply_count":0,"_bbp_total_topic_count":0,"_bbp_total_reply_count":0,"_bbp_voice_count":0,"_bbp_anonymous_reply_count":0,"_bbp_topic_count_hidden":0,"_bbp_reply_count_hidden":0,"_bbp_forum_subforum_count":0,"site-sidebar-layout":"default","site-content-layout":"","ast-site-content-layout":"default","site-content-style":"default","site-sidebar-style":"default","ast-global-header-display":"","ast-banner-title-visibility":"","ast-main-header-display":"","ast-hfb-above-header-display":"","ast-hfb-below-header-display":"","ast-hfb-mobile-header-display":"","site-post-title":"","ast-breadcrumbs-content":"","ast-featured-img":"","footer-sml-layout":"","theme-transparent-header-meta":"","adv-header-id-meta":"","stick-header-meta":"","header-above-stick-meta":"","header-main-stick-meta":"","header-below-stick-meta":"","astra-migrate-meta-layouts":"set","ast-page-background-enabled":"default","ast-page-background-meta":{"desktop":{"background-color":"var(--ast-global-color-4)","background-image":"","background-repeat":"repeat","background-position":"center center","background-size":"auto","background-attachment":"scroll","background-type":"","background-media":"","overlay-type":"","overlay-color":"","overlay-opacity":"","overlay-gradient":""},"tablet":{"background-color":"","background-image":"","background-repeat":"repeat","background-position":"center center","background-size":"auto","background-attachment":"scroll","background-type":"","background-media":"","overlay-type":"","overlay-color":"","overlay-opacity":"","overlay-gradient":""},"mobile":{"background-color":"","background-image":"","background-repeat":"repeat","background-position":"center center","background-size":"auto","background-attachment":"scroll","background-type":"","background-media":"","overlay-type":"","overlay-color":"","overlay-opacity":"","overlay-gradient":""}},"ast-content-background-meta":{"desktop":{"background-color":"var(--ast-global-color-5)","background-image":"","background-repeat":"repeat","background-position":"center center","background-size":"auto","background-attachment":"scroll","background-type":"","background-media":"","overlay-type":"","overlay-color":"","overlay-opacity":"","overlay-gradient":""},"tablet":{"background-color":"var(--ast-global-color-5)","background-image":"","background-repeat":"repeat","background-position":"center center","background-size":"auto","background-attachment":"scroll","background-type":"","background-media":"","overlay-type":"","overlay-color":"","overlay-opacity":"","overlay-gradient":""},"mobile":{"background-color":"var(--ast-global-color-5)","background-image":"","background-repeat":"repeat","background-position":"center center","background-size":"auto","background-attachment":"scroll","background-type":"","background-media":"","overlay-type":"","overlay-color":"","overlay-opacity":"","overlay-gradient":""}},"footnotes":""},"class_list":["post-1409","page","type-page","status-publish","hentry"],"post_mailing_queue_ids":[],"_links":{"self":[{"href":"https:\/\/serveiseducatius.xtec.cat\/cda-bages\/wp-json\/wp\/v2\/pages\/1409","targetHints":{"allow":["GET"]}}],"collection":[{"href":"https:\/\/serveiseducatius.xtec.cat\/cda-bages\/wp-json\/wp\/v2\/pages"}],"about":[{"href":"https:\/\/serveiseducatius.xtec.cat\/cda-bages\/wp-json\/wp\/v2\/types\/page"}],"author":[{"embeddable":true,"href":"https:\/\/serveiseducatius.xtec.cat\/cda-bages\/wp-json\/wp\/v2\/users\/3"}],"replies":[{"embeddable":true,"href":"https:\/\/serveiseducatius.xtec.cat\/cda-bages\/wp-json\/wp\/v2\/comments?post=1409"}],"version-history":[{"count":5,"href":"https:\/\/serveiseducatius.xtec.cat\/cda-bages\/wp-json\/wp\/v2\/pages\/1409\/revisions"}],"predecessor-version":[{"id":11367,"href":"https:\/\/serveiseducatius.xtec.cat\/cda-bages\/wp-json\/wp\/v2\/pages\/1409\/revisions\/11367"}],"up":[{"embeddable":true,"href":"https:\/\/serveiseducatius.xtec.cat\/cda-bages\/wp-json\/wp\/v2\/pages\/8398"}],"wp:attachment":[{"href":"https:\/\/serveiseducatius.xtec.cat\/cda-bages\/wp-json\/wp\/v2\/media?parent=1409"}],"curies":[{"name":"wp","href":"https:\/\/api.w.org\/{rel}","templated":true}]}}