{"id":1386,"date":"2014-04-16T22:42:45","date_gmt":"2014-04-16T21:42:45","guid":{"rendered":"http:\/\/blocs.xtec.cat\/cdabages\/?page_id=1386"},"modified":"2026-01-14T14:15:25","modified_gmt":"2026-01-14T13:15:25","slug":"reciclem-loli-fent-sabo","status":"publish","type":"page","link":"https:\/\/serveiseducatius.xtec.cat\/cda-bages\/ambits\/els-residus\/reciclem-loli-fent-sabo\/","title":{"rendered":"Reciclem l&#8217;oli fent sab\u00f3"},"content":{"rendered":"\n<div class=\"wp-block-getwid-images-slider has-arrows-inside has-dots-inside is-carousel has-slides-gap-small has-images-center has-fitted-images\"><div class=\"wp-block-getwid-images-slider__wrapper\" data-effect=\"slide\" data-slides-show=\"2\" data-slides-show-laptop=\"1\" data-slides-show-tablet=\"1\" data-slides-show-mobile=\"1\" data-slides-scroll=\"1\" data-autoplay=\"false\" data-pause-hover=\"false\" data-autoplay-speed=\"6000\" data-infinite=\"true\" data-animation-speed=\"800\" data-center-mode=\"false\" data-variable-width=\"false\" data-arrows=\"inside\" data-dots=\"inside\" data-spacing=\"small\"><div class=\"wp-block-getwid-images-slider__item\"><figure><img loading=\"lazy\" decoding=\"async\" width=\"1280\" height=\"720\" src=\"https:\/\/serveiseducatius.xtec.cat\/cda-bages\/wp-content\/uploads\/usu1387\/2025\/12\/C0101T01.jpg\" data-id=\"11049\" data-link=\"https:\/\/serveiseducatius.xtec.cat\/cda-bages\/ambits\/els-residus\/reciclem-loli-fent-sabo\/attachment\/c0101t01\/\" data-original-link=\"https:\/\/serveiseducatius.xtec.cat\/cda-bages\/wp-content\/uploads\/usu1387\/2025\/12\/C0101T01.jpg\" class=\"wp-block-getwid-images-slider__image wp-image-11049\" srcset=\"https:\/\/serveiseducatius.xtec.cat\/cda-bages\/wp-content\/uploads\/usu1387\/2025\/12\/C0101T01.jpg 1280w, https:\/\/serveiseducatius.xtec.cat\/cda-bages\/wp-content\/uploads\/usu1387\/2025\/12\/C0101T01-300x169.jpg 300w, https:\/\/serveiseducatius.xtec.cat\/cda-bages\/wp-content\/uploads\/usu1387\/2025\/12\/C0101T01-1024x576.jpg 1024w, https:\/\/serveiseducatius.xtec.cat\/cda-bages\/wp-content\/uploads\/usu1387\/2025\/12\/C0101T01-768x432.jpg 768w\" sizes=\"auto, (max-width: 1280px) 100vw, 1280px\" \/><\/figure><\/div><div class=\"wp-block-getwid-images-slider__item\"><figure><img loading=\"lazy\" decoding=\"async\" width=\"1280\" height=\"720\" src=\"https:\/\/serveiseducatius.xtec.cat\/cda-bages\/wp-content\/uploads\/usu1387\/2025\/12\/C0083T01.jpg\" data-id=\"11047\" data-link=\"https:\/\/serveiseducatius.xtec.cat\/cda-bages\/ambits\/els-residus\/reciclem-loli-fent-sabo\/attachment\/c0083t01\/\" data-original-link=\"https:\/\/serveiseducatius.xtec.cat\/cda-bages\/wp-content\/uploads\/usu1387\/2025\/12\/C0083T01.jpg\" class=\"wp-block-getwid-images-slider__image wp-image-11047\" srcset=\"https:\/\/serveiseducatius.xtec.cat\/cda-bages\/wp-content\/uploads\/usu1387\/2025\/12\/C0083T01.jpg 1280w, https:\/\/serveiseducatius.xtec.cat\/cda-bages\/wp-content\/uploads\/usu1387\/2025\/12\/C0083T01-300x169.jpg 300w, https:\/\/serveiseducatius.xtec.cat\/cda-bages\/wp-content\/uploads\/usu1387\/2025\/12\/C0083T01-1024x576.jpg 1024w, https:\/\/serveiseducatius.xtec.cat\/cda-bages\/wp-content\/uploads\/usu1387\/2025\/12\/C0083T01-768x432.jpg 768w\" sizes=\"auto, (max-width: 1280px) 100vw, 1280px\" \/><\/figure><\/div><div class=\"wp-block-getwid-images-slider__item\"><figure><img loading=\"lazy\" decoding=\"async\" width=\"1280\" height=\"720\" src=\"https:\/\/serveiseducatius.xtec.cat\/cda-bages\/wp-content\/uploads\/usu1387\/2025\/12\/C0082T01.jpg\" data-id=\"11048\" data-link=\"https:\/\/serveiseducatius.xtec.cat\/cda-bages\/ambits\/els-residus\/reciclem-loli-fent-sabo\/attachment\/c0082t01\/\" data-original-link=\"https:\/\/serveiseducatius.xtec.cat\/cda-bages\/wp-content\/uploads\/usu1387\/2025\/12\/C0082T01.jpg\" class=\"wp-block-getwid-images-slider__image wp-image-11048\" srcset=\"https:\/\/serveiseducatius.xtec.cat\/cda-bages\/wp-content\/uploads\/usu1387\/2025\/12\/C0082T01.jpg 1280w, https:\/\/serveiseducatius.xtec.cat\/cda-bages\/wp-content\/uploads\/usu1387\/2025\/12\/C0082T01-300x169.jpg 300w, https:\/\/serveiseducatius.xtec.cat\/cda-bages\/wp-content\/uploads\/usu1387\/2025\/12\/C0082T01-1024x576.jpg 1024w, https:\/\/serveiseducatius.xtec.cat\/cda-bages\/wp-content\/uploads\/usu1387\/2025\/12\/C0082T01-768x432.jpg 768w\" sizes=\"auto, (max-width: 1280px) 100vw, 1280px\" \/><\/figure><\/div><div class=\"wp-block-getwid-images-slider__item\"><figure><img loading=\"lazy\" decoding=\"async\" width=\"900\" height=\"900\" src=\"https:\/\/serveiseducatius.xtec.cat\/cda-bages\/wp-content\/uploads\/usu1387\/2025\/11\/PHOTO-2022-10-25-13-09-11-1.jpg\" data-id=\"10941\" data-link=\"https:\/\/serveiseducatius.xtec.cat\/cda-bages\/ambits\/els-residus\/reciclem-loli-fent-sabo\/attachment\/photo-2022-10-25-13-09-11-1\/\" data-original-link=\"https:\/\/serveiseducatius.xtec.cat\/cda-bages\/wp-content\/uploads\/usu1387\/2025\/11\/PHOTO-2022-10-25-13-09-11-1.jpg\" class=\"wp-block-getwid-images-slider__image wp-image-10941\" srcset=\"https:\/\/serveiseducatius.xtec.cat\/cda-bages\/wp-content\/uploads\/usu1387\/2025\/11\/PHOTO-2022-10-25-13-09-11-1.jpg 900w, https:\/\/serveiseducatius.xtec.cat\/cda-bages\/wp-content\/uploads\/usu1387\/2025\/11\/PHOTO-2022-10-25-13-09-11-1-300x300.jpg 300w, https:\/\/serveiseducatius.xtec.cat\/cda-bages\/wp-content\/uploads\/usu1387\/2025\/11\/PHOTO-2022-10-25-13-09-11-1-150x150.jpg 150w, https:\/\/serveiseducatius.xtec.cat\/cda-bages\/wp-content\/uploads\/usu1387\/2025\/11\/PHOTO-2022-10-25-13-09-11-1-768x768.jpg 768w\" sizes=\"auto, (max-width: 900px) 100vw, 900px\" \/><\/figure><\/div><div class=\"wp-block-getwid-images-slider__item\"><figure><img loading=\"lazy\" decoding=\"async\" width=\"900\" height=\"900\" src=\"https:\/\/serveiseducatius.xtec.cat\/cda-bages\/wp-content\/uploads\/usu1387\/2025\/11\/PHOTO-2022-10-25-13-09-12-1.jpg\" data-id=\"10940\" data-link=\"https:\/\/serveiseducatius.xtec.cat\/cda-bages\/ambits\/els-residus\/reciclem-loli-fent-sabo\/attachment\/photo-2022-10-25-13-09-12-1\/\" data-original-link=\"https:\/\/serveiseducatius.xtec.cat\/cda-bages\/wp-content\/uploads\/usu1387\/2025\/11\/PHOTO-2022-10-25-13-09-12-1.jpg\" class=\"wp-block-getwid-images-slider__image wp-image-10940\" srcset=\"https:\/\/serveiseducatius.xtec.cat\/cda-bages\/wp-content\/uploads\/usu1387\/2025\/11\/PHOTO-2022-10-25-13-09-12-1.jpg 900w, https:\/\/serveiseducatius.xtec.cat\/cda-bages\/wp-content\/uploads\/usu1387\/2025\/11\/PHOTO-2022-10-25-13-09-12-1-300x300.jpg 300w, https:\/\/serveiseducatius.xtec.cat\/cda-bages\/wp-content\/uploads\/usu1387\/2025\/11\/PHOTO-2022-10-25-13-09-12-1-150x150.jpg 150w, https:\/\/serveiseducatius.xtec.cat\/cda-bages\/wp-content\/uploads\/usu1387\/2025\/11\/PHOTO-2022-10-25-13-09-12-1-768x768.jpg 768w\" sizes=\"auto, (max-width: 900px) 100vw, 900px\" \/><\/figure><\/div><div class=\"wp-block-getwid-images-slider__item\"><figure><img loading=\"lazy\" decoding=\"async\" width=\"1280\" height=\"720\" src=\"https:\/\/serveiseducatius.xtec.cat\/cda-bages\/wp-content\/uploads\/usu1387\/2025\/12\/C0116T01.jpg\" data-id=\"11050\" data-link=\"https:\/\/serveiseducatius.xtec.cat\/cda-bages\/ambits\/els-residus\/reciclem-loli-fent-sabo\/attachment\/c0116t01\/\" data-original-link=\"https:\/\/serveiseducatius.xtec.cat\/cda-bages\/wp-content\/uploads\/usu1387\/2025\/12\/C0116T01.jpg\" class=\"wp-block-getwid-images-slider__image wp-image-11050\" srcset=\"https:\/\/serveiseducatius.xtec.cat\/cda-bages\/wp-content\/uploads\/usu1387\/2025\/12\/C0116T01.jpg 1280w, https:\/\/serveiseducatius.xtec.cat\/cda-bages\/wp-content\/uploads\/usu1387\/2025\/12\/C0116T01-300x169.jpg 300w, https:\/\/serveiseducatius.xtec.cat\/cda-bages\/wp-content\/uploads\/usu1387\/2025\/12\/C0116T01-1024x576.jpg 1024w, https:\/\/serveiseducatius.xtec.cat\/cda-bages\/wp-content\/uploads\/usu1387\/2025\/12\/C0116T01-768x432.jpg 768w\" sizes=\"auto, (max-width: 1280px) 100vw, 1280px\" \/><\/figure><\/div><\/div><\/div>\n\n\n\n<div style=\"height:30px\" aria-hidden=\"true\" class=\"wp-block-spacer\"><\/div>\n\n\n\n<div class=\"wp-block-getwid-tabs\" data-active-tab=\"0\"><ul class=\"wp-block-getwid-tabs__nav-links\"><\/ul>\n<div class=\"wp-block-getwid-tabs__nav-link\"><span class=\"wp-block-getwid-tabs__title-wrapper\"><a href=\"#\"><span class=\"wp-block-getwid-tabs__title\">Descripci\u00f3<\/span><\/a><\/span><\/div><div class=\"wp-block-getwid-tabs__tab-content-wrapper\"><div class=\"wp-block-getwid-tabs__tab-content\">\n<p>Aquest taller es realitza conjuntament amb el Consorci del Bages per a la gesti\u00f3 de residus. El taller fa possible realitzar un proc\u00e9s de reciclatge complet, \u00e9s a dir, convertir un residu en un recurs. A partir de l\u2019oli d\u2019oliva usat, barrejant-lo amb sosa c\u00e0ustica i altres ingredients, s\u2019obt\u00e9 un sab\u00f3 que posteriorment es pot utilitzar per llevar taques o a la rentadora. Aix\u00ed, a m\u00e9s de realitzar un proc\u00e9s de reciclatge, reprodu\u00efm pr\u00e0ctiques passades, fem una pr\u00e0ctica de qu\u00edmica i li donem un bon dest\u00ed a l\u2019oli utilitzat.<\/p>\n\n\n\n<p>Amb els alumnes de batxillerat es treballa m\u00e9s a fons la reacci\u00f3 de saponificaci\u00f3.<\/p>\n\n\n\n<p>El taller es pot realitzar al laboratori del Camp d\u2019Aprenentatge del Bages o al centre que ho sol\u00b7liciti, en cas de venir al vostre centre caldria disposar d\u2019un espai ampli, que es pugui ventilar, amb taules i acc\u00e9s a l\u2019aigua.<\/p>\n\n\n\n<p>ATENCI\u00d3: Per realitzar aquest taller utilitzem sosa c\u00e0ustica al 99%. Portem guants de nitril i ulleres de protecci\u00f3.<\/p>\n\n\n\n<p>En els seg\u00fcents enlla\u00e7os hi ha els guions que utilitzarem durant el taller per a fer <a href=\"https:\/\/drive.google.com\/file\/d\/0BzWPKr0lE8MKTWU2RlJEOGxYRmM\/view?usp=sharing\" target=\"_blank\" rel=\"noreferrer noopener\">sab\u00f3 en pastilla<\/a> i <a href=\"https:\/\/drive.google.com\/file\/d\/0BzWPKr0lE8MKYW03Z1B0TTRYbWM\/view?usp=sharing\" target=\"_blank\" rel=\"noreferrer noopener\">sab\u00f3 l\u00edquid<\/a>. Si alg\u00fa que no hagi realitzat el taller t\u00e9 inter\u00e8s en fer sab\u00f3, en aquests altres enlla\u00e7os la informaci\u00f3 est\u00e0 m\u00e9s detallada, <a href=\"https:\/\/drive.google.com\/file\/d\/0BzWPKr0lE8MKZ1VTT01XNFFOcHM\/view?usp=sharing\" target=\"_blank\" rel=\"noreferrer noopener\">sab\u00f3 en pastilla<\/a> i <a href=\"https:\/\/drive.google.com\/file\/d\/0BzWPKr0lE8MKenUxdjg1WEN4Rjg\/view?usp=sharing\" target=\"_blank\" rel=\"noreferrer noopener\">sab\u00f3 l\u00edquid<\/a>.<\/p>\n\n\n\n<div class=\"wp-block-columns is-layout-flex wp-container-core-columns-is-layout-1 wp-block-columns-is-layout-flex\">\n<div class=\"wp-block-column is-layout-flow wp-block-column-is-layout-flow\" style=\"flex-basis:66.66%\">\n<div class=\"wp-block-getwid-table\"><table><tbody><tr><td style=\"color:var(--ast-global-color-0);border-color:var(--ast-global-color-8);border-width:1px\">Nivells<\/td><td style=\"color:var(--ast-global-color-8);border-color:var(--ast-global-color-8);border-width:1px\">CS, ESO, BAT I CF<\/td><\/tr><tr><td style=\"border-color:var(--ast-global-color-8);color:var(--ast-global-color-0);border-width:1px\">Durada<\/td><td style=\"border-color:var(--ast-global-color-8);border-width:1px\">1,5 &#8211; 2h<\/td><\/tr><tr><td style=\"border-color:var(--ast-global-color-8);color:var(--ast-global-color-0);border-width:1px\">Lloc de trobada<\/td><td style=\"border-color:var(--ast-global-color-8);border-width:1px\">La Culla o el propi centre educatiu<\/td><\/tr><\/tbody><\/table><\/div>\n<\/div>\n\n\n\n<div class=\"wp-block-column is-layout-flow wp-block-column-is-layout-flow\" style=\"flex-basis:33.33%\">\n<p><strong>RECOMANACIONS<\/strong><\/p>\n\n\n\n<p><strong>Dur envasos i motlles <\/strong>de l\u00e0ctics, a poder ser de polopropil\u00e8 (PP) o poliestir\u00e8 (PS) per posar-hi la pasta de sab\u00f3.<\/p>\n<\/div>\n<\/div>\n<\/div><\/div>\n\n\n\n<div class=\"wp-block-getwid-tabs__nav-link\"><span class=\"wp-block-getwid-tabs__title-wrapper\"><a href=\"#\"><span class=\"wp-block-getwid-tabs__title\">Materials de treball<\/span><\/a><\/span><\/div><div class=\"wp-block-getwid-tabs__tab-content-wrapper\"><div class=\"wp-block-getwid-tabs__tab-content\">\n<p><strong>Fitxes de treball:<\/strong><\/p>\n\n\n\n<p>No n\u2019hi ha<\/p>\n\n\n\n<p><strong>Treball previ o posterior:<\/strong><\/p>\n\n\n\n<p>Si alg\u00fa que no hagi realitzat el taller t\u00e9 inter\u00e8s en fer sab\u00f3, o vol replicar la pr\u00e0ctica al centre educatiu, en aquests altres enlla\u00e7os hi ha les receptes per fer <a href=\"https:\/\/drive.google.com\/file\/d\/0BzWPKr0lE8MKZ1VTT01XNFFOcHM\/view?usp=sharing\" target=\"_blank\" rel=\"noreferrer noopener\">sab\u00f3 en pastilla<\/a> i <a href=\"https:\/\/drive.google.com\/file\/d\/0BzWPKr0lE8MKenUxdjg1WEN4Rjg\/view?usp=sharing\" target=\"_blank\" rel=\"noreferrer noopener\">sab\u00f3 l\u00edquid<\/a>.<\/p>\n\n\n\n<div style=\"height:30px\" aria-hidden=\"true\" class=\"wp-block-spacer\"><\/div>\n\n\n\n<p>Per m\u00e9s activitats de treball previ o posterior al centre podeu accedir a l\u2019apartat \u201c<strong>Recursos de residus<\/strong>\u201d de la <a href=\"https:\/\/serveiseducatius.xtec.cat\/cda-bages\/ambits\/els-residus\/\" data-type=\"page\" data-id=\"8398\" target=\"_blank\" rel=\"noreferrer noopener\">p\u00e0gina inicial <\/a>de l\u2019\u00e0mbit o posar-vos en contacte amb nosaltres.<\/p>\n<\/div><\/div>\n\n\n\n<div class=\"wp-block-getwid-tabs__nav-link\"><span class=\"wp-block-getwid-tabs__title-wrapper\"><a href=\"#\"><span class=\"wp-block-getwid-tabs__title\">Relaci\u00f3 amb el curr\u00edculum<\/span><\/a><\/span><\/div><div class=\"wp-block-getwid-tabs__tab-content-wrapper\"><div class=\"wp-block-getwid-tabs__tab-content\">\n<p>En els seg\u00fcents enlla\u00e7os podreu descarregar la nostra proposta per encaixar l\u2019activitat en un context i amb un repte, on es detallen els objectius, compet\u00e8ncies b\u00e0siques, l\u2019avaluaci\u00f3, els sabers i els ODS mobilitzats.<\/p>\n\n\n\n<p>Pendent d&#8217;elaborar<\/p>\n<\/div><\/div>\n<\/div>\n\n\n\n<p><\/p>\n","protected":false},"excerpt":{"rendered":"","protected":false},"author":3,"featured_media":0,"parent":8398,"menu_order":30,"comment_status":"closed","ping_status":"closed","template":"","meta":{"_bbp_topic_count":0,"_bbp_reply_count":0,"_bbp_total_topic_count":0,"_bbp_total_reply_count":0,"_bbp_voice_count":0,"_bbp_anonymous_reply_count":0,"_bbp_topic_count_hidden":0,"_bbp_reply_count_hidden":0,"_bbp_forum_subforum_count":0,"site-sidebar-layout":"default","site-content-layout":"","ast-site-content-layout":"default","site-content-style":"default","site-sidebar-style":"default","ast-global-header-display":"","ast-banner-title-visibility":"","ast-main-header-display":"","ast-hfb-above-header-display":"","ast-hfb-below-header-display":"","ast-hfb-mobile-header-display":"","site-post-title":"","ast-breadcrumbs-content":"","ast-featured-img":"","footer-sml-layout":"","theme-transparent-header-meta":"","adv-header-id-meta":"","stick-header-meta":"","header-above-stick-meta":"","header-main-stick-meta":"","header-below-stick-meta":"","astra-migrate-meta-layouts":"set","ast-page-background-enabled":"default","ast-page-background-meta":{"desktop":{"background-color":"var(--ast-global-color-4)","background-image":"","background-repeat":"repeat","background-position":"center center","background-size":"auto","background-attachment":"scroll","background-type":"","background-media":"","overlay-type":"","overlay-color":"","overlay-opacity":"","overlay-gradient":""},"tablet":{"background-color":"","background-image":"","background-repeat":"repeat","background-position":"center center","background-size":"auto","background-attachment":"scroll","background-type":"","background-media":"","overlay-type":"","overlay-color":"","overlay-opacity":"","overlay-gradient":""},"mobile":{"background-color":"","background-image":"","background-repeat":"repeat","background-position":"center center","background-size":"auto","background-attachment":"scroll","background-type":"","background-media":"","overlay-type":"","overlay-color":"","overlay-opacity":"","overlay-gradient":""}},"ast-content-background-meta":{"desktop":{"background-color":"var(--ast-global-color-5)","background-image":"","background-repeat":"repeat","background-position":"center center","background-size":"auto","background-attachment":"scroll","background-type":"","background-media":"","overlay-type":"","overlay-color":"","overlay-opacity":"","overlay-gradient":""},"tablet":{"background-color":"var(--ast-global-color-5)","background-image":"","background-repeat":"repeat","background-position":"center center","background-size":"auto","background-attachment":"scroll","background-type":"","background-media":"","overlay-type":"","overlay-color":"","overlay-opacity":"","overlay-gradient":""},"mobile":{"background-color":"var(--ast-global-color-5)","background-image":"","background-repeat":"repeat","background-position":"center center","background-size":"auto","background-attachment":"scroll","background-type":"","background-media":"","overlay-type":"","overlay-color":"","overlay-opacity":"","overlay-gradient":""}},"footnotes":""},"class_list":["post-1386","page","type-page","status-publish","hentry"],"post_mailing_queue_ids":[],"_links":{"self":[{"href":"https:\/\/serveiseducatius.xtec.cat\/cda-bages\/wp-json\/wp\/v2\/pages\/1386","targetHints":{"allow":["GET"]}}],"collection":[{"href":"https:\/\/serveiseducatius.xtec.cat\/cda-bages\/wp-json\/wp\/v2\/pages"}],"about":[{"href":"https:\/\/serveiseducatius.xtec.cat\/cda-bages\/wp-json\/wp\/v2\/types\/page"}],"author":[{"embeddable":true,"href":"https:\/\/serveiseducatius.xtec.cat\/cda-bages\/wp-json\/wp\/v2\/users\/3"}],"replies":[{"embeddable":true,"href":"https:\/\/serveiseducatius.xtec.cat\/cda-bages\/wp-json\/wp\/v2\/comments?post=1386"}],"version-history":[{"count":6,"href":"https:\/\/serveiseducatius.xtec.cat\/cda-bages\/wp-json\/wp\/v2\/pages\/1386\/revisions"}],"predecessor-version":[{"id":11284,"href":"https:\/\/serveiseducatius.xtec.cat\/cda-bages\/wp-json\/wp\/v2\/pages\/1386\/revisions\/11284"}],"up":[{"embeddable":true,"href":"https:\/\/serveiseducatius.xtec.cat\/cda-bages\/wp-json\/wp\/v2\/pages\/8398"}],"wp:attachment":[{"href":"https:\/\/serveiseducatius.xtec.cat\/cda-bages\/wp-json\/wp\/v2\/media?parent=1386"}],"curies":[{"name":"wp","href":"https:\/\/api.w.org\/{rel}","templated":true}]}}