{"id":1042,"date":"2014-02-27T18:22:23","date_gmt":"2014-02-27T17:22:23","guid":{"rendered":"http:\/\/blocs.xtec.cat\/cdabages\/?page_id=1042"},"modified":"2026-02-17T17:49:07","modified_gmt":"2026-02-17T16:49:07","slug":"natura","status":"publish","type":"page","link":"https:\/\/serveiseducatius.xtec.cat\/cda-bages\/ambits\/natura\/","title":{"rendered":"Natura"},"content":{"rendered":"\n<p>Des del Camp d\u2019Aprenentatge del Bages aprofitem diferents espais naturals del nostre entorn per realitzar diferents itineraris de natura.<\/p>\n\n\n\n<p><strong>Activitats<\/strong>:<\/p>\n\n\n\n<div class=\"wp-block-getwid-accordion has-icon-left\" data-active-element=\"none\">\n<div class=\"wp-block-getwid-accordion__header-wrapper\"><span class=\"wp-block-getwid-accordion__header\"><a href=\"#\"><span class=\"wp-block-getwid-accordion__header-title\">Totes les activitats de natura.<\/span><span class=\"wp-block-getwid-accordion__icon is-active\"><i class=\"fas fa-plus\"><\/i><\/span><span class=\"wp-block-getwid-accordion__icon is-passive\"><i class=\"fas fa-minus\"><\/i><\/span><\/a><\/span><\/div><div class=\"wp-block-getwid-accordion__content-wrapper\"><div class=\"wp-block-getwid-accordion__content\">\n<ul class=\"wp-block-list\">\n<li><a title=\"Itinerari PN Sant Lloren\u00e7 del Munt i l\u2019Obac\" href=\"https:\/\/serveiseducatius.xtec.cat\/cda-bages\/ambits\/natura\/itinerari-pn-sant-llorenc-del-munt-i-lobac\/\">Itinerari PN Sant Lloren\u00e7 del Munt i l&#8217;Obac<\/a><\/li>\n\n\n\n<li><a title=\"Itinerari L\u2019Anella Verda de Manresa\" href=\"https:\/\/serveiseducatius.xtec.cat\/cda-bages\/ambits\/natura\/itinerari-lanella-verda-de-manresa\/\">Itinerari L&#8217;Anella Verda de Manresa<\/a><\/li>\n\n\n\n<li><a href=\"https:\/\/serveiseducatius.xtec.cat\/cda-bages\/ambits\/aigua\/itinerari-per-la-sequia-de-manresa\/\">Itinerari La S\u00e8quia de Manresa<\/a><\/li>\n\n\n\n<li><a href=\"https:\/\/serveiseducatius.xtec.cat\/cda-bages\/ambits\/els-residus\/descoberta-del-parc-del-seca\/\">Descoberta del Parc del Sec\u00e0<\/a><\/li>\n\n\n\n<li><a href=\"https:\/\/serveiseducatius.xtec.cat\/cda-bages\/ambits\/geologia\/itineraris-geologics-per-la-comarca\/\">Itineraris geol\u00f2gics<\/a><\/li>\n<\/ul>\n<\/div><\/div>\n<\/div>\n\n\n\n<div class=\"wp-block-getwid-accordion has-icon-left\" data-active-element=\"none\">\n<div class=\"wp-block-getwid-accordion__header-wrapper\"><span class=\"wp-block-getwid-accordion__header\"><a href=\"#\"><span class=\"wp-block-getwid-accordion__header-title\">Material en pr\u00e9stec de natura.<\/span><span class=\"wp-block-getwid-accordion__icon is-active\"><i class=\"fas fa-plus\"><\/i><\/span><span class=\"wp-block-getwid-accordion__icon is-passive\"><i class=\"fas fa-minus\"><\/i><\/span><\/a><\/span><\/div><div class=\"wp-block-getwid-accordion__content-wrapper\"><div class=\"wp-block-getwid-accordion__content\">\n<ul class=\"wp-block-list\">\n<li><a href=\"https:\/\/serveiseducatius.xtec.cat\/cda-bages\/ambits\/la-culla\/taller-les-plantes-rapides\/\">Kit plantes r\u00e0pides<\/a><\/li>\n<\/ul>\n<\/div><\/div>\n<\/div>\n\n\n\n<div class=\"wp-block-getwid-accordion has-icon-left\" data-active-element=\"none\">\n<div class=\"wp-block-getwid-accordion__header-wrapper\"><span class=\"wp-block-getwid-accordion__header\"><a href=\"#\"><span class=\"wp-block-getwid-accordion__header-title\">Recursos de natura:<\/span><span class=\"wp-block-getwid-accordion__icon is-active\"><i class=\"fas fa-plus\"><\/i><\/span><span class=\"wp-block-getwid-accordion__icon is-passive\"><i class=\"fas fa-minus\"><\/i><\/span><\/a><\/span><\/div><div class=\"wp-block-getwid-accordion__content-wrapper\"><div class=\"wp-block-getwid-accordion__content\">\n<ul class=\"wp-block-list\">\n<li>Activitats al <a href=\"https:\/\/parcdelasequia.cat\/servei-educatiu\/activitats\/\" target=\"_blank\" rel=\"noopener noreferrer\">Parc de la S\u00e9quia<\/a><\/li>\n\n\n\n<li>Dossier <a href=\"http:\/\/www.xtec.cat\/cda-bages\/consulta\/consuaigua.htm\" target=\"_blank\" rel=\"noopener noreferrer\">&#8220;Del riu al riu, passant per casa&#8221; <\/a>(CdA Bages)<\/li>\n\n\n\n<li>V\u00eddeo <a href=\"https:\/\/youtu.be\/sNzs_PjCmTA\" target=\"_blank\" rel=\"noopener noreferrer\">&#8220;L&#8217;aigua del riu al riu&#8221;<\/a> (CdA Bages)<\/li>\n\n\n\n<li>P\u00e0gines web:<br><a href=\"https:\/\/parcs.diba.cat\/web\/SantLlorenc\" target=\"_blank\" rel=\"noopener noreferrer\">P.N. Sant Lloren\u00e7 del Munt i l&#8217;Obac<\/a>.<br><a href=\"http:\/\/santllorencdelmunt.com\/\" target=\"_blank\" rel=\"noopener noreferrer\">Sant Lloren\u00e7 del Munt.com<\/a><br><a href=\"http:\/\/anellaverdamanresa.cat\/\" target=\"_blank\" rel=\"noopener noreferrer\">L&#8217;Anella Verda de Manresa<\/a><\/li>\n<\/ul>\n<\/div><\/div>\n<\/div>\n\n\n\n<div style=\"height:50px\" aria-hidden=\"true\" class=\"wp-block-spacer\"><\/div>\n\n\n\n<div class=\"wp-block-getwid-content-slider has-arrows-inside has-dots-inside\" data-autoplay=\"true\" data-infinite=\"true\"><div class=\"wp-block-getwid-content-slider__wrapper\">\n<div class=\"wp-block-getwid-content-slider-slide\"><div class=\"wp-block-getwid-content-slider-slide__wrapper\">\n<div class=\"wp-block-columns is-layout-flex wp-container-core-columns-is-layout-1 wp-block-columns-is-layout-flex\">\n<div class=\"wp-block-column is-layout-flow wp-block-column-is-layout-flow\" style=\"flex-basis:33.33%\">\n<figure class=\"wp-block-image aligncenter size-full is-resized\"><a href=\"https:\/\/serveiseducatius.xtec.cat\/cda-bages\/wp-content\/uploads\/usu1387\/2025\/10\/rDSC02561-1.jpg\"><img loading=\"lazy\" decoding=\"async\" width=\"800\" height=\"600\" src=\"https:\/\/serveiseducatius.xtec.cat\/cda-bages\/wp-content\/uploads\/usu1387\/2025\/10\/rDSC02561-1.jpg\" alt=\"\" class=\"wp-image-10755\" style=\"aspect-ratio:3\/4;object-fit:cover;width:300px\" srcset=\"https:\/\/serveiseducatius.xtec.cat\/cda-bages\/wp-content\/uploads\/usu1387\/2025\/10\/rDSC02561-1.jpg 800w, https:\/\/serveiseducatius.xtec.cat\/cda-bages\/wp-content\/uploads\/usu1387\/2025\/10\/rDSC02561-1-300x225.jpg 300w, https:\/\/serveiseducatius.xtec.cat\/cda-bages\/wp-content\/uploads\/usu1387\/2025\/10\/rDSC02561-1-768x576.jpg 768w\" sizes=\"auto, (max-width: 800px) 100vw, 800px\" \/><\/a><\/figure>\n<\/div>\n\n\n\n<div class=\"wp-block-column is-vertically-aligned-center is-layout-flow wp-block-column-is-layout-flow\" style=\"flex-basis:66.66%\">\n<h3 class=\"wp-block-heading\"><a href=\"https:\/\/serveiseducatius.xtec.cat\/cda-bages\/ambits\/natura\/itinerari-pn-sant-llorenc-del-munt-i-lobac\/\">Itinerari PN Sant Lloren\u00e7 del Munt i l&#8217;Obac<\/a><\/h3>\n\n\n\n<p>Es tracta d\u2019una travessa d\u2019uns 6 km per la serra de l\u2019Obac. Aquesta activitat t\u00e9 dos objectius principals:<\/p>\n\n\n\n<ul class=\"wp-block-list\">\n<li>Con\u00e8ixer d\u2019aprop aquest Parc Natural i especialment la serra de l\u2019Obac, per on transita l\u2019itinerari.<\/li>\n\n\n\n<li>Estudiar els testimonis de les activitats tradicionals relacionades amb el bosc.<\/li>\n<\/ul>\n\n\n\n<p>Es comen\u00e7a l\u2019itinerari al Coll d\u2019Estenalles. La ruta passa per indrets de gran bellesa on es veuen variats testimonis de la vida en el passat: masia, pou de gla\u00e7, carboneres, basses, feixes, balmes, una antiga masoveria\u2026<\/p>\n<\/div>\n<\/div>\n<\/div><\/div>\n\n\n\n<div class=\"wp-block-getwid-content-slider-slide\"><div class=\"wp-block-getwid-content-slider-slide__wrapper\">\n<div class=\"wp-block-columns is-layout-flex wp-container-core-columns-is-layout-2 wp-block-columns-is-layout-flex\">\n<div class=\"wp-block-column is-layout-flow wp-block-column-is-layout-flow\" style=\"flex-basis:33.33%\">\n<figure class=\"wp-block-image aligncenter size-full is-resized\"><a href=\"https:\/\/serveiseducatius.xtec.cat\/cda-bages\/wp-content\/uploads\/usu1387\/2025\/10\/20180502_152857.jpg\"><img loading=\"lazy\" decoding=\"async\" width=\"800\" height=\"450\" src=\"https:\/\/serveiseducatius.xtec.cat\/cda-bages\/wp-content\/uploads\/usu1387\/2025\/10\/20180502_152857.jpg\" alt=\"\" class=\"wp-image-10756\" style=\"aspect-ratio:3\/4;object-fit:cover;width:300px\" srcset=\"https:\/\/serveiseducatius.xtec.cat\/cda-bages\/wp-content\/uploads\/usu1387\/2025\/10\/20180502_152857.jpg 800w, https:\/\/serveiseducatius.xtec.cat\/cda-bages\/wp-content\/uploads\/usu1387\/2025\/10\/20180502_152857-300x169.jpg 300w, https:\/\/serveiseducatius.xtec.cat\/cda-bages\/wp-content\/uploads\/usu1387\/2025\/10\/20180502_152857-768x432.jpg 768w\" sizes=\"auto, (max-width: 800px) 100vw, 800px\" \/><\/a><\/figure>\n<\/div>\n\n\n\n<div class=\"wp-block-column is-vertically-aligned-center is-layout-flow wp-block-column-is-layout-flow\" style=\"flex-basis:66.66%\">\n<h3 class=\"wp-block-heading\"><a href=\"https:\/\/serveiseducatius.xtec.cat\/cda-bages\/ambits\/natura\/itinerari-lanella-verda-de-manresa\/\">Itinerari L&#8217;Anella Verda de Manresa<\/a><\/h3>\n\n\n\n<p>L\u2019Anella Verda\u00a0de Manresa \u00e9s el conjunt d\u2019espais lliures al voltant de la ciutat que pels seus valors socials, ambientals, paisatg\u00edstics i productius agraris cal con\u00e8ixer, protegir, connectar i potenciar.<\/p>\n\n\n\n<p>L\u2019itinerari que proposem \u00e9s per con\u00e8ixer millor una part d\u2019aquesta Anella Verda. Concretament la que va del riu Cardener al tram final de la riera de Rajadell. Al llarg de l\u2019itinerari es treballa la hist\u00f2ria geol\u00f2gica de la comarca i la geologia de l\u2019entorn, la vegetaci\u00f3, el paisatge i algunes construccions de pedra seca.<\/p>\n<\/div>\n<\/div>\n<\/div><\/div>\n\n\n\n<div class=\"wp-block-getwid-content-slider-slide\"><div class=\"wp-block-getwid-content-slider-slide__wrapper\">\n<div class=\"wp-block-columns is-layout-flex wp-container-core-columns-is-layout-3 wp-block-columns-is-layout-flex\">\n<div class=\"wp-block-column is-layout-flow wp-block-column-is-layout-flow\" style=\"flex-basis:33.33%\">\n<figure class=\"wp-block-image aligncenter size-full is-resized\"><a href=\"https:\/\/serveiseducatius.xtec.cat\/cda-bages\/wp-content\/uploads\/usu1387\/2025\/07\/IMG_20231019_121137m.jpg\"><img loading=\"lazy\" decoding=\"async\" width=\"929\" height=\"450\" src=\"https:\/\/serveiseducatius.xtec.cat\/cda-bages\/wp-content\/uploads\/usu1387\/2025\/07\/IMG_20231019_121137m.jpg\" alt=\"\" class=\"wp-image-10369\" style=\"aspect-ratio:3\/4;object-fit:cover;width:300px\" srcset=\"https:\/\/serveiseducatius.xtec.cat\/cda-bages\/wp-content\/uploads\/usu1387\/2025\/07\/IMG_20231019_121137m.jpg 929w, https:\/\/serveiseducatius.xtec.cat\/cda-bages\/wp-content\/uploads\/usu1387\/2025\/07\/IMG_20231019_121137m-300x145.jpg 300w, https:\/\/serveiseducatius.xtec.cat\/cda-bages\/wp-content\/uploads\/usu1387\/2025\/07\/IMG_20231019_121137m-768x372.jpg 768w\" sizes=\"auto, (max-width: 929px) 100vw, 929px\" \/><\/a><\/figure>\n<\/div>\n\n\n\n<div class=\"wp-block-column is-vertically-aligned-center is-layout-flow wp-block-column-is-layout-flow\" style=\"flex-basis:66.66%\">\n<h3 class=\"wp-block-heading\"><a href=\"https:\/\/serveiseducatius.xtec.cat\/cda-bages\/ambits\/aigua\/itinerari-per-la-sequia-de-manresa\/\">Itinerari per la S\u00e9quia de Manresa<\/a><\/h3>\n\n\n\n<p>Aquesta activitat es fa conjuntament entre el Parc de la S\u00e9quia i el Camp d\u2019Aprenentatge del Bages.<\/p>\n\n\n\n<p>\u00c9s un recorregut pel cam\u00ed que voreja aquest canal que des del segle XIV porta aigua a Manresa. \u00c9s un passeig per un cam\u00ed planer, en el paisatge humanitzat del Bages, mentre es desenvolupen activitats en les que es busca potenciar les capacitats d\u2019observaci\u00f3 i estudi de l\u2019entorn, tant pel que fa a elements naturals com aportats per l\u2019home.<\/p>\n<\/div>\n<\/div>\n<\/div><\/div>\n\n\n\n<div class=\"wp-block-getwid-content-slider-slide\"><div class=\"wp-block-getwid-content-slider-slide__wrapper\">\n<div class=\"wp-block-columns is-layout-flex wp-container-core-columns-is-layout-4 wp-block-columns-is-layout-flex\">\n<div class=\"wp-block-column is-layout-flow wp-block-column-is-layout-flow\" style=\"flex-basis:33.33%\">\n<figure class=\"wp-block-image aligncenter size-full is-resized\"><a href=\"https:\/\/serveiseducatius.xtec.cat\/cda-bages\/wp-content\/uploads\/usu1387\/2025\/10\/IMG_8569.jpg\"><img loading=\"lazy\" decoding=\"async\" width=\"1024\" height=\"876\" src=\"https:\/\/serveiseducatius.xtec.cat\/cda-bages\/wp-content\/uploads\/usu1387\/2025\/10\/IMG_8569.jpg\" alt=\"\" class=\"wp-image-10671\" style=\"aspect-ratio:3\/4;object-fit:cover;width:300px\" srcset=\"https:\/\/serveiseducatius.xtec.cat\/cda-bages\/wp-content\/uploads\/usu1387\/2025\/10\/IMG_8569.jpg 1024w, https:\/\/serveiseducatius.xtec.cat\/cda-bages\/wp-content\/uploads\/usu1387\/2025\/10\/IMG_8569-300x257.jpg 300w, https:\/\/serveiseducatius.xtec.cat\/cda-bages\/wp-content\/uploads\/usu1387\/2025\/10\/IMG_8569-768x657.jpg 768w\" sizes=\"auto, (max-width: 1024px) 100vw, 1024px\" \/><\/a><\/figure>\n<\/div>\n\n\n\n<div class=\"wp-block-column is-vertically-aligned-center is-layout-flow wp-block-column-is-layout-flow\" style=\"flex-basis:66.66%\">\n<h3 class=\"wp-block-heading\"><a href=\"https:\/\/serveiseducatius.xtec.cat\/cda-bages\/ambits\/els-residus\/descoberta-del-parc-del-seca\/\">Descoberta del Parc del Sec\u00e0<\/a><\/h3>\n\n\n\n<p>El Parc del Sec\u00e0 \u00e9s un espai natural amb 3 itineraris adequats i senyalitzats a l\u2019entorn del Parc ambiental de Bufalvent, a Manresa. Un espai on entrar en contacte amb l\u2019agricultura tradicional i admirar el paisatge. En aquesta descoberta es passa per conreus de sec\u00e0 i construccions de pedra seca com barraques de vinya i murs. Durant el recorregut es poden veure part de les instal\u00b7lacions del Parc Ambiental, on es gestionen els residus s\u00f2lids urbans del Bages.<\/p>\n<\/div>\n<\/div>\n<\/div><\/div>\n\n\n\n<div class=\"wp-block-getwid-content-slider-slide\"><div class=\"wp-block-getwid-content-slider-slide__wrapper\">\n<div class=\"wp-block-columns is-layout-flex wp-container-core-columns-is-layout-5 wp-block-columns-is-layout-flex\">\n<div class=\"wp-block-column is-layout-flow wp-block-column-is-layout-flow\" style=\"flex-basis:33.33%\">\n<figure class=\"wp-block-image aligncenter size-full is-resized\"><a href=\"https:\/\/serveiseducatius.xtec.cat\/cda-bages\/wp-content\/uploads\/usu1387\/2025\/07\/PHOTO-2023-02-16-11-27-23.jpg\"><img loading=\"lazy\" decoding=\"async\" width=\"800\" height=\"450\" src=\"https:\/\/serveiseducatius.xtec.cat\/cda-bages\/wp-content\/uploads\/usu1387\/2025\/07\/PHOTO-2023-02-16-11-27-23.jpg\" alt=\"\" class=\"wp-image-10370\" style=\"aspect-ratio:3\/4;object-fit:cover;width:300px\" srcset=\"https:\/\/serveiseducatius.xtec.cat\/cda-bages\/wp-content\/uploads\/usu1387\/2025\/07\/PHOTO-2023-02-16-11-27-23.jpg 800w, https:\/\/serveiseducatius.xtec.cat\/cda-bages\/wp-content\/uploads\/usu1387\/2025\/07\/PHOTO-2023-02-16-11-27-23-300x169.jpg 300w, https:\/\/serveiseducatius.xtec.cat\/cda-bages\/wp-content\/uploads\/usu1387\/2025\/07\/PHOTO-2023-02-16-11-27-23-768x432.jpg 768w\" sizes=\"auto, (max-width: 800px) 100vw, 800px\" \/><\/a><\/figure>\n<\/div>\n\n\n\n<div class=\"wp-block-column is-vertically-aligned-center is-layout-flow wp-block-column-is-layout-flow\" style=\"flex-basis:66.66%\">\n<h3 class=\"wp-block-heading\"><a href=\"https:\/\/serveiseducatius.xtec.cat\/cda-bages\/ambits\/geologia\/itineraris-geologics-per-la-comarca\/\">Itineraris geol\u00f2gics per la comarca<\/a><\/h3>\n\n\n\n<p>El Camp d&#8217;Aprenentatge ha elaborat diversos itineraris geol\u00f2gics per la rodalia de diverses poblacions del Bages: Art\u00e9s, Aviny\u00f3, Calders, Manresa, Navarcles, Nav\u00e0s, Santpedor, Santa Maria d&#8217;Ol\u00f3, S\u00faria i Valls de Torroella. Tots ells es localitzen en materials dels per\u00edodes de l&#8217;Eoc\u00e8 i l&#8217;Oligoc\u00e8, marins i continentals, que s\u00f3n els m\u00e9s caracter\u00edstics de la comarca.<\/p>\n\n\n\n<p>El nostre objectiu \u00e9s introduir l&#8217;alumnat en el coneixement de les roques sediment\u00e0ries a trav\u00e9s de l&#8217;observaci\u00f3 directa, esbrinant algunes circumst\u00e0ncies de la seva formaci\u00f3. Pot plantejar-se com a activitat de camp per a alumnes que estudien geologia o com a iniciaci\u00f3 a aquesta mat\u00e8ria. Tots els itineraris (excepte al de Manresa) es poden fer a peu a partir dels nuclis de poblaci\u00f3 respectius.<\/p>\n<\/div>\n<\/div>\n<\/div><\/div>\n<\/div><\/div>\n\n\n\n<p><\/p>\n","protected":false},"excerpt":{"rendered":"<p>Des del Camp d\u2019Aprenentatge del Bages aprofitem diferents espais naturals del nostre entorn per realitzar diferents itineraris de natura. Activitats:<\/p>\n","protected":false},"author":3,"featured_media":0,"parent":8235,"menu_order":70,"comment_status":"closed","ping_status":"closed","template":"","meta":{"_bbp_topic_count":0,"_bbp_reply_count":0,"_bbp_total_topic_count":0,"_bbp_total_reply_count":0,"_bbp_voice_count":0,"_bbp_anonymous_reply_count":0,"_bbp_topic_count_hidden":0,"_bbp_reply_count_hidden":0,"_bbp_forum_subforum_count":0,"site-sidebar-layout":"default","site-content-layout":"","ast-site-content-layout":"default","site-content-style":"default","site-sidebar-style":"default","ast-global-header-display":"","ast-banner-title-visibility":"","ast-main-header-display":"","ast-hfb-above-header-display":"","ast-hfb-below-header-display":"","ast-hfb-mobile-header-display":"","site-post-title":"","ast-breadcrumbs-content":"","ast-featured-img":"","footer-sml-layout":"","theme-transparent-header-meta":"","adv-header-id-meta":"","stick-header-meta":"","header-above-stick-meta":"","header-main-stick-meta":"","header-below-stick-meta":"","astra-migrate-meta-layouts":"set","ast-page-background-enabled":"default","ast-page-background-meta":{"desktop":{"background-color":"var(--ast-global-color-4)","background-image":"","background-repeat":"repeat","background-position":"center center","background-size":"auto","background-attachment":"scroll","background-type":"","background-media":"","overlay-type":"","overlay-color":"","overlay-opacity":"","overlay-gradient":""},"tablet":{"background-color":"","background-image":"","background-repeat":"repeat","background-position":"center center","background-size":"auto","background-attachment":"scroll","background-type":"","background-media":"","overlay-type":"","overlay-color":"","overlay-opacity":"","overlay-gradient":""},"mobile":{"background-color":"","background-image":"","background-repeat":"repeat","background-position":"center center","background-size":"auto","background-attachment":"scroll","background-type":"","background-media":"","overlay-type":"","overlay-color":"","overlay-opacity":"","overlay-gradient":""}},"ast-content-background-meta":{"desktop":{"background-color":"var(--ast-global-color-5)","background-image":"","background-repeat":"repeat","background-position":"center center","background-size":"auto","background-attachment":"scroll","background-type":"","background-media":"","overlay-type":"","overlay-color":"","overlay-opacity":"","overlay-gradient":""},"tablet":{"background-color":"var(--ast-global-color-5)","background-image":"","background-repeat":"repeat","background-position":"center center","background-size":"auto","background-attachment":"scroll","background-type":"","background-media":"","overlay-type":"","overlay-color":"","overlay-opacity":"","overlay-gradient":""},"mobile":{"background-color":"var(--ast-global-color-5)","background-image":"","background-repeat":"repeat","background-position":"center center","background-size":"auto","background-attachment":"scroll","background-type":"","background-media":"","overlay-type":"","overlay-color":"","overlay-opacity":"","overlay-gradient":""}},"footnotes":""},"class_list":["post-1042","page","type-page","status-publish","hentry"],"post_mailing_queue_ids":[],"_links":{"self":[{"href":"https:\/\/serveiseducatius.xtec.cat\/cda-bages\/wp-json\/wp\/v2\/pages\/1042","targetHints":{"allow":["GET"]}}],"collection":[{"href":"https:\/\/serveiseducatius.xtec.cat\/cda-bages\/wp-json\/wp\/v2\/pages"}],"about":[{"href":"https:\/\/serveiseducatius.xtec.cat\/cda-bages\/wp-json\/wp\/v2\/types\/page"}],"author":[{"embeddable":true,"href":"https:\/\/serveiseducatius.xtec.cat\/cda-bages\/wp-json\/wp\/v2\/users\/3"}],"replies":[{"embeddable":true,"href":"https:\/\/serveiseducatius.xtec.cat\/cda-bages\/wp-json\/wp\/v2\/comments?post=1042"}],"version-history":[{"count":6,"href":"https:\/\/serveiseducatius.xtec.cat\/cda-bages\/wp-json\/wp\/v2\/pages\/1042\/revisions"}],"predecessor-version":[{"id":11625,"href":"https:\/\/serveiseducatius.xtec.cat\/cda-bages\/wp-json\/wp\/v2\/pages\/1042\/revisions\/11625"}],"up":[{"embeddable":true,"href":"https:\/\/serveiseducatius.xtec.cat\/cda-bages\/wp-json\/wp\/v2\/pages\/8235"}],"wp:attachment":[{"href":"https:\/\/serveiseducatius.xtec.cat\/cda-bages\/wp-json\/wp\/v2\/media?parent=1042"}],"curies":[{"name":"wp","href":"https:\/\/api.w.org\/{rel}","templated":true}]}}