{"id":10249,"date":"2024-11-25T18:45:25","date_gmt":"2024-11-25T17:45:25","guid":{"rendered":"https:\/\/serveiseducatius.xtec.cat\/cda-bages\/?page_id=10249"},"modified":"2026-02-09T14:53:06","modified_gmt":"2026-02-09T13:53:06","slug":"a-10-torns-del-collapse","status":"publish","type":"page","link":"https:\/\/serveiseducatius.xtec.cat\/cda-bages\/a-10-torns-del-collapse\/","title":{"rendered":"A 10 torns del col\u00b7lapse"},"content":{"rendered":"<p>Amb aquest joc, es proposa un treball perqu\u00e8 l\u2019alumnat entengui la situaci\u00f3 energ\u00e8tica actual, pugui transferir les situacions del joc a la seva realitat local buscant que siguin m\u00e9s conscients de la necessitat de prendre mesures immediates. Amb ell, <em>hauran de gestionar el model energ\u00e8tic de la seva ciutat amb tots els recursos disponibles. A cada torn, caldr\u00e0 abastir les necessitats b\u00e0siques de la poblaci\u00f3 amb l\u2019energia que es generi a partir dels recursos. <\/em><\/p>\n<p><em>Podran arribar a la desena ronda sense entrar en col\u00b7lapse? Entraran en crisi amb l\u2019actual model energ\u00e8tic? Podran cobrir la demanda actual d\u2019energia?<\/em><\/p>\n<p>Proposta did\u00e0ctica en <a href=\"https:\/\/sites.google.com\/xtec.cat\/10torns\/proposta-did%C3%A0ctica\">aquesta p\u00e0gina web.<\/a><\/p>\n<p><strong>DURADA<\/strong>: A partir d&#8217;1:30<br \/>\n<strong>NIVELLS<\/strong>: CS de Prim\u00e0ria, ESO, CFGM, CFGS i BATX<\/p>\n","protected":false},"excerpt":{"rendered":"<p>Amb aquest joc, es proposa un treball perqu\u00e8 l\u2019alumnat entengui la situaci\u00f3 energ\u00e8tica actual, pugui transferir les situacions del joc a la seva realitat local buscant que siguin m\u00e9s conscients de la necessitat de prendre mesures immediates. Amb ell, hauran de gestionar el model energ\u00e8tic de la seva ciutat amb tots els recursos disponibles. A [&hellip;]<\/p>\n","protected":false},"author":3,"featured_media":0,"parent":0,"menu_order":0,"comment_status":"closed","ping_status":"closed","template":"","meta":{"_bbp_topic_count":0,"_bbp_reply_count":0,"_bbp_total_topic_count":0,"_bbp_total_reply_count":0,"_bbp_voice_count":0,"_bbp_anonymous_reply_count":0,"_bbp_topic_count_hidden":0,"_bbp_reply_count_hidden":0,"_bbp_forum_subforum_count":0,"site-sidebar-layout":"default","site-content-layout":"","ast-site-content-layout":"default","site-content-style":"default","site-sidebar-style":"default","ast-global-header-display":"","ast-banner-title-visibility":"","ast-main-header-display":"","ast-hfb-above-header-display":"","ast-hfb-below-header-display":"","ast-hfb-mobile-header-display":"","site-post-title":"","ast-breadcrumbs-content":"","ast-featured-img":"","footer-sml-layout":"","theme-transparent-header-meta":"","adv-header-id-meta":"","stick-header-meta":"","header-above-stick-meta":"","header-main-stick-meta":"","header-below-stick-meta":"","astra-migrate-meta-layouts":"set","ast-page-background-enabled":"default","ast-page-background-meta":{"desktop":{"background-color":"var(--ast-global-color-4)","background-image":"","background-repeat":"repeat","background-position":"center center","background-size":"auto","background-attachment":"scroll","background-type":"","background-media":"","overlay-type":"","overlay-color":"","overlay-opacity":"","overlay-gradient":""},"tablet":{"background-color":"","background-image":"","background-repeat":"repeat","background-position":"center center","background-size":"auto","background-attachment":"scroll","background-type":"","background-media":"","overlay-type":"","overlay-color":"","overlay-opacity":"","overlay-gradient":""},"mobile":{"background-color":"","background-image":"","background-repeat":"repeat","background-position":"center center","background-size":"auto","background-attachment":"scroll","background-type":"","background-media":"","overlay-type":"","overlay-color":"","overlay-opacity":"","overlay-gradient":""}},"ast-content-background-meta":{"desktop":{"background-color":"var(--ast-global-color-5)","background-image":"","background-repeat":"repeat","background-position":"center center","background-size":"auto","background-attachment":"scroll","background-type":"","background-media":"","overlay-type":"","overlay-color":"","overlay-opacity":"","overlay-gradient":""},"tablet":{"background-color":"var(--ast-global-color-5)","background-image":"","background-repeat":"repeat","background-position":"center center","background-size":"auto","background-attachment":"scroll","background-type":"","background-media":"","overlay-type":"","overlay-color":"","overlay-opacity":"","overlay-gradient":""},"mobile":{"background-color":"var(--ast-global-color-5)","background-image":"","background-repeat":"repeat","background-position":"center center","background-size":"auto","background-attachment":"scroll","background-type":"","background-media":"","overlay-type":"","overlay-color":"","overlay-opacity":"","overlay-gradient":""}},"footnotes":""},"class_list":["post-10249","page","type-page","status-publish","hentry"],"post_mailing_queue_ids":[],"_links":{"self":[{"href":"https:\/\/serveiseducatius.xtec.cat\/cda-bages\/wp-json\/wp\/v2\/pages\/10249","targetHints":{"allow":["GET"]}}],"collection":[{"href":"https:\/\/serveiseducatius.xtec.cat\/cda-bages\/wp-json\/wp\/v2\/pages"}],"about":[{"href":"https:\/\/serveiseducatius.xtec.cat\/cda-bages\/wp-json\/wp\/v2\/types\/page"}],"author":[{"embeddable":true,"href":"https:\/\/serveiseducatius.xtec.cat\/cda-bages\/wp-json\/wp\/v2\/users\/3"}],"replies":[{"embeddable":true,"href":"https:\/\/serveiseducatius.xtec.cat\/cda-bages\/wp-json\/wp\/v2\/comments?post=10249"}],"version-history":[{"count":3,"href":"https:\/\/serveiseducatius.xtec.cat\/cda-bages\/wp-json\/wp\/v2\/pages\/10249\/revisions"}],"predecessor-version":[{"id":10960,"href":"https:\/\/serveiseducatius.xtec.cat\/cda-bages\/wp-json\/wp\/v2\/pages\/10249\/revisions\/10960"}],"wp:attachment":[{"href":"https:\/\/serveiseducatius.xtec.cat\/cda-bages\/wp-json\/wp\/v2\/media?parent=10249"}],"curies":[{"name":"wp","href":"https:\/\/api.w.org\/{rel}","templated":true}]}}