{"id":10054,"date":"2023-07-04T13:33:00","date_gmt":"2023-07-04T11:33:00","guid":{"rendered":"https:\/\/serveiseducatius.xtec.cat\/cda-bages\/?page_id=10054"},"modified":"2024-10-31T09:40:53","modified_gmt":"2024-10-31T08:40:53","slug":"projectes-compartits-de-secundaria","status":"publish","type":"page","link":"https:\/\/serveiseducatius.xtec.cat\/cda-bages\/modalitats\/projectes-compartits-2\/projectes-compartits-de-secundaria\/","title":{"rendered":"Projectes Compartits de secund\u00e0ria"},"content":{"rendered":"<p>El curs 2019-2020 es va iniciar el disseny de la programaci\u00f3 d\u2019un Projecte Compartit per secund\u00e0ria sobre \u201c<strong>La ciutat com a ecosistema<\/strong>\u201d amb el professorat de l\u2019Institut Llu\u00eds de Peguera, al qual s&#8217;han anat sumant altres centres de secund\u00e0ria.<\/p>\n<p><strong>L&#8217;ep\u00edtom<\/strong> d&#8217;aquest projecte compartit s&#8217;acostuma a llen\u00e7ar des de les organitzadores de l&#8217;Ecoviure. Persones d&#8217;aquest equip demanen a l\u2019alumnat que <strong>analitzi si la seva ciutat o el seu centre s\u00f3n un ecosistema en equilibri. <\/strong>Aqu\u00ed podeu veure el <a href=\"https:\/\/drive.google.com\/file\/d\/1Jt3zCtNJ9N5i29Vhxs5yRd-_z5AT337T\/view?usp=drive_link\"><strong>v\u00eddeo de l&#8217;ep\u00ectom del curs 2022-2023<\/strong><\/a><\/p>\n<p>Al llarg del curs, els par\u00e0metres que analitza l&#8217;alumnat per a fer aquesta diagnosi s\u00f3n l&#8217;energia, la mobilitat, el consum i alimentaci\u00f3, els residus, l&#8217;aigua i la biodiversitat.<\/p>\n<p>Des del Camp d&#8217;Aprenentatge les activitats que s&#8217;ofereixen pels alumnes d&#8217;aquest projecte compartit s\u00f3n:<\/p>\n<ul>\n<li style=\"list-style-type: none;\">\n<ul>\n<li><a href=\"https:\/\/serveiseducatius.xtec.cat\/cda-bages\/ambits\/els-residus\/parc-ambiental-de-bufalvent\/\" target=\"_blank\" rel=\"noopener\">Visita al Parc Ambiental<\/a><\/li>\n<li><a href=\"https:\/\/serveiseducatius.xtec.cat\/cda-bages\/ambits\/els-residus\/reciclem-loli-fent-sabo\/\" target=\"_blank\" rel=\"noopener\">Reciclem l&#8217;oli fent sab\u00f3<\/a><\/li>\n<li><a href=\"https:\/\/serveiseducatius.xtec.cat\/cda-bages\/ambits\/aigua\/descobrim-laigua-a-la-ciutat\/\" target=\"_blank\" rel=\"noopener\">Indicis de l\u2019aigua a la ciutat<\/a><\/li>\n<li><a href=\"https:\/\/serveiseducatius.xtec.cat\/cda-bages\/ambits\/aigua\/itinerari-la-sequia-de-manresa\/\" target=\"_blank\" rel=\"noopener\">La S\u00e8quia<\/a><\/li>\n<li><a href=\"https:\/\/serveiseducatius.xtec.cat\/cda-bages\/ambits\/els-residus\/xerrada-sostenibilitat\/\" target=\"_blank\" rel=\"noopener\">Xerrada de sostenibilitat<\/a><\/li>\n<\/ul>\n<\/li>\n<\/ul>\n<p>Paral\u00b7lelament a la posada en marxa del Projecte Compartit, es realitza un grup de treball, tamb\u00e9 incl\u00f2s dins el Pla de Formaci\u00f3 de Zona per seguir coordinant i millorant el Projecte Compartit \u201cLa nostra ciutat, un ecosistema en equilibri?\u201d Es realitzen un total de 6 sessions repartides durant tot el curs escolar. A m\u00e9s a m\u00e9s durant aquestes sessions tamb\u00e9 s&#8217;han fet formacions espec\u00edfiques relacionades amb les tem\u00e0tiques que es treballen, s&#8217;han realitzat formacions sobre urbanisme feminista, renatualitzaci\u00f3 (rewilding), o metodologies inspiradores per a grups (Big Dream)<\/p>\n<p>L&#8217;acci\u00f3 final del projecte compartit consisteix en el <strong>Congr\u00e9s d&#8217;Ecociutat &#8220;Joves per la Sostenibilitat&#8221;<\/strong><\/p>\n\r\n\t<div class=\"slideshow_container slideshow_container_style-light\" style=\"height: 400px; \" data-slideshow-id=\"10013\" data-style-name=\"style-light\" data-style-version=\"2.3.1\" >\r\n\r\n\t\t\t\t\t<div class=\"slideshow_loading_icon\"><\/div>\r\n\t\t\r\n\t\t<div class=\"slideshow_content\" style=\"display: none;\">\r\n\r\n\t\t\t<div class=\"slideshow_view\"><div class=\"slideshow_slide slideshow_slide_image\">\n        <a href=\"https:\/\/photos.google.com\/share\/AF1QipOJ2SawgKHptGv6dRLRPle7gSDH2rnR1M9QEx6Pk6FUE5ArTEL-XdiE00tv2P_LMA\/photo\/AF1QipOhZ0Hyi4tZQuOv2H62_sR0u1KwgegiOZ8tkgo?key=SzI5cE5DYTdnOFp0SHk1dkUzR2FzblpyM1dvTWpB\" target=\"_blank\">        <img src=\"https:\/\/lh3.googleusercontent.com\/pw\/AJFCJaUR-ACEpTCBU3u4L-VHCxQssF_QfASL3ffj5GC7r6_dnhu6ecJsG-oim-NnenaOOplPiuUi4caEcYXEdGvfY8xbL855CiS3OBhsCrc1N3BuiRhcAuUgsqC2HN9cGKtRuHhojBaajFPHgdC1XPX8nncGnbmELa_r4qleo9_Js0td9m2sGNHyDkcgxhUN7Bf_lK-Cx_GrjuwguwkgY4IvHr0tvSVswmVoSr53Zb1MsDSk5UFLK4ITL5obIhxuSOxc10GAt-AqjTBzxwesoPcho1QyGXbkF0nu8fPM3lq_0UgjjCjyl5Qaf-JihZvpeMXgLF5dtdVvxLtqxz51j7kjDJGvxhs0QtsUrPGlVejVoDCl8q8iE5JX1FjtIABeKgD5SiK_MiDJlkF3sO-ccq9bvdyhKwWg3Jq1jfcFnXJQsza7Kc1yVBWhiAWUpj6SzXA_iHlSnLBg51zcm55OKzTpBy-IgVoISkwyNdS6xCOxnkOxXk9O_CXRVxZ39FxYaq0W0GSzWBX2yE5u723OIo3sWyYW9aIMUXmkB0EBzamGNYUjRAE2pq2VuD5k9JeTGmqFz3Fui76Y9yLoyewTqviz6nIiWSX8tXFz_8bDDQXKJnJtt4Q9RJzsZ0hpSyuiNrdmJnlToNk33Z0v0BvkxaH_4LTfnS5urRbUivJfILW6d1ZOgTCDl-GKGl58D0YNJaU5UE_yee357QpbVMjsc7oZ6Aidr2JJdNWdCzA0wDQpB9rbq-t2p9PRrBmW49rv1wEAZ4aXXLExsMGrYsHKaqujsy97V9RbdM7zfJoXucMGUeRN6OBWb6FACjM7LPLb9xBnWXdvsxnWbk5QQUbkOutKpZFmlz-JL54fGPU-8dQxNxwAzAU_uvVIsDxjyFO0znRJ_-rT2MGdj6GHQ781hJhCncdtLt3FgWsm3XnruhBgZhHrMe8LIUA292FIyc2QEcJy3psU3Q=w1200-h800-no--no?authuser=0\" alt=\"\"   \/>\n        <\/a>        <div class=\"slideshow_description_box slideshow_transparent\">\n                                        <\/div>\n<\/div>\n\t\n<div style=\"clear: both;\"><\/div><\/div><div class=\"slideshow_view\"><div class=\"slideshow_slide slideshow_slide_image\">\n        <a href=\"https:\/\/photos.google.com\/share\/AF1QipOJ2SawgKHptGv6dRLRPle7gSDH2rnR1M9QEx6Pk6FUE5ArTEL-XdiE00tv2P_LMA\/photo\/AF1QipNmPhmvH9Ylgnv9ZKxZABZWAMolD-PslajzfLI?key=SzI5cE5DYTdnOFp0SHk1dkUzR2FzblpyM1dvTWpB\" target=\"_blank\">        <img src=\"https:\/\/lh3.googleusercontent.com\/pw\/AJFCJaXnp849Bl9cn7cTgtNXpnrhBUScXV6ZGI6dnYeOnToL6LdKLn-1OOZl0z4CAd3-dgJoJCAQU2MlgS8xOBhx7coy9fb_bTuGBsSqD4Dqy1GoNCLjTUcXcFj3iHH3lve9NJ2m0YaXv_uKY8bdyPu0dv8hsu9yaAaEPeu-OY1kvDbP4UBPkrUxcXsUeFVM8vVjKcKCr3Vw1Vf8Xg4lt7KecCXzDOo9QP61YU-B6QWTckJp6nZzRm5_84tdg_HrAy94HK2n4KPt-JJeBZVB02woTg837hSu8dnh65dztDR6IKzUU1oqDQaKSs9mCM6Yf1KyzecUo4J1sr6Mc0KfGGmmacuNJ0ua8e74UtxTZ_Fb4IIp_ggtoU0hQlrEo-pZdvtgBiANUiIgzV7nW5KR4OoIzz963V70qEgwIufvoEZRAN4VLR56je5HuI8QVAzffbrnu2CRaI-amWKPnOYPah31OCioxyIikmQtC_3xz_W6a9ioVuQRqKgYUypnRUZp5khGdMYT9Tw0n9vCtWCbhYQvd0OcG--donstwi9mewnDx5p-FoPqSnoz4ZJFsSGc-Ze6f2l0VNgSqClT7yMsVLQr4vxwI9DNo_6GHq2CEB0RzrBodSCP-LY81WI4b5uiNxgrA1lnrQHbc9AYJrXObVG7Z8JO5m5It-AWl8NOLCaw9U82h14D71_FDXB_A5_TxWdEsJ8fytvZQOc9RBTDiX9prULsKNPkcjpgUFpHrQYF3CZASBb923I2RqXfeHGYVpaMSfObC6uA65lTIydUjQ8aFbrl-pOJYZGjvpimzR0vplceVjaR8RLKoPpSqIxlZTXUWG0kg73wOEBMfb7RMYDjouLa6TDZJiE9E6pczYKFqdPeIkWDTzzvYXtSsL1CiTJk-QDris74v9JqHPOgOgJHUB-TlZSJ--538V9X2d3wAVfwsYPUY1r6hKEL31mfsbpxN3pF4Q=w1200-h800-no--no?authuser=0\" alt=\"\"   \/>\n        <\/a>        <div class=\"slideshow_description_box slideshow_transparent\">\n                                        <\/div>\n<\/div>\n\t\n<div style=\"clear: both;\"><\/div><\/div><div class=\"slideshow_view\"><div class=\"slideshow_slide slideshow_slide_image\">\n        <a href=\"https:\/\/photos.google.com\/share\/AF1QipOJ2SawgKHptGv6dRLRPle7gSDH2rnR1M9QEx6Pk6FUE5ArTEL-XdiE00tv2P_LMA\/photo\/AF1QipMwrq_rI3zhIrLAfviWxA_gwGsBOtFGw_9A6dI?key=SzI5cE5DYTdnOFp0SHk1dkUzR2FzblpyM1dvTWpB\" target=\"_blank\">        <img src=\"https:\/\/lh3.googleusercontent.com\/pw\/AJFCJaXInJM-NdfVhRoVZOFcmq_zmg6WHGIyQvAT2bxdsRstrgU1-xc5tzfeFPSBSmJheaBbvNhe9MRrtZMRqTzZaLPciBTTPOUpBKyOjZJfq42r7wB_eKdo0qLuwCemYrJtBtFqCi98k4RG2Mqk-LOFw-RRz2fkU8Mb5qUemiwANM4PwppOiR2rZJdJXhbtXG-QZuUUGTQ76aMDTc-slqeoA4taw-XjBR7GJmUKb4al98V5eSOszqFUPGDz4xMCVSJZnUyQnFS_w5nuFpbcqLIEwBsrpkzJNJz44iDDtwYlu0RO359iSOBF9B7fJe1Qay63XVHQUpRbKmpoJrXBglwnC6WDy6iPuMXcIWWuSAxwg90_T79wdYQVDTEfjuZ_eP-Yg04vMnaQBYk_x7DTatpy1JK0MR0eNhGvnkouvzXs0r8oxAI2MQHVdxbw-T8NQ8--VZeO-PkQCqi6_gu5jLcpQRU43RZ9w_dObSUoCpnkwIx5TZ9942AzdGRwFLUqV0mChwtWqLwOaT8BRFoYmANzzfLK2YYjeeimfdB_sBPCkOCdqgCJCc8xvuE5uxsVE7zXBpnzhWTfBj2VMmzOIGASGUEzkzdsgvRqrDEUX3nCUEc9Bt84ucRHqbRRsSJvWFUBIjWcTu1MXH594Qbk3SJz0kqOBa9B4YSfoGKL8JdzCq7_yKcWpOcVOtxDJecWYgZGn3RZ2kpC6938p1VUeqdzpSzpuhSTkOlRqkuCmhwywIXDguxb1nPna2OO3okN8oZcmQSReeCDKhGVF4B_P69io85GN0cIovKuoOtIzmWrVLUSKbjfLr-z6SmVpCEqNF8II8sQwJlUKT41KL_bpe_6Xuvo-ZR8XYXwBKgkbjSw0837HRT6R43Z_tkQUJCRzhJ_3JP3OVqKOlO2IruvrO63rpOSRAeJUAyVe92P-8g2sAUgXiaPOl6jotauLmDYIHsF_5orrw=w1200-h800-no--no?authuser=0\" alt=\"\"   \/>\n        <\/a>        <div class=\"slideshow_description_box slideshow_transparent\">\n                                        <\/div>\n<\/div>\n\t\n<div style=\"clear: both;\"><\/div><\/div><div class=\"slideshow_view\"><div class=\"slideshow_slide slideshow_slide_image\">\n        <a href=\"https:\/\/photos.google.com\/share\/AF1QipOJ2SawgKHptGv6dRLRPle7gSDH2rnR1M9QEx6Pk6FUE5ArTEL-XdiE00tv2P_LMA\/photo\/AF1QipOEKuTLXyajony12tCgYzUMVLMVsPK0FX9uU6k?key=SzI5cE5DYTdnOFp0SHk1dkUzR2FzblpyM1dvTWpB\" target=\"_blank\">        <img src=\"https:\/\/lh3.googleusercontent.com\/pw\/AJFCJaUTPg-IjmaibSGj_7xZ2hh3KfQpk9JznArR9F3PDC_EuN_JsQ1oMhcQk3wfXUnoPgw4scvdCwIpR9cyat98jRlfBJchMI-_EiJIGphsyFSvRmfoJwviViicW7ox9CPLSOhagaAB5VcHpO50xCGXtv5Zidsd2YKQ27cVSkDsVt-wajFRA5JT9YNgmUKAKjME8lCnDR90gYnRRTszpdnS0jdJyEXUugfe48VcWX0AZ1ILgL9wU2A2c1pIvLUKuVVJal2OhulO2M4mYsG9X2S_CBILf1MIS4y1dZIrcRmKhwZ6Um3rDs06rVHHTuGtRuiaBSNDxUlwukRsw0Z7QCLKGFb_czv3LuK5Xg8x44OLb0WPm2Z5UHpY1uyGiims0bc-WpIjV9EaxhXw9g08nO_U0EztmU1e3C7aIDcVn7725zk9xc56ay4b90jhLIukxTeGm_ySRnYTvyrDM0gPNSGIbh1EK0bmbGjLGzY12tuGATgFtG1Zy6xwkxiFsHT-F7R9JT56vqoFhXMHZIcG1xmUSoMTEVQrRjItpmSv6Stli6gct97b86EIEXzTjOjzlZu1e-Madto52WwTtIT2iiGTw7sA-YfNOUu6pYWFGEDrKPZyCeOVdSW0qX9fPrqTDcMEeqUadqg3Is-AVsr6NiQ8mHcOOI2pwAIIxzgTvQ0oCpNWoUOVu2yD15CKprVfskBv1349l02vMW7HhJZ8s8x2KDmdlEs8weIzAYUYBH3U8_JGpj5cLp4VG2Fg-K2lTp9OTaUpq5qFwgP3DYHhAuvIqxnS-rKVpKDG4022iFTQ60IxpwIie_44uYd4XELGh6QEOeBF4dV4V4yZ1SmM95F5ftT8u-ZiqDh-BFCHaXQf68-uV8z7M-vp-6G7-O7VFp-5qbOreoCBHV0y7aya3sBcKhmmG9q5JcrvgCsJ_K_e4_yz37RBxeoPFN8fpjcZisq-lvIDow=w1200-h800-no--no?authuser=0\" alt=\"\"   \/>\n        <\/a>        <div class=\"slideshow_description_box slideshow_transparent\">\n                                        <\/div>\n<\/div>\n\t\n<div style=\"clear: both;\"><\/div><\/div><div class=\"slideshow_view\"><div class=\"slideshow_slide slideshow_slide_image\">\n        <a href=\"https:\/\/photos.google.com\/share\/AF1QipOJ2SawgKHptGv6dRLRPle7gSDH2rnR1M9QEx6Pk6FUE5ArTEL-XdiE00tv2P_LMA\/photo\/AF1QipMDnXSs9Fmioy2bsc1a3n2J_fIo6QuChtpDpRU?key=SzI5cE5DYTdnOFp0SHk1dkUzR2FzblpyM1dvTWpB\" target=\"_blank\">        <img src=\"https:\/\/lh3.googleusercontent.com\/pw\/AJFCJaXqA9L-cfQm7vN8mwUnwCEHBtLMcnf-M-UWjxTo2sKhZNXKBACOGJT1V-jeISRLMIi_GA58tLRWnmzcu7M3rKNKITCRMH6gDcFtmi4zpPq3zdOiv3GskMmYCPxmiOt4lBzIcrBZEzpqqT9pU_0yUpi-YtSnvMD8GbufqEgxubjiGggOUtWNIDbYTMbdrBtgzoWIhyhEFF4ZvWPi3tWTyqkuc91mlJ-I29U11CnEkX9dkgBmfyiglQTZqW9xDZFnTrMP75W90dDMdEaIHO4FKxI5-Cx3_Pzs4MPG-HmXFhqSmBfkTX4s3YjOEwJPWGAIwckr8RRaQR7Dmv54I4GkWqxHnwLm1CBL3M8-jbr3u_r4gyo16lNEOlEIiJiWrQYh_4l5hOSus1c-OX_u-L2nj7yGMoMop0Ncu3wOuRFvde8cKzo5yWpXeas3GSHOQIV0Ky7LTDpZNC6vSlqddCG8s0fkbNruEuCf1M-4fWA3sChj_3pcvY6xn9zZXkCy9AN8iTT8tnMY96sCYxOCqif1RpA97LS4w2tl2svbUw22uFtr5-8UZkFKez_p_tfOk96OShdOtXChjiePERRPsQi26_92KzVx9EjucnmfyYgECTtg9ymRf5oni5e6U_zAGkBtsAjr56Ev4yJV7VpxEO5-NjKXNIiRKJJubd2x1-V67G8sEwRRG_-R2zeQV4YcWBExDB3YSZqRbpFUBTmjkE6EsLucXB3Nmr2dHxMe1adcbYFkOdSRyPc4lax8bfM-GfDxpVVzjDIZVSqGf25n5wXA_MZ0hjNq8vlmTAyaC-qBCd1qSdpVoOJpR1DM1mzqBwrSYRB7RU_NKaD2QCt8BNbv0OiZtaDXFS6GxRksghOeucr4FqmpSlcvPyovveGeU0ruVfGGUZWtin2jcg8jy391fKdaNMyi32Gy1lKxa8AfrXrMYK8QWk-TkNx9tf_-PKONyJDTcA=w1200-h800-no--no?authuser=0\" alt=\"\"   \/>\n        <\/a>        <div class=\"slideshow_description_box slideshow_transparent\">\n                                        <\/div>\n<\/div>\n\t\n<div style=\"clear: both;\"><\/div><\/div>\r\n\t\t<\/div>\r\n\r\n\t\t<div class=\"slideshow_controlPanel slideshow_transparent\" style=\"display: none;\"><ul><li class=\"slideshow_togglePlay\" data-play-text=\"Visualitza\" data-pause-text=\"Pausa\"><\/li><\/ul><\/div>\r\n\r\n\t\t<div class=\"slideshow_button slideshow_previous slideshow_transparent\" role=\"button\" data-previous-text=\"Anterior\" style=\"display: none;\"><\/div>\r\n\t\t<div class=\"slideshow_button slideshow_next slideshow_transparent\" role=\"button\" data-next-text=\"Seg\u00fcent\" style=\"display: none;\"><\/div>\r\n\r\n\t\t<div class=\"slideshow_pagination\" style=\"display: none;\" data-go-to-text=\"V\u00e9s a la diapositiva\"><div class=\"slideshow_pagination_center\"><\/div><\/div>\r\n\r\n\t\t<!-- WordPress Slideshow Version 2.3.1 -->\r\n\r\n\t\t\t<\/div>\r\n\r\n\n<p>Per m\u00e9s informaci\u00f3 podeu veure la <a href=\"https:\/\/serveiseducatius.xtec.cat\/cda-bages\/portada\/300-alumnes-del-bages-demanen-canvis-poderosos-en-pro-de-la-sostenibilitat-i-la-millora-del-medi-ambient-en-el-i-congres-decociutat-joves-per-la-sostenibilitat\/\" target=\"_blank\" rel=\"noopener\">not\u00edcia del Congr\u00e9s<\/a><\/p>\n<p><a href=\"https:\/\/drive.google.com\/file\/d\/1Njbh1v0CcxAAZ8qiplIV1a9z6Iyt-HLx\/view?usp=drive_link\">PROGRAMACI\u00d3 DEL PROJECTE COMPARTIT<\/a><\/p>\n","protected":false},"excerpt":{"rendered":"<p>El curs 2019-2020 es va iniciar el disseny de la programaci\u00f3 d\u2019un Projecte Compartit per secund\u00e0ria sobre \u201cLa ciutat com a ecosistema\u201d amb el professorat de l\u2019Institut Llu\u00eds de Peguera, al qual s&#8217;han anat sumant altres centres de secund\u00e0ria. L&#8217;ep\u00edtom d&#8217;aquest projecte compartit s&#8217;acostuma a llen\u00e7ar des de les organitzadores de l&#8217;Ecoviure. Persones d&#8217;aquest equip [&hellip;]<\/p>\n","protected":false},"author":3,"featured_media":0,"parent":10039,"menu_order":30,"comment_status":"closed","ping_status":"closed","template":"page-templates\/side-menu.php","meta":{"_bbp_topic_count":0,"_bbp_reply_count":0,"_bbp_total_topic_count":0,"_bbp_total_reply_count":0,"_bbp_voice_count":0,"_bbp_anonymous_reply_count":0,"_bbp_topic_count_hidden":0,"_bbp_reply_count_hidden":0,"_bbp_forum_subforum_count":0,"site-sidebar-layout":"default","site-content-layout":"","ast-site-content-layout":"","site-content-style":"default","site-sidebar-style":"default","ast-global-header-display":"","ast-banner-title-visibility":"","ast-main-header-display":"","ast-hfb-above-header-display":"","ast-hfb-below-header-display":"","ast-hfb-mobile-header-display":"","site-post-title":"","ast-breadcrumbs-content":"","ast-featured-img":"","footer-sml-layout":"","theme-transparent-header-meta":"","adv-header-id-meta":"","stick-header-meta":"","header-above-stick-meta":"","header-main-stick-meta":"","header-below-stick-meta":"","astra-migrate-meta-layouts":"default","ast-page-background-enabled":"default","ast-page-background-meta":{"desktop":{"background-color":"var(--ast-global-color-4)","background-image":"","background-repeat":"repeat","background-position":"center center","background-size":"auto","background-attachment":"scroll","background-type":"","background-media":"","overlay-type":"","overlay-color":"","overlay-opacity":"","overlay-gradient":""},"tablet":{"background-color":"","background-image":"","background-repeat":"repeat","background-position":"center center","background-size":"auto","background-attachment":"scroll","background-type":"","background-media":"","overlay-type":"","overlay-color":"","overlay-opacity":"","overlay-gradient":""},"mobile":{"background-color":"","background-image":"","background-repeat":"repeat","background-position":"center center","background-size":"auto","background-attachment":"scroll","background-type":"","background-media":"","overlay-type":"","overlay-color":"","overlay-opacity":"","overlay-gradient":""}},"ast-content-background-meta":{"desktop":{"background-color":"var(--ast-global-color-5)","background-image":"","background-repeat":"repeat","background-position":"center center","background-size":"auto","background-attachment":"scroll","background-type":"","background-media":"","overlay-type":"","overlay-color":"","overlay-opacity":"","overlay-gradient":""},"tablet":{"background-color":"var(--ast-global-color-5)","background-image":"","background-repeat":"repeat","background-position":"center center","background-size":"auto","background-attachment":"scroll","background-type":"","background-media":"","overlay-type":"","overlay-color":"","overlay-opacity":"","overlay-gradient":""},"mobile":{"background-color":"var(--ast-global-color-5)","background-image":"","background-repeat":"repeat","background-position":"center center","background-size":"auto","background-attachment":"scroll","background-type":"","background-media":"","overlay-type":"","overlay-color":"","overlay-opacity":"","overlay-gradient":""}},"footnotes":""},"class_list":["post-10054","page","type-page","status-publish","hentry"],"post_mailing_queue_ids":[],"_links":{"self":[{"href":"https:\/\/serveiseducatius.xtec.cat\/cda-bages\/wp-json\/wp\/v2\/pages\/10054","targetHints":{"allow":["GET"]}}],"collection":[{"href":"https:\/\/serveiseducatius.xtec.cat\/cda-bages\/wp-json\/wp\/v2\/pages"}],"about":[{"href":"https:\/\/serveiseducatius.xtec.cat\/cda-bages\/wp-json\/wp\/v2\/types\/page"}],"author":[{"embeddable":true,"href":"https:\/\/serveiseducatius.xtec.cat\/cda-bages\/wp-json\/wp\/v2\/users\/3"}],"replies":[{"embeddable":true,"href":"https:\/\/serveiseducatius.xtec.cat\/cda-bages\/wp-json\/wp\/v2\/comments?post=10054"}],"version-history":[{"count":5,"href":"https:\/\/serveiseducatius.xtec.cat\/cda-bages\/wp-json\/wp\/v2\/pages\/10054\/revisions"}],"predecessor-version":[{"id":10246,"href":"https:\/\/serveiseducatius.xtec.cat\/cda-bages\/wp-json\/wp\/v2\/pages\/10054\/revisions\/10246"}],"up":[{"embeddable":true,"href":"https:\/\/serveiseducatius.xtec.cat\/cda-bages\/wp-json\/wp\/v2\/pages\/10039"}],"wp:attachment":[{"href":"https:\/\/serveiseducatius.xtec.cat\/cda-bages\/wp-json\/wp\/v2\/media?parent=10054"}],"curies":[{"name":"wp","href":"https:\/\/api.w.org\/{rel}","templated":true}]}}