{"id":937,"date":"2014-09-22T10:10:45","date_gmt":"2014-09-22T09:10:45","guid":{"rendered":"http:\/\/blocs.xtec.cat\/cdaaltbergueda\/?page_id=937"},"modified":"2025-12-18T09:18:44","modified_gmt":"2025-12-18T08:18:44","slug":"coneix-lentorn-del-meu-poble","status":"publish","type":"page","link":"https:\/\/serveiseducatius.xtec.cat\/cda-altbergueda\/modalitats\/projectes\/coneix-lentorn-del-meu-poble\/","title":{"rendered":"Projecte: Coneix l&#8217;entorn del meu poble (CS)"},"content":{"rendered":"\n<figure class=\"wp-block-image aligncenter\"><img loading=\"lazy\" decoding=\"async\" width=\"993\" height=\"245\" src=\"https:\/\/serveiseducatius.xtec.cat\/cda-altbergueda\/wp-content\/uploads\/usu1364\/2024\/06\/entorn.png\" alt=\"\" class=\"wp-image-14039\" srcset=\"https:\/\/serveiseducatius.xtec.cat\/cda-altbergueda\/wp-content\/uploads\/usu1364\/2024\/06\/entorn.png 993w, https:\/\/serveiseducatius.xtec.cat\/cda-altbergueda\/wp-content\/uploads\/usu1364\/2024\/06\/entorn-300x74.png 300w, https:\/\/serveiseducatius.xtec.cat\/cda-altbergueda\/wp-content\/uploads\/usu1364\/2024\/06\/entorn-768x189.png 768w\" sizes=\"auto, (max-width: 993px) 100vw, 993px\" \/><\/figure>\n\n\n\n<p>El projecte <strong>\u201cConeix l\u2019entorn del meu poble\u201d<\/strong> \u00e9s un projecte dissenyat pel Camp d\u2019Aprenentatge de l\u2019Alt Bergued\u00e0 i pensat per a portar a terme&nbsp;amb alumnes de <strong>Cicle Superior de Prim\u00e0ria<\/strong> dels centres de la comarca del Bergued\u00e0. T\u00e9 per objectiu que els alumnes dissenyin un itinerari al voltant del seu poble i el donin a con\u00e8ixer, a les altres escoles, i a&nbsp;qui hi pugui estar interessat d&#8217;arreu, ja que els resultats es publicaran a diferents plataformes de la xarxa i al bloc del projecte.<\/p>\n\n\n\n<p>Al llarg del projecte&nbsp;es pret\u00e9n que els alumnes investiguin, descobreixin, coneguin i transmetin alguns dels&nbsp;trets m\u00e9s rellevants del patrimoni natural, social o cultural de l\u2019entorn del seu poble.&nbsp;Ser\u00e0 cada escola, i cada grup d&#8217;alumnes els que hauran de decidir qu\u00e8 volen mostrar del seu poble, i els qui aniran bastint els continguts de l&#8217;itinerari que hauran de portar a terme. &nbsp;Durant el projecte, l&#8217;equip de mestres del CdA far\u00e0 actuacions puntuals, de suport i ajuda als alumnes i als mestres, per\u00f2 una part important de les feines que implica el projecte corren a c\u00e0rrec del centre educatiu.<\/p>\n\n\n\n<p>Al llarg del projecte els alumnes hauran de realitzar&nbsp;<strong>diversos&nbsp;tipus<\/strong>&nbsp;de feines:<\/p>\n\n\n\n<ul class=\"wp-block-list\">\n<li><strong>Dissenyar un itinerari<\/strong>, que recorri diferents llocs d\u2019inter\u00e8s, i que posteriorment realitzaran a peu. Aquest itinerari generar\u00e0 tot un seguit d\u2019informacions (descripci\u00f3, mapes, perfils, dades, track, fotos i v\u00eddeo) les quals es publicaran en un bloc i a diverses p\u00e0gines d\u2019internet com ara wikiloc, youtube\u00a0o geocaching. La descripci\u00f3 d&#8217;aquest itinerari s&#8217;haur\u00e0 de veure plasmada en un <strong>article<\/strong> period\u00edstic.<\/li>\n\n\n\n<li>El dia que es realitzi l&#8217;itinerari els alumnes faran fotos i gravaran v\u00eddeos de la sortida amb l&#8217;objectiu de fer un recull de <strong>fotos<\/strong>, i que editin un <strong>v\u00eddeo<\/strong> de la sortida, on es visualitzin els principals llocs d&#8217;inter\u00e8s per on transcorre el regcorregut que hagin dissenyat.<\/li>\n\n\n\n<li>Realitzar un\u00a0<strong>treball de recerca<\/strong>\u00a0d\u2019informaci\u00f3 a partir de diverses fonts (pares, avis, gent del poble, internet, biblioteca, etc.) que pugui complementar la informaci\u00f3 i les dades obtingudes durant l\u2019itinerari. Aquesta recerca pot ser interdisciplinar o b\u00e9 centrada \u00fanicament en una sola tem\u00e0tica.<\/li>\n<\/ul>\n\n\n\n<p>Farem una primera sessi\u00f3&nbsp;de coordinaci\u00f3&nbsp;a l\u2019inici de curs amb els mestres implicats, per tal de fer la presentaci\u00f3 del projecte i detallar les activitats i les principals eines que utilitzarem al llarg del desenvolupament del projecte. Aquesta trobada es realitzar\u00e0 a la seu del Camp, a Guardiola de Bergued\u00e0.<\/p>\n\n\n\n<h6 class=\"wp-block-heading\"><strong>Projecte interdisciplinar<\/strong><\/h6>\n\n\n\n<p>Aquest \u00e9s un projecte interdisciplinar i est\u00e0 dissenyat de manera que ofereix la possibilitat de realitzar treballs en diverses \u00e0rees. Totes les tasques del projecte&nbsp;es poden incorporar al curr\u00edculum, ja que formen part dels continguts i compet\u00e8ncies de les \u00e0rees de llengua catalana, coneixement del medi natural, social i cultural, educaci\u00f3 art\u00edstica, educaci\u00f3 f\u00edsica o, fins i tot, en l\u2019\u00e0mbit d\u2019alguna de les lleng\u00fces que es treballin al centre.&nbsp;Cada centre treballar\u00e0 una o diverses \u00e0rees en funci\u00f3 de les seves necessitats, de l\u2019itinerari o del treball de recerca que es vulgui fer.&nbsp;Ser\u00e0 important, per\u00f2, la coordinaci\u00f3 i el treball en equip entre els diferents mestres implicats.<\/p>\n\n\n\n<h6 class=\"wp-block-heading\"><strong>Objectius<\/strong><\/h6>\n\n\n\n<ul class=\"wp-block-list\">\n<li>Treballar aspectes\u00a0del passat, el present i el futur de l\u2019entorn natural, social o cultural del nostre poble.<\/li>\n\n\n\n<li>Utilitzar les TIC\/TAC per la recerca d\u2019informaci\u00f3, per tractar-la, per exposar-la i difondre-la.<\/li>\n\n\n\n<li>Adquirir destreses en la utilitzaci\u00f3 i interpretaci\u00f3 d\u2019un mapa topogr\u00e0fic, el GPS i programes i apliacions topogr\u00e0fiques.<\/li>\n\n\n\n<li>Iniciar-se en el tractament d\u2019imatges digitals amb l\u2019ordinador.<\/li>\n\n\n\n<li>Dissenyar i actualitzar un bloc per publicar les diferents feines realitzades.<\/li>\n\n\n\n<li>Aprendre a preparar una entrevista, seguir una exposici\u00f3 oral, prendre apunts i formular preguntes. (Opcional)<\/li>\n\n\n\n<li>Utilitzar de forma acurada i entenedora el llenguatge escrit.<\/li>\n\n\n\n<li>Elaborar diferents tipus de texts.<\/li>\n\n\n\n<li>Realitzar una exposici\u00f3 oral, exposant el projecte realitzat a pares, alumnes o companys. (Opcional)<\/li>\n\n\n\n<li>Crear una m\u00fasica i\/o la can\u00e7\u00f3 per acompanyar un v\u00eddeo. (Opcional)<\/li>\n\n\n\n<li>Estimular el treball cooperatiu entre els alumnes i els centres.<\/li>\n<\/ul>\n\n\n\n<h6 class=\"wp-block-heading\"><strong>Per\u00edode de desenvolupament del projecte<\/strong><\/h6>\n\n\n\n<p>Primer i segon trimestre del curs. Constar\u00e0 de 3&nbsp;activitats a realitzar amb els mestres del CdA. La durada d\u2019aquestes podr\u00e0 ser de tot un mat\u00ed o tot el dia. Cal remarcar que tamb\u00e9 requerir\u00e0&nbsp;d\u2019altres sessions de treball amb el grup (responsabilitat del tutor i del centre educatiu del grup) per tal d\u2019acabar de complementar l\u2019itinerari.<\/p>\n\n\n\n<h6 class=\"wp-block-heading\"><strong>Assessorament<\/strong><\/h6>\n\n\n\n<p>A finals de setembre es realitzar\u00e0 una trobada informativa amb tots els tutors i mestres implicats en el projecte.&nbsp;El CdA es compromet a ajudar als mestres i alumnes en tots els aspectes t\u00e8cnics que comporta el treball amb els ordinadors: blocs, tractament de la imatge, pujar v\u00eddeos a la xarxa, etc. En cas que sigui necessari, es podran fer trobades individuals al centre, sempre que ho sol\u00b7licitin els mestres per tal de poder resoldre aquells &nbsp;problemes i\/o dubtes que puguin anar sorgint.<\/p>\n\n\n\n<p><a href=\"https:\/\/projecteentorn2526.blogspot.com\/\">Enlla\u00e7 al bloc del projecte del curs 2025-2026<\/a><\/p>\n\n\n\n<p><a href=\"http:\/\/serveiseducatius.xtec.cat\/cda-altbergueda\/ambits\/totes-les-activitats\/coneix-lentorn-del-meu-poble\/tots-els-entorns-del-camp-daprenentatge\/\">Enlla\u00e7 als blocs del projecte fins al curs 2024-2025<\/a><\/p>\n","protected":false},"excerpt":{"rendered":"<p>El projecte \u201cConeix l\u2019entorn del meu poble\u201d \u00e9s un projecte dissenyat pel Camp d\u2019Aprenentatge de l\u2019Alt Bergued\u00e0 i pensat per a portar a terme&nbsp;amb alumnes de Cicle Superior de Prim\u00e0ria dels centres de la comarca del Bergued\u00e0. T\u00e9 per objectiu que els alumnes dissenyin un itinerari al voltant del seu poble i el donin a [&hellip;]<\/p>\n","protected":false},"author":1,"featured_media":0,"parent":160,"menu_order":30,"comment_status":"closed","ping_status":"open","template":"","meta":{"_bbp_topic_count":0,"_bbp_reply_count":0,"_bbp_total_topic_count":0,"_bbp_total_reply_count":0,"_bbp_voice_count":0,"_bbp_anonymous_reply_count":0,"_bbp_topic_count_hidden":0,"_bbp_reply_count_hidden":0,"_bbp_forum_subforum_count":0,"site-sidebar-layout":"default","site-content-layout":"","ast-site-content-layout":"default","site-content-style":"default","site-sidebar-style":"default","ast-global-header-display":"","ast-banner-title-visibility":"","ast-main-header-display":"","ast-hfb-above-header-display":"","ast-hfb-below-header-display":"","ast-hfb-mobile-header-display":"","site-post-title":"","ast-breadcrumbs-content":"","ast-featured-img":"","footer-sml-layout":"","theme-transparent-header-meta":"","adv-header-id-meta":"","stick-header-meta":"","header-above-stick-meta":"","header-main-stick-meta":"","header-below-stick-meta":"","astra-migrate-meta-layouts":"set","ast-page-background-enabled":"default","ast-page-background-meta":{"desktop":{"background-color":"var(--ast-global-color-4)","background-image":"","background-repeat":"repeat","background-position":"center center","background-size":"auto","background-attachment":"scroll","background-type":"","background-media":"","overlay-type":"","overlay-color":"","overlay-opacity":"","overlay-gradient":""},"tablet":{"background-color":"","background-image":"","background-repeat":"repeat","background-position":"center center","background-size":"auto","background-attachment":"scroll","background-type":"","background-media":"","overlay-type":"","overlay-color":"","overlay-opacity":"","overlay-gradient":""},"mobile":{"background-color":"","background-image":"","background-repeat":"repeat","background-position":"center center","background-size":"auto","background-attachment":"scroll","background-type":"","background-media":"","overlay-type":"","overlay-color":"","overlay-opacity":"","overlay-gradient":""}},"ast-content-background-meta":{"desktop":{"background-color":"var(--ast-global-color-5)","background-image":"","background-repeat":"repeat","background-position":"center center","background-size":"auto","background-attachment":"scroll","background-type":"","background-media":"","overlay-type":"","overlay-color":"","overlay-opacity":"","overlay-gradient":""},"tablet":{"background-color":"var(--ast-global-color-5)","background-image":"","background-repeat":"repeat","background-position":"center center","background-size":"auto","background-attachment":"scroll","background-type":"","background-media":"","overlay-type":"","overlay-color":"","overlay-opacity":"","overlay-gradient":""},"mobile":{"background-color":"var(--ast-global-color-5)","background-image":"","background-repeat":"repeat","background-position":"center center","background-size":"auto","background-attachment":"scroll","background-type":"","background-media":"","overlay-type":"","overlay-color":"","overlay-opacity":"","overlay-gradient":""}},"footnotes":""},"class_list":["post-937","page","type-page","status-publish","hentry"],"post_mailing_queue_ids":[],"_links":{"self":[{"href":"https:\/\/serveiseducatius.xtec.cat\/cda-altbergueda\/wp-json\/wp\/v2\/pages\/937","targetHints":{"allow":["GET"]}}],"collection":[{"href":"https:\/\/serveiseducatius.xtec.cat\/cda-altbergueda\/wp-json\/wp\/v2\/pages"}],"about":[{"href":"https:\/\/serveiseducatius.xtec.cat\/cda-altbergueda\/wp-json\/wp\/v2\/types\/page"}],"author":[{"embeddable":true,"href":"https:\/\/serveiseducatius.xtec.cat\/cda-altbergueda\/wp-json\/wp\/v2\/users\/1"}],"replies":[{"embeddable":true,"href":"https:\/\/serveiseducatius.xtec.cat\/cda-altbergueda\/wp-json\/wp\/v2\/comments?post=937"}],"version-history":[{"count":6,"href":"https:\/\/serveiseducatius.xtec.cat\/cda-altbergueda\/wp-json\/wp\/v2\/pages\/937\/revisions"}],"predecessor-version":[{"id":15193,"href":"https:\/\/serveiseducatius.xtec.cat\/cda-altbergueda\/wp-json\/wp\/v2\/pages\/937\/revisions\/15193"}],"up":[{"embeddable":true,"href":"https:\/\/serveiseducatius.xtec.cat\/cda-altbergueda\/wp-json\/wp\/v2\/pages\/160"}],"wp:attachment":[{"href":"https:\/\/serveiseducatius.xtec.cat\/cda-altbergueda\/wp-json\/wp\/v2\/media?parent=937"}],"curies":[{"name":"wp","href":"https:\/\/api.w.org\/{rel}","templated":true}]}}