{"id":9231,"date":"2017-09-21T11:04:04","date_gmt":"2017-09-21T09:04:04","guid":{"rendered":"http:\/\/serveiseducatius.xtec.cat\/cda-altbergueda\/?page_id=9231"},"modified":"2026-02-16T13:10:07","modified_gmt":"2026-02-16T12:10:07","slug":"blocs-preparacio-estades-curs-2017-2018-educacio-primaria","status":"publish","type":"page","link":"https:\/\/serveiseducatius.xtec.cat\/cda-altbergueda\/blocs-preparacio-estades-curs-2017-2018-educacio-primaria\/","title":{"rendered":"PREPARACI\u00d3 ESTADES (Educaci\u00f3 Prim\u00e0ria)"},"content":{"rendered":"\n<figure class=\"wp-block-image aligncenter size-full is-style-default\"><img loading=\"lazy\" decoding=\"async\" width=\"498\" height=\"288\" src=\"https:\/\/serveiseducatius.xtec.cat\/cda-altbergueda\/wp-content\/uploads\/usu1364\/2025\/12\/escoles-1.png\" alt=\"\" class=\"wp-image-15373\" srcset=\"https:\/\/serveiseducatius.xtec.cat\/cda-altbergueda\/wp-content\/uploads\/usu1364\/2025\/12\/escoles-1.png 498w, https:\/\/serveiseducatius.xtec.cat\/cda-altbergueda\/wp-content\/uploads\/usu1364\/2025\/12\/escoles-1-300x173.png 300w\" sizes=\"auto, (max-width: 498px) 100vw, 498px\" \/><\/figure>\n\n\n\n<p>Des d&#8217;aquesta p\u00e0gina podeu accedir al bloc del vostre centre o a la webquest per tal de preparar la vostra estada al CdA de l&#8217;Alt Bergued\u00e0.<\/p>\n\n\n\n<h3 class=\"wp-block-heading\">Estades curs 2025-2026<\/h3>\n\n\n\n<div class=\"wp-block-columns is-layout-flex wp-container-core-columns-is-layout-1 wp-block-columns-is-layout-flex\">\n<div class=\"wp-block-column is-layout-flow wp-block-column-is-layout-flow\">\n<figure class=\"wp-block-image aligncenter size-full is-resized\"><a href=\"https:\/\/roquesblaves2526.blogspot.com\/\"><img loading=\"lazy\" decoding=\"async\" width=\"350\" height=\"431\" src=\"https:\/\/serveiseducatius.xtec.cat\/cda-altbergueda\/wp-content\/uploads\/usu1364\/2021\/09\/ROQUESBLAVES.jpg\" alt=\"\" class=\"wp-image-11783\" style=\"width:117px;height:auto\" srcset=\"https:\/\/serveiseducatius.xtec.cat\/cda-altbergueda\/wp-content\/uploads\/usu1364\/2021\/09\/ROQUESBLAVES.jpg 350w, https:\/\/serveiseducatius.xtec.cat\/cda-altbergueda\/wp-content\/uploads\/usu1364\/2021\/09\/ROQUESBLAVES-244x300.jpg 244w\" sizes=\"auto, (max-width: 350px) 100vw, 350px\" \/><\/a><figcaption class=\"wp-element-caption\"><a href=\"https:\/\/roquesblaves2526.blogspot.com\/\">Escola Roques Blaves<\/a><\/figcaption><\/figure>\n<\/div>\n\n\n\n<div class=\"wp-block-column is-layout-flow wp-block-column-is-layout-flow\">\n<figure class=\"wp-block-image aligncenter size-full is-resized\"><a href=\"https:\/\/sites.google.com\/xtec.cat\/mdmontserrat?usp=sharing\"><img loading=\"lazy\" decoding=\"async\" width=\"586\" height=\"376\" src=\"https:\/\/serveiseducatius.xtec.cat\/cda-altbergueda\/wp-content\/uploads\/usu1364\/2025\/01\/logo_MD-Montserrat.png\" alt=\"\" class=\"wp-image-14311\" style=\"width:212px;height:auto\" srcset=\"https:\/\/serveiseducatius.xtec.cat\/cda-altbergueda\/wp-content\/uploads\/usu1364\/2025\/01\/logo_MD-Montserrat.png 586w, https:\/\/serveiseducatius.xtec.cat\/cda-altbergueda\/wp-content\/uploads\/usu1364\/2025\/01\/logo_MD-Montserrat-300x192.png 300w\" sizes=\"auto, (max-width: 586px) 100vw, 586px\" \/><\/a><figcaption class=\"wp-element-caption\"><a href=\"https:\/\/sites.google.com\/xtec.cat\/mdmontserrat?usp=sharing\">Escola MD de Montserrat<\/a><\/figcaption><\/figure>\n<\/div>\n\n\n\n<div class=\"wp-block-column is-layout-flow wp-block-column-is-layout-flow\">\n<figure class=\"wp-block-image aligncenter size-full is-resized\"><a href=\"https:\/\/heuracdabergueda.blogspot.com\/\"><img loading=\"lazy\" decoding=\"async\" width=\"200\" height=\"155\" src=\"https:\/\/serveiseducatius.xtec.cat\/cda-altbergueda\/wp-content\/uploads\/usu1364\/2026\/01\/logo-heura-200x155-1.png\" alt=\"\" class=\"wp-image-15495\" style=\"width:174px;height:auto\"\/><\/a><figcaption class=\"wp-element-caption\"><a href=\"https:\/\/heuracdabergueda.blogspot.com\/\">Escola Heura<\/a><\/figcaption><\/figure>\n<\/div>\n\n\n\n<div class=\"wp-block-column is-layout-flow wp-block-column-is-layout-flow\">\n<figure class=\"wp-block-image aligncenter size-full is-resized\"><a href=\"https:\/\/montroigcdabergueda.blogspot.com\/\"><img loading=\"lazy\" decoding=\"async\" width=\"464\" height=\"493\" src=\"https:\/\/serveiseducatius.xtec.cat\/cda-altbergueda\/wp-content\/uploads\/usu1364\/2026\/01\/LOGO-Correcte-1.jpg\" alt=\"\" class=\"wp-image-15504\" style=\"width:135px;height:auto\" srcset=\"https:\/\/serveiseducatius.xtec.cat\/cda-altbergueda\/wp-content\/uploads\/usu1364\/2026\/01\/LOGO-Correcte-1.jpg 464w, https:\/\/serveiseducatius.xtec.cat\/cda-altbergueda\/wp-content\/uploads\/usu1364\/2026\/01\/LOGO-Correcte-1-282x300.jpg 282w\" sizes=\"auto, (max-width: 464px) 100vw, 464px\" \/><\/a><figcaption class=\"wp-element-caption\"><a href=\"https:\/\/montroigcdabergueda.blogspot.com\/\">Escola Mont-roig<\/a><\/figcaption><\/figure>\n<\/div>\n\n\n\n<div class=\"wp-block-column is-layout-flow wp-block-column-is-layout-flow\">\n<figure class=\"wp-block-image aligncenter size-large is-resized\"><a href=\"https:\/\/sites.google.com\/xtec.cat\/wq-alfonsl?usp=sharing\"><img loading=\"lazy\" decoding=\"async\" width=\"1024\" height=\"1024\" src=\"https:\/\/serveiseducatius.xtec.cat\/cda-altbergueda\/wp-content\/uploads\/usu1364\/2026\/02\/logo-ALFONS-I-1-03-scaled-1-1024x1024.jpg\" alt=\"\" class=\"wp-image-15506\" style=\"width:143px;height:auto\" srcset=\"https:\/\/serveiseducatius.xtec.cat\/cda-altbergueda\/wp-content\/uploads\/usu1364\/2026\/02\/logo-ALFONS-I-1-03-scaled-1-1024x1024.jpg 1024w, https:\/\/serveiseducatius.xtec.cat\/cda-altbergueda\/wp-content\/uploads\/usu1364\/2026\/02\/logo-ALFONS-I-1-03-scaled-1-300x300.jpg 300w, https:\/\/serveiseducatius.xtec.cat\/cda-altbergueda\/wp-content\/uploads\/usu1364\/2026\/02\/logo-ALFONS-I-1-03-scaled-1-150x150.jpg 150w, https:\/\/serveiseducatius.xtec.cat\/cda-altbergueda\/wp-content\/uploads\/usu1364\/2026\/02\/logo-ALFONS-I-1-03-scaled-1-768x768.jpg 768w, https:\/\/serveiseducatius.xtec.cat\/cda-altbergueda\/wp-content\/uploads\/usu1364\/2026\/02\/logo-ALFONS-I-1-03-scaled-1-1536x1536.jpg 1536w, https:\/\/serveiseducatius.xtec.cat\/cda-altbergueda\/wp-content\/uploads\/usu1364\/2026\/02\/logo-ALFONS-I-1-03-scaled-1-2048x2048.jpg 2048w\" sizes=\"auto, (max-width: 1024px) 100vw, 1024px\" \/><\/a><figcaption class=\"wp-element-caption\"><a href=\"https:\/\/sites.google.com\/xtec.cat\/wq-alfonsl?usp=sharing\">Escola Alfons I<\/a><\/figcaption><\/figure>\n<\/div>\n<\/div>\n\n\n\n<p><\/p>\n","protected":false},"excerpt":{"rendered":"<p>Des d&#8217;aquesta p\u00e0gina podeu accedir al bloc del vostre centre o a la webquest per tal de preparar la vostra estada al CdA de l&#8217;Alt Bergued\u00e0. Estades curs 2025-2026<\/p>\n","protected":false},"author":1,"featured_media":0,"parent":0,"menu_order":0,"comment_status":"closed","ping_status":"closed","template":"","meta":{"_bbp_topic_count":0,"_bbp_reply_count":0,"_bbp_total_topic_count":0,"_bbp_total_reply_count":0,"_bbp_voice_count":0,"_bbp_anonymous_reply_count":0,"_bbp_topic_count_hidden":0,"_bbp_reply_count_hidden":0,"_bbp_forum_subforum_count":0,"site-sidebar-layout":"default","site-content-layout":"","ast-site-content-layout":"default","site-content-style":"default","site-sidebar-style":"default","ast-global-header-display":"","ast-banner-title-visibility":"","ast-main-header-display":"","ast-hfb-above-header-display":"","ast-hfb-below-header-display":"","ast-hfb-mobile-header-display":"","site-post-title":"","ast-breadcrumbs-content":"","ast-featured-img":"","footer-sml-layout":"","theme-transparent-header-meta":"","adv-header-id-meta":"","stick-header-meta":"","header-above-stick-meta":"","header-main-stick-meta":"","header-below-stick-meta":"","astra-migrate-meta-layouts":"set","ast-page-background-enabled":"default","ast-page-background-meta":{"desktop":{"background-color":"var(--ast-global-color-4)","background-image":"","background-repeat":"repeat","background-position":"center center","background-size":"auto","background-attachment":"scroll","background-type":"","background-media":"","overlay-type":"","overlay-color":"","overlay-opacity":"","overlay-gradient":""},"tablet":{"background-color":"","background-image":"","background-repeat":"repeat","background-position":"center center","background-size":"auto","background-attachment":"scroll","background-type":"","background-media":"","overlay-type":"","overlay-color":"","overlay-opacity":"","overlay-gradient":""},"mobile":{"background-color":"","background-image":"","background-repeat":"repeat","background-position":"center center","background-size":"auto","background-attachment":"scroll","background-type":"","background-media":"","overlay-type":"","overlay-color":"","overlay-opacity":"","overlay-gradient":""}},"ast-content-background-meta":{"desktop":{"background-color":"var(--ast-global-color-5)","background-image":"","background-repeat":"repeat","background-position":"center center","background-size":"auto","background-attachment":"scroll","background-type":"","background-media":"","overlay-type":"","overlay-color":"","overlay-opacity":"","overlay-gradient":""},"tablet":{"background-color":"var(--ast-global-color-5)","background-image":"","background-repeat":"repeat","background-position":"center center","background-size":"auto","background-attachment":"scroll","background-type":"","background-media":"","overlay-type":"","overlay-color":"","overlay-opacity":"","overlay-gradient":""},"mobile":{"background-color":"var(--ast-global-color-5)","background-image":"","background-repeat":"repeat","background-position":"center center","background-size":"auto","background-attachment":"scroll","background-type":"","background-media":"","overlay-type":"","overlay-color":"","overlay-opacity":"","overlay-gradient":""}},"footnotes":""},"class_list":["post-9231","page","type-page","status-publish","hentry"],"post_mailing_queue_ids":[],"_links":{"self":[{"href":"https:\/\/serveiseducatius.xtec.cat\/cda-altbergueda\/wp-json\/wp\/v2\/pages\/9231","targetHints":{"allow":["GET"]}}],"collection":[{"href":"https:\/\/serveiseducatius.xtec.cat\/cda-altbergueda\/wp-json\/wp\/v2\/pages"}],"about":[{"href":"https:\/\/serveiseducatius.xtec.cat\/cda-altbergueda\/wp-json\/wp\/v2\/types\/page"}],"author":[{"embeddable":true,"href":"https:\/\/serveiseducatius.xtec.cat\/cda-altbergueda\/wp-json\/wp\/v2\/users\/1"}],"replies":[{"embeddable":true,"href":"https:\/\/serveiseducatius.xtec.cat\/cda-altbergueda\/wp-json\/wp\/v2\/comments?post=9231"}],"version-history":[{"count":5,"href":"https:\/\/serveiseducatius.xtec.cat\/cda-altbergueda\/wp-json\/wp\/v2\/pages\/9231\/revisions"}],"predecessor-version":[{"id":15510,"href":"https:\/\/serveiseducatius.xtec.cat\/cda-altbergueda\/wp-json\/wp\/v2\/pages\/9231\/revisions\/15510"}],"wp:attachment":[{"href":"https:\/\/serveiseducatius.xtec.cat\/cda-altbergueda\/wp-json\/wp\/v2\/media?parent=9231"}],"curies":[{"name":"wp","href":"https:\/\/api.w.org\/{rel}","templated":true}]}}