{"id":9188,"date":"2017-06-23T13:29:16","date_gmt":"2017-06-23T11:29:16","guid":{"rendered":"http:\/\/serveiseducatius.xtec.cat\/cda-altbergueda\/?page_id=9188"},"modified":"2025-09-18T17:19:54","modified_gmt":"2025-09-18T15:19:54","slug":"documents-que-cal-aportar-a-linici-de-lestada","status":"publish","type":"page","link":"https:\/\/serveiseducatius.xtec.cat\/cda-altbergueda\/amb-els-centres\/documents-que-cal-aportar-a-linici-de-lestada\/","title":{"rendered":"Documents que cal aportar a l&#8217;inici d&#8217;una estada, sortida o projecte amb el CdA"},"content":{"rendered":"\n<figure class=\"wp-block-image aligncenter\"><img loading=\"lazy\" decoding=\"async\" width=\"150\" height=\"150\" src=\"https:\/\/serveiseducatius.xtec.cat\/cda-altbergueda\/wp-content\/uploads\/usu1364\/2024\/06\/licencias-150x150.png\" alt=\"\" class=\"wp-image-14045\" srcset=\"https:\/\/serveiseducatius.xtec.cat\/cda-altbergueda\/wp-content\/uploads\/usu1364\/2024\/06\/licencias-150x150.png 150w, https:\/\/serveiseducatius.xtec.cat\/cda-altbergueda\/wp-content\/uploads\/usu1364\/2024\/06\/licencias-300x300.png 300w, https:\/\/serveiseducatius.xtec.cat\/cda-altbergueda\/wp-content\/uploads\/usu1364\/2024\/06\/licencias.png 512w\" sizes=\"auto, (max-width: 150px) 100vw, 150px\" \/><\/figure>\n\n\n\n<p>Per venir a fer una estada o sortida a un Camp o Entorn d&#8217;Aprenentatge del Departament d&#8217;Educaci\u00f3 \u00e9s necessari aportar els seg\u00fcents documents per part de l&#8217;escola o institut:<\/p>\n\n\n\n<ul class=\"wp-block-list\">\n<li><a href=\"https:\/\/serveiseducatius.xtec.cat\/cda-altbergueda\/docs\/certificat-bonificacions-i-exempcions\/\"><strong>Certificat d&#8217;exempcions i\/o bonificacions<\/strong><\/a>, que d\u00f3na dret a bonificaci\u00f3 o exempci\u00f3 del preu p\u00fablic de les activitats del CdA o EdA: fam\u00edlies nombroses, monoparentals o altres sup\u00f2sits que podeu consultar a l&#8217;Article 4<strong> <a href=\"http:\/\/dogc.gencat.cat\/ca\/pdogc_canals_interns\/pdogc_resultats_fitxa\/?action=fitxa&amp;documentId=743883&amp;language=ca_ES\">d&#8217;aquest document<\/a><\/strong>.<\/li>\n\n\n\n<li><strong>Full d&#8217;acceptaci\u00f3 de l&#8217;estada o sortida<\/strong>. S&#8217;ha d&#8217;imprimir a l&#8217;aplicatiu CAMPS quan formalitzeu la vostra inscripci\u00f3. Ha d&#8217;estar <strong>signat electr\u00f2nicament pel director\/a<\/strong> del centre educatiu. (<a href=\"https:\/\/serveiseducatius.xtec.cat\/cda-altbergueda\/docs\/com-obtenir-full-acceptacio\/\">Tutorial d&#8217;ajuda<\/a>)<\/li>\n\n\n\n<li><a href=\"https:\/\/serveiseducatius.xtec.cat\/cda-altbergueda\/docs\/autoritzacio-us-dimatge\/\"><strong><strong>Autoritzaci\u00f3 \u00fas d&#8217;imatge.<\/strong><\/strong><\/a> El camp d\u2019aprenentatge disposa d\u2019espais de comunicaci\u00f3 on informa i fa difusi\u00f3 de les activitats que realitza. Aquesta autoritzaci\u00f3 de grup ser\u00e0 el consentiment\u00a0 dels centres perqu\u00e8 el Camp d&#8217;aprenentatge pugui\u00a0 publicar fotografies i v\u00eddeos on apareguin els seus\/seves alumnes <span style=\"font-family: inherit; font-size: 1em;\">mentre fan les activitats.<\/span><\/li>\n<\/ul>\n\n\n\n<p>A m\u00e9s, cal tenir en compte que\u00a0el CdA, una vegada acabada l&#8217;estada o la sortia, lliurar\u00e0 un rebut conforme el centre educatiu ha realitzat el pagament del preu p\u00fablic. Aquest rebut s&#8217;ha de retornar signat electr\u00f2nicament per la direcci\u00f3 del centre, actua com a factura i \u00e9s el que els centres educatius hauran d&#8217;entrar a l&#8217;aplicatiu Esfera.<\/p>\n","protected":false},"excerpt":{"rendered":"<p>Per venir a fer una estada o sortida a un Camp o Entorn d&#8217;Aprenentatge del Departament d&#8217;Educaci\u00f3 \u00e9s necessari aportar els seg\u00fcents documents per part de l&#8217;escola o institut: A m\u00e9s, cal tenir en compte que\u00a0el CdA, una vegada acabada l&#8217;estada o la sortia, lliurar\u00e0 un rebut conforme el centre educatiu ha realitzat el pagament [&hellip;]<\/p>\n","protected":false},"author":1,"featured_media":0,"parent":8272,"menu_order":10,"comment_status":"closed","ping_status":"closed","template":"page-templates\/side-menu.php","meta":{"_bbp_topic_count":0,"_bbp_reply_count":0,"_bbp_total_topic_count":0,"_bbp_total_reply_count":0,"_bbp_voice_count":0,"_bbp_anonymous_reply_count":0,"_bbp_topic_count_hidden":0,"_bbp_reply_count_hidden":0,"_bbp_forum_subforum_count":0,"site-sidebar-layout":"default","site-content-layout":"","ast-site-content-layout":"","site-content-style":"default","site-sidebar-style":"default","ast-global-header-display":"","ast-banner-title-visibility":"","ast-main-header-display":"","ast-hfb-above-header-display":"","ast-hfb-below-header-display":"","ast-hfb-mobile-header-display":"","site-post-title":"","ast-breadcrumbs-content":"","ast-featured-img":"","footer-sml-layout":"","theme-transparent-header-meta":"","adv-header-id-meta":"","stick-header-meta":"","header-above-stick-meta":"","header-main-stick-meta":"","header-below-stick-meta":"","astra-migrate-meta-layouts":"default","ast-page-background-enabled":"default","ast-page-background-meta":{"desktop":{"background-color":"var(--ast-global-color-4)","background-image":"","background-repeat":"repeat","background-position":"center center","background-size":"auto","background-attachment":"scroll","background-type":"","background-media":"","overlay-type":"","overlay-color":"","overlay-opacity":"","overlay-gradient":""},"tablet":{"background-color":"","background-image":"","background-repeat":"repeat","background-position":"center center","background-size":"auto","background-attachment":"scroll","background-type":"","background-media":"","overlay-type":"","overlay-color":"","overlay-opacity":"","overlay-gradient":""},"mobile":{"background-color":"","background-image":"","background-repeat":"repeat","background-position":"center center","background-size":"auto","background-attachment":"scroll","background-type":"","background-media":"","overlay-type":"","overlay-color":"","overlay-opacity":"","overlay-gradient":""}},"ast-content-background-meta":{"desktop":{"background-color":"var(--ast-global-color-5)","background-image":"","background-repeat":"repeat","background-position":"center center","background-size":"auto","background-attachment":"scroll","background-type":"","background-media":"","overlay-type":"","overlay-color":"","overlay-opacity":"","overlay-gradient":""},"tablet":{"background-color":"var(--ast-global-color-5)","background-image":"","background-repeat":"repeat","background-position":"center center","background-size":"auto","background-attachment":"scroll","background-type":"","background-media":"","overlay-type":"","overlay-color":"","overlay-opacity":"","overlay-gradient":""},"mobile":{"background-color":"var(--ast-global-color-5)","background-image":"","background-repeat":"repeat","background-position":"center center","background-size":"auto","background-attachment":"scroll","background-type":"","background-media":"","overlay-type":"","overlay-color":"","overlay-opacity":"","overlay-gradient":""}},"footnotes":""},"class_list":["post-9188","page","type-page","status-publish","hentry"],"post_mailing_queue_ids":[],"_links":{"self":[{"href":"https:\/\/serveiseducatius.xtec.cat\/cda-altbergueda\/wp-json\/wp\/v2\/pages\/9188","targetHints":{"allow":["GET"]}}],"collection":[{"href":"https:\/\/serveiseducatius.xtec.cat\/cda-altbergueda\/wp-json\/wp\/v2\/pages"}],"about":[{"href":"https:\/\/serveiseducatius.xtec.cat\/cda-altbergueda\/wp-json\/wp\/v2\/types\/page"}],"author":[{"embeddable":true,"href":"https:\/\/serveiseducatius.xtec.cat\/cda-altbergueda\/wp-json\/wp\/v2\/users\/1"}],"replies":[{"embeddable":true,"href":"https:\/\/serveiseducatius.xtec.cat\/cda-altbergueda\/wp-json\/wp\/v2\/comments?post=9188"}],"version-history":[{"count":6,"href":"https:\/\/serveiseducatius.xtec.cat\/cda-altbergueda\/wp-json\/wp\/v2\/pages\/9188\/revisions"}],"predecessor-version":[{"id":14869,"href":"https:\/\/serveiseducatius.xtec.cat\/cda-altbergueda\/wp-json\/wp\/v2\/pages\/9188\/revisions\/14869"}],"up":[{"embeddable":true,"href":"https:\/\/serveiseducatius.xtec.cat\/cda-altbergueda\/wp-json\/wp\/v2\/pages\/8272"}],"wp:attachment":[{"href":"https:\/\/serveiseducatius.xtec.cat\/cda-altbergueda\/wp-json\/wp\/v2\/media?parent=9188"}],"curies":[{"name":"wp","href":"https:\/\/api.w.org\/{rel}","templated":true}]}}