{"id":9111,"date":"2017-05-12T19:16:36","date_gmt":"2017-05-12T17:16:36","guid":{"rendered":"http:\/\/serveiseducatius.xtec.cat\/cda-altbergueda\/?page_id=9111"},"modified":"2025-12-18T09:17:10","modified_gmt":"2025-12-18T08:17:10","slug":"projecte-hugot-rius-i-rieres-del-bergueda","status":"publish","type":"page","link":"https:\/\/serveiseducatius.xtec.cat\/cda-altbergueda\/modalitats\/projectes\/projecte-hugot-rius-i-rieres-del-bergueda\/","title":{"rendered":"Projecte Hugot: Rius i rieres del Bergued\u00e0 (CM)"},"content":{"rendered":"\n<figure class=\"wp-block-image aligncenter\"><img loading=\"lazy\" decoding=\"async\" width=\"1000\" height=\"250\" src=\"http:\/\/serveiseducatius.xtec.cat\/cda-altbergueda\/wp-content\/uploads\/usu1364\/2017\/05\/hugotnodes.png\" alt=\"\" class=\"wp-image-9115\" srcset=\"https:\/\/serveiseducatius.xtec.cat\/cda-altbergueda\/wp-content\/uploads\/usu1364\/2017\/05\/hugotnodes.png 1000w, https:\/\/serveiseducatius.xtec.cat\/cda-altbergueda\/wp-content\/uploads\/usu1364\/2017\/05\/hugotnodes-300x75.png 300w, https:\/\/serveiseducatius.xtec.cat\/cda-altbergueda\/wp-content\/uploads\/usu1364\/2017\/05\/hugotnodes-768x192.png 768w\" sizes=\"auto, (max-width: 1000px) 100vw, 1000px\" \/><\/figure>\n\n\n\n<p>El&nbsp;<strong>Projecte<\/strong> <strong>Hugot:&nbsp;rius i rieres del Bergued\u00e0<\/strong>, permet descobrir aspectes diversos de la comarca del Bergued\u00e0 relacionats amb els rius i el seu entorn proper, aix\u00ed com treballar aspectes concrets al voltant de l\u2019aigua. A partir d&#8217;un interlocutor, el bruixot&nbsp;<strong>Hugot del Catllar\u00e0s<\/strong>, que anir\u00e0 proposant tasques i investigacions als nens i nenes, amb qui es comunicar\u00e0 a trav\u00e9s d&#8217;un bloc&nbsp;i del correu electr\u00f2nic. El projecte s&#8217;allarga durant m\u00e9s de <strong>dos trimestres al llarg del curs<\/strong>, i compta amb activitats que ha de realitzar l&#8217;escola amb d&#8217;altres on seran els mestres del CdA els que donaran suport al mestre del grup d&#8217;alumnes. Est\u00e0 pensat per alumnes de <strong>Cicle Mitj\u00e0<\/strong> de la comarca del Bergued\u00e0.<\/p>\n\n\n\n<p>El disseny i les activitats del projecte aposten pel <strong>treball cooperatiu<\/strong> a l\u2019aula i fomenten l\u2019<strong>\u00fas de les TAC<\/strong>. Tamb\u00e9 pretenen treballar el <strong>m\u00e8tode cient\u00edfic<\/strong> al voltant d&#8217;un <strong>treball d&#8217;investigaci\u00f3<\/strong> de l&#8217;aigua del riu o riera que els alumnes tinguin proper al seu municipi. L&#8217;Hugot&nbsp;proposar\u00e0 un seguit de tasques als alumnes, que hauran de retornar-li a trav\u00e9s del mateix bloc. Aquestes tasques quedaran penjades a la xarxa per tal de compartir les dades amb les altres escoles participants. D&#8217;aquesta manera es pret\u00e9n que hi hagi un contacte entre els diferents centres que participin simult\u00e0niament al projecte, i que els alumnes vegin que a altres indrets de la comarca tamb\u00e9 s&#8217;est\u00e0 portant a terme el mateix estudi.<\/p>\n\n\n\n<p>El CdA es compromet, en cas que sigui necessari, a formar i assessorar als mestres en tots els aspectes t\u00e8cnics que comporta el treball les diferents eines i aplicacions necess\u00e0ries per tirar endavant el projecte:&nbsp;ordinadors, correu electr\u00f2nic, tractament de la imatge, recerca d\u2019informaci\u00f3, \u00fas i gesti\u00f3 del bloc, treball amb el google maps i instamaps, Kahoot&#8230; A <strong>principis de setembre hi haur\u00e0 una trobada de coordinaci\u00f3<\/strong> a la seu del CdA per tal de planificar i exposar les tasques del projecte als mestres participants.<\/p>\n\n\n\n<p><a href=\"https:\/\/hugotbergueda2526.blogspot.com\/\">Enlla\u00e7 al bloc del projecte del curs 2025-2026<\/a><\/p>\n\n\n\n<p><a href=\"http:\/\/serveiseducatius.xtec.cat\/cda-altbergueda\/modalitats\/projectes\/projecte-hugot-rius-i-rieres-del-bergueda\/tots-els-rius-i-les-rieres-de-lhugot\/\">Enlla\u00e7 als blocs del projecte fins el curs 2024-2025<\/a><\/p>\n","protected":false},"excerpt":{"rendered":"<p>El&nbsp;Projecte Hugot:&nbsp;rius i rieres del Bergued\u00e0, permet descobrir aspectes diversos de la comarca del Bergued\u00e0 relacionats amb els rius i el seu entorn proper, aix\u00ed com treballar aspectes concrets al voltant de l\u2019aigua. A partir d&#8217;un interlocutor, el bruixot&nbsp;Hugot del Catllar\u00e0s, que anir\u00e0 proposant tasques i investigacions als nens i nenes, amb qui es comunicar\u00e0 [&hellip;]<\/p>\n","protected":false},"author":1,"featured_media":0,"parent":160,"menu_order":20,"comment_status":"closed","ping_status":"closed","template":"","meta":{"_bbp_topic_count":0,"_bbp_reply_count":0,"_bbp_total_topic_count":0,"_bbp_total_reply_count":0,"_bbp_voice_count":0,"_bbp_anonymous_reply_count":0,"_bbp_topic_count_hidden":0,"_bbp_reply_count_hidden":0,"_bbp_forum_subforum_count":0,"site-sidebar-layout":"default","site-content-layout":"","ast-site-content-layout":"default","site-content-style":"default","site-sidebar-style":"default","ast-global-header-display":"","ast-banner-title-visibility":"","ast-main-header-display":"","ast-hfb-above-header-display":"","ast-hfb-below-header-display":"","ast-hfb-mobile-header-display":"","site-post-title":"","ast-breadcrumbs-content":"","ast-featured-img":"","footer-sml-layout":"","theme-transparent-header-meta":"","adv-header-id-meta":"","stick-header-meta":"","header-above-stick-meta":"","header-main-stick-meta":"","header-below-stick-meta":"","astra-migrate-meta-layouts":"set","ast-page-background-enabled":"default","ast-page-background-meta":{"desktop":{"background-color":"var(--ast-global-color-4)","background-image":"","background-repeat":"repeat","background-position":"center center","background-size":"auto","background-attachment":"scroll","background-type":"","background-media":"","overlay-type":"","overlay-color":"","overlay-opacity":"","overlay-gradient":""},"tablet":{"background-color":"","background-image":"","background-repeat":"repeat","background-position":"center center","background-size":"auto","background-attachment":"scroll","background-type":"","background-media":"","overlay-type":"","overlay-color":"","overlay-opacity":"","overlay-gradient":""},"mobile":{"background-color":"","background-image":"","background-repeat":"repeat","background-position":"center center","background-size":"auto","background-attachment":"scroll","background-type":"","background-media":"","overlay-type":"","overlay-color":"","overlay-opacity":"","overlay-gradient":""}},"ast-content-background-meta":{"desktop":{"background-color":"var(--ast-global-color-5)","background-image":"","background-repeat":"repeat","background-position":"center center","background-size":"auto","background-attachment":"scroll","background-type":"","background-media":"","overlay-type":"","overlay-color":"","overlay-opacity":"","overlay-gradient":""},"tablet":{"background-color":"var(--ast-global-color-5)","background-image":"","background-repeat":"repeat","background-position":"center center","background-size":"auto","background-attachment":"scroll","background-type":"","background-media":"","overlay-type":"","overlay-color":"","overlay-opacity":"","overlay-gradient":""},"mobile":{"background-color":"var(--ast-global-color-5)","background-image":"","background-repeat":"repeat","background-position":"center center","background-size":"auto","background-attachment":"scroll","background-type":"","background-media":"","overlay-type":"","overlay-color":"","overlay-opacity":"","overlay-gradient":""}},"footnotes":""},"class_list":["post-9111","page","type-page","status-publish","hentry"],"post_mailing_queue_ids":[],"_links":{"self":[{"href":"https:\/\/serveiseducatius.xtec.cat\/cda-altbergueda\/wp-json\/wp\/v2\/pages\/9111","targetHints":{"allow":["GET"]}}],"collection":[{"href":"https:\/\/serveiseducatius.xtec.cat\/cda-altbergueda\/wp-json\/wp\/v2\/pages"}],"about":[{"href":"https:\/\/serveiseducatius.xtec.cat\/cda-altbergueda\/wp-json\/wp\/v2\/types\/page"}],"author":[{"embeddable":true,"href":"https:\/\/serveiseducatius.xtec.cat\/cda-altbergueda\/wp-json\/wp\/v2\/users\/1"}],"replies":[{"embeddable":true,"href":"https:\/\/serveiseducatius.xtec.cat\/cda-altbergueda\/wp-json\/wp\/v2\/comments?post=9111"}],"version-history":[{"count":6,"href":"https:\/\/serveiseducatius.xtec.cat\/cda-altbergueda\/wp-json\/wp\/v2\/pages\/9111\/revisions"}],"predecessor-version":[{"id":15191,"href":"https:\/\/serveiseducatius.xtec.cat\/cda-altbergueda\/wp-json\/wp\/v2\/pages\/9111\/revisions\/15191"}],"up":[{"embeddable":true,"href":"https:\/\/serveiseducatius.xtec.cat\/cda-altbergueda\/wp-json\/wp\/v2\/pages\/160"}],"wp:attachment":[{"href":"https:\/\/serveiseducatius.xtec.cat\/cda-altbergueda\/wp-json\/wp\/v2\/media?parent=9111"}],"curies":[{"name":"wp","href":"https:\/\/api.w.org\/{rel}","templated":true}]}}