{"id":9107,"date":"2017-05-12T18:53:51","date_gmt":"2017-05-12T16:53:51","guid":{"rendered":"http:\/\/serveiseducatius.xtec.cat\/cda-altbergueda\/?page_id=9107"},"modified":"2026-04-14T17:03:07","modified_gmt":"2026-04-14T15:03:07","slug":"activitat-projecte-compartit","status":"publish","type":"page","link":"https:\/\/serveiseducatius.xtec.cat\/cda-altbergueda\/tematiques\/activitat-projecte-compartit\/","title":{"rendered":"PROJECTE COMPARTIT"},"content":{"rendered":"\n<figure class=\"wp-block-table\"><table class=\"has-background has-fixed-layout\" style=\"background-color:#96c856;border-style:none;border-width:0px\"><tbody><tr><td><strong>MODALITAT:<\/strong><\/td><\/tr><tr><td>Projectes compartits<\/td><\/tr><\/tbody><\/table><\/figure>\n\n\n\n<p><em>Activitat destinada als centres educatius de la comarca del Bergued\u00e0.<\/em><\/p>\n\n\n\n<p>Des del Camp d&#8217;Aprenentatge animem a les escoles i instituts de la comarca a treballar plegats en la <strong>creaci\u00f3 i desenvolupament de projectes compartits<\/strong>. Es tracta d&#8217;una modalitat de treball dels Camps i Entorns d&#8217;Aprenentatge on treballem conjuntament amb els centres educatius de l&#8217;entorn i els seus equips docents per tal de portar a terme projectes de&nbsp;m\u00e9s&nbsp;llarga durada.<\/p>\n\n\n\n<p>El Cda de l&#8217;Alt Bergued\u00e0 des dels seus inicis que ha vetllat per portar a terme activitats amb els centres de la comarca, compartint el disseny de les activitats i creant materials especif\u00edcs per a portar-los a terme. Els centres que tinguin alguna proposta en aquest sentit es poden adre\u00e7ar a nosaltres per portar-la a terme.<\/p>\n\n\n\n<p>La tem\u00e0tica d&#8217;aquests projectes ha de centrar-se en&nbsp;algun aspecte de la comarca del Bergued\u00e0, del seu entorn, patrimoni o municipis. Durant el desenvolupament del projecte treballarem conjuntament amb els centres desenvolupant diferents fases: de creaci\u00f3, de temporitzaci\u00f3, de desenvolupament i d&#8217;avaluaci\u00f3. Aquests projectes poden suposar una col\u00b7laboraci\u00f3 de m\u00e9s llarga durada entre el centre i el CdA, i requeriran de reunions de coordinaci\u00f3 i seguiment al llarg de les diferents fases del disseny i implementaci\u00f3.<\/p>\n\n\n\n<p>Si teniu propostes per desenvolupar, no dubteu a proposar-nos-les i junts posarem fil a l&#8217;agulla!<\/p>\n\n\n\n<p>&nbsp;<\/p>\n","protected":false},"excerpt":{"rendered":"<p>MODALITAT: Projectes compartits Activitat destinada als centres educatius de la comarca del Bergued\u00e0. Des del Camp d&#8217;Aprenentatge animem a les escoles i instituts de la comarca a treballar plegats en la creaci\u00f3 i desenvolupament de projectes compartits. Es tracta d&#8217;una modalitat de treball dels Camps i Entorns d&#8217;Aprenentatge on treballem conjuntament amb els centres educatius [&hellip;]<\/p>\n","protected":false},"author":1,"featured_media":0,"parent":8235,"menu_order":70,"comment_status":"closed","ping_status":"closed","template":"","meta":{"_bbp_topic_count":0,"_bbp_reply_count":0,"_bbp_total_topic_count":0,"_bbp_total_reply_count":0,"_bbp_voice_count":0,"_bbp_anonymous_reply_count":0,"_bbp_topic_count_hidden":0,"_bbp_reply_count_hidden":0,"_bbp_forum_subforum_count":0,"site-sidebar-layout":"default","site-content-layout":"","ast-site-content-layout":"default","site-content-style":"default","site-sidebar-style":"default","ast-global-header-display":"","ast-banner-title-visibility":"","ast-main-header-display":"","ast-hfb-above-header-display":"","ast-hfb-below-header-display":"","ast-hfb-mobile-header-display":"","site-post-title":"","ast-breadcrumbs-content":"","ast-featured-img":"","footer-sml-layout":"","theme-transparent-header-meta":"","adv-header-id-meta":"","stick-header-meta":"","header-above-stick-meta":"","header-main-stick-meta":"","header-below-stick-meta":"","astra-migrate-meta-layouts":"set","ast-page-background-enabled":"default","ast-page-background-meta":{"desktop":{"background-color":"var(--ast-global-color-4)","background-image":"","background-repeat":"repeat","background-position":"center center","background-size":"auto","background-attachment":"scroll","background-type":"","background-media":"","overlay-type":"","overlay-color":"","overlay-opacity":"","overlay-gradient":""},"tablet":{"background-color":"","background-image":"","background-repeat":"repeat","background-position":"center center","background-size":"auto","background-attachment":"scroll","background-type":"","background-media":"","overlay-type":"","overlay-color":"","overlay-opacity":"","overlay-gradient":""},"mobile":{"background-color":"","background-image":"","background-repeat":"repeat","background-position":"center center","background-size":"auto","background-attachment":"scroll","background-type":"","background-media":"","overlay-type":"","overlay-color":"","overlay-opacity":"","overlay-gradient":""}},"ast-content-background-meta":{"desktop":{"background-color":"var(--ast-global-color-5)","background-image":"","background-repeat":"repeat","background-position":"center center","background-size":"auto","background-attachment":"scroll","background-type":"","background-media":"","overlay-type":"","overlay-color":"","overlay-opacity":"","overlay-gradient":""},"tablet":{"background-color":"var(--ast-global-color-5)","background-image":"","background-repeat":"repeat","background-position":"center center","background-size":"auto","background-attachment":"scroll","background-type":"","background-media":"","overlay-type":"","overlay-color":"","overlay-opacity":"","overlay-gradient":""},"mobile":{"background-color":"var(--ast-global-color-5)","background-image":"","background-repeat":"repeat","background-position":"center center","background-size":"auto","background-attachment":"scroll","background-type":"","background-media":"","overlay-type":"","overlay-color":"","overlay-opacity":"","overlay-gradient":""}},"footnotes":""},"class_list":["post-9107","page","type-page","status-publish","hentry"],"post_mailing_queue_ids":[],"_links":{"self":[{"href":"https:\/\/serveiseducatius.xtec.cat\/cda-altbergueda\/wp-json\/wp\/v2\/pages\/9107","targetHints":{"allow":["GET"]}}],"collection":[{"href":"https:\/\/serveiseducatius.xtec.cat\/cda-altbergueda\/wp-json\/wp\/v2\/pages"}],"about":[{"href":"https:\/\/serveiseducatius.xtec.cat\/cda-altbergueda\/wp-json\/wp\/v2\/types\/page"}],"author":[{"embeddable":true,"href":"https:\/\/serveiseducatius.xtec.cat\/cda-altbergueda\/wp-json\/wp\/v2\/users\/1"}],"replies":[{"embeddable":true,"href":"https:\/\/serveiseducatius.xtec.cat\/cda-altbergueda\/wp-json\/wp\/v2\/comments?post=9107"}],"version-history":[{"count":5,"href":"https:\/\/serveiseducatius.xtec.cat\/cda-altbergueda\/wp-json\/wp\/v2\/pages\/9107\/revisions"}],"predecessor-version":[{"id":15548,"href":"https:\/\/serveiseducatius.xtec.cat\/cda-altbergueda\/wp-json\/wp\/v2\/pages\/9107\/revisions\/15548"}],"up":[{"embeddable":true,"href":"https:\/\/serveiseducatius.xtec.cat\/cda-altbergueda\/wp-json\/wp\/v2\/pages\/8235"}],"wp:attachment":[{"href":"https:\/\/serveiseducatius.xtec.cat\/cda-altbergueda\/wp-json\/wp\/v2\/media?parent=9107"}],"curies":[{"name":"wp","href":"https:\/\/api.w.org\/{rel}","templated":true}]}}