{"id":9104,"date":"2017-05-12T16:34:18","date_gmt":"2017-05-12T14:34:18","guid":{"rendered":"http:\/\/serveiseducatius.xtec.cat\/cda-altbergueda\/?page_id=9104"},"modified":"2026-04-14T16:49:28","modified_gmt":"2026-04-14T14:49:28","slug":"activitat-a-concretar","status":"publish","type":"page","link":"https:\/\/serveiseducatius.xtec.cat\/cda-altbergueda\/tematiques\/activitat-a-concretar\/","title":{"rendered":"Activitat: A concretar"},"content":{"rendered":"\n<figure class=\"wp-block-image size-full\"><img loading=\"lazy\" decoding=\"async\" width=\"993\" height=\"247\" src=\"https:\/\/serveiseducatius.xtec.cat\/cda-altbergueda\/wp-content\/uploads\/usu1364\/2024\/06\/projectes-compartits.png\" alt=\"\" class=\"wp-image-14037\" srcset=\"https:\/\/serveiseducatius.xtec.cat\/cda-altbergueda\/wp-content\/uploads\/usu1364\/2024\/06\/projectes-compartits.png 993w, https:\/\/serveiseducatius.xtec.cat\/cda-altbergueda\/wp-content\/uploads\/usu1364\/2024\/06\/projectes-compartits-300x75.png 300w, https:\/\/serveiseducatius.xtec.cat\/cda-altbergueda\/wp-content\/uploads\/usu1364\/2024\/06\/projectes-compartits-768x191.png 768w\" sizes=\"auto, (max-width: 993px) 100vw, 993px\" \/><\/figure>\n\n\n\n<figure class=\"wp-block-table\"><table class=\"has-background has-fixed-layout\" style=\"background-color:#96c856;border-style:none;border-width:0px\"><tbody><tr><td><strong>MODALITATS:<\/strong><\/td><\/tr><tr><td>Sortides d&#8217;un dia<\/td><\/tr><tr><td>Projectes compartits<\/td><\/tr><\/tbody><\/table><\/figure>\n\n\n\n<p>Aquesta activitat s&#8217;adre\u00e7a espec\u00edficament als <strong>centres educatius de Prim\u00e0ria i Secund\u00e0ria de la comarca del Bergued\u00e0<\/strong>, o a centres propers de les comarques ve\u00efnes. &nbsp;<\/p>\n\n\n\n<p>Des del CdA estem oberts a <strong>desenvolupar propostes d&#8217;activitats<\/strong>&nbsp;a la comarca del Bergued\u00e0 <strong>que sorgeixin dels interessos dels propis centres educatius<\/strong>. Si el vostre centre treballa algun aspecte del medi natural, cultural o social de la comarca i voleu comptar amb l&#8217;assessorament, materials, experi\u00e8ncia i recursos del Camp d&#8217;Aprenentatge, podeu escollir aquesta activitat durant el per\u00edode de preinscripci\u00f3 a l&#8217;aplicatiu Camps.<\/p>\n\n\n\n<p>Els docents del CdA es posaran en contacte per con\u00e8ixer la proposta i valorar conjuntament com la portem a la pr\u00e0ctica. Escollir aquesta activitat <strong>suposa acceptar que s&#8217;hauran de realitzar trobades de coordinaci\u00f3, preparaci\u00f3 i finalitzaci\u00f3<\/strong> de l&#8217;activitat. Tamb\u00e9 pot comportar la preparaci\u00f3 o creaci\u00f3 de nous materials. Depenent de l&#8217;estat de desenvolupament i de la concreci\u00f3 de la proposta per part del centre educatiu, tot aquest proc\u00e9s pot ser m\u00e9s o menys immediat.<\/p>\n\n\n\n<p>El Cda es reserva el dret d&#8217;acceptar o no la proposta, en funci\u00f3 de la descripci\u00f3 de l&#8217;activitat i l&#8217;enfocament que es plantegi a cada sol\u00b7licitud, aix\u00ed com tamb\u00e9 la data en qu\u00e8 es portar\u00e0 a terme.<\/p>\n","protected":false},"excerpt":{"rendered":"<p>MODALITATS: Sortides d&#8217;un dia Projectes compartits Aquesta activitat s&#8217;adre\u00e7a espec\u00edficament als centres educatius de Prim\u00e0ria i Secund\u00e0ria de la comarca del Bergued\u00e0, o a centres propers de les comarques ve\u00efnes. &nbsp; Des del CdA estem oberts a desenvolupar propostes d&#8217;activitats&nbsp;a la comarca del Bergued\u00e0 que sorgeixin dels interessos dels propis centres educatius. Si el vostre [&hellip;]<\/p>\n","protected":false},"author":1,"featured_media":0,"parent":8235,"menu_order":63,"comment_status":"closed","ping_status":"closed","template":"","meta":{"_bbp_topic_count":0,"_bbp_reply_count":0,"_bbp_total_topic_count":0,"_bbp_total_reply_count":0,"_bbp_voice_count":0,"_bbp_anonymous_reply_count":0,"_bbp_topic_count_hidden":0,"_bbp_reply_count_hidden":0,"_bbp_forum_subforum_count":0,"site-sidebar-layout":"default","site-content-layout":"","ast-site-content-layout":"default","site-content-style":"default","site-sidebar-style":"default","ast-global-header-display":"","ast-banner-title-visibility":"","ast-main-header-display":"","ast-hfb-above-header-display":"","ast-hfb-below-header-display":"","ast-hfb-mobile-header-display":"","site-post-title":"","ast-breadcrumbs-content":"","ast-featured-img":"","footer-sml-layout":"","theme-transparent-header-meta":"","adv-header-id-meta":"","stick-header-meta":"","header-above-stick-meta":"","header-main-stick-meta":"","header-below-stick-meta":"","astra-migrate-meta-layouts":"set","ast-page-background-enabled":"default","ast-page-background-meta":{"desktop":{"background-color":"var(--ast-global-color-4)","background-image":"","background-repeat":"repeat","background-position":"center center","background-size":"auto","background-attachment":"scroll","background-type":"","background-media":"","overlay-type":"","overlay-color":"","overlay-opacity":"","overlay-gradient":""},"tablet":{"background-color":"","background-image":"","background-repeat":"repeat","background-position":"center center","background-size":"auto","background-attachment":"scroll","background-type":"","background-media":"","overlay-type":"","overlay-color":"","overlay-opacity":"","overlay-gradient":""},"mobile":{"background-color":"","background-image":"","background-repeat":"repeat","background-position":"center center","background-size":"auto","background-attachment":"scroll","background-type":"","background-media":"","overlay-type":"","overlay-color":"","overlay-opacity":"","overlay-gradient":""}},"ast-content-background-meta":{"desktop":{"background-color":"var(--ast-global-color-5)","background-image":"","background-repeat":"repeat","background-position":"center center","background-size":"auto","background-attachment":"scroll","background-type":"","background-media":"","overlay-type":"","overlay-color":"","overlay-opacity":"","overlay-gradient":""},"tablet":{"background-color":"var(--ast-global-color-5)","background-image":"","background-repeat":"repeat","background-position":"center center","background-size":"auto","background-attachment":"scroll","background-type":"","background-media":"","overlay-type":"","overlay-color":"","overlay-opacity":"","overlay-gradient":""},"mobile":{"background-color":"var(--ast-global-color-5)","background-image":"","background-repeat":"repeat","background-position":"center center","background-size":"auto","background-attachment":"scroll","background-type":"","background-media":"","overlay-type":"","overlay-color":"","overlay-opacity":"","overlay-gradient":""}},"footnotes":""},"class_list":["post-9104","page","type-page","status-publish","hentry"],"post_mailing_queue_ids":[],"_links":{"self":[{"href":"https:\/\/serveiseducatius.xtec.cat\/cda-altbergueda\/wp-json\/wp\/v2\/pages\/9104","targetHints":{"allow":["GET"]}}],"collection":[{"href":"https:\/\/serveiseducatius.xtec.cat\/cda-altbergueda\/wp-json\/wp\/v2\/pages"}],"about":[{"href":"https:\/\/serveiseducatius.xtec.cat\/cda-altbergueda\/wp-json\/wp\/v2\/types\/page"}],"author":[{"embeddable":true,"href":"https:\/\/serveiseducatius.xtec.cat\/cda-altbergueda\/wp-json\/wp\/v2\/users\/1"}],"replies":[{"embeddable":true,"href":"https:\/\/serveiseducatius.xtec.cat\/cda-altbergueda\/wp-json\/wp\/v2\/comments?post=9104"}],"version-history":[{"count":4,"href":"https:\/\/serveiseducatius.xtec.cat\/cda-altbergueda\/wp-json\/wp\/v2\/pages\/9104\/revisions"}],"predecessor-version":[{"id":15442,"href":"https:\/\/serveiseducatius.xtec.cat\/cda-altbergueda\/wp-json\/wp\/v2\/pages\/9104\/revisions\/15442"}],"up":[{"embeddable":true,"href":"https:\/\/serveiseducatius.xtec.cat\/cda-altbergueda\/wp-json\/wp\/v2\/pages\/8235"}],"wp:attachment":[{"href":"https:\/\/serveiseducatius.xtec.cat\/cda-altbergueda\/wp-json\/wp\/v2\/media?parent=9104"}],"curies":[{"name":"wp","href":"https:\/\/api.w.org\/{rel}","templated":true}]}}