{"id":9099,"date":"2017-05-05T00:39:03","date_gmt":"2017-05-04T22:39:03","guid":{"rendered":"http:\/\/serveiseducatius.xtec.cat\/cda-altbergueda\/?page_id=9099"},"modified":"2026-04-14T16:48:35","modified_gmt":"2026-04-14T14:48:35","slug":"activitat-orientem-nos-amb-el-mobil","status":"publish","type":"page","link":"https:\/\/serveiseducatius.xtec.cat\/cda-altbergueda\/activitat-orientem-nos-amb-el-mobil\/","title":{"rendered":"Activitat: Orientem-nos amb el m\u00f2bil"},"content":{"rendered":"<p><a href=\"http:\/\/serveiseducatius.xtec.cat\/cda-altbergueda\/wp-content\/uploads\/usu1364\/2017\/05\/orientaciomobil.png\"><img loading=\"lazy\" decoding=\"async\" class=\"size-full wp-image-9100 aligncenter\" src=\"http:\/\/serveiseducatius.xtec.cat\/cda-altbergueda\/wp-content\/uploads\/usu1364\/2017\/05\/orientaciomobil.png\" alt=\"orientaciomobil\" width=\"1000\" height=\"250\" srcset=\"https:\/\/serveiseducatius.xtec.cat\/cda-altbergueda\/wp-content\/uploads\/usu1364\/2017\/05\/orientaciomobil.png 1000w, https:\/\/serveiseducatius.xtec.cat\/cda-altbergueda\/wp-content\/uploads\/usu1364\/2017\/05\/orientaciomobil-300x75.png 300w, https:\/\/serveiseducatius.xtec.cat\/cda-altbergueda\/wp-content\/uploads\/usu1364\/2017\/05\/orientaciomobil-768x192.png 768w\" sizes=\"auto, (max-width: 1000px) 100vw, 1000px\" \/><\/a><\/p>\n<table style=\"height: 110px;\" width=\"330\">\n<tbody>\n<tr>\n<td style=\"width: 324px; background-color: #90e607; text-align: center;\">MODALITATS<\/td>\n<\/tr>\n<tr>\n<td style=\"width: 324px;\">Estada<\/td>\n<\/tr>\n<tr>\n<td style=\"width: 324px;\">Sortida d&#8217;un dia<\/td>\n<\/tr>\n<\/tbody>\n<\/table>\n<h5><strong>Nivells: (cliqueu per visualitzar la fitxa de l&#8217;activitat)<\/strong><\/h5>\n<p><a href=\"https:\/\/drive.google.com\/file\/d\/0B3bKbe2nPP6oODNOdWp0b0VsajA\/view?usp=sharing\">Educaci\u00f3 Secund\u00e0ria<\/a><\/p>\n<p><em>*Adaptable a Batxillerat i Cicles Formatius<\/em><\/p>\n<h5><strong>Desenvolupament de l&#8217;activitat:<\/strong><\/h5>\n<p style=\"text-align: justify;\">Es proposa als alumnes un recorregut circular pel bosc de La Sala on hauran de treballar aspectes relacionats amb el bosc de muntanya mitjana i d\u2019ecosistema, combinats amb la interpretaci\u00f3 dels mapes topogr\u00e0fics. Paral\u00b7lelament els alumnes enregistraran els despla\u00e7aments amb els seus propis dispositius port\u00e0tils.<\/p>\n<p style=\"text-align: justify;\">Cada grup d\u2019alumnes disposar\u00e0 de br\u00faixoles, per ajudar-se a realitzar el recorregut seguint les indicacions de rumb d\u2019un quadernet amb diferents q\u00fcestions que s\u2019aniran plantejant al llarg de l\u2019itinerari. Tamb\u00e9 comptaran amb un GPS per grup, que enregistrar\u00e0 les dades amb l\u2019objectiu de comparar-les amb les que enregistri el seu dispositiu m\u00f2bil.<\/p>\n<p style=\"text-align: justify;\">Els alumnes realitzaran aquest recorregut en grups de forma aut\u00f2noma, de manera que hauran de ser responsables de les seves decisions i accions, saber com moure\u2019s en grup, acceptant les difer\u00e8ncies personals que hi pugui haver i adaptant-s\u2019hi.<\/p>\n<p style=\"text-align: justify;\">Al finalitzar el recorregut la correcci\u00f3 de l\u2019itinerari i del quadernet acabar\u00e0 de clarificar els dubtes que hagin pogut sorgir, i el buidatge del GPS permetr\u00e0 obtenir dades interessants relacionades amb el recorregut que han fet (quil\u00f2metres caminats, temps de cam\u00ed i temps aturats, altituds, desnivells, velocitats,&#8230;). A l\u2019acabar l\u2019itinerari, ja a l\u2019aula, s\u2019introduiran diferents entorns de treball virtuals on descarregar les dades enregistrades pels seus dispositius port\u00e0tils i pel GPS (Google Maps, Google Earth, Instamaps&#8230;).<\/p>\n<h5><strong>Observacions:<\/strong><\/h5>\n<p style=\"text-align: justify;\">Depenent dels interessos de cada centre, l\u2019activitat pot tenir la durada d\u2019un dia sencer o nom\u00e9s mig dia. Cal coordinar-se amb el CdA per tal de preparar aquesta activitat i adaptar-la a les circumst\u00e0ncies de cada centre. Es pot complementar amb un treball d\u2019introducci\u00f3 al GPS i de lectura de mapes. Consultar-ho als docents del CdA. Cal anar preparat per moure\u2019s per l\u2019entorn del bosc segons l\u2019\u00e8poca de l\u2019any en qu\u00e8 es realitzi l\u2019activitat.<\/p>\n<h5 style=\"text-align: justify;\"><strong>Enlla\u00e7os:<\/strong><\/h5>\n<p><a href=\"http:\/\/serveiseducatius.xtec.cat\/cda-altbergueda\/materials\/tutorials-orientacio-i-topografia\/\">Tutorials orientaci\u00f3<\/a><\/p>\n","protected":false},"excerpt":{"rendered":"<p>MODALITATS Estada Sortida d&#8217;un dia Nivells: (cliqueu per visualitzar la fitxa de l&#8217;activitat) Educaci\u00f3 Secund\u00e0ria *Adaptable a Batxillerat i Cicles Formatius Desenvolupament de l&#8217;activitat: Es proposa als alumnes un recorregut circular pel bosc de La Sala on hauran de treballar aspectes relacionats amb el bosc de muntanya mitjana i d\u2019ecosistema, combinats amb la interpretaci\u00f3 dels [&hellip;]<\/p>\n","protected":false},"author":1,"featured_media":0,"parent":0,"menu_order":14,"comment_status":"closed","ping_status":"closed","template":"","meta":{"_bbp_topic_count":0,"_bbp_reply_count":0,"_bbp_total_topic_count":0,"_bbp_total_reply_count":0,"_bbp_voice_count":0,"_bbp_anonymous_reply_count":0,"_bbp_topic_count_hidden":0,"_bbp_reply_count_hidden":0,"_bbp_forum_subforum_count":0,"site-sidebar-layout":"default","site-content-layout":"","ast-site-content-layout":"","site-content-style":"default","site-sidebar-style":"default","ast-global-header-display":"","ast-banner-title-visibility":"","ast-main-header-display":"","ast-hfb-above-header-display":"","ast-hfb-below-header-display":"","ast-hfb-mobile-header-display":"","site-post-title":"","ast-breadcrumbs-content":"","ast-featured-img":"","footer-sml-layout":"","theme-transparent-header-meta":"","adv-header-id-meta":"","stick-header-meta":"","header-above-stick-meta":"","header-main-stick-meta":"","header-below-stick-meta":"","astra-migrate-meta-layouts":"default","ast-page-background-enabled":"default","ast-page-background-meta":{"desktop":{"background-color":"var(--ast-global-color-4)","background-image":"","background-repeat":"repeat","background-position":"center center","background-size":"auto","background-attachment":"scroll","background-type":"","background-media":"","overlay-type":"","overlay-color":"","overlay-opacity":"","overlay-gradient":""},"tablet":{"background-color":"","background-image":"","background-repeat":"repeat","background-position":"center center","background-size":"auto","background-attachment":"scroll","background-type":"","background-media":"","overlay-type":"","overlay-color":"","overlay-opacity":"","overlay-gradient":""},"mobile":{"background-color":"","background-image":"","background-repeat":"repeat","background-position":"center center","background-size":"auto","background-attachment":"scroll","background-type":"","background-media":"","overlay-type":"","overlay-color":"","overlay-opacity":"","overlay-gradient":""}},"ast-content-background-meta":{"desktop":{"background-color":"var(--ast-global-color-5)","background-image":"","background-repeat":"repeat","background-position":"center center","background-size":"auto","background-attachment":"scroll","background-type":"","background-media":"","overlay-type":"","overlay-color":"","overlay-opacity":"","overlay-gradient":""},"tablet":{"background-color":"var(--ast-global-color-5)","background-image":"","background-repeat":"repeat","background-position":"center center","background-size":"auto","background-attachment":"scroll","background-type":"","background-media":"","overlay-type":"","overlay-color":"","overlay-opacity":"","overlay-gradient":""},"mobile":{"background-color":"var(--ast-global-color-5)","background-image":"","background-repeat":"repeat","background-position":"center center","background-size":"auto","background-attachment":"scroll","background-type":"","background-media":"","overlay-type":"","overlay-color":"","overlay-opacity":"","overlay-gradient":""}},"footnotes":""},"class_list":["post-9099","page","type-page","status-publish","hentry"],"post_mailing_queue_ids":[],"_links":{"self":[{"href":"https:\/\/serveiseducatius.xtec.cat\/cda-altbergueda\/wp-json\/wp\/v2\/pages\/9099","targetHints":{"allow":["GET"]}}],"collection":[{"href":"https:\/\/serveiseducatius.xtec.cat\/cda-altbergueda\/wp-json\/wp\/v2\/pages"}],"about":[{"href":"https:\/\/serveiseducatius.xtec.cat\/cda-altbergueda\/wp-json\/wp\/v2\/types\/page"}],"author":[{"embeddable":true,"href":"https:\/\/serveiseducatius.xtec.cat\/cda-altbergueda\/wp-json\/wp\/v2\/users\/1"}],"replies":[{"embeddable":true,"href":"https:\/\/serveiseducatius.xtec.cat\/cda-altbergueda\/wp-json\/wp\/v2\/comments?post=9099"}],"version-history":[{"count":2,"href":"https:\/\/serveiseducatius.xtec.cat\/cda-altbergueda\/wp-json\/wp\/v2\/pages\/9099\/revisions"}],"predecessor-version":[{"id":9102,"href":"https:\/\/serveiseducatius.xtec.cat\/cda-altbergueda\/wp-json\/wp\/v2\/pages\/9099\/revisions\/9102"}],"wp:attachment":[{"href":"https:\/\/serveiseducatius.xtec.cat\/cda-altbergueda\/wp-json\/wp\/v2\/media?parent=9099"}],"curies":[{"name":"wp","href":"https:\/\/api.w.org\/{rel}","templated":true}]}}