{"id":8974,"date":"2017-04-08T18:03:10","date_gmt":"2017-04-08T16:03:10","guid":{"rendered":"http:\/\/serveiseducatius.xtec.cat\/cda-altbergueda\/?page_id=8974"},"modified":"2026-04-15T09:45:55","modified_gmt":"2026-04-15T07:45:55","slug":"activitat-itinerari-geologic-a-coll-de-pal","status":"publish","type":"page","link":"https:\/\/serveiseducatius.xtec.cat\/cda-altbergueda\/tematiques\/activitat-itinerari-geologic-a-coll-de-pal\/","title":{"rendered":"Activitat: Itinerari geol\u00f2gic a Coll de Pal"},"content":{"rendered":"\n<figure class=\"wp-block-image aligncenter is-resized\"><img loading=\"lazy\" decoding=\"async\" width=\"1000\" height=\"250\" src=\"http:\/\/serveiseducatius.xtec.cat\/cda-altbergueda\/wp-content\/uploads\/usu1364\/2017\/04\/ColldePal.png\" alt=\"ColldePal\" class=\"wp-image-8975\" style=\"width:648px;height:auto\" srcset=\"https:\/\/serveiseducatius.xtec.cat\/cda-altbergueda\/wp-content\/uploads\/usu1364\/2017\/04\/ColldePal.png 1000w, https:\/\/serveiseducatius.xtec.cat\/cda-altbergueda\/wp-content\/uploads\/usu1364\/2017\/04\/ColldePal-300x75.png 300w, https:\/\/serveiseducatius.xtec.cat\/cda-altbergueda\/wp-content\/uploads\/usu1364\/2017\/04\/ColldePal-768x192.png 768w\" sizes=\"auto, (max-width: 1000px) 100vw, 1000px\" \/><\/figure>\n\n\n\n<figure class=\"wp-block-table\"><table class=\"has-background has-fixed-layout\" style=\"background-color:#96c856;border-style:none;border-width:0px\"><tbody><tr><td><strong>MODALITATS:<\/strong><\/td><\/tr><tr><td>Estada<\/td><\/tr><tr><td>Sortida d&#8217;un dia<\/td><\/tr><\/tbody><\/table><\/figure>\n\n\n\n<h5 class=\"wp-block-heading\"><strong>Nivells: (cliqueu per visualitzar la fitxa de l&#8217;activitat)<\/strong><\/h5>\n\n\n\n<p><a href=\"https:\/\/drive.google.com\/file\/d\/0B3bKbe2nPP6ocl8wQ2tza0g4a3c\/view?usp=sharing\">Educaci\u00f3 secund\u00e0ria<\/a><\/p>\n\n\n\n<h5 class=\"wp-block-heading\"><strong>Desenvolupament de l&#8217;activitat:<\/strong><\/h5>\n\n\n\n<p>Recorregut a peu pel sector de Coll de Pal durant el qual&nbsp;s&#8217;aniran&nbsp;observant i identificant roques i fen\u00f2mens geol\u00f2gics caracter\u00edstics d&#8217;una zona c\u00e0rstica.<\/p>\n\n\n\n<h6 class=\"wp-block-heading\"><strong>Presentaci\u00f3<\/strong><\/h6>\n\n\n\n<p>La primera parada \u00e9s realitza abans&nbsp;d\u2019arribar a Coll de Pal, al mirador de la Devesa, on&nbsp;s\u2019observa el paisatge: elements, relleu remarcable, orientaci\u00f3&#8230; Tamb\u00e9 es far\u00e0 una introducci\u00f3 de la formaci\u00f3&nbsp;de la serralada del Pirineu.<\/p>\n\n\n\n<h6 class=\"wp-block-heading\"><strong>Itinerari geol\u00f2gic<\/strong><\/h6>\n\n\n\n<p>Els alumnes, organitzats en grups de treball, hauran d&#8217;anar fent diverses parades, que es trobaran senyalitzades,&nbsp;per realitzar diferents observacions i proves per identificar els diversos tipus de roques i fen\u00f2mens geol\u00f2gics presents durant l&#8217;itinerari. Finalment, en acabar el recorregut, es far\u00e0 una posada en com\u00fa (a prop del mirador dels Orris).<\/p>\n\n\n\n<h5 class=\"wp-block-heading\"><strong>Observacions:<\/strong><\/h5>\n\n\n\n<p>Donat que treballarem en un entorn d\u2019alta muntanya, cal anar preparats per les inclem\u00e8ncies del temps i portar cal\u00e7at i roba adequats. Cal un treball previ al centre sobre el cicle i l&#8217;origen de les roques (sediment\u00e0ries, metam\u00f2rfiques, magm\u00e0tiques), i tamb\u00e9 el coneixement de les roques sediment\u00e0ries m\u00e9s caracter\u00edstiques, per facilitar el seu reconeixement al llarg de l\u2019itinerari. El Camp facilitar\u00e0 tot&nbsp;el material de treball necessari per a l&#8217;activitat.<\/p>\n\n\n\n<h5 class=\"wp-block-heading\"><strong>Enlla\u00e7os:<\/strong><\/h5>\n\n\n\n<p><a href=\"https:\/\/drive.google.com\/file\/d\/0B3bKbe2nPP6oNWpIMXM3cVBlYTA\/view?usp=sharing\">Quadern<\/a><\/p>\n\n\n\n<h5 class=\"wp-block-heading\"><strong>Localitzaci\u00f3 de l&#8217;activitat:<\/strong><\/h5>\n\n\n\n<iframe loading=\"lazy\" src=\"https:\/\/www.google.com\/maps\/d\/u\/0\/embed?mid=1A9_OIgGIJMpCRjh8S5eP439wGyM&#038;ehbc=2E312F\" width=\"640\" height=\"480\"><\/iframe>\n","protected":false},"excerpt":{"rendered":"<p>MODALITATS: Estada Sortida d&#8217;un dia Nivells: (cliqueu per visualitzar la fitxa de l&#8217;activitat) Educaci\u00f3 secund\u00e0ria Desenvolupament de l&#8217;activitat: Recorregut a peu pel sector de Coll de Pal durant el qual&nbsp;s&#8217;aniran&nbsp;observant i identificant roques i fen\u00f2mens geol\u00f2gics caracter\u00edstics d&#8217;una zona c\u00e0rstica. Presentaci\u00f3 La primera parada \u00e9s realitza abans&nbsp;d\u2019arribar a Coll de Pal, al mirador de la [&hellip;]<\/p>\n","protected":false},"author":1,"featured_media":0,"parent":8235,"menu_order":62,"comment_status":"closed","ping_status":"closed","template":"","meta":{"_bbp_topic_count":0,"_bbp_reply_count":0,"_bbp_total_topic_count":0,"_bbp_total_reply_count":0,"_bbp_voice_count":0,"_bbp_anonymous_reply_count":0,"_bbp_topic_count_hidden":0,"_bbp_reply_count_hidden":0,"_bbp_forum_subforum_count":0,"site-sidebar-layout":"default","site-content-layout":"","ast-site-content-layout":"default","site-content-style":"default","site-sidebar-style":"default","ast-global-header-display":"","ast-banner-title-visibility":"","ast-main-header-display":"","ast-hfb-above-header-display":"","ast-hfb-below-header-display":"","ast-hfb-mobile-header-display":"","site-post-title":"","ast-breadcrumbs-content":"","ast-featured-img":"","footer-sml-layout":"","theme-transparent-header-meta":"","adv-header-id-meta":"","stick-header-meta":"","header-above-stick-meta":"","header-main-stick-meta":"","header-below-stick-meta":"","astra-migrate-meta-layouts":"set","ast-page-background-enabled":"default","ast-page-background-meta":{"desktop":{"background-color":"var(--ast-global-color-4)","background-image":"","background-repeat":"repeat","background-position":"center center","background-size":"auto","background-attachment":"scroll","background-type":"","background-media":"","overlay-type":"","overlay-color":"","overlay-opacity":"","overlay-gradient":""},"tablet":{"background-color":"","background-image":"","background-repeat":"repeat","background-position":"center center","background-size":"auto","background-attachment":"scroll","background-type":"","background-media":"","overlay-type":"","overlay-color":"","overlay-opacity":"","overlay-gradient":""},"mobile":{"background-color":"","background-image":"","background-repeat":"repeat","background-position":"center center","background-size":"auto","background-attachment":"scroll","background-type":"","background-media":"","overlay-type":"","overlay-color":"","overlay-opacity":"","overlay-gradient":""}},"ast-content-background-meta":{"desktop":{"background-color":"var(--ast-global-color-5)","background-image":"","background-repeat":"repeat","background-position":"center center","background-size":"auto","background-attachment":"scroll","background-type":"","background-media":"","overlay-type":"","overlay-color":"","overlay-opacity":"","overlay-gradient":""},"tablet":{"background-color":"var(--ast-global-color-5)","background-image":"","background-repeat":"repeat","background-position":"center center","background-size":"auto","background-attachment":"scroll","background-type":"","background-media":"","overlay-type":"","overlay-color":"","overlay-opacity":"","overlay-gradient":""},"mobile":{"background-color":"var(--ast-global-color-5)","background-image":"","background-repeat":"repeat","background-position":"center center","background-size":"auto","background-attachment":"scroll","background-type":"","background-media":"","overlay-type":"","overlay-color":"","overlay-opacity":"","overlay-gradient":""}},"footnotes":""},"class_list":["post-8974","page","type-page","status-publish","hentry"],"post_mailing_queue_ids":[],"_links":{"self":[{"href":"https:\/\/serveiseducatius.xtec.cat\/cda-altbergueda\/wp-json\/wp\/v2\/pages\/8974","targetHints":{"allow":["GET"]}}],"collection":[{"href":"https:\/\/serveiseducatius.xtec.cat\/cda-altbergueda\/wp-json\/wp\/v2\/pages"}],"about":[{"href":"https:\/\/serveiseducatius.xtec.cat\/cda-altbergueda\/wp-json\/wp\/v2\/types\/page"}],"author":[{"embeddable":true,"href":"https:\/\/serveiseducatius.xtec.cat\/cda-altbergueda\/wp-json\/wp\/v2\/users\/1"}],"replies":[{"embeddable":true,"href":"https:\/\/serveiseducatius.xtec.cat\/cda-altbergueda\/wp-json\/wp\/v2\/comments?post=8974"}],"version-history":[{"count":5,"href":"https:\/\/serveiseducatius.xtec.cat\/cda-altbergueda\/wp-json\/wp\/v2\/pages\/8974\/revisions"}],"predecessor-version":[{"id":15587,"href":"https:\/\/serveiseducatius.xtec.cat\/cda-altbergueda\/wp-json\/wp\/v2\/pages\/8974\/revisions\/15587"}],"up":[{"embeddable":true,"href":"https:\/\/serveiseducatius.xtec.cat\/cda-altbergueda\/wp-json\/wp\/v2\/pages\/8235"}],"wp:attachment":[{"href":"https:\/\/serveiseducatius.xtec.cat\/cda-altbergueda\/wp-json\/wp\/v2\/media?parent=8974"}],"curies":[{"name":"wp","href":"https:\/\/api.w.org\/{rel}","templated":true}]}}