{"id":8885,"date":"2017-04-02T23:08:15","date_gmt":"2017-04-02T21:08:15","guid":{"rendered":"http:\/\/serveiseducatius.xtec.cat\/cda-altbergueda\/?page_id=8885"},"modified":"2026-04-15T09:39:54","modified_gmt":"2026-04-15T07:39:54","slug":"activitat-el-paisatge-del-pedraforca","status":"publish","type":"page","link":"https:\/\/serveiseducatius.xtec.cat\/cda-altbergueda\/tematiques\/activitat-el-paisatge-del-pedraforca\/","title":{"rendered":"Activitat: El paisatge del Pedraforca"},"content":{"rendered":"\n<figure class=\"wp-block-image aligncenter is-resized\"><img loading=\"lazy\" decoding=\"async\" width=\"1000\" height=\"250\" src=\"http:\/\/serveiseducatius.xtec.cat\/cda-altbergueda\/wp-content\/uploads\/usu1364\/2017\/04\/Pedraforca.png\" alt=\"Pedraforca\" class=\"wp-image-8886\" style=\"width:648px;height:auto\" srcset=\"https:\/\/serveiseducatius.xtec.cat\/cda-altbergueda\/wp-content\/uploads\/usu1364\/2017\/04\/Pedraforca.png 1000w, https:\/\/serveiseducatius.xtec.cat\/cda-altbergueda\/wp-content\/uploads\/usu1364\/2017\/04\/Pedraforca-300x75.png 300w, https:\/\/serveiseducatius.xtec.cat\/cda-altbergueda\/wp-content\/uploads\/usu1364\/2017\/04\/Pedraforca-768x192.png 768w\" sizes=\"auto, (max-width: 1000px) 100vw, 1000px\" \/><\/figure>\n\n\n\n<figure class=\"wp-block-table\"><table class=\"has-background has-fixed-layout\" style=\"background-color:#96c856;border-style:none;border-width:0px\"><tbody><tr><td><strong>MODALITATS:<\/strong><\/td><\/tr><tr><td>Estada<\/td><\/tr><tr><td>Sortida d&#8217;un dia<\/td><\/tr><\/tbody><\/table><\/figure>\n\n\n\n<h5 class=\"wp-block-heading\"><strong>Nivells: (cliqueu per visualitzar la fitxa de l&#8217;activitat)<\/strong><\/h5>\n\n\n\n<p><a href=\"https:\/\/drive.google.com\/file\/d\/0B3bKbe2nPP6oTjV1ZVdteWdsWjg\/view?usp=sharing\">Educaci\u00f3 Prim\u00e0ria (CM, CS)<\/a><\/p>\n\n\n\n<p><a href=\"https:\/\/drive.google.com\/file\/d\/0B3bKbe2nPP6oakx1bGZGVnl4UGM\/view?usp=sharing\">Educaci\u00f3 Secund\u00e0ria<\/a><\/p>\n\n\n\n<p><em>*Adaptable a Batxillerat i Cicles Formatius<\/em><\/p>\n\n\n\n<h5 class=\"wp-block-heading\"><strong>Desenvolupament de l&#8217;activitat:<\/strong><\/h5>\n\n\n\n<h6 class=\"wp-block-heading\"><strong>Des del mirador de Ma\u00e7aners:<\/strong><\/h6>\n\n\n\n<ul class=\"wp-block-list\">\n<li>Llegenda sobre la formaci\u00f3 del Pedraforca.<\/li>\n\n\n\n<li>Comentari sobre els elements que configuren un paisatge.<\/li>\n\n\n\n<li>Analitzar i identificar els diferents elements del paisatge del Pedraforca.&nbsp;Situant-los sobre un perfil quadriculat del mass\u00eds.<\/li>\n\n\n\n<li>Determinar el tipus de paisatge a partir dels elements dominants.<\/li>\n\n\n\n<li>Qu\u00e8 \u00e9s un espai PEIN?<\/li>\n<\/ul>\n\n\n\n<h6 class=\"wp-block-heading\"><strong>Des del mirador de Gresolet:<\/strong><\/h6>\n\n\n\n<ul class=\"wp-block-list\">\n<li>Identificaci\u00f3 d\u2019algunes unitats i formes de relleu significatives de l&#8217;Alt Bergued\u00e0.<\/li>\n\n\n\n<li>La cara nord del Pedraforca i la cara sud de la Serra del Cad\u00ed. Orientaci\u00f3 dels vessants i canvis en la vegetaci\u00f3.<\/li>\n\n\n\n<li>Observaci\u00f3 dels diferents estatges de vegetaci\u00f3.<\/li>\n<\/ul>\n\n\n\n<h6 class=\"wp-block-heading\"><strong>Al refugi Llu\u00eds Estassen (depenent de la climatologia):<\/strong><\/h6>\n\n\n\n<ul class=\"wp-block-list\">\n<li>El bosc de pi negre i avets (estatge subalp\u00ed).<\/li>\n\n\n\n<li>Les adaptacions de les plantes a l\u2019entorn d\u2019alta muntanya.<\/li>\n\n\n\n<li>Un refugi d\u2019alta muntanya.<\/li>\n<\/ul>\n\n\n\n<h6 class=\"wp-block-heading\"><strong>Caminada fins a Saldes. <em>(Opcional)<\/em><\/strong><\/h6>\n\n\n\n<ul class=\"wp-block-list\">\n<li>Els corriols i senders. PR i GR la senyalitzaci\u00f3 dels camins per rec\u00f3rrer a peu.<\/li>\n<\/ul>\n\n\n\n<h5 class=\"wp-block-heading\"><strong>Producte final:<\/strong><\/h5>\n\n\n\n<p><strong>Opci\u00f3 1: <\/strong>Durant l\u2019activitat haurem vist una metodologia d\u2019an\u00e0lisi d\u2019un paisatge aplicable a qualsevol tipus de paisatge. La proposta de treball posterior \u00e9s la d\u2019analitzar, seguint aquest mateixa metodologia, un paisatge proper al centre educatiu. S\u2019haur\u00e0 d\u2019enviar al CdA el resultat de l\u2019an\u00e0lisi paisatg\u00edstic, aix\u00ed com la fotografia del paisatge analitzat.<\/p>\n\n\n\n<p><strong>Opci\u00f3 2: <\/strong>Al mirador de Gresolet, els alumnes hauran escrit al quadern un seguit de sensacions i emocions que els transmet el paisatge. La proposta \u00e9s la d\u2019elaborar un recull de totes aquestes paraules i acompanyar-les amb altres imatges que els alumnes hagin trobat, o que puguin capturar ells mateixos, que tamb\u00e9 il\u00b7lustrin aquestes sensacions i emocions.<\/p>\n\n\n\n<h5 class=\"wp-block-heading\"><strong>Observacions:<\/strong><\/h5>\n\n\n\n<p>L\u2019activitat \u00e9s d\u2019un dia. Cal portar esmorzar, dinar i aigua. El lloc de trobada ser\u00e0 al poble de Ma\u00e7aners.<\/p>\n\n\n\n<p>Caldr\u00e0 anar ben preparat per les inclem\u00e8ncies del temps (impermeable, roba d\u2019abric), ja que tota l\u2019activitat es desenvolupa a l\u2019exterior. Tenint en compte l\u2019\u00e8poca de l\u2019any i l\u2019entorn on ens trobem (el refugi Llu\u00eds Estassen es troba a uns 1600m. d\u2019altitud). \u00c9s imprescindible portar cal\u00e7at c\u00f2mode i adequat per caminar.<\/p>\n\n\n\n<p>Tots els materials necessaris pel desenvolupament de l\u2019activitat (binocles, pissarres magn\u00e8tiques, maqueta, quaderns de camp, fusta de suport, pin\u00e7a i llapis) els porta el Camp d\u2019Aprenentatge.<\/p>\n\n\n\n<h5 class=\"wp-block-heading\"><strong>Localitzacions de l&#8217;activitat:<\/strong><\/h5>\n\n\n\n<p class=\"has-text-align-center\"><iframe loading=\"lazy\" src=\"https:\/\/www.google.com\/maps\/d\/u\/0\/embed?mid=1j60XhoudGEUL2-cyrOUqXvll-So\" width=\"640\" height=\"480\"><\/iframe><\/p>\n\n\n\n<h5 class=\"wp-block-heading\"><strong>Quaderns:<\/strong><\/h5>\n\n\n\n<p><a href=\"https:\/\/drive.google.com\/file\/d\/0B3bKbe2nPP6oUGUyeVczMFdjTEE\/view?usp=sharing\">Quadern CM<\/a><\/p>\n\n\n\n<p><a href=\"https:\/\/drive.google.com\/file\/d\/0B3bKbe2nPP6oNmU0NWVDXzltSFU\/view?usp=sharing\">Quadern CS<\/a><\/p>\n\n\n\n<p><a href=\"https:\/\/drive.google.com\/file\/d\/0B3bKbe2nPP6oc0xJMDJ6U0JxbTQ\/view?usp=sharing\">Quadern ESO<\/a><\/p>\n\n\n\n<p>&nbsp;<\/p>\n","protected":false},"excerpt":{"rendered":"<p>MODALITATS: Estada Sortida d&#8217;un dia Nivells: (cliqueu per visualitzar la fitxa de l&#8217;activitat) Educaci\u00f3 Prim\u00e0ria (CM, CS) Educaci\u00f3 Secund\u00e0ria *Adaptable a Batxillerat i Cicles Formatius Desenvolupament de l&#8217;activitat: Des del mirador de Ma\u00e7aners: Des del mirador de Gresolet: Al refugi Llu\u00eds Estassen (depenent de la climatologia): Caminada fins a Saldes. (Opcional) Producte final: Opci\u00f3 1: [&hellip;]<\/p>\n","protected":false},"author":1,"featured_media":0,"parent":8235,"menu_order":31,"comment_status":"closed","ping_status":"closed","template":"","meta":{"_bbp_topic_count":0,"_bbp_reply_count":0,"_bbp_total_topic_count":0,"_bbp_total_reply_count":0,"_bbp_voice_count":0,"_bbp_anonymous_reply_count":0,"_bbp_topic_count_hidden":0,"_bbp_reply_count_hidden":0,"_bbp_forum_subforum_count":0,"site-sidebar-layout":"default","site-content-layout":"","ast-site-content-layout":"default","site-content-style":"default","site-sidebar-style":"default","ast-global-header-display":"","ast-banner-title-visibility":"","ast-main-header-display":"","ast-hfb-above-header-display":"","ast-hfb-below-header-display":"","ast-hfb-mobile-header-display":"","site-post-title":"","ast-breadcrumbs-content":"","ast-featured-img":"","footer-sml-layout":"","theme-transparent-header-meta":"","adv-header-id-meta":"","stick-header-meta":"","header-above-stick-meta":"","header-main-stick-meta":"","header-below-stick-meta":"","astra-migrate-meta-layouts":"set","ast-page-background-enabled":"default","ast-page-background-meta":{"desktop":{"background-color":"var(--ast-global-color-4)","background-image":"","background-repeat":"repeat","background-position":"center center","background-size":"auto","background-attachment":"scroll","background-type":"","background-media":"","overlay-type":"","overlay-color":"","overlay-opacity":"","overlay-gradient":""},"tablet":{"background-color":"","background-image":"","background-repeat":"repeat","background-position":"center center","background-size":"auto","background-attachment":"scroll","background-type":"","background-media":"","overlay-type":"","overlay-color":"","overlay-opacity":"","overlay-gradient":""},"mobile":{"background-color":"","background-image":"","background-repeat":"repeat","background-position":"center center","background-size":"auto","background-attachment":"scroll","background-type":"","background-media":"","overlay-type":"","overlay-color":"","overlay-opacity":"","overlay-gradient":""}},"ast-content-background-meta":{"desktop":{"background-color":"var(--ast-global-color-5)","background-image":"","background-repeat":"repeat","background-position":"center center","background-size":"auto","background-attachment":"scroll","background-type":"","background-media":"","overlay-type":"","overlay-color":"","overlay-opacity":"","overlay-gradient":""},"tablet":{"background-color":"var(--ast-global-color-5)","background-image":"","background-repeat":"repeat","background-position":"center center","background-size":"auto","background-attachment":"scroll","background-type":"","background-media":"","overlay-type":"","overlay-color":"","overlay-opacity":"","overlay-gradient":""},"mobile":{"background-color":"var(--ast-global-color-5)","background-image":"","background-repeat":"repeat","background-position":"center center","background-size":"auto","background-attachment":"scroll","background-type":"","background-media":"","overlay-type":"","overlay-color":"","overlay-opacity":"","overlay-gradient":""}},"footnotes":""},"class_list":["post-8885","page","type-page","status-publish","hentry"],"post_mailing_queue_ids":[],"_links":{"self":[{"href":"https:\/\/serveiseducatius.xtec.cat\/cda-altbergueda\/wp-json\/wp\/v2\/pages\/8885","targetHints":{"allow":["GET"]}}],"collection":[{"href":"https:\/\/serveiseducatius.xtec.cat\/cda-altbergueda\/wp-json\/wp\/v2\/pages"}],"about":[{"href":"https:\/\/serveiseducatius.xtec.cat\/cda-altbergueda\/wp-json\/wp\/v2\/types\/page"}],"author":[{"embeddable":true,"href":"https:\/\/serveiseducatius.xtec.cat\/cda-altbergueda\/wp-json\/wp\/v2\/users\/1"}],"replies":[{"embeddable":true,"href":"https:\/\/serveiseducatius.xtec.cat\/cda-altbergueda\/wp-json\/wp\/v2\/comments?post=8885"}],"version-history":[{"count":6,"href":"https:\/\/serveiseducatius.xtec.cat\/cda-altbergueda\/wp-json\/wp\/v2\/pages\/8885\/revisions"}],"predecessor-version":[{"id":15574,"href":"https:\/\/serveiseducatius.xtec.cat\/cda-altbergueda\/wp-json\/wp\/v2\/pages\/8885\/revisions\/15574"}],"up":[{"embeddable":true,"href":"https:\/\/serveiseducatius.xtec.cat\/cda-altbergueda\/wp-json\/wp\/v2\/pages\/8235"}],"wp:attachment":[{"href":"https:\/\/serveiseducatius.xtec.cat\/cda-altbergueda\/wp-json\/wp\/v2\/media?parent=8885"}],"curies":[{"name":"wp","href":"https:\/\/api.w.org\/{rel}","templated":true}]}}