{"id":8881,"date":"2017-04-02T22:56:19","date_gmt":"2017-04-02T20:56:19","guid":{"rendered":"http:\/\/serveiseducatius.xtec.cat\/cda-altbergueda\/?page_id=8881"},"modified":"2025-12-19T11:55:40","modified_gmt":"2025-12-19T10:55:40","slug":"activitat-iniciacio-a-lus-del-gps","status":"publish","type":"page","link":"https:\/\/serveiseducatius.xtec.cat\/cda-altbergueda\/tematiques\/activitat-iniciacio-a-lus-del-gps\/","title":{"rendered":"Activitat: Iniciaci\u00f3 a l&#8217;\u00fas del GPS"},"content":{"rendered":"\n<figure class=\"wp-block-image aligncenter\"><img loading=\"lazy\" decoding=\"async\" width=\"1000\" height=\"250\" src=\"http:\/\/serveiseducatius.xtec.cat\/cda-altbergueda\/wp-content\/uploads\/usu1364\/2017\/04\/GPS.png\" alt=\"GPS\" class=\"wp-image-8882\" srcset=\"https:\/\/serveiseducatius.xtec.cat\/cda-altbergueda\/wp-content\/uploads\/usu1364\/2017\/04\/GPS.png 1000w, https:\/\/serveiseducatius.xtec.cat\/cda-altbergueda\/wp-content\/uploads\/usu1364\/2017\/04\/GPS-300x75.png 300w, https:\/\/serveiseducatius.xtec.cat\/cda-altbergueda\/wp-content\/uploads\/usu1364\/2017\/04\/GPS-768x192.png 768w\" sizes=\"auto, (max-width: 1000px) 100vw, 1000px\" \/><\/figure>\n\n\n\n<figure class=\"wp-block-table\"><table class=\"has-background has-fixed-layout\" style=\"background-color:#96c856;border-style:none;border-width:0px\"><tbody><tr><td><strong>MODALITATS:<\/strong><\/td><\/tr><tr><td>Estada<\/td><\/tr><tr><td>Sortida d&#8217;un dia<\/td><\/tr><\/tbody><\/table><\/figure>\n\n\n\n<h5 class=\"wp-block-heading\"><strong>Nivells: (cliqueu per visualitzar la fitxa de l&#8217;activitat)<\/strong><\/h5>\n\n\n\n<p><a href=\"https:\/\/drive.google.com\/file\/d\/0B3bKbe2nPP6oUGhkTTQ3VnMzTnc\/view?usp=sharing\">Educaci\u00f3 Prim\u00e0ria (CS)<\/a><\/p>\n\n\n\n<p><a href=\"https:\/\/drive.google.com\/file\/d\/0B3bKbe2nPP6oRUVhSlJ6bnMtaWs\/view?usp=sharing\">Educaci\u00f3 Secund\u00e0ria (ESO)<\/a><\/p>\n\n\n\n<p><em>*Adaptable a Batxillerat i Cicles Formatius<\/em><\/p>\n\n\n\n<h5 class=\"wp-block-heading\"><strong>Desenvolupament de l&#8217;activitat:<\/strong><\/h5>\n\n\n\n<p>Activitat dissenyada&nbsp;per portar-la a terme en dos blocs, b\u00e9 una tarda i un mat\u00ed o tot un dia sencer. A la primera part de l\u2019activitat es far\u00e0 una breu pinzellada dels mapes topogr\u00e0fics de la zona, explicant els codis propis d\u2019aquesta tipologia de documents i la seva lectura. A continuaci\u00f3 es dividiran els alumnes en grups i hauran d\u2019anar a amagar pinces d\u2019orientaci\u00f3 pels voltants de l\u2019espai on es porti a terme l\u2019activitat, marcant el punt exacte amb el GPS. Quan tots els grups hagin amagat les pinces, s\u2019intercanviaran els GPS i cada grup haur\u00e0 de seguir les indicacions que els proporcionar\u00e0 el GPS per trobar les pinces que hagi amagat algun altre grup.<\/p>\n\n\n\n<p>La segona part de l\u2019activitat consistir\u00e0 en una petita volta pels voltant, havent de senyalitzar sobre un mapa topogr\u00e0fic diferents punts de control, i respondre a petites q\u00fcestions sobre l&#8217;entorn, l\u2019orientaci\u00f3, i el mapa topogr\u00e0fic.<\/p>\n\n\n\n<h5 class=\"wp-block-heading\"><strong>Producte final:<\/strong><\/h5>\n\n\n\n<p>Com a treball posterior a l\u2019activitat els alumnes hauran de dissenyar a l\u2019aula un recorregut prenent com a base alguna excursi\u00f3 o sortida d\u2019un dia que realitzi el centre educatiu. Aquest itinerari es far\u00e0 arribar al CdA compartint-lo en l\u2019entorn virtual que s\u2019hagi escollit. Haur\u00e0 de constar el punt d\u2019arribada i el de sortida, la dist\u00e0ncia i les possibles parades\/visites que es realitzin.<\/p>\n\n\n\n<h5 class=\"wp-block-heading\"><strong>Observacions:<\/strong><\/h5>\n\n\n\n<p>L\u2019activitat \u00e9s de mig dia, tot i que es podria adaptar a un dia sencer, depenent dels interessos del centre educatiu. El CdA posa a disposici\u00f3 dels centres educatius tutorials de les aplicacions Google Maps, Instamaps i Catalunya Offline.<\/p>\n\n\n\n<h5 class=\"wp-block-heading\"><strong>Enlla\u00e7os:<\/strong><\/h5>\n\n\n\n<ul class=\"wp-block-list\">\n<li><a href=\"https:\/\/drive.google.com\/file\/d\/0B3bKbe2nPP6oRVg1ODlyMU9rMWM\/view?usp=sharing\">Tutorial Google maps<\/a><\/li>\n\n\n\n<li><a href=\"https:\/\/drive.google.com\/file\/d\/0B3bKbe2nPP6oNlk2RjNUV08xVEk\/view?usp=sharing\">Tutorial Catalunya offline<\/a><\/li>\n\n\n\n<li><a href=\"https:\/\/drive.google.com\/file\/d\/0B3bKbe2nPP6oWFptVklMTEZ5UTg\/view?usp=sharing\">Presentaci\u00f3 br\u00faixola<\/a><\/li>\n\n\n\n<li><a href=\"https:\/\/drive.google.com\/file\/d\/0B3bKbe2nPP6odVlBeV9xcWVucGc\/view?usp=sharing\">Presentaci\u00f3 GPS<\/a><\/li>\n<\/ul>\n","protected":false},"excerpt":{"rendered":"<p>MODALITATS: Estada Sortida d&#8217;un dia Nivells: (cliqueu per visualitzar la fitxa de l&#8217;activitat) Educaci\u00f3 Prim\u00e0ria (CS) Educaci\u00f3 Secund\u00e0ria (ESO) *Adaptable a Batxillerat i Cicles Formatius Desenvolupament de l&#8217;activitat: Activitat dissenyada&nbsp;per portar-la a terme en dos blocs, b\u00e9 una tarda i un mat\u00ed o tot un dia sencer. A la primera part de l\u2019activitat es far\u00e0 [&hellip;]<\/p>\n","protected":false},"author":1,"featured_media":0,"parent":8235,"menu_order":13,"comment_status":"closed","ping_status":"closed","template":"","meta":{"_bbp_topic_count":0,"_bbp_reply_count":0,"_bbp_total_topic_count":0,"_bbp_total_reply_count":0,"_bbp_voice_count":0,"_bbp_anonymous_reply_count":0,"_bbp_topic_count_hidden":0,"_bbp_reply_count_hidden":0,"_bbp_forum_subforum_count":0,"site-sidebar-layout":"default","site-content-layout":"","ast-site-content-layout":"default","site-content-style":"default","site-sidebar-style":"default","ast-global-header-display":"","ast-banner-title-visibility":"","ast-main-header-display":"","ast-hfb-above-header-display":"","ast-hfb-below-header-display":"","ast-hfb-mobile-header-display":"","site-post-title":"","ast-breadcrumbs-content":"","ast-featured-img":"","footer-sml-layout":"","theme-transparent-header-meta":"","adv-header-id-meta":"","stick-header-meta":"","header-above-stick-meta":"","header-main-stick-meta":"","header-below-stick-meta":"","astra-migrate-meta-layouts":"set","ast-page-background-enabled":"default","ast-page-background-meta":{"desktop":{"background-color":"var(--ast-global-color-4)","background-image":"","background-repeat":"repeat","background-position":"center center","background-size":"auto","background-attachment":"scroll","background-type":"","background-media":"","overlay-type":"","overlay-color":"","overlay-opacity":"","overlay-gradient":""},"tablet":{"background-color":"","background-image":"","background-repeat":"repeat","background-position":"center center","background-size":"auto","background-attachment":"scroll","background-type":"","background-media":"","overlay-type":"","overlay-color":"","overlay-opacity":"","overlay-gradient":""},"mobile":{"background-color":"","background-image":"","background-repeat":"repeat","background-position":"center center","background-size":"auto","background-attachment":"scroll","background-type":"","background-media":"","overlay-type":"","overlay-color":"","overlay-opacity":"","overlay-gradient":""}},"ast-content-background-meta":{"desktop":{"background-color":"var(--ast-global-color-5)","background-image":"","background-repeat":"repeat","background-position":"center center","background-size":"auto","background-attachment":"scroll","background-type":"","background-media":"","overlay-type":"","overlay-color":"","overlay-opacity":"","overlay-gradient":""},"tablet":{"background-color":"var(--ast-global-color-5)","background-image":"","background-repeat":"repeat","background-position":"center center","background-size":"auto","background-attachment":"scroll","background-type":"","background-media":"","overlay-type":"","overlay-color":"","overlay-opacity":"","overlay-gradient":""},"mobile":{"background-color":"var(--ast-global-color-5)","background-image":"","background-repeat":"repeat","background-position":"center center","background-size":"auto","background-attachment":"scroll","background-type":"","background-media":"","overlay-type":"","overlay-color":"","overlay-opacity":"","overlay-gradient":""}},"footnotes":""},"class_list":["post-8881","page","type-page","status-publish","hentry"],"post_mailing_queue_ids":[],"_links":{"self":[{"href":"https:\/\/serveiseducatius.xtec.cat\/cda-altbergueda\/wp-json\/wp\/v2\/pages\/8881","targetHints":{"allow":["GET"]}}],"collection":[{"href":"https:\/\/serveiseducatius.xtec.cat\/cda-altbergueda\/wp-json\/wp\/v2\/pages"}],"about":[{"href":"https:\/\/serveiseducatius.xtec.cat\/cda-altbergueda\/wp-json\/wp\/v2\/types\/page"}],"author":[{"embeddable":true,"href":"https:\/\/serveiseducatius.xtec.cat\/cda-altbergueda\/wp-json\/wp\/v2\/users\/1"}],"replies":[{"embeddable":true,"href":"https:\/\/serveiseducatius.xtec.cat\/cda-altbergueda\/wp-json\/wp\/v2\/comments?post=8881"}],"version-history":[{"count":4,"href":"https:\/\/serveiseducatius.xtec.cat\/cda-altbergueda\/wp-json\/wp\/v2\/pages\/8881\/revisions"}],"predecessor-version":[{"id":15437,"href":"https:\/\/serveiseducatius.xtec.cat\/cda-altbergueda\/wp-json\/wp\/v2\/pages\/8881\/revisions\/15437"}],"up":[{"embeddable":true,"href":"https:\/\/serveiseducatius.xtec.cat\/cda-altbergueda\/wp-json\/wp\/v2\/pages\/8235"}],"wp:attachment":[{"href":"https:\/\/serveiseducatius.xtec.cat\/cda-altbergueda\/wp-json\/wp\/v2\/media?parent=8881"}],"curies":[{"name":"wp","href":"https:\/\/api.w.org\/{rel}","templated":true}]}}