{"id":8865,"date":"2017-04-02T21:19:53","date_gmt":"2017-04-02T19:19:53","guid":{"rendered":"http:\/\/serveiseducatius.xtec.cat\/cda-altbergueda\/?page_id=8865"},"modified":"2026-04-15T09:41:43","modified_gmt":"2026-04-15T07:41:43","slug":"activitat-baga-una-vila-medieval","status":"publish","type":"page","link":"https:\/\/serveiseducatius.xtec.cat\/cda-altbergueda\/tematiques\/activitat-baga-una-vila-medieval\/","title":{"rendered":"Activitat: Bag\u00e0 una vila medieval (Escape Town)"},"content":{"rendered":"\n<figure class=\"wp-block-image aligncenter is-resized\"><img loading=\"lazy\" decoding=\"async\" width=\"1000\" height=\"250\" src=\"http:\/\/serveiseducatius.xtec.cat\/cda-altbergueda\/wp-content\/uploads\/usu1364\/2017\/04\/bag\u00e0.png\" alt=\"bag\u00e0\" class=\"wp-image-8866\" style=\"width:648px;height:auto\" srcset=\"https:\/\/serveiseducatius.xtec.cat\/cda-altbergueda\/wp-content\/uploads\/usu1364\/2017\/04\/bag\u00e0.png 1000w, https:\/\/serveiseducatius.xtec.cat\/cda-altbergueda\/wp-content\/uploads\/usu1364\/2017\/04\/bag\u00e0-300x75.png 300w, https:\/\/serveiseducatius.xtec.cat\/cda-altbergueda\/wp-content\/uploads\/usu1364\/2017\/04\/bag\u00e0-768x192.png 768w\" sizes=\"auto, (max-width: 1000px) 100vw, 1000px\" \/><\/figure>\n\n\n\n<figure class=\"wp-block-table\"><table class=\"has-background has-fixed-layout\" style=\"background-color:#96c856;border-style:none;border-width:0px\"><tbody><tr><td><strong>MODALITATS:<\/strong><\/td><\/tr><tr><td>Estada<\/td><\/tr><tr><td>Sortida d&#8217;un dia<\/td><\/tr><\/tbody><\/table><\/figure>\n\n\n\n<h5 class=\"wp-block-heading\"><strong>Nivells: (cliqueu per visualitzar la fitxa de l&#8217;activitat)<\/strong><\/h5>\n\n\n\n<p><a href=\"https:\/\/drive.google.com\/file\/d\/0B3bKbe2nPP6oa2ZMWDJTZ3hLSEU\/view?usp=sharing\">Educaci\u00f3 Prim\u00e0ria CS<\/a><\/p>\n\n\n\n<p><a href=\"https:\/\/drive.google.com\/file\/d\/0B3bKbe2nPP6oVGtJT3BKOG1yVU0\/view?usp=sharing\">Educaci\u00f3 Secund\u00e0ria (1r i 2n d&#8217;ESO)<\/a><\/p>\n\n\n\n<h5 class=\"wp-block-heading\"><strong>Desenvolupament de l&#8217;activitat:<\/strong><\/h5>\n\n\n\n<p>L&#8217;activitat consisteix en un recorregut per equips pel nucli antic de la vila de Bag\u00e0. Cada equip formar\u00e0 part d&#8217;un estament social de l&#8217;\u00e8poca medieval tot intentant reunir la part del Rescat per poder alliberar el senyor de la vila, Galceran de Pin\u00f3s, que ha caigut presoner a la ciutat d&#8217;Almeria. Amb aquesta premisa l&#8217;activitat portar\u00e0 els diferents grups d&#8217;alumnes a visitar els racons del nucli medieval de la vila de Bag\u00e0, fixant-se en detalls de l&#8217;arquitectura i dels carrers del poble. La part vella de la vila conserva un aire medieval, amb una trama de carrers ben conservada i diferents elements caracter\u00edstics d\u2019una vila closa medieval: la pla\u00e7a porxada, les muralles, les torres de defensa i el palau.<\/p>\n\n\n\n<p>Amb l&#8217;explicaci\u00f3 de la llegenda del <em>Rescat de les 100 donzelles<\/em>&nbsp;tancarem l\u2019activitat i aprofitarem per repassar l\u2019organitzaci\u00f3 estamental de la societat medieval.<\/p>\n\n\n\n<h5 class=\"wp-block-heading\"><strong>Treball posterior:<\/strong><\/h5>\n\n\n\n<p><strong>Opci\u00f3 1:<\/strong> Despr\u00e9s de reproduir amb elements representatius la pir\u00e0mide social de l\u2019Edat Mitjana, els alumnes poden intentar elaborar una pir\u00e0mide social de l\u2019\u00e8poca contempor\u00e0nia i comparar les dues per veure si hi troben semblances o difer\u00e8ncies.<\/p>\n\n\n\n<p><strong>Opci\u00f3 2:<\/strong> Una vegada analitzats els vestigis medievals de la vila de Bag\u00e0, els alumnes poden fer el mateix amb les mostres d\u2019arquitectura medieval que existeixin al seu municipi. Una senzilla fitxa explicant el tipus d\u2019edifici, situant-lo cronol\u00f2gicament, la funci\u00f3 que tenia i el seu estat de conservaci\u00f3, acompanyada de fotografies i d\u2019un mapa online geolocalitzant aquestes construccions al seu municipi es pot fer arribar al CdA per tal que el treball realitzat a Bag\u00e0 continua al centre educatiu.<\/p>\n\n\n\n<h5 class=\"wp-block-heading\"><strong>Observacions:<\/strong><\/h5>\n\n\n\n<p>L\u2019activitat \u00e9s de mig dia de durada. El despla\u00e7ament corre a c\u00e0rrec del centre educatiu. Tot el material necessari per portar a terme l\u2019activitat corre a c\u00e0rrec del CdA. La visita de l\u2019esgl\u00e9sia i de la maqueta est\u00e0 condicionada a la possible ocupaci\u00f3 de l\u2019esgl\u00e9sia per actes religiosos o funeraris.<\/p>\n\n\n\n<h5 class=\"wp-block-heading\">Localitzaci\u00f3 de l&#8217;activitat:<\/h5>\n\n\n\n<iframe loading=\"lazy\" src=\"https:\/\/www.google.com\/maps\/d\/u\/0\/embed?mid=1_XOMfxIHa_smSJ2Cq8d0rk4zsv_ozXY&#038;ehbc=2E312F\" width=\"640\" height=\"480\"><\/iframe>\n","protected":false},"excerpt":{"rendered":"<p>MODALITATS: Estada Sortida d&#8217;un dia Nivells: (cliqueu per visualitzar la fitxa de l&#8217;activitat) Educaci\u00f3 Prim\u00e0ria CS Educaci\u00f3 Secund\u00e0ria (1r i 2n d&#8217;ESO) Desenvolupament de l&#8217;activitat: L&#8217;activitat consisteix en un recorregut per equips pel nucli antic de la vila de Bag\u00e0. Cada equip formar\u00e0 part d&#8217;un estament social de l&#8217;\u00e8poca medieval tot intentant reunir la part [&hellip;]<\/p>\n","protected":false},"author":1,"featured_media":0,"parent":8235,"menu_order":41,"comment_status":"closed","ping_status":"closed","template":"","meta":{"_bbp_topic_count":0,"_bbp_reply_count":0,"_bbp_total_topic_count":0,"_bbp_total_reply_count":0,"_bbp_voice_count":0,"_bbp_anonymous_reply_count":0,"_bbp_topic_count_hidden":0,"_bbp_reply_count_hidden":0,"_bbp_forum_subforum_count":0,"site-sidebar-layout":"default","site-content-layout":"","ast-site-content-layout":"default","site-content-style":"default","site-sidebar-style":"default","ast-global-header-display":"","ast-banner-title-visibility":"","ast-main-header-display":"","ast-hfb-above-header-display":"","ast-hfb-below-header-display":"","ast-hfb-mobile-header-display":"","site-post-title":"","ast-breadcrumbs-content":"","ast-featured-img":"","footer-sml-layout":"","theme-transparent-header-meta":"","adv-header-id-meta":"","stick-header-meta":"","header-above-stick-meta":"","header-main-stick-meta":"","header-below-stick-meta":"","astra-migrate-meta-layouts":"set","ast-page-background-enabled":"default","ast-page-background-meta":{"desktop":{"background-color":"var(--ast-global-color-4)","background-image":"","background-repeat":"repeat","background-position":"center center","background-size":"auto","background-attachment":"scroll","background-type":"","background-media":"","overlay-type":"","overlay-color":"","overlay-opacity":"","overlay-gradient":""},"tablet":{"background-color":"","background-image":"","background-repeat":"repeat","background-position":"center center","background-size":"auto","background-attachment":"scroll","background-type":"","background-media":"","overlay-type":"","overlay-color":"","overlay-opacity":"","overlay-gradient":""},"mobile":{"background-color":"","background-image":"","background-repeat":"repeat","background-position":"center center","background-size":"auto","background-attachment":"scroll","background-type":"","background-media":"","overlay-type":"","overlay-color":"","overlay-opacity":"","overlay-gradient":""}},"ast-content-background-meta":{"desktop":{"background-color":"var(--ast-global-color-5)","background-image":"","background-repeat":"repeat","background-position":"center center","background-size":"auto","background-attachment":"scroll","background-type":"","background-media":"","overlay-type":"","overlay-color":"","overlay-opacity":"","overlay-gradient":""},"tablet":{"background-color":"var(--ast-global-color-5)","background-image":"","background-repeat":"repeat","background-position":"center center","background-size":"auto","background-attachment":"scroll","background-type":"","background-media":"","overlay-type":"","overlay-color":"","overlay-opacity":"","overlay-gradient":""},"mobile":{"background-color":"var(--ast-global-color-5)","background-image":"","background-repeat":"repeat","background-position":"center center","background-size":"auto","background-attachment":"scroll","background-type":"","background-media":"","overlay-type":"","overlay-color":"","overlay-opacity":"","overlay-gradient":""}},"footnotes":""},"class_list":["post-8865","page","type-page","status-publish","hentry"],"post_mailing_queue_ids":[],"_links":{"self":[{"href":"https:\/\/serveiseducatius.xtec.cat\/cda-altbergueda\/wp-json\/wp\/v2\/pages\/8865","targetHints":{"allow":["GET"]}}],"collection":[{"href":"https:\/\/serveiseducatius.xtec.cat\/cda-altbergueda\/wp-json\/wp\/v2\/pages"}],"about":[{"href":"https:\/\/serveiseducatius.xtec.cat\/cda-altbergueda\/wp-json\/wp\/v2\/types\/page"}],"author":[{"embeddable":true,"href":"https:\/\/serveiseducatius.xtec.cat\/cda-altbergueda\/wp-json\/wp\/v2\/users\/1"}],"replies":[{"embeddable":true,"href":"https:\/\/serveiseducatius.xtec.cat\/cda-altbergueda\/wp-json\/wp\/v2\/comments?post=8865"}],"version-history":[{"count":6,"href":"https:\/\/serveiseducatius.xtec.cat\/cda-altbergueda\/wp-json\/wp\/v2\/pages\/8865\/revisions"}],"predecessor-version":[{"id":15578,"href":"https:\/\/serveiseducatius.xtec.cat\/cda-altbergueda\/wp-json\/wp\/v2\/pages\/8865\/revisions\/15578"}],"up":[{"embeddable":true,"href":"https:\/\/serveiseducatius.xtec.cat\/cda-altbergueda\/wp-json\/wp\/v2\/pages\/8235"}],"wp:attachment":[{"href":"https:\/\/serveiseducatius.xtec.cat\/cda-altbergueda\/wp-json\/wp\/v2\/media?parent=8865"}],"curies":[{"name":"wp","href":"https:\/\/api.w.org\/{rel}","templated":true}]}}