{"id":8760,"date":"2017-02-24T16:56:21","date_gmt":"2017-02-24T15:56:21","guid":{"rendered":"http:\/\/serveiseducatius.xtec.cat\/cda-altbergueda\/?page_id=8760"},"modified":"2026-04-15T09:43:28","modified_gmt":"2026-04-15T07:43:28","slug":"orientacio","status":"publish","type":"page","link":"https:\/\/serveiseducatius.xtec.cat\/cda-altbergueda\/tematiques\/orientacio\/","title":{"rendered":"ORIENTACI\u00d3"},"content":{"rendered":"\n<figure class=\"wp-block-image aligncenter is-resized\"><img loading=\"lazy\" decoding=\"async\" width=\"998\" height=\"251\" src=\"https:\/\/serveiseducatius.xtec.cat\/cda-altbergueda\/wp-content\/uploads\/usu1364\/2024\/05\/orientacio.png\" alt=\"\" class=\"wp-image-13910\" style=\"width:648px;height:auto\" srcset=\"https:\/\/serveiseducatius.xtec.cat\/cda-altbergueda\/wp-content\/uploads\/usu1364\/2024\/05\/orientacio.png 998w, https:\/\/serveiseducatius.xtec.cat\/cda-altbergueda\/wp-content\/uploads\/usu1364\/2024\/05\/orientacio-300x75.png 300w, https:\/\/serveiseducatius.xtec.cat\/cda-altbergueda\/wp-content\/uploads\/usu1364\/2024\/05\/orientacio-768x193.png 768w\" sizes=\"auto, (max-width: 998px) 100vw, 998px\" \/><\/figure>\n\n\n\n<p>El treball amb els mapes topogr\u00e0fics, ortofotomapes, aplicacions de geolocalitzaci\u00f3, la iniciaci\u00f3 en la lectura de mapes i l&#8217;\u00fas de br\u00faixoles i GPS forma part de l&#8217;activitat del nostre Camp d&#8217;Aprenentatge des de fa una bona colla d&#8217;anys. La comarca del Bergued\u00e0, i els entorns que visitem en algunes de les nostres activitats, s\u00f3n propicis per treballar la cartografia i els dispositius per de georeferenciaci\u00f3 que permeten seguir o tra\u00e7ar rutes i itineraris. &nbsp;Actualment amb els dispositius port\u00e0tils dels alumnes, especialment de secund\u00e0ria, han sorgit una s\u00e8rie d&#8217;aplicacions que permeten iniciar-se o profunditzar en aquesta tem\u00e0tica, i que tamb\u00e9 hem integrat en algunes activitats del CdA de l&#8217;Alt Bergued\u00e0. L&#8217;entorn de la Sala ofereix excel\u00b7lents possibilitats per treballar aquest aspecte del curr\u00edculum i iniciar-se en la preparaci\u00f3 i seguiment de rutes que ja hi tenim muntades.<\/p>\n\n\n\n<p><strong>Activitats relacionades:<\/strong><\/p>\n\n\n\n<ul class=\"wp-block-list\">\n<li><a href=\"http:\/\/serveiseducatius.xtec.cat\/cda-altbergueda\/ambits\/totes-les-activitats\/activitat-iniciacio-a-lus-del-gps\/\">Iniciaci\u00f3 en l&#8217;\u00fas del GPS<\/a><\/li>\n<\/ul>\n\n\n\n<p><strong>Projectes compartits relacionats:<\/strong><\/p>\n\n\n\n<ul class=\"wp-block-list\">\n<li><a href=\"http:\/\/serveiseducatius.xtec.cat\/cda-altbergueda\/ambits\/totes-les-activitats\/coneix-lentorn-del-meu-poble\/\">Projecte entorn: Coneix l\u2019entorn del meu poble<\/a><\/li>\n<\/ul>\n\n\n\n<p><strong>Recursos relacionats:<\/strong><\/p>\n\n\n\n<ul class=\"wp-block-list\">\n<li><a href=\"https:\/\/drive.google.com\/file\/d\/0B3bKbe2nPP6oRVg1ODlyMU9rMWM\/view?usp=sharing\">Tutorial Google maps<\/a><\/li>\n\n\n\n<li><a href=\"https:\/\/drive.google.com\/file\/d\/0B3bKbe2nPP6oNlk2RjNUV08xVEk\/view?usp=sharing\">Tutorial Catalunya offline<\/a><\/li>\n\n\n\n<li><a href=\"https:\/\/drive.google.com\/file\/d\/0B3bKbe2nPP6oWFptVklMTEZ5UTg\/view?usp=sharing\">Presentaci\u00f3: La br\u00faixola<\/a><\/li>\n\n\n\n<li><a href=\"https:\/\/drive.google.com\/file\/d\/0B3bKbe2nPP6odVlBeV9xcWVucGc\/view?usp=sharing\">Presentaci\u00f3: El GPS<\/a><\/li>\n<\/ul>\n","protected":false},"excerpt":{"rendered":"<p>El treball amb els mapes topogr\u00e0fics, ortofotomapes, aplicacions de geolocalitzaci\u00f3, la iniciaci\u00f3 en la lectura de mapes i l&#8217;\u00fas de br\u00faixoles i GPS forma part de l&#8217;activitat del nostre Camp d&#8217;Aprenentatge des de fa una bona colla d&#8217;anys. La comarca del Bergued\u00e0, i els entorns que visitem en algunes de les nostres activitats, s\u00f3n propicis [&hellip;]<\/p>\n","protected":false},"author":1,"featured_media":0,"parent":8235,"menu_order":50,"comment_status":"closed","ping_status":"closed","template":"","meta":{"_bbp_topic_count":0,"_bbp_reply_count":0,"_bbp_total_topic_count":0,"_bbp_total_reply_count":0,"_bbp_voice_count":0,"_bbp_anonymous_reply_count":0,"_bbp_topic_count_hidden":0,"_bbp_reply_count_hidden":0,"_bbp_forum_subforum_count":0,"site-sidebar-layout":"default","site-content-layout":"","ast-site-content-layout":"default","site-content-style":"default","site-sidebar-style":"default","ast-global-header-display":"","ast-banner-title-visibility":"","ast-main-header-display":"","ast-hfb-above-header-display":"","ast-hfb-below-header-display":"","ast-hfb-mobile-header-display":"","site-post-title":"","ast-breadcrumbs-content":"","ast-featured-img":"","footer-sml-layout":"","theme-transparent-header-meta":"","adv-header-id-meta":"","stick-header-meta":"","header-above-stick-meta":"","header-main-stick-meta":"","header-below-stick-meta":"","astra-migrate-meta-layouts":"set","ast-page-background-enabled":"default","ast-page-background-meta":{"desktop":{"background-color":"var(--ast-global-color-4)","background-image":"","background-repeat":"repeat","background-position":"center center","background-size":"auto","background-attachment":"scroll","background-type":"","background-media":"","overlay-type":"","overlay-color":"","overlay-opacity":"","overlay-gradient":""},"tablet":{"background-color":"","background-image":"","background-repeat":"repeat","background-position":"center center","background-size":"auto","background-attachment":"scroll","background-type":"","background-media":"","overlay-type":"","overlay-color":"","overlay-opacity":"","overlay-gradient":""},"mobile":{"background-color":"","background-image":"","background-repeat":"repeat","background-position":"center center","background-size":"auto","background-attachment":"scroll","background-type":"","background-media":"","overlay-type":"","overlay-color":"","overlay-opacity":"","overlay-gradient":""}},"ast-content-background-meta":{"desktop":{"background-color":"var(--ast-global-color-5)","background-image":"","background-repeat":"repeat","background-position":"center center","background-size":"auto","background-attachment":"scroll","background-type":"","background-media":"","overlay-type":"","overlay-color":"","overlay-opacity":"","overlay-gradient":""},"tablet":{"background-color":"var(--ast-global-color-5)","background-image":"","background-repeat":"repeat","background-position":"center center","background-size":"auto","background-attachment":"scroll","background-type":"","background-media":"","overlay-type":"","overlay-color":"","overlay-opacity":"","overlay-gradient":""},"mobile":{"background-color":"var(--ast-global-color-5)","background-image":"","background-repeat":"repeat","background-position":"center center","background-size":"auto","background-attachment":"scroll","background-type":"","background-media":"","overlay-type":"","overlay-color":"","overlay-opacity":"","overlay-gradient":""}},"footnotes":""},"class_list":["post-8760","page","type-page","status-publish","hentry"],"post_mailing_queue_ids":[],"_links":{"self":[{"href":"https:\/\/serveiseducatius.xtec.cat\/cda-altbergueda\/wp-json\/wp\/v2\/pages\/8760","targetHints":{"allow":["GET"]}}],"collection":[{"href":"https:\/\/serveiseducatius.xtec.cat\/cda-altbergueda\/wp-json\/wp\/v2\/pages"}],"about":[{"href":"https:\/\/serveiseducatius.xtec.cat\/cda-altbergueda\/wp-json\/wp\/v2\/types\/page"}],"author":[{"embeddable":true,"href":"https:\/\/serveiseducatius.xtec.cat\/cda-altbergueda\/wp-json\/wp\/v2\/users\/1"}],"replies":[{"embeddable":true,"href":"https:\/\/serveiseducatius.xtec.cat\/cda-altbergueda\/wp-json\/wp\/v2\/comments?post=8760"}],"version-history":[{"count":6,"href":"https:\/\/serveiseducatius.xtec.cat\/cda-altbergueda\/wp-json\/wp\/v2\/pages\/8760\/revisions"}],"predecessor-version":[{"id":15583,"href":"https:\/\/serveiseducatius.xtec.cat\/cda-altbergueda\/wp-json\/wp\/v2\/pages\/8760\/revisions\/15583"}],"up":[{"embeddable":true,"href":"https:\/\/serveiseducatius.xtec.cat\/cda-altbergueda\/wp-json\/wp\/v2\/pages\/8235"}],"wp:attachment":[{"href":"https:\/\/serveiseducatius.xtec.cat\/cda-altbergueda\/wp-json\/wp\/v2\/media?parent=8760"}],"curies":[{"name":"wp","href":"https:\/\/api.w.org\/{rel}","templated":true}]}}