{"id":8589,"date":"2016-12-07T13:31:50","date_gmt":"2016-12-07T12:31:50","guid":{"rendered":"http:\/\/serveiseducatius.xtec.cat\/cda-altbergueda\/?page_id=8589"},"modified":"2025-12-18T09:08:36","modified_gmt":"2025-12-18T08:08:36","slug":"que-son","status":"publish","type":"page","link":"https:\/\/serveiseducatius.xtec.cat\/cda-altbergueda\/el-camp\/que-son\/","title":{"rendered":"CdAs i EdAs: Qu\u00e8 s\u00f3n?"},"content":{"rendered":"\n<p>Els <strong>Camps i Entorns d\u2019Aprenentatge (CdA\/EdA)<\/strong> s\u00f3n serveis educatius de suport curricular que treballen conjuntament amb els centres educatius per promoure l\u2019aprenentatge de l\u2019alumnat a trav\u00e9s de l&#8217;oferta d&#8217;activitats did\u00e0ctiques innovadores realitzades en un medi natural o cultural singular de Catalunya i que contribueixen a l\u2019aprofundiment de la <strong>formaci\u00f3 competencial de l\u2019alumne<\/strong>.<\/p>\n\n\n\n<p>Els Camps i Entorns d&#8217;Aprenentatge, com a serveis educatius del Departament d&#8217;Educaci\u00f3, estan regulats pel <a href=\"http:\/\/educacio.gencat.net\/extranet\/dogc\/decret_155_1994.html\">Decret 155\/1994<\/a>.<\/p>\n\n\n\n<p>Actualment hi ha <strong>19 camps d&#8217;aprenentatge<\/strong>: Alt Bergued\u00e0 (Bergued\u00e0), Bages (Bages), Barcelona (Barcelon\u00e8s), Can Santoi (Baix Llobregat), Delta de l&#8217;Ebre (Montsi\u00e0), Emp\u00faries (Alt Empord\u00e0), Flix (Ribera d&#8217;Ebre), Garrotxa (Garrotxa), Juneda (Garrigues), Monestirs del C\u00edster (Conca de Barber\u00e0), Noguera (Noguera), Pau Casals (Baix Pened\u00e8s), Pujalt (Anoia), Ripoll\u00e8s (Ripoll\u00e8s), Ciutat de Tarragona (Tarragon\u00e8s), Tremp (Pallars Juss\u00e0), Tuixent Cad\u00ed-Moixer\u00f3 (Alt Urgell), Valls d&#8217;\u00c0neu (Pallars Sobir\u00e0), Vall de Bo\u00ed (Alta Ribagor\u00e7a) <strong>i 2 entorns d&#8217;aprenentatge<\/strong>: Canig\u00f3 (Prada del Conflent) i Cardona (Bages).<\/p>\n\n\n\n<figure class=\"wp-block-image aligncenter\"><a href=\"https:\/\/projectes.xtec.cat\/camps\/\" target=\"_blank\" rel=\"noopener\"><img loading=\"lazy\" decoding=\"async\" width=\"496\" height=\"280\" src=\"https:\/\/serveiseducatius.xtec.cat\/cda-altbergueda\/wp-content\/uploads\/usu1364\/2022\/01\/se_cda2.jpg\" alt=\"\" class=\"wp-image-12057\" srcset=\"https:\/\/serveiseducatius.xtec.cat\/cda-altbergueda\/wp-content\/uploads\/usu1364\/2022\/01\/se_cda2.jpg 496w, https:\/\/serveiseducatius.xtec.cat\/cda-altbergueda\/wp-content\/uploads\/usu1364\/2022\/01\/se_cda2-300x169.jpg 300w\" sizes=\"auto, (max-width: 496px) 100vw, 496px\" \/><\/a><\/figure>\n\n\n\n<p><\/p>\n\n\n\n<p class=\"has-text-align-center\"><iframe loading=\"lazy\" title=\"YouTube video player\" src=\"\/\/www.youtube.com\/embed\/ZgKeMDIeElA?si=81J5C5ADPrYKe_CW\" width=\"560\" height=\"315\" frameborder=\"0\" allowfullscreen=\"allowfullscreen\"><\/iframe><\/p>\n\n\n\n<p>Els camps i els entorns d\u2019aprenentatge ofereixen <strong>activitats did\u00e0ctiques innovadores<\/strong> que poden ser de m\u00e9s d\u2019un dia o d\u2019un dia. Les activitats de m\u00e9s d\u2019un dia promouen la consolidaci\u00f3 dels aprenentatges dels alumnes. Per tal d\u2019assolir els objectius d\u2019aprenentatge es recomana aquesta tipologia d\u2019activitats.<\/p>\n\n\n\n<p>Les activitats d\u2019un dia s\u2019adrecen principalment als centres educatius propers als CdA\/EdA.<\/p>\n\n\n\n<p>Els CdA\/EdA s&#8217;adrecen principalment a alumnes d&#8217;educaci\u00f3 prim\u00e0ria, d&#8217;educaci\u00f3 secund\u00e0ria, de cicles formatius i de batxillerat dels centres educatius de Catalunya. En cas excepcional, condicionat per les activitats col\u00b7laboratives concretes i a la disponibilitat del CdA\/ l\u2019EdA, es podran atendre centres educatius p\u00fablics de fora de Catalunya.<\/p>\n\n\n\n<p>Per ampliar informaci\u00f3&nbsp;podeu consultar el&nbsp;<a href=\"http:\/\/xtec.gencat.cat\/ca\/serveis\/sesc\/cda\/\">web del Departament d&#8217;Educaci\u00f3<\/a>.<\/p>\n\n\n\n<p><strong>La participaci\u00f3 dels centres educatius a les activitats promogudes pels CdAs i EdAs requereix de tres moments:<\/strong><\/p>\n\n\n\n<ul class=\"wp-block-list\">\n<li>Moment 1: Comunicaci\u00f3 amb els centres.<\/li>\n\n\n\n<li>Moment 2: Implementaci\u00f3 de l\u2019estada al CdA o EdA.<\/li>\n\n\n\n<li>Moment 3: Avaluaci\u00f3 de l\u2019impacte i propostes de millora.<\/li>\n<\/ul>\n\n\n\n<div style=\"height:58px\" aria-hidden=\"true\" class=\"wp-block-spacer\"><\/div>\n\n\n\n<figure class=\"wp-block-image aligncenter size-full is-resized\"><a href=\"https:\/\/serveiseducatius.xtec.cat\/cda-altbergueda\/wp-content\/uploads\/usu1364\/2025\/12\/educacio_h3.jpg\"><img loading=\"lazy\" decoding=\"async\" width=\"497\" height=\"100\" src=\"https:\/\/serveiseducatius.xtec.cat\/cda-altbergueda\/wp-content\/uploads\/usu1364\/2025\/12\/educacio_h3.jpg\" alt=\"\" class=\"wp-image-15185\" style=\"width:344px;height:auto\" srcset=\"https:\/\/serveiseducatius.xtec.cat\/cda-altbergueda\/wp-content\/uploads\/usu1364\/2025\/12\/educacio_h3.jpg 497w, https:\/\/serveiseducatius.xtec.cat\/cda-altbergueda\/wp-content\/uploads\/usu1364\/2025\/12\/educacio_h3-300x60.jpg 300w\" sizes=\"auto, (max-width: 497px) 100vw, 497px\" \/><\/a><\/figure>\n","protected":false},"excerpt":{"rendered":"<p>Els Camps i Entorns d\u2019Aprenentatge (CdA\/EdA) s\u00f3n serveis educatius de suport curricular que treballen conjuntament amb els centres educatius per promoure l\u2019aprenentatge de l\u2019alumnat a trav\u00e9s de l&#8217;oferta d&#8217;activitats did\u00e0ctiques innovadores realitzades en un medi natural o cultural singular de Catalunya i que contribueixen a l\u2019aprofundiment de la formaci\u00f3 competencial de l\u2019alumne. Els Camps i [&hellip;]<\/p>\n","protected":false},"author":1,"featured_media":0,"parent":8225,"menu_order":1,"comment_status":"closed","ping_status":"closed","template":"","meta":{"_bbp_topic_count":0,"_bbp_reply_count":0,"_bbp_total_topic_count":0,"_bbp_total_reply_count":0,"_bbp_voice_count":0,"_bbp_anonymous_reply_count":0,"_bbp_topic_count_hidden":0,"_bbp_reply_count_hidden":0,"_bbp_forum_subforum_count":0,"site-sidebar-layout":"default","site-content-layout":"","ast-site-content-layout":"default","site-content-style":"default","site-sidebar-style":"default","ast-global-header-display":"","ast-banner-title-visibility":"","ast-main-header-display":"","ast-hfb-above-header-display":"","ast-hfb-below-header-display":"","ast-hfb-mobile-header-display":"","site-post-title":"","ast-breadcrumbs-content":"","ast-featured-img":"","footer-sml-layout":"","theme-transparent-header-meta":"","adv-header-id-meta":"","stick-header-meta":"","header-above-stick-meta":"","header-main-stick-meta":"","header-below-stick-meta":"","astra-migrate-meta-layouts":"set","ast-page-background-enabled":"default","ast-page-background-meta":{"desktop":{"background-color":"var(--ast-global-color-4)","background-image":"","background-repeat":"repeat","background-position":"center center","background-size":"auto","background-attachment":"scroll","background-type":"","background-media":"","overlay-type":"","overlay-color":"","overlay-opacity":"","overlay-gradient":""},"tablet":{"background-color":"","background-image":"","background-repeat":"repeat","background-position":"center center","background-size":"auto","background-attachment":"scroll","background-type":"","background-media":"","overlay-type":"","overlay-color":"","overlay-opacity":"","overlay-gradient":""},"mobile":{"background-color":"","background-image":"","background-repeat":"repeat","background-position":"center center","background-size":"auto","background-attachment":"scroll","background-type":"","background-media":"","overlay-type":"","overlay-color":"","overlay-opacity":"","overlay-gradient":""}},"ast-content-background-meta":{"desktop":{"background-color":"var(--ast-global-color-5)","background-image":"","background-repeat":"repeat","background-position":"center center","background-size":"auto","background-attachment":"scroll","background-type":"","background-media":"","overlay-type":"","overlay-color":"","overlay-opacity":"","overlay-gradient":""},"tablet":{"background-color":"var(--ast-global-color-5)","background-image":"","background-repeat":"repeat","background-position":"center center","background-size":"auto","background-attachment":"scroll","background-type":"","background-media":"","overlay-type":"","overlay-color":"","overlay-opacity":"","overlay-gradient":""},"mobile":{"background-color":"var(--ast-global-color-5)","background-image":"","background-repeat":"repeat","background-position":"center center","background-size":"auto","background-attachment":"scroll","background-type":"","background-media":"","overlay-type":"","overlay-color":"","overlay-opacity":"","overlay-gradient":""}},"footnotes":""},"class_list":["post-8589","page","type-page","status-publish","hentry"],"post_mailing_queue_ids":[],"_links":{"self":[{"href":"https:\/\/serveiseducatius.xtec.cat\/cda-altbergueda\/wp-json\/wp\/v2\/pages\/8589","targetHints":{"allow":["GET"]}}],"collection":[{"href":"https:\/\/serveiseducatius.xtec.cat\/cda-altbergueda\/wp-json\/wp\/v2\/pages"}],"about":[{"href":"https:\/\/serveiseducatius.xtec.cat\/cda-altbergueda\/wp-json\/wp\/v2\/types\/page"}],"author":[{"embeddable":true,"href":"https:\/\/serveiseducatius.xtec.cat\/cda-altbergueda\/wp-json\/wp\/v2\/users\/1"}],"replies":[{"embeddable":true,"href":"https:\/\/serveiseducatius.xtec.cat\/cda-altbergueda\/wp-json\/wp\/v2\/comments?post=8589"}],"version-history":[{"count":6,"href":"https:\/\/serveiseducatius.xtec.cat\/cda-altbergueda\/wp-json\/wp\/v2\/pages\/8589\/revisions"}],"predecessor-version":[{"id":15186,"href":"https:\/\/serveiseducatius.xtec.cat\/cda-altbergueda\/wp-json\/wp\/v2\/pages\/8589\/revisions\/15186"}],"up":[{"embeddable":true,"href":"https:\/\/serveiseducatius.xtec.cat\/cda-altbergueda\/wp-json\/wp\/v2\/pages\/8225"}],"wp:attachment":[{"href":"https:\/\/serveiseducatius.xtec.cat\/cda-altbergueda\/wp-json\/wp\/v2\/media?parent=8589"}],"curies":[{"name":"wp","href":"https:\/\/api.w.org\/{rel}","templated":true}]}}