{"id":8449,"date":"2015-06-23T10:13:35","date_gmt":"2015-06-23T08:13:35","guid":{"rendered":"http:\/\/blocs.xtec.cat\/cdaaltbergueda\/?page_id=1121"},"modified":"2026-04-14T16:12:30","modified_gmt":"2026-04-14T14:12:30","slug":"materials-de-prestec","status":"publish","type":"page","link":"https:\/\/serveiseducatius.xtec.cat\/cda-altbergueda\/materials\/materials-de-prestec\/","title":{"rendered":"Materials de pr\u00e9stec"},"content":{"rendered":"\n<p>Tots els materials de pr\u00e9stec estan a la disposici\u00f3 de les escoles i instituts de la comarca del Bergued\u00e0. Tots els materials s&#8217;hauran de venir a buscar i a retornar a la seu del CdA Alt Bergued\u00e0, a Guardiola de Bergued\u00e0. Excepte els materials on consti a les observacions CRP, que s&#8217;hauran d&#8217;anar a buscar al Centre de Recursos Pedag\u00f2gics de Berga.<\/p>\n\n\n\n<p>Per sol\u00b7licitar qualsevol material i consultar la seva disponibilitat envieu-nos un correu electr\u00f2nic a l&#8217;adre\u00e7a <a href=\"mailto:a8902081@xtec.cat\">a8902081@xtec.cat<\/a> o feu servir el <strong>formulari de pr\u00e9stec<\/strong>\u00a0de la part inferior d&#8217;aquesta mateixa p\u00e0gina.<\/p>\n\n\n\n<pre class=\"wp-block-code\"><code><iframe loading=\"lazy\" src=\"https:\/\/docs.google.com\/spreadsheets\/d\/1SiHyWjCYkFjsjcVPxTo6FLORnL4sINa3aEIit-UJ8QI\/pubhtml?widget=true\" width=\"700\" height=\"800\" frameborder=\"0\"><\/iframe><\/code><\/pre>\n\n\n\n<pre class=\"wp-block-code\"><code><iframe loading=\"lazy\" src=\"https:\/\/docs.google.com\/forms\/d\/1gfpAB2hN8_XuwSkxaSbLaO6FhU4FHTbn1RKaluNzxw4\/viewform?embedded=true\" width=\"760\" height=\"500\" frameborder=\"0\" marginwidth=\"0\" marginheight=\"0\">S'est\u00e0 carregant...<\/iframe><\/code><\/pre>\n","protected":false},"excerpt":{"rendered":"<p>Tots els materials de pr\u00e9stec estan a la disposici\u00f3 de les escoles i instituts de la comarca del Bergued\u00e0. Tots els materials s&#8217;hauran de venir a buscar i a retornar a la seu del CdA Alt Bergued\u00e0, a Guardiola de Bergued\u00e0. Excepte els materials on consti a les observacions CRP, que s&#8217;hauran d&#8217;anar a buscar [&hellip;]<\/p>\n","protected":false},"author":1,"featured_media":0,"parent":1101,"menu_order":60,"comment_status":"closed","ping_status":"closed","template":"","meta":{"_bbp_topic_count":0,"_bbp_reply_count":0,"_bbp_total_topic_count":0,"_bbp_total_reply_count":0,"_bbp_voice_count":0,"_bbp_anonymous_reply_count":0,"_bbp_topic_count_hidden":0,"_bbp_reply_count_hidden":0,"_bbp_forum_subforum_count":0,"site-sidebar-layout":"default","site-content-layout":"","ast-site-content-layout":"default","site-content-style":"default","site-sidebar-style":"default","ast-global-header-display":"","ast-banner-title-visibility":"","ast-main-header-display":"","ast-hfb-above-header-display":"","ast-hfb-below-header-display":"","ast-hfb-mobile-header-display":"","site-post-title":"","ast-breadcrumbs-content":"","ast-featured-img":"","footer-sml-layout":"","theme-transparent-header-meta":"","adv-header-id-meta":"","stick-header-meta":"","header-above-stick-meta":"","header-main-stick-meta":"","header-below-stick-meta":"","astra-migrate-meta-layouts":"set","ast-page-background-enabled":"default","ast-page-background-meta":{"desktop":{"background-color":"var(--ast-global-color-4)","background-image":"","background-repeat":"repeat","background-position":"center center","background-size":"auto","background-attachment":"scroll","background-type":"","background-media":"","overlay-type":"","overlay-color":"","overlay-opacity":"","overlay-gradient":""},"tablet":{"background-color":"","background-image":"","background-repeat":"repeat","background-position":"center center","background-size":"auto","background-attachment":"scroll","background-type":"","background-media":"","overlay-type":"","overlay-color":"","overlay-opacity":"","overlay-gradient":""},"mobile":{"background-color":"","background-image":"","background-repeat":"repeat","background-position":"center center","background-size":"auto","background-attachment":"scroll","background-type":"","background-media":"","overlay-type":"","overlay-color":"","overlay-opacity":"","overlay-gradient":""}},"ast-content-background-meta":{"desktop":{"background-color":"var(--ast-global-color-5)","background-image":"","background-repeat":"repeat","background-position":"center center","background-size":"auto","background-attachment":"scroll","background-type":"","background-media":"","overlay-type":"","overlay-color":"","overlay-opacity":"","overlay-gradient":""},"tablet":{"background-color":"var(--ast-global-color-5)","background-image":"","background-repeat":"repeat","background-position":"center center","background-size":"auto","background-attachment":"scroll","background-type":"","background-media":"","overlay-type":"","overlay-color":"","overlay-opacity":"","overlay-gradient":""},"mobile":{"background-color":"var(--ast-global-color-5)","background-image":"","background-repeat":"repeat","background-position":"center center","background-size":"auto","background-attachment":"scroll","background-type":"","background-media":"","overlay-type":"","overlay-color":"","overlay-opacity":"","overlay-gradient":""}},"footnotes":""},"class_list":["post-8449","page","type-page","status-publish","hentry"],"post_mailing_queue_ids":[],"_links":{"self":[{"href":"https:\/\/serveiseducatius.xtec.cat\/cda-altbergueda\/wp-json\/wp\/v2\/pages\/8449","targetHints":{"allow":["GET"]}}],"collection":[{"href":"https:\/\/serveiseducatius.xtec.cat\/cda-altbergueda\/wp-json\/wp\/v2\/pages"}],"about":[{"href":"https:\/\/serveiseducatius.xtec.cat\/cda-altbergueda\/wp-json\/wp\/v2\/types\/page"}],"author":[{"embeddable":true,"href":"https:\/\/serveiseducatius.xtec.cat\/cda-altbergueda\/wp-json\/wp\/v2\/users\/1"}],"replies":[{"embeddable":true,"href":"https:\/\/serveiseducatius.xtec.cat\/cda-altbergueda\/wp-json\/wp\/v2\/comments?post=8449"}],"version-history":[{"count":6,"href":"https:\/\/serveiseducatius.xtec.cat\/cda-altbergueda\/wp-json\/wp\/v2\/pages\/8449\/revisions"}],"predecessor-version":[{"id":15503,"href":"https:\/\/serveiseducatius.xtec.cat\/cda-altbergueda\/wp-json\/wp\/v2\/pages\/8449\/revisions\/15503"}],"up":[{"embeddable":true,"href":"https:\/\/serveiseducatius.xtec.cat\/cda-altbergueda\/wp-json\/wp\/v2\/pages\/1101"}],"wp:attachment":[{"href":"https:\/\/serveiseducatius.xtec.cat\/cda-altbergueda\/wp-json\/wp\/v2\/media?parent=8449"}],"curies":[{"name":"wp","href":"https:\/\/api.w.org\/{rel}","templated":true}]}}