{"id":8260,"date":"2016-06-20T17:50:46","date_gmt":"2016-06-20T16:50:46","guid":{"rendered":"http:\/\/serveiseducatius.xtec.cat\/cda-altbergueda\/?page_id=8260"},"modified":"2025-12-19T13:48:09","modified_gmt":"2025-12-19T12:48:09","slug":"modalitats","status":"publish","type":"page","link":"https:\/\/serveiseducatius.xtec.cat\/cda-altbergueda\/modalitats\/","title":{"rendered":"Modalitats"},"content":{"rendered":"\n<figure class=\"wp-block-image size-full is-resized\"><img loading=\"lazy\" decoding=\"async\" width=\"998\" height=\"248\" src=\"https:\/\/serveiseducatius.xtec.cat\/cda-altbergueda\/wp-content\/uploads\/usu1364\/2024\/06\/modalitats.png\" alt=\"\" class=\"wp-image-14028\" style=\"width:954px;height:auto\" srcset=\"https:\/\/serveiseducatius.xtec.cat\/cda-altbergueda\/wp-content\/uploads\/usu1364\/2024\/06\/modalitats.png 998w, https:\/\/serveiseducatius.xtec.cat\/cda-altbergueda\/wp-content\/uploads\/usu1364\/2024\/06\/modalitats-300x75.png 300w, https:\/\/serveiseducatius.xtec.cat\/cda-altbergueda\/wp-content\/uploads\/usu1364\/2024\/06\/modalitats-768x191.png 768w\" sizes=\"auto, (max-width: 998px) 100vw, 998px\" \/><\/figure>\n\n\n\n<div class=\"wp-block-getwid-tabs\" data-active-tab=\"0\"><ul class=\"wp-block-getwid-tabs__nav-links\"><\/ul>\n<div class=\"wp-block-getwid-tabs__nav-link\"><span class=\"wp-block-getwid-tabs__title-wrapper\"><a href=\"#\"><span class=\"wp-block-getwid-tabs__title\">Estades<\/span><\/a><\/span><\/div><div class=\"wp-block-getwid-tabs__tab-content-wrapper\"><div class=\"wp-block-getwid-tabs__tab-content\">\n<p>Les\u00a0<a href=\"http:\/\/serveiseducatius.xtec.cat\/cda-altbergueda\/modalitats\/estades\/\">estades<\/a>: s\u00f3n seq\u00fc\u00e8ncies did\u00e0ctiques de m\u00e9s d\u2019un dia de duraci\u00f3, que requereixen del despla\u00e7ament i allotjament del grup d\u2019alumnes i mestres fins a la seu del CdA o EdA, i que poden tenir una durada de 2 a 5 dies. Els grups d\u2019alumnes s\u2019allotgen en els albergs o cases de col\u00f2nies propers a cada CdA. Al llarg de la seva estada es desenvolupen el projecte i les activitats que s\u2019han acordat pr\u00e8viament entre els docents del CdA\/EdA i els mestres o professors del centre. El disseny d\u2019activitats i la seq\u00fc\u00e8ncia did\u00e0ctica que les acompanya, activitats que es faran abans de l\u2019estada i els treballs posteriors a realitzar al centre, s\u2019acorden a les trobades de coordinaci\u00f3 que es realitzen en diferents moments del curs escolar, per tal de garantir una correcta coordinaci\u00f3 entre els interessos del grup\/centre i l\u2019oferta d\u2019activitats del CdA o l\u2019EdA.<\/p>\n<\/div><\/div>\n\n\n\n<div class=\"wp-block-getwid-tabs__nav-link\"><span class=\"wp-block-getwid-tabs__title-wrapper\"><a href=\"#\"><span class=\"wp-block-getwid-tabs__title\">Sortides<\/span><\/a><\/span><\/div><div class=\"wp-block-getwid-tabs__tab-content-wrapper\"><div class=\"wp-block-getwid-tabs__tab-content\">\n<p>Les\u00a0<a href=\"http:\/\/serveiseducatius.xtec.cat\/cda-altbergueda\/modalitats\/sortides\/\">sortides<\/a>: s\u00f3n activitats d\u2019un dia de durada. Es poden realitzar a l\u2019entorn del proper del centre o despla\u00e7ar-se fins al lloc escollit per a fer l\u2019activitat. En general, no es requereix cap trobada de coordinaci\u00f3 per a fer la sortida, per\u00f2 s\u00ed que \u00e9s important un contacte previ amb els docents del CdA o EdA per acabar de concretar aspectes organitzatius i pedag\u00f2gics amb el centre. En general s\u2019adrecen als centres educatius m\u00e9s propers a cada CdA o EdA.<\/p>\n<\/div><\/div>\n\n\n\n<div class=\"wp-block-getwid-tabs__nav-link\"><span class=\"wp-block-getwid-tabs__title-wrapper\"><a href=\"#\"><span class=\"wp-block-getwid-tabs__title\">Projectes compartits<\/span><\/a><\/span><\/div><div class=\"wp-block-getwid-tabs__tab-content-wrapper\"><div class=\"wp-block-getwid-tabs__tab-content\">\n<p>Els\u00a0<a href=\"https:\/\/serveiseducatius.xtec.cat\/cda-altbergueda\/modalitats\/projectes\/\">projectes compartits<\/a>: s\u00f3n projectes que poden tenir una durada variable (1 mes, 1 trimestre o tot un curs sencer). Els docents del CdA, en estreta col\u00b7laboraci\u00f3 amb els mestres del centre educatiu que hi participen, plantegen un seguit d\u2019activitats per a portar a terme el projecte. Actualment, el CdA de l\u2019Alt Bergued\u00e0 t\u00e9 en marxa <strong>3 projectes compartits<\/strong>: <\/p>\n\n\n\n<ul class=\"wp-block-list\">\n<li><em><a href=\"https:\/\/serveiseducatius.xtec.cat\/cda-altbergueda\/modalitats\/projectes\/coneix-lentorn-del-meu-poble\/\">\u201cConeix l\u2019entorn del meu poble\u201d<\/a><\/em> per a Cicle Superior de prim\u00e0ria.<\/li>\n\n\n\n<li><a href=\"https:\/\/serveiseducatius.xtec.cat\/cda-altbergueda\/modalitats\/projectes\/projecte-hugot-rius-i-rieres-del-bergueda\/\"><em>\u201cProjecte Hugot: rius i rieres del Bergued\u00e0\u201d<\/em> <\/a>per a Cicle Mitj\u00e0 de prim\u00e0ria.<\/li>\n\n\n\n<li> <em><a href=\"https:\/\/serveiseducatius.xtec.cat\/cda-altbergueda\/modalitats\/projectes\/projecte-boscos-del-bergueda\/\">\u201cEls boscos del Bergued\u00e0&#8221;<\/a><\/em> per a Cicle Inicial de prim\u00e0ria.<\/li>\n<\/ul>\n\n\n\n<p>Tot i aix\u00ed, restem oberts a la possibilitat de portar-ne a terme algun altre si algun centre aix\u00ed ho sol\u00b7licita.<\/p>\n<\/div><\/div>\n<\/div>\n","protected":false},"excerpt":{"rendered":"","protected":false},"author":1,"featured_media":0,"parent":0,"menu_order":0,"comment_status":"closed","ping_status":"closed","template":"","meta":{"_bbp_topic_count":0,"_bbp_reply_count":0,"_bbp_total_topic_count":0,"_bbp_total_reply_count":0,"_bbp_voice_count":0,"_bbp_anonymous_reply_count":0,"_bbp_topic_count_hidden":0,"_bbp_reply_count_hidden":0,"_bbp_forum_subforum_count":0,"site-sidebar-layout":"default","site-content-layout":"","ast-site-content-layout":"default","site-content-style":"default","site-sidebar-style":"default","ast-global-header-display":"","ast-banner-title-visibility":"","ast-main-header-display":"","ast-hfb-above-header-display":"","ast-hfb-below-header-display":"","ast-hfb-mobile-header-display":"","site-post-title":"","ast-breadcrumbs-content":"","ast-featured-img":"","footer-sml-layout":"","theme-transparent-header-meta":"","adv-header-id-meta":"","stick-header-meta":"","header-above-stick-meta":"","header-main-stick-meta":"","header-below-stick-meta":"","astra-migrate-meta-layouts":"set","ast-page-background-enabled":"default","ast-page-background-meta":{"desktop":{"background-color":"var(--ast-global-color-4)","background-image":"","background-repeat":"repeat","background-position":"center center","background-size":"auto","background-attachment":"scroll","background-type":"","background-media":"","overlay-type":"","overlay-color":"","overlay-opacity":"","overlay-gradient":""},"tablet":{"background-color":"","background-image":"","background-repeat":"repeat","background-position":"center center","background-size":"auto","background-attachment":"scroll","background-type":"","background-media":"","overlay-type":"","overlay-color":"","overlay-opacity":"","overlay-gradient":""},"mobile":{"background-color":"","background-image":"","background-repeat":"repeat","background-position":"center center","background-size":"auto","background-attachment":"scroll","background-type":"","background-media":"","overlay-type":"","overlay-color":"","overlay-opacity":"","overlay-gradient":""}},"ast-content-background-meta":{"desktop":{"background-color":"var(--ast-global-color-5)","background-image":"","background-repeat":"repeat","background-position":"center center","background-size":"auto","background-attachment":"scroll","background-type":"","background-media":"","overlay-type":"","overlay-color":"","overlay-opacity":"","overlay-gradient":""},"tablet":{"background-color":"var(--ast-global-color-5)","background-image":"","background-repeat":"repeat","background-position":"center center","background-size":"auto","background-attachment":"scroll","background-type":"","background-media":"","overlay-type":"","overlay-color":"","overlay-opacity":"","overlay-gradient":""},"mobile":{"background-color":"var(--ast-global-color-5)","background-image":"","background-repeat":"repeat","background-position":"center center","background-size":"auto","background-attachment":"scroll","background-type":"","background-media":"","overlay-type":"","overlay-color":"","overlay-opacity":"","overlay-gradient":""}},"footnotes":""},"class_list":["post-8260","page","type-page","status-publish","hentry"],"post_mailing_queue_ids":[],"_links":{"self":[{"href":"https:\/\/serveiseducatius.xtec.cat\/cda-altbergueda\/wp-json\/wp\/v2\/pages\/8260","targetHints":{"allow":["GET"]}}],"collection":[{"href":"https:\/\/serveiseducatius.xtec.cat\/cda-altbergueda\/wp-json\/wp\/v2\/pages"}],"about":[{"href":"https:\/\/serveiseducatius.xtec.cat\/cda-altbergueda\/wp-json\/wp\/v2\/types\/page"}],"author":[{"embeddable":true,"href":"https:\/\/serveiseducatius.xtec.cat\/cda-altbergueda\/wp-json\/wp\/v2\/users\/1"}],"replies":[{"embeddable":true,"href":"https:\/\/serveiseducatius.xtec.cat\/cda-altbergueda\/wp-json\/wp\/v2\/comments?post=8260"}],"version-history":[{"count":6,"href":"https:\/\/serveiseducatius.xtec.cat\/cda-altbergueda\/wp-json\/wp\/v2\/pages\/8260\/revisions"}],"predecessor-version":[{"id":15473,"href":"https:\/\/serveiseducatius.xtec.cat\/cda-altbergueda\/wp-json\/wp\/v2\/pages\/8260\/revisions\/15473"}],"wp:attachment":[{"href":"https:\/\/serveiseducatius.xtec.cat\/cda-altbergueda\/wp-json\/wp\/v2\/media?parent=8260"}],"curies":[{"name":"wp","href":"https:\/\/api.w.org\/{rel}","templated":true}]}}