{"id":8235,"date":"2016-06-20T17:26:18","date_gmt":"2016-06-20T16:26:18","guid":{"rendered":"http:\/\/serveiseducatius.xtec.cat\/cda-altbergueda\/?page_id=8235"},"modified":"2026-04-15T09:33:53","modified_gmt":"2026-04-15T07:33:53","slug":"tematiques","status":"publish","type":"page","link":"https:\/\/serveiseducatius.xtec.cat\/cda-altbergueda\/tematiques\/","title":{"rendered":"Tem\u00e0tiques"},"content":{"rendered":"\n<figure class=\"wp-block-image aligncenter is-resized\"><img loading=\"lazy\" decoding=\"async\" width=\"1000\" height=\"250\" src=\"https:\/\/serveiseducatius.xtec.cat\/cda-altbergueda\/wp-content\/uploads\/usu1364\/2016\/06\/Ambits.png\" alt=\"\" class=\"wp-image-8937\" style=\"width:651px;height:auto\" srcset=\"https:\/\/serveiseducatius.xtec.cat\/cda-altbergueda\/wp-content\/uploads\/usu1364\/2016\/06\/Ambits.png 1000w, https:\/\/serveiseducatius.xtec.cat\/cda-altbergueda\/wp-content\/uploads\/usu1364\/2016\/06\/Ambits-300x75.png 300w, https:\/\/serveiseducatius.xtec.cat\/cda-altbergueda\/wp-content\/uploads\/usu1364\/2016\/06\/Ambits-768x192.png 768w\" sizes=\"auto, (max-width: 1000px) 100vw, 1000px\" \/><\/figure>\n\n\n\n<p>Al llarg dels anys hem anat agrupant les nostres activitats en diferents \u00e0mbits relacionats amb l&#8217;entorn del qual gaudim, faci fred o calor, plogui o nevi. Aqu\u00ed trobareu els \u00e0mbits principals de les nostres activitats, per\u00f2 si teniu alguna proposta diferent, estem oberts a parlar-ne.<\/p>\n\n\n\n<div class=\"wp-block-getwid-tabs\" data-active-tab=\"0\"><ul class=\"wp-block-getwid-tabs__nav-links\"><\/ul>\n<div class=\"wp-block-getwid-tabs__nav-link\"><span class=\"wp-block-getwid-tabs__title-wrapper\"><a href=\"#\"><span class=\"wp-block-getwid-tabs__title\">Riu<\/span><\/a><\/span><\/div><div class=\"wp-block-getwid-tabs__tab-content-wrapper\"><div class=\"wp-block-getwid-tabs__tab-content\">\n<p>El&nbsp;<strong>riu Llobregat<\/strong>&nbsp;ha estat hist\u00f2ricament l\u2019eix vertebrador de la comarca del Bergued\u00e0, i \u00e9s per aix\u00f2 que, potser, l\u2019activitat m\u00e9s representativa del nostre Camp d\u2019Aprenentatge t\u00e9 a veure amb el riu, la qualitat de l\u2019aigua i l\u2019estudi dels macroinvertebrats d\u2019aigua dol\u00e7a.<\/p>\n\n\n\n<p><strong>Activitats relacionades:<\/strong><\/p>\n\n\n\n<p><a href=\"https:\/\/serveiseducatius.xtec.cat\/cda-altbergueda\/ambits\/totes-les-activitats\/activitat-la-cova-de-la-tuta-les-fonts-del-llobregat\/\">La cova de la Tuta i les Fonts Llobregat<\/a><br><a href=\"https:\/\/serveiseducatius.xtec.cat\/cda-altbergueda\/ambits\/totes-les-activitats\/estudi-del-curs-alt-del-riu-llobregat\/\">Estudi del curs alt del riu Llobregat<\/a><br><a href=\"https:\/\/serveiseducatius.xtec.cat\/cda-altbergueda\/modalitats\/projectes\/projecte-hugot-rius-i-rieres-del-bergueda\/\">Projecte Hugot: rius i rieres del Bergued\u00e0<\/a>&nbsp;(nom\u00e9s centres de la comarca)<br><a href=\"http:\/\/serveiseducatius.xtec.cat\/cda-altbergueda\/ambits\/totes-les-activitats\/activitat-analisi-fisicoquimic-de-laigua-del-riu-llobregat\/\">An\u00e0lisi fisicoqu\u00edmic de l\u2019aigua del riu Llobregat<\/a><br><a href=\"http:\/\/serveiseducatius.xtec.cat\/cda-altbergueda\/ambits\/totes-les-activitats\/activitat-analisi-fisicoquimic-i-biologic-de-laigua-del-riu-llobregat\/\">An\u00e0lisi fisicoqu\u00edmic i biol\u00f2gic de l\u2019aigua del riu Llobregat<\/a><\/p>\n<\/div><\/div>\n\n\n\n<div class=\"wp-block-getwid-tabs__nav-link\"><span class=\"wp-block-getwid-tabs__title-wrapper\"><a href=\"#\"><span class=\"wp-block-getwid-tabs__title\">Bosc<\/span><\/a><\/span><\/div><div class=\"wp-block-getwid-tabs__tab-content-wrapper\"><div class=\"wp-block-getwid-tabs__tab-content\">\n<p>El Bergued\u00e0 \u00e9s, avui en dia, una comarca amb una gran massa boscosa, on trobem pr\u00e0cticament tots els estatges de vegetaci\u00f3, per tant esdev\u00e9 una comarca perfecta per treballar la vegetaci\u00f3 i els boscos, amb les seves especificitats, distribuci\u00f3 i aprofitament.<\/p>\n\n\n\n<p><strong>Activitats relacionades:<\/strong><br><a href=\"http:\/\/serveiseducatius.xtec.cat\/cda-altbergueda\/ambits\/totes-les-activitats\/activitat-el-bosc-estudi-dun-ecosistema\/\"><br><\/a><a href=\"http:\/\/serveiseducatius.xtec.cat\/cda-altbergueda\/ambits\/totes-les-activitats\/fongs-bolets\/\">Els fongs i els bolets<\/a><br><a href=\"https:\/\/serveiseducatius.xtec.cat\/cda-altbergueda\/ambits\/totes-les-activitats\/activitat-vegetacio-dun-bosc-proper\/\">Vegetaci\u00f3 d\u2019un bosc proper<\/a><br><a href=\"https:\/\/serveiseducatius.xtec.cat\/cda-altbergueda\/ambits\/totes-les-activitats\/activitat-estudi-del-bosc-de-la-sala\/\">Estudi del bosc de La Sala<\/a><a href=\"http:\/\/serveiseducatius.xtec.cat\/cda-altbergueda\/ambits\/totes-les-activitats\/fongs-bolets\/\"><br><\/a><a href=\"https:\/\/serveiseducatius.xtec.cat\/cda-altbergueda\/ambits\/totes-les-activitats\/activitat-estatges-de-vegetacio\/\">Estatges de vegetaci\u00f3 (Coll de Pal)<\/a><a href=\"http:\/\/serveiseducatius.xtec.cat\/cda-altbergueda\/ambits\/totes-les-activitats\/fongs-bolets\/\"><br><\/a><a href=\"https:\/\/serveiseducatius.xtec.cat\/cda-altbergueda\/ambits\/totes-les-activitats\/activitat-el-bosc-estudi-dun-ecosistema\/\">El bosc: estudi d&#8217;un ecosistema<\/a><\/p>\n<\/div><\/div>\n\n\n\n<div class=\"wp-block-getwid-tabs__nav-link\"><span class=\"wp-block-getwid-tabs__title-wrapper\"><a href=\"#\"><span class=\"wp-block-getwid-tabs__title\">Paisatge<\/span><\/a><\/span><\/div><div class=\"wp-block-getwid-tabs__tab-content-wrapper\"><div class=\"wp-block-getwid-tabs__tab-content\">\n<p>Comarca del pre-Pirineu catal\u00e0, de Berga en amunt s\u2019alcen les muntanyes, els seus amplis horitzons i relleus, primer suaus i despr\u00e9s m\u00e9s abruptes, amb valls tancades i cims imponents que les envolten, essent el Pedraforca la m\u00e9s ic\u00f2nica i representativa. Diferents paisatges on s\u2019observa la m\u00e0 de l\u2019home (o la seva abs\u00e8ncia) ens permeten treballar entorns i paisatges \u00fanics que han anat canviant, lligats a l\u2019economia productiva de la comarca i els seus recursos al llarg de la hist\u00f2ria.<\/p>\n\n\n\n<p><strong>Activitats relacionades:<\/strong><br><a href=\"http:\/\/serveiseducatius.xtec.cat\/cda-altbergueda\/ambits\/totes-les-activitats\/activitat-el-paisatge-del-pedraforca\/\">El paisatge del Pedraforca<\/a><br><a href=\"http:\/\/serveiseducatius.xtec.cat\/cda-altbergueda\/ambits\/totes-les-activitats\/activitat-castellar-de-nhug-i-les-fonts-del-llobregat\/\">Castellar de n\u2019Hug i les Fonts del Llobregat<\/a><br><a href=\"https:\/\/serveiseducatius.xtec.cat\/cda-altbergueda\/ambits\/totes-les-activitats\/activitat-coll-de-la-creueta-la-tuta-i-fonts-del-llobregat\/\">Coll de la Creueta, cova de la Tuta i Fonts del Llobregat<\/a><\/p>\n<\/div><\/div>\n\n\n\n<div class=\"wp-block-getwid-tabs__nav-link\"><span class=\"wp-block-getwid-tabs__title-wrapper\"><a href=\"#\"><span class=\"wp-block-getwid-tabs__title\">Hist\u00f2ria<\/span><\/a><\/span><\/div><div class=\"wp-block-getwid-tabs__tab-content-wrapper\"><div class=\"wp-block-getwid-tabs__tab-content\">\n<p><strong>Activitats relacionades:<\/strong><\/p>\n\n\n\n<ul class=\"wp-block-list\">\n<li><a href=\"https:\/\/serveiseducatius.xtec.cat\/cda-altbergueda\/tematiques\/activitat-baga-una-vila-medieval\/\">Bag\u00e0 una vila medieval (Escape Town)<\/a><\/li>\n\n\n\n<li><a href=\"https:\/\/serveiseducatius.xtec.cat\/cda-altbergueda\/tematiques\/activitat-ledat-mitjana-a-lalt-bergueda\/\">L\u2019Edat mitjana a l\u2019Alt Bergued\u00e0<\/a><\/li>\n\n\n\n<li><a href=\"https:\/\/serveiseducatius.xtec.cat\/cda-altbergueda\/ambits\/totes-les-activitats\/activitat-colonies-textils\/\">Les col\u00f2nies t\u00e8xtils<\/a><\/li>\n\n\n\n<li><a href=\"https:\/\/serveiseducatius.xtec.cat\/cda-altbergueda\/tematiques\/activitat-un-tomb-per-berga\/\">Un tomb per Berga<\/a><\/li>\n<\/ul>\n\n\n\n<p><strong>Projectes compartits relacionats:<\/strong><\/p>\n\n\n\n<ul class=\"wp-block-list\">\n<li><a href=\"http:\/\/serveiseducatius.xtec.cat\/cda-altbergueda\/ambits\/totes-les-activitats\/coneix-lentorn-del-meu-poble\/\">Projecte entorn: Coneix l\u2019entorn del meu poble<\/a><\/li>\n<\/ul>\n\n\n\n<p><strong>Recursos relacionats:<\/strong><\/p>\n\n\n\n<p>Una vida a la col\u00f2nia<\/p>\n<\/div><\/div>\n\n\n\n<div class=\"wp-block-getwid-tabs__nav-link\"><span class=\"wp-block-getwid-tabs__title-wrapper\"><a href=\"#\"><span class=\"wp-block-getwid-tabs__title\">Orientaci\u00f3<\/span><\/a><\/span><\/div><div class=\"wp-block-getwid-tabs__tab-content-wrapper\"><div class=\"wp-block-getwid-tabs__tab-content\">\n<p>El treball amb els mapes topogr\u00e0fics, ortofotomapes, aplicacions de geolocalitzaci\u00f3, la iniciaci\u00f3 en la lectura de mapes i l\u2019\u00fas de br\u00faixoles i GPS forma part de l\u2019activitat del nostre Camp d\u2019Aprenentatge des de fa una bona colla d\u2019anys. La comarca del Bergued\u00e0, i els entorns que visitem en algunes de les nostres activitats, s\u00f3n propicis per treballar la cartografia i els dispositius per de georeferenciaci\u00f3 que permeten seguir o tra\u00e7ar rutes i itineraris. &nbsp;Actualment amb els dispositius port\u00e0tils dels alumnes, especialment de secund\u00e0ria, han sorgit una s\u00e8rie d\u2019aplicacions que permeten iniciar-se o profunditzar en aquesta tem\u00e0tica, i que tamb\u00e9 hem integrat en algunes activitats del CdA de l\u2019Alt Bergued\u00e0. L\u2019entorn de la Sala ofereix excel\u00b7lents possibilitats per treballar aquest aspecte del curr\u00edculum i iniciar-se en la preparaci\u00f3 i seguiment de rutes que ja hi tenim muntades.<\/p>\n\n\n\n<p><strong>Activitats relacionades:<\/strong><\/p>\n\n\n\n<ul class=\"wp-block-list\">\n<li><a href=\"http:\/\/serveiseducatius.xtec.cat\/cda-altbergueda\/ambits\/totes-les-activitats\/activitat-iniciacio-a-lus-del-gps\/\">Iniciaci\u00f3 en l\u2019\u00fas del GPS<\/a><\/li>\n<\/ul>\n\n\n\n<p><strong>Projectes compartits relacionats:<\/strong><\/p>\n\n\n\n<ul class=\"wp-block-list\">\n<li><a href=\"http:\/\/serveiseducatius.xtec.cat\/cda-altbergueda\/ambits\/totes-les-activitats\/coneix-lentorn-del-meu-poble\/\">Projecte entorn: Coneix l\u2019entorn del meu poble<\/a><\/li>\n<\/ul>\n\n\n\n<p><strong>Recursos relacionats:<\/strong><\/p>\n\n\n\n<p><a href=\"https:\/\/drive.google.com\/file\/d\/0B3bKbe2nPP6odVlBeV9xcWVucGc\/view?usp=sharing\">Presentaci\u00f3: El GPS<\/a><\/p>\n\n\n\n<p><a href=\"https:\/\/drive.google.com\/file\/d\/0B3bKbe2nPP6oRVg1ODlyMU9rMWM\/view?usp=sharing\">Tutorial Google maps<\/a><\/p>\n\n\n\n<p><a href=\"https:\/\/drive.google.com\/file\/d\/0B3bKbe2nPP6oNlk2RjNUV08xVEk\/view?usp=sharing\">Tutorial Catalunya offline<\/a><\/p>\n\n\n\n<p><a href=\"https:\/\/drive.google.com\/file\/d\/0B3bKbe2nPP6oWFptVklMTEZ5UTg\/view?usp=sharing\">Presentaci\u00f3: La br\u00faixola<\/a><\/p>\n<\/div><\/div>\n\n\n\n<div class=\"wp-block-getwid-tabs__nav-link\"><span class=\"wp-block-getwid-tabs__title-wrapper\"><a href=\"#\"><span class=\"wp-block-getwid-tabs__title\">Altres<\/span><\/a><\/span><\/div><div class=\"wp-block-getwid-tabs__tab-content-wrapper\"><div class=\"wp-block-getwid-tabs__tab-content\">\n<p>Altres tem\u00e0tiques que tracten les nostres activitats estant relacionades amb la orientaci\u00f3 al medi natural o urb\u00e0, amb diferents elements patrimonials i hist\u00f2rics de la comarca del Bergued\u00e0 i tamb\u00e9 amb aspectes de la geologia a Coll de Pal.<\/p>\n\n\n\n<p><strong>Activitats relacionades:<\/strong><br><a href=\"http:\/\/serveiseducatius.xtec.cat\/cda-altbergueda\/ambits\/totes-les-activitats\/activitat-itinerari-geologic-a-coll-de-pal\/\">Itinerari geol\u00f2gic a Coll de Pal<\/a><br><a href=\"http:\/\/serveiseducatius.xtec.cat\/cda-altbergueda\/ambits\/totes-les-activitats\/activitat-fem-dalquimistes\/\">Fem d&#8217;alquimistes (activitat en pr\u00e9stec)<\/a><\/p>\n\n\n\n<p><a href=\"https:\/\/serveiseducatius.xtec.cat\/cda-altbergueda\/tematiques\/activitat-a-concretar\/\">Activitat a concretar<\/a><\/p>\n<\/div><\/div>\n<\/div>\n","protected":false},"excerpt":{"rendered":"<p>Al llarg dels anys hem anat agrupant les nostres activitats en diferents \u00e0mbits relacionats amb l&#8217;entorn del qual gaudim, faci fred o calor, plogui o nevi. Aqu\u00ed trobareu els \u00e0mbits principals de les nostres activitats, per\u00f2 si teniu alguna proposta diferent, estem oberts a parlar-ne.<\/p>\n","protected":false},"author":1,"featured_media":0,"parent":0,"menu_order":0,"comment_status":"closed","ping_status":"closed","template":"","meta":{"_bbp_topic_count":0,"_bbp_reply_count":0,"_bbp_total_topic_count":0,"_bbp_total_reply_count":0,"_bbp_voice_count":0,"_bbp_anonymous_reply_count":0,"_bbp_topic_count_hidden":0,"_bbp_reply_count_hidden":0,"_bbp_forum_subforum_count":0,"site-sidebar-layout":"default","site-content-layout":"","ast-site-content-layout":"default","site-content-style":"default","site-sidebar-style":"default","ast-global-header-display":"","ast-banner-title-visibility":"","ast-main-header-display":"","ast-hfb-above-header-display":"","ast-hfb-below-header-display":"","ast-hfb-mobile-header-display":"","site-post-title":"","ast-breadcrumbs-content":"","ast-featured-img":"","footer-sml-layout":"","theme-transparent-header-meta":"","adv-header-id-meta":"","stick-header-meta":"","header-above-stick-meta":"","header-main-stick-meta":"","header-below-stick-meta":"","astra-migrate-meta-layouts":"set","ast-page-background-enabled":"default","ast-page-background-meta":{"desktop":{"background-color":"var(--ast-global-color-4)","background-image":"","background-repeat":"repeat","background-position":"center center","background-size":"auto","background-attachment":"scroll","background-type":"","background-media":"","overlay-type":"","overlay-color":"","overlay-opacity":"","overlay-gradient":""},"tablet":{"background-color":"","background-image":"","background-repeat":"repeat","background-position":"center center","background-size":"auto","background-attachment":"scroll","background-type":"","background-media":"","overlay-type":"","overlay-color":"","overlay-opacity":"","overlay-gradient":""},"mobile":{"background-color":"","background-image":"","background-repeat":"repeat","background-position":"center center","background-size":"auto","background-attachment":"scroll","background-type":"","background-media":"","overlay-type":"","overlay-color":"","overlay-opacity":"","overlay-gradient":""}},"ast-content-background-meta":{"desktop":{"background-color":"var(--ast-global-color-5)","background-image":"","background-repeat":"repeat","background-position":"center center","background-size":"auto","background-attachment":"scroll","background-type":"","background-media":"","overlay-type":"","overlay-color":"","overlay-opacity":"","overlay-gradient":""},"tablet":{"background-color":"var(--ast-global-color-5)","background-image":"","background-repeat":"repeat","background-position":"center center","background-size":"auto","background-attachment":"scroll","background-type":"","background-media":"","overlay-type":"","overlay-color":"","overlay-opacity":"","overlay-gradient":""},"mobile":{"background-color":"var(--ast-global-color-5)","background-image":"","background-repeat":"repeat","background-position":"center center","background-size":"auto","background-attachment":"scroll","background-type":"","background-media":"","overlay-type":"","overlay-color":"","overlay-opacity":"","overlay-gradient":""}},"footnotes":""},"class_list":["post-8235","page","type-page","status-publish","hentry"],"post_mailing_queue_ids":[],"_links":{"self":[{"href":"https:\/\/serveiseducatius.xtec.cat\/cda-altbergueda\/wp-json\/wp\/v2\/pages\/8235","targetHints":{"allow":["GET"]}}],"collection":[{"href":"https:\/\/serveiseducatius.xtec.cat\/cda-altbergueda\/wp-json\/wp\/v2\/pages"}],"about":[{"href":"https:\/\/serveiseducatius.xtec.cat\/cda-altbergueda\/wp-json\/wp\/v2\/types\/page"}],"author":[{"embeddable":true,"href":"https:\/\/serveiseducatius.xtec.cat\/cda-altbergueda\/wp-json\/wp\/v2\/users\/1"}],"replies":[{"embeddable":true,"href":"https:\/\/serveiseducatius.xtec.cat\/cda-altbergueda\/wp-json\/wp\/v2\/comments?post=8235"}],"version-history":[{"count":6,"href":"https:\/\/serveiseducatius.xtec.cat\/cda-altbergueda\/wp-json\/wp\/v2\/pages\/8235\/revisions"}],"predecessor-version":[{"id":15567,"href":"https:\/\/serveiseducatius.xtec.cat\/cda-altbergueda\/wp-json\/wp\/v2\/pages\/8235\/revisions\/15567"}],"wp:attachment":[{"href":"https:\/\/serveiseducatius.xtec.cat\/cda-altbergueda\/wp-json\/wp\/v2\/media?parent=8235"}],"curies":[{"name":"wp","href":"https:\/\/api.w.org\/{rel}","templated":true}]}}