{"id":823,"date":"2014-05-07T10:18:07","date_gmt":"2014-05-07T09:18:07","guid":{"rendered":"http:\/\/blocs.xtec.cat\/cdaaltbergueda\/?page_id=823"},"modified":"2026-04-14T16:54:00","modified_gmt":"2026-04-14T14:54:00","slug":"projecte-educatiu-dadopcio-de-monuments","status":"publish","type":"page","link":"https:\/\/serveiseducatius.xtec.cat\/cda-altbergueda\/tematiques\/projecte-educatiu-dadopcio-de-monuments\/","title":{"rendered":"Projecte Adoptem el nostre patrimoni"},"content":{"rendered":"\n<figure class=\"wp-block-image aligncenter size-full\"><img loading=\"lazy\" decoding=\"async\" width=\"1000\" height=\"250\" src=\"https:\/\/serveiseducatius.xtec.cat\/cda-altbergueda\/wp-content\/uploads\/usu1364\/2025\/12\/EdatmitjanaAltBergueda.png\" alt=\"\" class=\"wp-image-15449\" srcset=\"https:\/\/serveiseducatius.xtec.cat\/cda-altbergueda\/wp-content\/uploads\/usu1364\/2025\/12\/EdatmitjanaAltBergueda.png 1000w, https:\/\/serveiseducatius.xtec.cat\/cda-altbergueda\/wp-content\/uploads\/usu1364\/2025\/12\/EdatmitjanaAltBergueda-300x75.png 300w, https:\/\/serveiseducatius.xtec.cat\/cda-altbergueda\/wp-content\/uploads\/usu1364\/2025\/12\/EdatmitjanaAltBergueda-768x192.png 768w\" sizes=\"auto, (max-width: 1000px) 100vw, 1000px\" \/><\/figure>\n\n\n\n<figure class=\"wp-block-table\"><table class=\"has-background has-fixed-layout\" style=\"background-color:#96c856;border-style:none;border-width:0px\"><tbody><tr><td><strong>MODALITAT:<\/strong><\/td><\/tr><tr><td>Projectes compartits<\/td><\/tr><\/tbody><\/table><\/figure>\n\n\n\n<p>Des del CdA de l&#8217;Alt Bergued\u00e0 oferim suport als centres que tinguin ganes de participar en aquest projecte de l&#8217;<strong>\u00e0mbit de&nbsp;les ci\u00e8ncies socials<\/strong> adre\u00e7at a alumnes de Cicle Superior de Prim\u00e0ria o de l&#8217;Educaci\u00f3 Secund\u00e0ria Obligat\u00f2ria.<\/p>\n\n\n\n<p>Es tracta que l&#8217;escola o institut adopti un element patrimonial proper al centre com a objecte d&#8217;estudi, de recerca i de difusi\u00f3 del qu\u00e8 ha suposat.&nbsp;Aquest element ser\u00e0 el centre d&#8217;una s\u00e8rie d&#8217;activitats encaminades a posar-lo en context, a entendre&#8217;l, a respectar-lo, a fer-ne difusi\u00f3&#8230; de manera que els alumnes se&#8217;l facin seu. El treball amb les diferents fonts d&#8217;informaci\u00f3 que es tinguin a l&#8217;abast, el treball de camp i les accions de difusi\u00f3 o conservaci\u00f3 que es pugin portar a terme, de ben segur, poden proporcionar una bona base per aconseguir l&#8217;objectiu de posar en valor, a ulls dels alumnes i de tota la comunitat, el &#8220;seu&#8221; patrimoni, el que tenen m\u00e9s a tocar de casa seva.<\/p>\n\n\n\n<p>El&nbsp;<b>Projecte Educatiu d&#8217;adopci\u00f3 de monuments: &#8220;Adoptem el nostre patrimoni&#8221; (ANP)<\/b>&nbsp;\u00e9s una proposta de treball en xarxa per dinamitzar el coneixement del patrimoni hist\u00f2ric i arqueol\u00f2gic de cada municipi a trav\u00e9s d\u2019un treball espec\u00edfic als centres educatius en torn a un \u201cmonument\u201d proper que fomenti, no nom\u00e9s l&#8217;apropament a la hist\u00f2ria local, sin\u00f3 tamb\u00e9 la cohesi\u00f3 social a partir de la construcci\u00f3 de valors c\u00edvics i vincles identitaris comuns. Aquesta proposta educativa possibilita formes complement\u00e0ries d\u2019aprenentatge i de&nbsp;valoraci\u00f3 del patrimoni hist\u00f2ric i cultural en l\u2019entorn local i pret\u00e9n implicar tan&nbsp;els centres educatius, com la comunitat escolar en el seu conjunt: municipis i entitats locals o comarcals que formin part de l\u2019entorn proper dels centres participants.<\/p>\n\n\n\n<p>L&#8217;origen d&#8217;aquest projecte es remunta a l\u2019any 1994 quan un programa cultural de la Uni\u00f3 Europea va impulsar el projecte&nbsp;<i>L&#8217;escola adopta un monument&nbsp;<\/i>en el marc del qual noies i nois de totes les edats van treballar sobre un monument local. Prenent com a inspiraci\u00f3 principal aquest projecte, per\u00f2 tamb\u00e9 molts altres amb la mateixa orientaci\u00f3 portats a terme arreu d&#8217;Europa, el <b><a href=\"http:\/\/cepap.uab.cat\/\" target=\"_blank\" rel=\"nofollow noopener\">Centre d\u2019Estudis del Patrimoni Arqueol\u00f2gic de la Prehist\u00f2ria de la Universitat Aut\u00f2noma de Barcelona<\/a><\/b>, en col\u00b7laboraci\u00f3 amb entitats locals i comarcals, impuls\u00e0 des del curs 2004\/05 aquest programa a Catalunya adaptant-lo a les caracter\u00edstiques de la nostra realitat cultural i educativa. Des del curs 2006\/2007, el&nbsp;<b><a href=\"http:\/\/xtec.cat\/cda-noguera\" target=\"_blank\" rel=\"nofollow noopener\">Camp d\u2019Aprenentatge de la Noguera<\/a><\/b>, participa en la seva coordinaci\u00f3 i en el suport did\u00e0ctic als projectes escolars.<\/p>\n\n\n\n<p><strong>Enlla\u00e7os:<\/strong><\/p>\n\n\n\n<ul class=\"wp-block-list\">\n<li><a href=\"https:\/\/sites.google.com\/xtec.cat\/projecteadopciopatrimoni\/inici\">Web ANP<\/a><\/li>\n<\/ul>\n","protected":false},"excerpt":{"rendered":"<p>MODALITAT: Projectes compartits Des del CdA de l&#8217;Alt Bergued\u00e0 oferim suport als centres que tinguin ganes de participar en aquest projecte de l&#8217;\u00e0mbit de&nbsp;les ci\u00e8ncies socials adre\u00e7at a alumnes de Cicle Superior de Prim\u00e0ria o de l&#8217;Educaci\u00f3 Secund\u00e0ria Obligat\u00f2ria. Es tracta que l&#8217;escola o institut adopti un element patrimonial proper al centre com a objecte [&hellip;]<\/p>\n","protected":false},"author":1,"featured_media":0,"parent":8235,"menu_order":74,"comment_status":"closed","ping_status":"closed","template":"","meta":{"_bbp_topic_count":0,"_bbp_reply_count":0,"_bbp_total_topic_count":0,"_bbp_total_reply_count":0,"_bbp_voice_count":0,"_bbp_anonymous_reply_count":0,"_bbp_topic_count_hidden":0,"_bbp_reply_count_hidden":0,"_bbp_forum_subforum_count":0,"site-sidebar-layout":"default","site-content-layout":"","ast-site-content-layout":"default","site-content-style":"default","site-sidebar-style":"default","ast-global-header-display":"","ast-banner-title-visibility":"","ast-main-header-display":"","ast-hfb-above-header-display":"","ast-hfb-below-header-display":"","ast-hfb-mobile-header-display":"","site-post-title":"","ast-breadcrumbs-content":"","ast-featured-img":"","footer-sml-layout":"","theme-transparent-header-meta":"","adv-header-id-meta":"","stick-header-meta":"","header-above-stick-meta":"","header-main-stick-meta":"","header-below-stick-meta":"","astra-migrate-meta-layouts":"set","ast-page-background-enabled":"default","ast-page-background-meta":{"desktop":{"background-color":"var(--ast-global-color-4)","background-image":"","background-repeat":"repeat","background-position":"center center","background-size":"auto","background-attachment":"scroll","background-type":"","background-media":"","overlay-type":"","overlay-color":"","overlay-opacity":"","overlay-gradient":""},"tablet":{"background-color":"","background-image":"","background-repeat":"repeat","background-position":"center center","background-size":"auto","background-attachment":"scroll","background-type":"","background-media":"","overlay-type":"","overlay-color":"","overlay-opacity":"","overlay-gradient":""},"mobile":{"background-color":"","background-image":"","background-repeat":"repeat","background-position":"center center","background-size":"auto","background-attachment":"scroll","background-type":"","background-media":"","overlay-type":"","overlay-color":"","overlay-opacity":"","overlay-gradient":""}},"ast-content-background-meta":{"desktop":{"background-color":"var(--ast-global-color-5)","background-image":"","background-repeat":"repeat","background-position":"center center","background-size":"auto","background-attachment":"scroll","background-type":"","background-media":"","overlay-type":"","overlay-color":"","overlay-opacity":"","overlay-gradient":""},"tablet":{"background-color":"var(--ast-global-color-5)","background-image":"","background-repeat":"repeat","background-position":"center center","background-size":"auto","background-attachment":"scroll","background-type":"","background-media":"","overlay-type":"","overlay-color":"","overlay-opacity":"","overlay-gradient":""},"mobile":{"background-color":"var(--ast-global-color-5)","background-image":"","background-repeat":"repeat","background-position":"center center","background-size":"auto","background-attachment":"scroll","background-type":"","background-media":"","overlay-type":"","overlay-color":"","overlay-opacity":"","overlay-gradient":""}},"footnotes":""},"class_list":["post-823","page","type-page","status-publish","hentry"],"post_mailing_queue_ids":[],"_links":{"self":[{"href":"https:\/\/serveiseducatius.xtec.cat\/cda-altbergueda\/wp-json\/wp\/v2\/pages\/823","targetHints":{"allow":["GET"]}}],"collection":[{"href":"https:\/\/serveiseducatius.xtec.cat\/cda-altbergueda\/wp-json\/wp\/v2\/pages"}],"about":[{"href":"https:\/\/serveiseducatius.xtec.cat\/cda-altbergueda\/wp-json\/wp\/v2\/types\/page"}],"author":[{"embeddable":true,"href":"https:\/\/serveiseducatius.xtec.cat\/cda-altbergueda\/wp-json\/wp\/v2\/users\/1"}],"replies":[{"embeddable":true,"href":"https:\/\/serveiseducatius.xtec.cat\/cda-altbergueda\/wp-json\/wp\/v2\/comments?post=823"}],"version-history":[{"count":6,"href":"https:\/\/serveiseducatius.xtec.cat\/cda-altbergueda\/wp-json\/wp\/v2\/pages\/823\/revisions"}],"predecessor-version":[{"id":15452,"href":"https:\/\/serveiseducatius.xtec.cat\/cda-altbergueda\/wp-json\/wp\/v2\/pages\/823\/revisions\/15452"}],"up":[{"embeddable":true,"href":"https:\/\/serveiseducatius.xtec.cat\/cda-altbergueda\/wp-json\/wp\/v2\/pages\/8235"}],"wp:attachment":[{"href":"https:\/\/serveiseducatius.xtec.cat\/cda-altbergueda\/wp-json\/wp\/v2\/media?parent=823"}],"curies":[{"name":"wp","href":"https:\/\/api.w.org\/{rel}","templated":true}]}}