{"id":600,"date":"2013-12-13T12:20:59","date_gmt":"2013-12-13T12:20:59","guid":{"rendered":"http:\/\/blocs.xtec.cat\/plantillacda\/?page_id=600"},"modified":"2025-12-18T09:53:57","modified_gmt":"2025-12-18T08:53:57","slug":"trobades-de-coordinacio","status":"publish","type":"page","link":"https:\/\/serveiseducatius.xtec.cat\/cda-altbergueda\/amb-els-centres\/trobades-de-coordinacio\/","title":{"rendered":"Trobades de coordinaci\u00f3"},"content":{"rendered":"\n<figure class=\"wp-block-image aligncenter\"><img loading=\"lazy\" decoding=\"async\" width=\"150\" height=\"150\" src=\"https:\/\/serveiseducatius.xtec.cat\/cda-altbergueda\/wp-content\/uploads\/usu1364\/2024\/06\/coordinacion-3-150x150.png\" alt=\"\" class=\"wp-image-14047\" srcset=\"https:\/\/serveiseducatius.xtec.cat\/cda-altbergueda\/wp-content\/uploads\/usu1364\/2024\/06\/coordinacion-3-150x150.png 150w, https:\/\/serveiseducatius.xtec.cat\/cda-altbergueda\/wp-content\/uploads\/usu1364\/2024\/06\/coordinacion-3-300x300.png 300w, https:\/\/serveiseducatius.xtec.cat\/cda-altbergueda\/wp-content\/uploads\/usu1364\/2024\/06\/coordinacion-3.png 512w\" sizes=\"auto, (max-width: 150px) 100vw, 150px\" \/><\/figure>\n\n\n\n<p>Els CdA \/ EdA informaran de les dates de les trobades de coordinaci\u00f3 amb els centres <strong>en el&nbsp;full d\u2019acceptaci\u00f3 de les estades i sortides<\/strong>&nbsp;que genera l&#8217;aplicaci\u00f3 d&#8217;inscripci\u00f3 CAMPS.<\/p>\n\n\n\n<p>La direcci\u00f3 del centre garantir\u00e0 el moment de&nbsp;comunicaci\u00f3&nbsp;amb el CdA \/ EdA i procurar\u00e0 que el professorat tutor del grup o professor de l\u2019\u00e0mbit curricular assisteixi a la&nbsp;trobada de coordinaci\u00f3&nbsp;per planificar la&nbsp;implementaci\u00f3&nbsp;de l&#8217;estada i l&#8217;avaluaci\u00f3.<\/p>\n\n\n\n<p>At\u00e8s que els&nbsp;CdA \/ EdA&nbsp;treballen conjuntament amb els centres educatius, <strong>les trobades de coordinaci\u00f3 es consideren&nbsp;sessions de treball naturals del funcionament dels&nbsp;CdA \/ EdA<\/strong>&nbsp;i \u00e9s per aix\u00f2 que d&#8217;acord amb la normativa de formaci\u00f3 no generen&nbsp;certificaci\u00f3.<\/p>\n\n\n\n<h4 class=\"wp-block-heading\">Preparaci\u00f3 de l\u2019estada<\/h4>\n\n\n\n<p>El CdA\/EdA us oferir\u00e0 propostes en quant a l\u2019oferta, d\u2019un o m\u00e9s models de treball previ a realitzar al centre abans dels dies de l\u2019estada, aix\u00ed com models de treball posterior. En cas que el vostre centre tingui alguna altra proposta diferent pel qu\u00e8 fa a la preparaci\u00f3 o al treball posterior, la trobada de coordinaci\u00f3 \u00e9s el moment de comunicar-ho i d&#8217;acordar quins treballs es portaran a terme.<\/p>\n\n\n\n<p>Des de la trobada de coordinaci\u00f3 fins a l&#8217;inici de l\u2019estada, i especialment durant els dos mesos anteriors, es far\u00e0 el seguiment, la concreci\u00f3 i el suport del treball previ acordat en cada cas.<\/p>\n\n\n\n<h4 class=\"wp-block-heading\">Tasques de l&#8217;equip docent del centre durant l&#8217;estada<\/h4>\n\n\n\n<p>Durant l&#8217;estada comptem amb la <strong>participaci\u00f3 activa<\/strong> durant les activitats de tot l&#8217;equip docent que acompanya el grup, per tal que els aprenentatges siguin significatius i vinculats amb el treball a l&#8217;aula, que es du a terme abans i despr\u00e9s de l&#8217;estada. En el seg\u00fcent v\u00eddeo podeu veure quines s\u00f3n les tasques que han de dur a terme l&#8217;equip docent durant l&#8217;estada al Camp d&#8217;Aprenentatge.<\/p>\n\n\n\n<figure class=\"wp-block-video\"><video controls src=\"https:\/\/serveiseducatius.xtec.cat\/cda-altbergueda\/wp-content\/uploads\/usu1364\/2021\/09\/tasques-mestes-estada_XS.mp4\"><\/video><\/figure>\n","protected":false},"excerpt":{"rendered":"<p>Els CdA \/ EdA informaran de les dates de les trobades de coordinaci\u00f3 amb els centres en el&nbsp;full d\u2019acceptaci\u00f3 de les estades i sortides&nbsp;que genera l&#8217;aplicaci\u00f3 d&#8217;inscripci\u00f3 CAMPS. La direcci\u00f3 del centre garantir\u00e0 el moment de&nbsp;comunicaci\u00f3&nbsp;amb el CdA \/ EdA i procurar\u00e0 que el professorat tutor del grup o professor de l\u2019\u00e0mbit curricular assisteixi a [&hellip;]<\/p>\n","protected":false},"author":1,"featured_media":0,"parent":8272,"menu_order":20,"comment_status":"closed","ping_status":"closed","template":"","meta":{"_bbp_topic_count":0,"_bbp_reply_count":0,"_bbp_total_topic_count":0,"_bbp_total_reply_count":0,"_bbp_voice_count":0,"_bbp_anonymous_reply_count":0,"_bbp_topic_count_hidden":0,"_bbp_reply_count_hidden":0,"_bbp_forum_subforum_count":0,"site-sidebar-layout":"default","site-content-layout":"","ast-site-content-layout":"default","site-content-style":"default","site-sidebar-style":"default","ast-global-header-display":"","ast-banner-title-visibility":"","ast-main-header-display":"","ast-hfb-above-header-display":"","ast-hfb-below-header-display":"","ast-hfb-mobile-header-display":"","site-post-title":"","ast-breadcrumbs-content":"","ast-featured-img":"","footer-sml-layout":"","theme-transparent-header-meta":"","adv-header-id-meta":"","stick-header-meta":"","header-above-stick-meta":"","header-main-stick-meta":"","header-below-stick-meta":"","astra-migrate-meta-layouts":"set","ast-page-background-enabled":"default","ast-page-background-meta":{"desktop":{"background-color":"var(--ast-global-color-4)","background-image":"","background-repeat":"repeat","background-position":"center center","background-size":"auto","background-attachment":"scroll","background-type":"","background-media":"","overlay-type":"","overlay-color":"","overlay-opacity":"","overlay-gradient":""},"tablet":{"background-color":"","background-image":"","background-repeat":"repeat","background-position":"center center","background-size":"auto","background-attachment":"scroll","background-type":"","background-media":"","overlay-type":"","overlay-color":"","overlay-opacity":"","overlay-gradient":""},"mobile":{"background-color":"","background-image":"","background-repeat":"repeat","background-position":"center center","background-size":"auto","background-attachment":"scroll","background-type":"","background-media":"","overlay-type":"","overlay-color":"","overlay-opacity":"","overlay-gradient":""}},"ast-content-background-meta":{"desktop":{"background-color":"var(--ast-global-color-5)","background-image":"","background-repeat":"repeat","background-position":"center center","background-size":"auto","background-attachment":"scroll","background-type":"","background-media":"","overlay-type":"","overlay-color":"","overlay-opacity":"","overlay-gradient":""},"tablet":{"background-color":"var(--ast-global-color-5)","background-image":"","background-repeat":"repeat","background-position":"center center","background-size":"auto","background-attachment":"scroll","background-type":"","background-media":"","overlay-type":"","overlay-color":"","overlay-opacity":"","overlay-gradient":""},"mobile":{"background-color":"var(--ast-global-color-5)","background-image":"","background-repeat":"repeat","background-position":"center center","background-size":"auto","background-attachment":"scroll","background-type":"","background-media":"","overlay-type":"","overlay-color":"","overlay-opacity":"","overlay-gradient":""}},"footnotes":""},"class_list":["post-600","page","type-page","status-publish","hentry"],"post_mailing_queue_ids":[],"_links":{"self":[{"href":"https:\/\/serveiseducatius.xtec.cat\/cda-altbergueda\/wp-json\/wp\/v2\/pages\/600","targetHints":{"allow":["GET"]}}],"collection":[{"href":"https:\/\/serveiseducatius.xtec.cat\/cda-altbergueda\/wp-json\/wp\/v2\/pages"}],"about":[{"href":"https:\/\/serveiseducatius.xtec.cat\/cda-altbergueda\/wp-json\/wp\/v2\/types\/page"}],"author":[{"embeddable":true,"href":"https:\/\/serveiseducatius.xtec.cat\/cda-altbergueda\/wp-json\/wp\/v2\/users\/1"}],"replies":[{"embeddable":true,"href":"https:\/\/serveiseducatius.xtec.cat\/cda-altbergueda\/wp-json\/wp\/v2\/comments?post=600"}],"version-history":[{"count":6,"href":"https:\/\/serveiseducatius.xtec.cat\/cda-altbergueda\/wp-json\/wp\/v2\/pages\/600\/revisions"}],"predecessor-version":[{"id":15217,"href":"https:\/\/serveiseducatius.xtec.cat\/cda-altbergueda\/wp-json\/wp\/v2\/pages\/600\/revisions\/15217"}],"up":[{"embeddable":true,"href":"https:\/\/serveiseducatius.xtec.cat\/cda-altbergueda\/wp-json\/wp\/v2\/pages\/8272"}],"wp:attachment":[{"href":"https:\/\/serveiseducatius.xtec.cat\/cda-altbergueda\/wp-json\/wp\/v2\/media?parent=600"}],"curies":[{"name":"wp","href":"https:\/\/api.w.org\/{rel}","templated":true}]}}