{"id":549,"date":"2013-12-12T09:25:27","date_gmt":"2013-12-12T09:25:27","guid":{"rendered":"http:\/\/blocs.xtec.cat\/plantillacda\/?page_id=549"},"modified":"2025-12-18T09:56:04","modified_gmt":"2025-12-18T08:56:04","slug":"preparacio","status":"publish","type":"page","link":"https:\/\/serveiseducatius.xtec.cat\/cda-altbergueda\/amb-els-centres\/preparacio\/","title":{"rendered":"Preparaci\u00f3 d&#8217;una estada"},"content":{"rendered":"\n<figure class=\"wp-block-image aligncenter is-resized\"><img loading=\"lazy\" decoding=\"async\" width=\"295\" height=\"300\" src=\"https:\/\/serveiseducatius.xtec.cat\/cda-altbergueda\/wp-content\/uploads\/usu1364\/2019\/09\/filiagulla-295x300.png\" alt=\"\" class=\"wp-image-10610\" style=\"width:153px;height:auto\" srcset=\"https:\/\/serveiseducatius.xtec.cat\/cda-altbergueda\/wp-content\/uploads\/usu1364\/2019\/09\/filiagulla-295x300.png 295w, https:\/\/serveiseducatius.xtec.cat\/cda-altbergueda\/wp-content\/uploads\/usu1364\/2019\/09\/filiagulla.png 709w\" sizes=\"auto, (max-width: 295px) 100vw, 295px\" \/><\/figure>\n\n\n\n<h3 class=\"wp-block-heading\"><strong>ORGANITZACI\u00d3 I FUNCIONAMENT<\/strong><\/h3>\n\n\n\n<figure class=\"wp-block-image alignleft\"><img loading=\"lazy\" decoding=\"async\" width=\"150\" height=\"150\" src=\"https:\/\/serveiseducatius.xtec.cat\/cda-altbergueda\/wp-content\/uploads\/usu1364\/2024\/06\/evento-planeado-150x150.png\" alt=\"\" class=\"wp-image-14066\" srcset=\"https:\/\/serveiseducatius.xtec.cat\/cda-altbergueda\/wp-content\/uploads\/usu1364\/2024\/06\/evento-planeado-150x150.png 150w, https:\/\/serveiseducatius.xtec.cat\/cda-altbergueda\/wp-content\/uploads\/usu1364\/2024\/06\/evento-planeado-300x300.png 300w, https:\/\/serveiseducatius.xtec.cat\/cda-altbergueda\/wp-content\/uploads\/usu1364\/2024\/06\/evento-planeado.png 512w\" sizes=\"auto, (max-width: 150px) 100vw, 150px\" \/><\/figure>\n\n\n\n<p>Per tal de preparar correctament una estada als CdAs i EdAs, es realitzaran unes trobades de coordinaci\u00f3 inicials on comen\u00e7arem a perfilar les activitats de la vostra estada, per\u00f2 tamb\u00e9 els passos que haureu de seguir amb els alumnes abans de venir, i els que haureu de fer un cop l&#8217;estada hagi finalitzat f\u00edsicament. Totes les estades a Camps i Entorns d&#8217;Aprenentatge comporten l&#8217;acceptaci\u00f3 per part del centre educatiu d&#8217;una seq\u00fc\u00e8ncia did\u00e0ctica, amb activitats pr\u00e8vies i posteriors a l&#8217;estada del vostre centre, de manera que la feina que fem els CdAs i EdAs s&#8217;encamina al nou model competencial del curr\u00edculum del Departament d&#8217;Ensenyament.<\/p>\n\n\n\n<p>Caldr\u00e0 doncs, pactar les activitats pr\u00e8vies a realitzar al centre, i acordar quins treballs donaran lloc les activitats que haguem programat conjuntament amb cada centre educatiu. La idea \u00e9s que venir a fer una estada en un CdA o EdA ha de resultar en algun producte final on es vegi reflectida la feina que, per una banda, haureu inicial al centre, i de l&#8217;altra haurem desenvolupat conjuntament al llarg de la vostra estada. Aix\u00ed doncs, la vostra estada no finalitzar\u00e0 l&#8217;\u00faltim dia que estigueu al CdA o EdA, sin\u00f3 que haur\u00e0 de continuar al centre educatiu, segons el qu\u00e8 haguem pactat en cada cas.<\/p>\n\n\n\n<p>En el nostre CdA cada estada i la seva seq\u00fc\u00e8ncia formaran part d&#8217;un itinerari.<\/p>\n\n\n\n<h3 class=\"wp-block-heading\"><strong>ITINERARIS D&#8217;ESTADA<\/strong><\/h3>\n\n\n\n<figure class=\"wp-block-image alignleft\"><img loading=\"lazy\" decoding=\"async\" width=\"150\" height=\"150\" src=\"https:\/\/serveiseducatius.xtec.cat\/cda-altbergueda\/wp-content\/uploads\/usu1364\/2024\/06\/mapa-150x150.png\" alt=\"\" class=\"wp-image-14050\" srcset=\"https:\/\/serveiseducatius.xtec.cat\/cda-altbergueda\/wp-content\/uploads\/usu1364\/2024\/06\/mapa-150x150.png 150w, https:\/\/serveiseducatius.xtec.cat\/cda-altbergueda\/wp-content\/uploads\/usu1364\/2024\/06\/mapa-300x300.png 300w, https:\/\/serveiseducatius.xtec.cat\/cda-altbergueda\/wp-content\/uploads\/usu1364\/2024\/06\/mapa.png 512w\" sizes=\"auto, (max-width: 150px) 100vw, 150px\" \/><\/figure>\n\n\n\n<p>Des del CdA posem al vostre abast <a href=\"https:\/\/serveiseducatius.xtec.cat\/cda-altbergueda\/modalitats\/estades\/itineraris-destada\/\"><strong>tres itineraris diferents<\/strong><\/a>, amb activitats predefinides, sobre tem\u00e0tiques diverses relacionades principalment amb l&#8217;\u00e0mbit de coneixement del medi per Prim\u00e0ria i Cientificotecnol\u00f2gic per Secund\u00e0ria. S\u00f3n propostes inicials, pensades per centres que veniu per primera vegada a con\u00e8ixer el camp d&#8217;aprenentatge de l&#8217;Alt Bergued\u00e0. Tots tres itineraris s\u00f3n modificables i adaptables a les necessitats i perfils dels centres estadants. Per veure aquestes propostes de manera m\u00e9s detallada cliqueu sobre les icones de la taula seg\u00fcent per consultar la seq\u00fc\u00e8ncia did\u00e0ctica inicial de cadascun.<\/p>\n\n\n\n<figure class=\"wp-block-table aligncenter is-style-stripes\"><table class=\"has-fixed-layout\"><tbody><tr><td class=\"has-text-align-center\" data-align=\"center\"><h5 style=\"text-align: center;\"><strong>ITINERARI RIU<\/strong><\/h5><\/td><td class=\"has-text-align-center\" data-align=\"center\"><h5 style=\"text-align: center;\"><strong>ITINERARI PAISATGE<\/strong><\/h5><\/td><td class=\"has-text-align-center\" data-align=\"center\"><h5 style=\"text-align: center;\"><strong>ITINERARI ECOSISTEMES<\/strong><\/h5><\/td><\/tr><tr><td class=\"has-text-align-center\" data-align=\"center\"><figure><a href=\"https:\/\/serveiseducatius.xtec.cat\/cda-altbergueda\/modalitats\/estades\/itinerari-riu\/\"><img loading=\"lazy\" decoding=\"async\" class=\"aligncenter wp-image-11073 size-thumbnail\" src=\"https:\/\/serveiseducatius.xtec.cat\/cda-altbergueda\/wp-content\/uploads\/usu1364\/2020\/06\/riu_cda-150x150.png\" alt=\"\" width=\"150\" height=\"150\" srcset=\"https:\/\/serveiseducatius.xtec.cat\/cda-altbergueda\/wp-content\/uploads\/usu1364\/2020\/06\/riu_cda-150x150.png 150w, https:\/\/serveiseducatius.xtec.cat\/cda-altbergueda\/wp-content\/uploads\/usu1364\/2020\/06\/riu_cda-300x300.png 300w, https:\/\/serveiseducatius.xtec.cat\/cda-altbergueda\/wp-content\/uploads\/usu1364\/2020\/06\/riu_cda.png 700w\" sizes=\"auto, (max-width: 150px) 100vw, 150px\" \/><\/a><\/figure><\/td><td class=\"has-text-align-center\" data-align=\"center\"><figure><a href=\"https:\/\/serveiseducatius.xtec.cat\/cda-altbergueda\/modalitats\/estades\/itinerari-paisatge\/\"><img loading=\"lazy\" decoding=\"async\" width=\"150\" height=\"150\" class=\"aligncenter wp-image-11072 size-thumbnail\" src=\"https:\/\/serveiseducatius.xtec.cat\/cda-altbergueda\/wp-content\/uploads\/usu1364\/2020\/06\/paisatge_cda-150x150.png\" alt=\"\" srcset=\"https:\/\/serveiseducatius.xtec.cat\/cda-altbergueda\/wp-content\/uploads\/usu1364\/2020\/06\/paisatge_cda-150x150.png 150w, https:\/\/serveiseducatius.xtec.cat\/cda-altbergueda\/wp-content\/uploads\/usu1364\/2020\/06\/paisatge_cda-300x300.png 300w, https:\/\/serveiseducatius.xtec.cat\/cda-altbergueda\/wp-content\/uploads\/usu1364\/2020\/06\/paisatge_cda.png 700w\" sizes=\"auto, (max-width: 150px) 100vw, 150px\" \/><\/a><\/figure><\/td><td class=\"has-text-align-center\" data-align=\"center\"><figure><a href=\"https:\/\/serveiseducatius.xtec.cat\/cda-altbergueda\/modalitats\/estades\/itinerari-paisatge\/\" data-type=\"page\" data-id=\"12137\"><img loading=\"lazy\" decoding=\"async\" width=\"150\" height=\"150\" class=\"aligncenter wp-image-11071 size-thumbnail\" src=\"https:\/\/serveiseducatius.xtec.cat\/cda-altbergueda\/wp-content\/uploads\/usu1364\/2020\/06\/ecosistema_cda-150x150.png\" alt=\"\" srcset=\"https:\/\/serveiseducatius.xtec.cat\/cda-altbergueda\/wp-content\/uploads\/usu1364\/2020\/06\/ecosistema_cda-150x150.png 150w, https:\/\/serveiseducatius.xtec.cat\/cda-altbergueda\/wp-content\/uploads\/usu1364\/2020\/06\/ecosistema_cda-300x300.png 300w, https:\/\/serveiseducatius.xtec.cat\/cda-altbergueda\/wp-content\/uploads\/usu1364\/2020\/06\/ecosistema_cda.png 700w\" sizes=\"auto, (max-width: 150px) 100vw, 150px\" \/><\/a><\/figure><\/td><\/tr><\/tbody><\/table><\/figure>\n\n\n\n<h3 class=\"wp-block-heading\"><strong>MODALITATS DE PREPARACI\u00d3 DE L&#8217;ESTADA<\/strong><\/h3>\n\n\n\n<figure class=\"wp-block-image alignleft\"><img loading=\"lazy\" decoding=\"async\" width=\"150\" height=\"150\" src=\"https:\/\/serveiseducatius.xtec.cat\/cda-altbergueda\/wp-content\/uploads\/usu1364\/2024\/06\/preparacion-150x150.png\" alt=\"\" class=\"wp-image-14051\" srcset=\"https:\/\/serveiseducatius.xtec.cat\/cda-altbergueda\/wp-content\/uploads\/usu1364\/2024\/06\/preparacion-150x150.png 150w, https:\/\/serveiseducatius.xtec.cat\/cda-altbergueda\/wp-content\/uploads\/usu1364\/2024\/06\/preparacion-300x300.png 300w, https:\/\/serveiseducatius.xtec.cat\/cda-altbergueda\/wp-content\/uploads\/usu1364\/2024\/06\/preparacion.png 512w\" sizes=\"auto, (max-width: 150px) 100vw, 150px\" \/><\/figure>\n\n\n\n<p><\/p>\n\n\n\n<p>Hi ha tres tipus de modalitats diferents per preparar l&#8217;estada abans de venir al camp d&#8217;aprenentatge, en funci\u00f3 de l&#8217;edat i la tipologia de l&#8217;alumnat:<\/p>\n\n\n\n<p>&nbsp;<\/p>\n\n\n\n<figure class=\"wp-block-table aligncenter is-style-stripes\"><table class=\"has-fixed-layout\"><tbody><tr><td><h5 style=\"text-align: center;\"><a href=\"https:\/\/serveiseducatius.xtec.cat\/cda-altbergueda\/amb-els-centres\/preparacio\/lilit-preparacio-estada-escoles\/\">LA LILIT<\/a><\/h5><\/td><td class=\"has-text-align-center\" data-align=\"center\"><h5 style=\"text-align: center;\"><strong>BLOC<\/strong> <span style=\"font-weight: 400;\"><strong><a href=\"https:\/\/serveiseducatius.xtec.cat\/cda-altbergueda\/amb-els-centres\/preparacio\/blocs-preparacio-estada-cs-i-eso\/\">PRIM\u00c0RIA<\/a><\/strong> i <a href=\"https:\/\/serveiseducatius.xtec.cat\/cda-altbergueda\/amb-els-centres\/preparacio\/blocs-preparacio-estada-eso-i-bat\/\"><strong>SECUND\u00c0RIA<\/strong><\/a><\/span><\/h5><\/td><td class=\"has-text-align-center\" data-align=\"center\"><h5 style=\"text-align: center;\"><a href=\"https:\/\/serveiseducatius.xtec.cat\/cda-altbergueda\/amb-els-centres\/preparacio\/webquest-preparacio-estades-escoles-i-instituts\/\"><b>WEBQUEST<\/b><\/a><\/h5><\/td><\/tr><tr><td><figure><a href=\"https:\/\/serveiseducatius.xtec.cat\/cda-altbergueda\/amb-els-centres\/preparacio\/lilit-preparacio-estada-escoles\/\"><img loading=\"lazy\" decoding=\"async\" width=\"150\" height=\"152\" class=\"aligncenter size-full wp-image-9945\" src=\"https:\/\/serveiseducatius.xtec.cat\/cda-altbergueda\/wp-content\/uploads\/usu1364\/2018\/04\/segellpetit_lilit.png\" alt=\"\"><\/a><\/figure><\/td><td class=\"has-text-align-center\" data-align=\"center\"><a href=\"https:\/\/serveiseducatius.xtec.cat\/cda-altbergueda\/amb-els-centres\/preparacio\/blocs-preparacio-estada-cs-i-eso\/\" data-type=\"link\" data-id=\"https:\/\/serveiseducatius.xtec.cat\/cda-altbergueda\/amb-els-centres\/preparacio\/blocs-preparacio-estada-cs-i-eso\/\"><img loading=\"lazy\" decoding=\"async\" width=\"150\" height=\"77\" class=\"wp-image-15088\" style=\"width: 150px;\" src=\"https:\/\/serveiseducatius.xtec.cat\/cda-altbergueda\/wp-content\/uploads\/usu1364\/2025\/12\/acces-escoles-1.png\" alt=\"\"><\/a><br><a href=\"https:\/\/serveiseducatius.xtec.cat\/cda-altbergueda\/amb-els-centres\/preparacio\/blocs-preparacio-estada-eso-i-bat\/\" data-type=\"link\" data-id=\"https:\/\/serveiseducatius.xtec.cat\/cda-altbergueda\/amb-els-centres\/preparacio\/blocs-preparacio-estada-eso-i-bat\/\"><img loading=\"lazy\" decoding=\"async\" width=\"150\" height=\"73\" class=\"wp-image-15089\" style=\"width: 150px;\" src=\"https:\/\/serveiseducatius.xtec.cat\/cda-altbergueda\/wp-content\/uploads\/usu1364\/2025\/12\/acces-instituts-1.png\" alt=\"\"><\/a><br><\/td><td class=\"has-text-align-center\" data-align=\"center\"><a href=\"https:\/\/serveiseducatius.xtec.cat\/cda-altbergueda\/amb-els-centres\/preparacio\/webquest-preparacio-estades-escoles-i-instituts\/\"><img loading=\"lazy\" decoding=\"async\" width=\"150\" height=\"88\" class=\"wp-image-15104\" style=\"width: 150px;\" src=\"https:\/\/serveiseducatius.xtec.cat\/cda-altbergueda\/wp-content\/uploads\/usu1364\/2025\/12\/acces_webquest.png\" alt=\"\"><\/a><\/td><\/tr><tr><td><p style=\"text-align: center;\"><span style=\"font-weight: 400;\">Per als m\u00e9s <\/span><b>petits<\/b><\/p><\/td><td class=\"has-text-align-center\" data-align=\"center\"><p style=\"text-align: center;\"><span style=\"font-weight: 400;\">Per als <\/span><b>mitjans i grans<\/b><\/p><\/td><td class=\"has-text-align-center\" data-align=\"center\"><p style=\"text-align: center;\"><span style=\"font-weight: 400;\">Per als m\u00e9s <\/span><b>atrevits<\/b><\/p><\/td><\/tr><\/tbody><\/table><\/figure>\n\n\n\n<h3 class=\"wp-block-heading\"><b>ACC\u00c9S AL VOSTRE ESPAI DE PREPARACI\u00d3 DE L&#8217;ESTADA<\/b><\/h3>\n\n\n\n<figure class=\"wp-block-image alignleft\"><img loading=\"lazy\" decoding=\"async\" width=\"150\" height=\"150\" src=\"https:\/\/serveiseducatius.xtec.cat\/cda-altbergueda\/wp-content\/uploads\/usu1364\/2024\/06\/diseno-web-150x150.png\" alt=\"\" class=\"wp-image-14052\" srcset=\"https:\/\/serveiseducatius.xtec.cat\/cda-altbergueda\/wp-content\/uploads\/usu1364\/2024\/06\/diseno-web-150x150.png 150w, https:\/\/serveiseducatius.xtec.cat\/cda-altbergueda\/wp-content\/uploads\/usu1364\/2024\/06\/diseno-web-300x300.png 300w, https:\/\/serveiseducatius.xtec.cat\/cda-altbergueda\/wp-content\/uploads\/usu1364\/2024\/06\/diseno-web.png 512w\" sizes=\"auto, (max-width: 150px) 100vw, 150px\" \/><\/figure>\n\n\n\n<p>Dins del web del CdA de l&#8217;Alt Bergued\u00e0, a la barra lateral esquerra,&nbsp; on diu <strong>&#8220;preparaci\u00f3 de l&#8217;estada&#8221;<\/strong> hi trobareu l&#8217;acc\u00e9s a:<\/p>\n\n\n\n<p>La <a href=\"https:\/\/serveiseducatius.xtec.cat\/cda-altbergueda\/lilit\/\"><strong>Lilit:<\/strong><\/a> entrar al dibuix de la bruixa servir\u00e0 per a tots els centres que hagin escollit aquesta modalitat.<\/p>\n\n\n\n<p>A <a href=\"https:\/\/serveiseducatius.xtec.cat\/cda-altbergueda\/blocs-preparacio-estades-curs-2017-2018-educacio-primaria\/\"><strong>Escoles:<\/strong><\/a>&nbsp; per accedir&nbsp;als blocs o a la Webquest segons la modalitat que pr\u00e8viament haurem acordat a la trobada de coordinaci\u00f3. Haureu de buscar el logotip de la vostra escola&nbsp;que estar\u00e0 enlla\u00e7at a la modalitat escollida.<\/p>\n\n\n\n<p>A <a href=\"https:\/\/serveiseducatius.xtec.cat\/cda-altbergueda\/blocs-preparacio-estades-curs-2017-2018-educacio-secundaria\/\"><strong>Instituts:<\/strong><\/a> per accedir&nbsp;als blocs o a la Webquest segons la modalitat que pr\u00e8viament haurem acordat a la trobada de coordinaci\u00f3. Haureu de buscar el logotip de la vostra escola&nbsp;que estar\u00e0 enlla\u00e7at a la modalitat escollida.<\/p>\n","protected":false},"excerpt":{"rendered":"<p>ORGANITZACI\u00d3 I FUNCIONAMENT Per tal de preparar correctament una estada als CdAs i EdAs, es realitzaran unes trobades de coordinaci\u00f3 inicials on comen\u00e7arem a perfilar les activitats de la vostra estada, per\u00f2 tamb\u00e9 els passos que haureu de seguir amb els alumnes abans de venir, i els que haureu de fer un cop l&#8217;estada hagi [&hellip;]<\/p>\n","protected":false},"author":1,"featured_media":0,"parent":8272,"menu_order":30,"comment_status":"closed","ping_status":"closed","template":"","meta":{"_bbp_topic_count":0,"_bbp_reply_count":0,"_bbp_total_topic_count":0,"_bbp_total_reply_count":0,"_bbp_voice_count":0,"_bbp_anonymous_reply_count":0,"_bbp_topic_count_hidden":0,"_bbp_reply_count_hidden":0,"_bbp_forum_subforum_count":0,"site-sidebar-layout":"default","site-content-layout":"","ast-site-content-layout":"default","site-content-style":"default","site-sidebar-style":"default","ast-global-header-display":"","ast-banner-title-visibility":"","ast-main-header-display":"","ast-hfb-above-header-display":"","ast-hfb-below-header-display":"","ast-hfb-mobile-header-display":"","site-post-title":"","ast-breadcrumbs-content":"","ast-featured-img":"","footer-sml-layout":"","theme-transparent-header-meta":"","adv-header-id-meta":"","stick-header-meta":"","header-above-stick-meta":"","header-main-stick-meta":"","header-below-stick-meta":"","astra-migrate-meta-layouts":"set","ast-page-background-enabled":"default","ast-page-background-meta":{"desktop":{"background-color":"var(--ast-global-color-4)","background-image":"","background-repeat":"repeat","background-position":"center center","background-size":"auto","background-attachment":"scroll","background-type":"","background-media":"","overlay-type":"","overlay-color":"","overlay-opacity":"","overlay-gradient":""},"tablet":{"background-color":"","background-image":"","background-repeat":"repeat","background-position":"center center","background-size":"auto","background-attachment":"scroll","background-type":"","background-media":"","overlay-type":"","overlay-color":"","overlay-opacity":"","overlay-gradient":""},"mobile":{"background-color":"","background-image":"","background-repeat":"repeat","background-position":"center center","background-size":"auto","background-attachment":"scroll","background-type":"","background-media":"","overlay-type":"","overlay-color":"","overlay-opacity":"","overlay-gradient":""}},"ast-content-background-meta":{"desktop":{"background-color":"var(--ast-global-color-5)","background-image":"","background-repeat":"repeat","background-position":"center center","background-size":"auto","background-attachment":"scroll","background-type":"","background-media":"","overlay-type":"","overlay-color":"","overlay-opacity":"","overlay-gradient":""},"tablet":{"background-color":"var(--ast-global-color-5)","background-image":"","background-repeat":"repeat","background-position":"center center","background-size":"auto","background-attachment":"scroll","background-type":"","background-media":"","overlay-type":"","overlay-color":"","overlay-opacity":"","overlay-gradient":""},"mobile":{"background-color":"var(--ast-global-color-5)","background-image":"","background-repeat":"repeat","background-position":"center center","background-size":"auto","background-attachment":"scroll","background-type":"","background-media":"","overlay-type":"","overlay-color":"","overlay-opacity":"","overlay-gradient":""}},"footnotes":""},"class_list":["post-549","page","type-page","status-publish","hentry"],"post_mailing_queue_ids":[],"_links":{"self":[{"href":"https:\/\/serveiseducatius.xtec.cat\/cda-altbergueda\/wp-json\/wp\/v2\/pages\/549","targetHints":{"allow":["GET"]}}],"collection":[{"href":"https:\/\/serveiseducatius.xtec.cat\/cda-altbergueda\/wp-json\/wp\/v2\/pages"}],"about":[{"href":"https:\/\/serveiseducatius.xtec.cat\/cda-altbergueda\/wp-json\/wp\/v2\/types\/page"}],"author":[{"embeddable":true,"href":"https:\/\/serveiseducatius.xtec.cat\/cda-altbergueda\/wp-json\/wp\/v2\/users\/1"}],"replies":[{"embeddable":true,"href":"https:\/\/serveiseducatius.xtec.cat\/cda-altbergueda\/wp-json\/wp\/v2\/comments?post=549"}],"version-history":[{"count":6,"href":"https:\/\/serveiseducatius.xtec.cat\/cda-altbergueda\/wp-json\/wp\/v2\/pages\/549\/revisions"}],"predecessor-version":[{"id":15218,"href":"https:\/\/serveiseducatius.xtec.cat\/cda-altbergueda\/wp-json\/wp\/v2\/pages\/549\/revisions\/15218"}],"up":[{"embeddable":true,"href":"https:\/\/serveiseducatius.xtec.cat\/cda-altbergueda\/wp-json\/wp\/v2\/pages\/8272"}],"wp:attachment":[{"href":"https:\/\/serveiseducatius.xtec.cat\/cda-altbergueda\/wp-json\/wp\/v2\/media?parent=549"}],"curies":[{"name":"wp","href":"https:\/\/api.w.org\/{rel}","templated":true}]}}