{"id":511,"date":"2014-01-14T15:27:52","date_gmt":"2014-01-14T14:27:52","guid":{"rendered":"http:\/\/blocs.xtec.cat\/cdaaltbergueda\/?page_id=511"},"modified":"2026-04-15T09:39:37","modified_gmt":"2026-04-15T07:39:37","slug":"el-paisatge-de-lalt-bergueda","status":"publish","type":"page","link":"https:\/\/serveiseducatius.xtec.cat\/cda-altbergueda\/tematiques\/el-paisatge-de-lalt-bergueda\/","title":{"rendered":"PAISATGE"},"content":{"rendered":"\n<figure class=\"wp-block-image aligncenter is-resized\"><img loading=\"lazy\" decoding=\"async\" width=\"1009\" height=\"245\" src=\"https:\/\/serveiseducatius.xtec.cat\/cda-altbergueda\/wp-content\/uploads\/usu1364\/2024\/05\/paisatge.png\" alt=\"\" class=\"wp-image-13845\" style=\"width:647px;height:auto\" srcset=\"https:\/\/serveiseducatius.xtec.cat\/cda-altbergueda\/wp-content\/uploads\/usu1364\/2024\/05\/paisatge.png 1009w, https:\/\/serveiseducatius.xtec.cat\/cda-altbergueda\/wp-content\/uploads\/usu1364\/2024\/05\/paisatge-300x73.png 300w, https:\/\/serveiseducatius.xtec.cat\/cda-altbergueda\/wp-content\/uploads\/usu1364\/2024\/05\/paisatge-768x186.png 768w\" sizes=\"auto, (max-width: 1009px) 100vw, 1009px\" \/><\/figure>\n\n\n\n<p>El contrast de paisatge entre el nord i el sud de la comarca resulta prou evident. Mentre el Baix Bergued\u00e0 el conformen una s\u00e8rie de turons i muntanyes arrodonides, els primers contraforts del Pirineu s&#8217;alcen de Berga en direcci\u00f3 a la Cerdanya. El paisatge de plana va canviant en favor d&#8217;un altre on els pobles s\u00f3n cada vegada m\u00e9s petits i el relleu m\u00e9s escarpat i abrupte.<\/p>\n\n\n\n<p>Les Serres del Cad\u00ed i del Moixer\u00f3 tanquen la comarca pel nord, i s\u00f3n uns bons miradors des d&#8217;on contemplar el relleu de la comarca. El mass\u00eds del Pedraforca \u00e9s un indret ideal per observar el paisatge m\u00e9s alp\u00ed, on la roca predomina sobre la vegetaci\u00f3, oferint-nos un paisatge singular i emblem\u00e0tic. M\u00e9s cap a l&#8217;est, entre serres, cingleres, boscos i prats, apareix el poble de Castellar de n&#8217;Hug on hi brollen les Fonts del riu Llobregat. \u00c9s un espai magn\u00edfic, conflu\u00e8ncia de natura, societat i paisatge.&nbsp;L&#8217;estudi del paisatge des d&#8217;aquests dos miradors permetr\u00e0 establir comparacions&nbsp;amb el del lloc d&#8217;origen dels nois i noies, i reflexionar al voltant de la import\u00e0ncia de la seva conservaci\u00f3, els seus or\u00edgens i el futur cap a on s&#8217;encaminen.<\/p>\n\n\n\n<p><strong>Activitats relacionades:<\/strong><\/p>\n\n\n\n<ul class=\"wp-block-list\">\n<li><a href=\"http:\/\/serveiseducatius.xtec.cat\/cda-altbergueda\/ambits\/totes-les-activitats\/activitat-el-paisatge-del-pedraforca\/\">El paisatge del Pedraforca<\/a><\/li>\n\n\n\n<li><a href=\"http:\/\/serveiseducatius.xtec.cat\/cda-altbergueda\/ambits\/totes-les-activitats\/activitat-castellar-de-nhug-i-les-fonts-del-llobregat\/\">Castellar de n\u2019Hug i les Fonts del Llobregat<\/a><\/li>\n\n\n\n<li><a href=\"https:\/\/ca.wikiloc.com\/rutes-senderisme\/coll-de-la-creueta-fonts-del-llobregat-133647077\">Coll de la Creueta, cova de la Tuta i Fonts del Llobregat<\/a><\/li>\n<\/ul>\n\n\n\n<p><strong>Projectes compartits relacionats:<\/strong><\/p>\n\n\n\n<ul class=\"wp-block-list\">\n<li><a href=\"http:\/\/serveiseducatius.xtec.cat\/cda-altbergueda\/ambits\/totes-les-activitats\/coneix-lentorn-del-meu-poble\/\">Projecte entorn: Coneix l\u2019entorn del meu poble<\/a><\/li>\n<\/ul>\n\n\n\n<p><strong>Recursos relacionats:<\/strong><strong>&nbsp;<\/strong><\/p>\n\n\n\n<ul class=\"wp-block-list\">\n<li>Preparaci\u00f3 de l\u2019estada:&nbsp;<a href=\"https:\/\/cdapaisatgeprimaria.blogspot.com\/\">bloc prim\u00e0ria<\/a>,&nbsp;<a href=\"https:\/\/cdapaisatgesec.blogspot.com\/\">bloc secund\u00e0ria<\/a>&nbsp;o&nbsp;<a href=\"https:\/\/sites.google.com\/xtec.cat\/wq-itinerari-paisatge\">Webquest<\/a><\/li>\n\n\n\n<li>Dossiers per les diferents activitats i nivells. Exemple: <a href=\"https:\/\/drive.google.com\/file\/d\/1qxb-m4CjggkAK0o5bys8dP9wtBsEvVwD\/view?usp=sharing\">Quadern CS Prim\u00e0ria<\/a><\/li>\n\n\n\n<li>Enlla\u00e7os a p\u00e0gines externes<\/li>\n<\/ul>\n","protected":false},"excerpt":{"rendered":"<p>El contrast de paisatge entre el nord i el sud de la comarca resulta prou evident. Mentre el Baix Bergued\u00e0 el conformen una s\u00e8rie de turons i muntanyes arrodonides, els primers contraforts del Pirineu s&#8217;alcen de Berga en direcci\u00f3 a la Cerdanya. El paisatge de plana va canviant en favor d&#8217;un altre on els pobles [&hellip;]<\/p>\n","protected":false},"author":1,"featured_media":0,"parent":8235,"menu_order":30,"comment_status":"closed","ping_status":"closed","template":"","meta":{"_bbp_topic_count":0,"_bbp_reply_count":0,"_bbp_total_topic_count":0,"_bbp_total_reply_count":0,"_bbp_voice_count":0,"_bbp_anonymous_reply_count":0,"_bbp_topic_count_hidden":0,"_bbp_reply_count_hidden":0,"_bbp_forum_subforum_count":0,"site-sidebar-layout":"default","site-content-layout":"","ast-site-content-layout":"default","site-content-style":"default","site-sidebar-style":"default","ast-global-header-display":"","ast-banner-title-visibility":"","ast-main-header-display":"","ast-hfb-above-header-display":"","ast-hfb-below-header-display":"","ast-hfb-mobile-header-display":"","site-post-title":"","ast-breadcrumbs-content":"","ast-featured-img":"","footer-sml-layout":"","theme-transparent-header-meta":"","adv-header-id-meta":"","stick-header-meta":"","header-above-stick-meta":"","header-main-stick-meta":"","header-below-stick-meta":"","astra-migrate-meta-layouts":"set","ast-page-background-enabled":"default","ast-page-background-meta":{"desktop":{"background-color":"var(--ast-global-color-4)","background-image":"","background-repeat":"repeat","background-position":"center center","background-size":"auto","background-attachment":"scroll","background-type":"","background-media":"","overlay-type":"","overlay-color":"","overlay-opacity":"","overlay-gradient":""},"tablet":{"background-color":"","background-image":"","background-repeat":"repeat","background-position":"center center","background-size":"auto","background-attachment":"scroll","background-type":"","background-media":"","overlay-type":"","overlay-color":"","overlay-opacity":"","overlay-gradient":""},"mobile":{"background-color":"","background-image":"","background-repeat":"repeat","background-position":"center center","background-size":"auto","background-attachment":"scroll","background-type":"","background-media":"","overlay-type":"","overlay-color":"","overlay-opacity":"","overlay-gradient":""}},"ast-content-background-meta":{"desktop":{"background-color":"var(--ast-global-color-5)","background-image":"","background-repeat":"repeat","background-position":"center center","background-size":"auto","background-attachment":"scroll","background-type":"","background-media":"","overlay-type":"","overlay-color":"","overlay-opacity":"","overlay-gradient":""},"tablet":{"background-color":"var(--ast-global-color-5)","background-image":"","background-repeat":"repeat","background-position":"center center","background-size":"auto","background-attachment":"scroll","background-type":"","background-media":"","overlay-type":"","overlay-color":"","overlay-opacity":"","overlay-gradient":""},"mobile":{"background-color":"var(--ast-global-color-5)","background-image":"","background-repeat":"repeat","background-position":"center center","background-size":"auto","background-attachment":"scroll","background-type":"","background-media":"","overlay-type":"","overlay-color":"","overlay-opacity":"","overlay-gradient":""}},"footnotes":""},"class_list":["post-511","page","type-page","status-publish","hentry"],"post_mailing_queue_ids":[],"_links":{"self":[{"href":"https:\/\/serveiseducatius.xtec.cat\/cda-altbergueda\/wp-json\/wp\/v2\/pages\/511","targetHints":{"allow":["GET"]}}],"collection":[{"href":"https:\/\/serveiseducatius.xtec.cat\/cda-altbergueda\/wp-json\/wp\/v2\/pages"}],"about":[{"href":"https:\/\/serveiseducatius.xtec.cat\/cda-altbergueda\/wp-json\/wp\/v2\/types\/page"}],"author":[{"embeddable":true,"href":"https:\/\/serveiseducatius.xtec.cat\/cda-altbergueda\/wp-json\/wp\/v2\/users\/1"}],"replies":[{"embeddable":true,"href":"https:\/\/serveiseducatius.xtec.cat\/cda-altbergueda\/wp-json\/wp\/v2\/comments?post=511"}],"version-history":[{"count":6,"href":"https:\/\/serveiseducatius.xtec.cat\/cda-altbergueda\/wp-json\/wp\/v2\/pages\/511\/revisions"}],"predecessor-version":[{"id":15573,"href":"https:\/\/serveiseducatius.xtec.cat\/cda-altbergueda\/wp-json\/wp\/v2\/pages\/511\/revisions\/15573"}],"up":[{"embeddable":true,"href":"https:\/\/serveiseducatius.xtec.cat\/cda-altbergueda\/wp-json\/wp\/v2\/pages\/8235"}],"wp:attachment":[{"href":"https:\/\/serveiseducatius.xtec.cat\/cda-altbergueda\/wp-json\/wp\/v2\/media?parent=511"}],"curies":[{"name":"wp","href":"https:\/\/api.w.org\/{rel}","templated":true}]}}