{"id":443,"date":"2013-11-13T12:53:08","date_gmt":"2013-11-13T12:53:08","guid":{"rendered":"http:\/\/blocs.xtec.cat\/plantillacda\/?page_id=2"},"modified":"2025-11-13T14:50:55","modified_gmt":"2025-11-13T13:50:55","slug":"contacte","status":"publish","type":"page","link":"https:\/\/serveiseducatius.xtec.cat\/cda-altbergueda\/el-camp\/contacte\/","title":{"rendered":"Contacte"},"content":{"rendered":"<p><img loading=\"lazy\" decoding=\"async\" class=\"aligncenter wp-image-13837 size-thumbnail\" src=\"https:\/\/serveiseducatius.xtec.cat\/cda-altbergueda\/wp-content\/uploads\/usu1364\/2024\/05\/comunicar-150x150.png\" alt=\"\" width=\"150\" height=\"150\" srcset=\"https:\/\/serveiseducatius.xtec.cat\/cda-altbergueda\/wp-content\/uploads\/usu1364\/2024\/05\/comunicar-150x150.png 150w, https:\/\/serveiseducatius.xtec.cat\/cda-altbergueda\/wp-content\/uploads\/usu1364\/2024\/05\/comunicar-300x300.png 300w, https:\/\/serveiseducatius.xtec.cat\/cda-altbergueda\/wp-content\/uploads\/usu1364\/2024\/05\/comunicar.png 512w\" sizes=\"auto, (max-width: 150px) 100vw, 150px\" \/><\/p>\n<p>Per qualsevol petici\u00f3 o consulta podeu contactar amb nosaltres per 4 vies diferents:<\/p>\n<ul>\n<li>Escriviu-nos un correu electr\u00f2nic a l&#8217;adre\u00e7a: <strong>a8902081@xtec.cat <\/strong><em>(Opci\u00f3 preferent)<\/em><\/li>\n<li>Truqueu-nos al tel\u00e8fon:\u00a0<strong><span style=\"font-family: Arial, Helvetica, sans-serif;\">93 822 76 96 \/ 634791700<\/span><\/strong><\/li>\n<li>Enviar un WhatsApp al <strong>634791700<\/strong><\/li>\n<li>Ompliu aquest formulari:<\/li>\n<\/ul>\n<p><iframe loading=\"lazy\" src=\"https:\/\/docs.google.com\/forms\/d\/e\/1FAIpQLScc6VIrNqsgVhxPaVjlufBBy9Grocn0wsqoN8le3zeLrkOHew\/viewform?embedded=true\" width=\"760\" height=\"1150\" frameborder=\"0\" marginwidth=\"0\" marginheight=\"0\">S&#8217;est\u00e0 carregant&#8230;<\/iframe><\/p>\n","protected":false},"excerpt":{"rendered":"<p>Per qualsevol petici\u00f3 o consulta podeu contactar amb nosaltres per 4 vies diferents: Escriviu-nos un correu electr\u00f2nic a l&#8217;adre\u00e7a: a8902081@xtec.cat (Opci\u00f3 preferent) Truqueu-nos al tel\u00e8fon:\u00a093 822 76 96 \/ 634791700 Enviar un WhatsApp al 634791700 Ompliu aquest formulari: S&#8217;est\u00e0 carregant&#8230;<\/p>\n","protected":false},"author":1,"featured_media":0,"parent":8225,"menu_order":5,"comment_status":"closed","ping_status":"closed","template":"page-templates\/side-menu.php","meta":{"_bbp_topic_count":0,"_bbp_reply_count":0,"_bbp_total_topic_count":0,"_bbp_total_reply_count":0,"_bbp_voice_count":0,"_bbp_anonymous_reply_count":0,"_bbp_topic_count_hidden":0,"_bbp_reply_count_hidden":0,"_bbp_forum_subforum_count":0,"site-sidebar-layout":"default","site-content-layout":"","ast-site-content-layout":"","site-content-style":"default","site-sidebar-style":"default","ast-global-header-display":"","ast-banner-title-visibility":"","ast-main-header-display":"","ast-hfb-above-header-display":"","ast-hfb-below-header-display":"","ast-hfb-mobile-header-display":"","site-post-title":"","ast-breadcrumbs-content":"","ast-featured-img":"","footer-sml-layout":"","theme-transparent-header-meta":"","adv-header-id-meta":"","stick-header-meta":"","header-above-stick-meta":"","header-main-stick-meta":"","header-below-stick-meta":"","astra-migrate-meta-layouts":"default","ast-page-background-enabled":"default","ast-page-background-meta":{"desktop":{"background-color":"var(--ast-global-color-4)","background-image":"","background-repeat":"repeat","background-position":"center center","background-size":"auto","background-attachment":"scroll","background-type":"","background-media":"","overlay-type":"","overlay-color":"","overlay-opacity":"","overlay-gradient":""},"tablet":{"background-color":"","background-image":"","background-repeat":"repeat","background-position":"center center","background-size":"auto","background-attachment":"scroll","background-type":"","background-media":"","overlay-type":"","overlay-color":"","overlay-opacity":"","overlay-gradient":""},"mobile":{"background-color":"","background-image":"","background-repeat":"repeat","background-position":"center center","background-size":"auto","background-attachment":"scroll","background-type":"","background-media":"","overlay-type":"","overlay-color":"","overlay-opacity":"","overlay-gradient":""}},"ast-content-background-meta":{"desktop":{"background-color":"var(--ast-global-color-5)","background-image":"","background-repeat":"repeat","background-position":"center center","background-size":"auto","background-attachment":"scroll","background-type":"","background-media":"","overlay-type":"","overlay-color":"","overlay-opacity":"","overlay-gradient":""},"tablet":{"background-color":"var(--ast-global-color-5)","background-image":"","background-repeat":"repeat","background-position":"center center","background-size":"auto","background-attachment":"scroll","background-type":"","background-media":"","overlay-type":"","overlay-color":"","overlay-opacity":"","overlay-gradient":""},"mobile":{"background-color":"var(--ast-global-color-5)","background-image":"","background-repeat":"repeat","background-position":"center center","background-size":"auto","background-attachment":"scroll","background-type":"","background-media":"","overlay-type":"","overlay-color":"","overlay-opacity":"","overlay-gradient":""}},"footnotes":""},"class_list":["post-443","page","type-page","status-publish","hentry"],"post_mailing_queue_ids":[],"_links":{"self":[{"href":"https:\/\/serveiseducatius.xtec.cat\/cda-altbergueda\/wp-json\/wp\/v2\/pages\/443","targetHints":{"allow":["GET"]}}],"collection":[{"href":"https:\/\/serveiseducatius.xtec.cat\/cda-altbergueda\/wp-json\/wp\/v2\/pages"}],"about":[{"href":"https:\/\/serveiseducatius.xtec.cat\/cda-altbergueda\/wp-json\/wp\/v2\/types\/page"}],"author":[{"embeddable":true,"href":"https:\/\/serveiseducatius.xtec.cat\/cda-altbergueda\/wp-json\/wp\/v2\/users\/1"}],"replies":[{"embeddable":true,"href":"https:\/\/serveiseducatius.xtec.cat\/cda-altbergueda\/wp-json\/wp\/v2\/comments?post=443"}],"version-history":[{"count":6,"href":"https:\/\/serveiseducatius.xtec.cat\/cda-altbergueda\/wp-json\/wp\/v2\/pages\/443\/revisions"}],"predecessor-version":[{"id":14964,"href":"https:\/\/serveiseducatius.xtec.cat\/cda-altbergueda\/wp-json\/wp\/v2\/pages\/443\/revisions\/14964"}],"up":[{"embeddable":true,"href":"https:\/\/serveiseducatius.xtec.cat\/cda-altbergueda\/wp-json\/wp\/v2\/pages\/8225"}],"wp:attachment":[{"href":"https:\/\/serveiseducatius.xtec.cat\/cda-altbergueda\/wp-json\/wp\/v2\/media?parent=443"}],"curies":[{"name":"wp","href":"https:\/\/api.w.org\/{rel}","templated":true}]}}