{"id":433,"date":"2013-11-19T17:56:41","date_gmt":"2013-11-19T16:56:41","guid":{"rendered":"http:\/\/blocs.xtec.cat\/cdaaltbergueda\/?page_id=433"},"modified":"2025-12-18T10:47:33","modified_gmt":"2025-12-18T09:47:33","slug":"meteorologia","status":"publish","type":"page","link":"https:\/\/serveiseducatius.xtec.cat\/cda-altbergueda\/meteorologia\/","title":{"rendered":"Meteorologia"},"content":{"rendered":"\n<h3 class=\"wp-block-heading\">Dades estaci\u00f3 meteorol\u00f2gica del CdA<\/h3>\n\n\n\n<p class=\"has-text-align-center\"><iframe loading=\"lazy\" src=\"https:\/\/www.weatherlink.com\/embeddablePage\/show\/95c1988471304d95b31ac223445c18f2\/wide\" width=\"560\" height=\"480\" frameborder=\"0\"><\/iframe><\/p>\n\n\n\n<h5 class=\"wp-block-heading\"><a href=\"https:\/\/www.weatherlink.com\/embeddablePage\/show\/286f4700e379470bb834016c1269edd9\/summary\"><strong>RESUM<\/strong><\/a><\/h5>\n\n\n\n<h3 class=\"wp-block-heading\">Previsi\u00f3 del temps a Meteoblue<\/h3>\n\n\n\n<div class=\"wp-block-columns is-layout-flex wp-container-core-columns-is-layout-1 wp-block-columns-is-layout-flex\">\n<div class=\"wp-block-column is-layout-flow wp-block-column-is-layout-flow\">\n<p class=\"has-text-align-center\"><iframe loading=\"lazy\" style=\"width: 216px; height: 369px;\" src=\"https:\/\/www.meteoblue.com\/es\/tiempo\/widget\/daily\/la-pobla-de-lillet_espa%c3%b1a_3119215?geoloc=fixed&amp;days=4&amp;tempunit=CELSIUS&amp;windunit=KILOMETER_PER_HOUR&amp;coloured=coloured&amp;pictoicon=0&amp;pictoicon=1&amp;maxtemperature=0&amp;maxtemperature=1&amp;mintemperature=0&amp;mintemperature=1&amp;windspeed=0&amp;windspeed=1&amp;windgust=0&amp;winddirection=0&amp;winddirection=1&amp;uv=0&amp;humidity=0&amp;precipitation=0&amp;precipitation=1&amp;precipitationprobability=0&amp;precipitationprobability=1&amp;spot=0&amp;spot=1&amp;pressure=0&amp;layout=light\" width=\"300\" height=\"150\" frameborder=\"0\" scrolling=\"NO\" sandbox=\"allow-same-origin allow-scripts allow-popups\"><\/iframe><\/p>\n<\/div>\n\n\n\n<div class=\"wp-block-column is-layout-flow wp-block-column-is-layout-flow\">\n<p class=\"has-text-align-center\"><iframe loading=\"lazy\" style=\"width: 216px; height: 369px;\" src=\"https:\/\/www.meteoblue.com\/es\/tiempo\/widget\/daily\/guardiola-de-bergued%c3%a0_espa%c3%b1a_3121030?geoloc=fixed&amp;days=4&amp;tempunit=CELSIUS&amp;windunit=KILOMETER_PER_HOUR&amp;coloured=coloured&amp;pictoicon=0&amp;pictoicon=1&amp;maxtemperature=0&amp;maxtemperature=1&amp;mintemperature=0&amp;mintemperature=1&amp;windspeed=0&amp;windspeed=1&amp;windgust=0&amp;winddirection=0&amp;winddirection=1&amp;uv=0&amp;humidity=0&amp;precipitation=0&amp;precipitation=1&amp;precipitationprobability=0&amp;precipitationprobability=1&amp;spot=0&amp;spot=1&amp;pressure=0&amp;layout=light\" width=\"300\" height=\"150\" frameborder=\"0\" scrolling=\"NO\" sandbox=\"allow-same-origin allow-scripts allow-popups\"><\/iframe><\/p>\n<\/div>\n<\/div>\n","protected":false},"excerpt":{"rendered":"<p>Dades estaci\u00f3 meteorol\u00f2gica del CdA RESUM Previsi\u00f3 del temps a Meteoblue<\/p>\n","protected":false},"author":1,"featured_media":0,"parent":0,"menu_order":0,"comment_status":"closed","ping_status":"closed","template":"","meta":{"_bbp_topic_count":0,"_bbp_reply_count":0,"_bbp_total_topic_count":0,"_bbp_total_reply_count":0,"_bbp_voice_count":0,"_bbp_anonymous_reply_count":0,"_bbp_topic_count_hidden":0,"_bbp_reply_count_hidden":0,"_bbp_forum_subforum_count":0,"site-sidebar-layout":"default","site-content-layout":"","ast-site-content-layout":"default","site-content-style":"default","site-sidebar-style":"default","ast-global-header-display":"","ast-banner-title-visibility":"","ast-main-header-display":"","ast-hfb-above-header-display":"","ast-hfb-below-header-display":"","ast-hfb-mobile-header-display":"","site-post-title":"","ast-breadcrumbs-content":"","ast-featured-img":"","footer-sml-layout":"","theme-transparent-header-meta":"","adv-header-id-meta":"","stick-header-meta":"","header-above-stick-meta":"","header-main-stick-meta":"","header-below-stick-meta":"","astra-migrate-meta-layouts":"set","ast-page-background-enabled":"default","ast-page-background-meta":{"desktop":{"background-color":"var(--ast-global-color-4)","background-image":"","background-repeat":"repeat","background-position":"center center","background-size":"auto","background-attachment":"scroll","background-type":"","background-media":"","overlay-type":"","overlay-color":"","overlay-opacity":"","overlay-gradient":""},"tablet":{"background-color":"","background-image":"","background-repeat":"repeat","background-position":"center center","background-size":"auto","background-attachment":"scroll","background-type":"","background-media":"","overlay-type":"","overlay-color":"","overlay-opacity":"","overlay-gradient":""},"mobile":{"background-color":"","background-image":"","background-repeat":"repeat","background-position":"center center","background-size":"auto","background-attachment":"scroll","background-type":"","background-media":"","overlay-type":"","overlay-color":"","overlay-opacity":"","overlay-gradient":""}},"ast-content-background-meta":{"desktop":{"background-color":"var(--ast-global-color-5)","background-image":"","background-repeat":"repeat","background-position":"center center","background-size":"auto","background-attachment":"scroll","background-type":"","background-media":"","overlay-type":"","overlay-color":"","overlay-opacity":"","overlay-gradient":""},"tablet":{"background-color":"var(--ast-global-color-5)","background-image":"","background-repeat":"repeat","background-position":"center center","background-size":"auto","background-attachment":"scroll","background-type":"","background-media":"","overlay-type":"","overlay-color":"","overlay-opacity":"","overlay-gradient":""},"mobile":{"background-color":"var(--ast-global-color-5)","background-image":"","background-repeat":"repeat","background-position":"center center","background-size":"auto","background-attachment":"scroll","background-type":"","background-media":"","overlay-type":"","overlay-color":"","overlay-opacity":"","overlay-gradient":""}},"footnotes":""},"class_list":["post-433","page","type-page","status-publish","hentry"],"post_mailing_queue_ids":[],"_links":{"self":[{"href":"https:\/\/serveiseducatius.xtec.cat\/cda-altbergueda\/wp-json\/wp\/v2\/pages\/433","targetHints":{"allow":["GET"]}}],"collection":[{"href":"https:\/\/serveiseducatius.xtec.cat\/cda-altbergueda\/wp-json\/wp\/v2\/pages"}],"about":[{"href":"https:\/\/serveiseducatius.xtec.cat\/cda-altbergueda\/wp-json\/wp\/v2\/types\/page"}],"author":[{"embeddable":true,"href":"https:\/\/serveiseducatius.xtec.cat\/cda-altbergueda\/wp-json\/wp\/v2\/users\/1"}],"replies":[{"embeddable":true,"href":"https:\/\/serveiseducatius.xtec.cat\/cda-altbergueda\/wp-json\/wp\/v2\/comments?post=433"}],"version-history":[{"count":3,"href":"https:\/\/serveiseducatius.xtec.cat\/cda-altbergueda\/wp-json\/wp\/v2\/pages\/433\/revisions"}],"predecessor-version":[{"id":15241,"href":"https:\/\/serveiseducatius.xtec.cat\/cda-altbergueda\/wp-json\/wp\/v2\/pages\/433\/revisions\/15241"}],"wp:attachment":[{"href":"https:\/\/serveiseducatius.xtec.cat\/cda-altbergueda\/wp-json\/wp\/v2\/media?parent=433"}],"curies":[{"name":"wp","href":"https:\/\/api.w.org\/{rel}","templated":true}]}}