{"id":316,"date":"2013-11-17T19:03:07","date_gmt":"2013-11-17T18:03:07","guid":{"rendered":"http:\/\/blocs.xtec.cat\/cdaaltbergueda\/?page_id=316"},"modified":"2026-04-14T16:51:23","modified_gmt":"2026-04-14T14:51:23","slug":"activitat-la-cova-de-la-tuta-les-fonts-del-llobregat","status":"publish","type":"page","link":"https:\/\/serveiseducatius.xtec.cat\/cda-altbergueda\/tematiques\/activitat-la-cova-de-la-tuta-les-fonts-del-llobregat\/","title":{"rendered":"Activitat: Cova de la Tuta i les Fonts del Llobregat"},"content":{"rendered":"\n<figure class=\"wp-block-image size-large\"><img decoding=\"async\" src=\"http:\/\/serveiseducatius.xtec.cat\/cda-altbergueda\/wp-content\/uploads\/usu1364\/2013\/11\/TutaiFonts.png\" alt=\"\"\/><\/figure>\n\n\n\n<figure class=\"wp-block-table\"><table class=\"has-background has-fixed-layout\" style=\"background-color:#96c856;border-style:none;border-width:0px\"><tbody><tr><td><strong>MODALITATS<\/strong>:<\/td><\/tr><tr><td>Estada<\/td><\/tr><tr><td>Sortida d&#8217;un dia<\/td><\/tr><\/tbody><\/table><\/figure>\n\n\n\n<h5 class=\"wp-block-heading\"><strong>Nivells educatius: <\/strong>(Cliqueu per descarregar-vos la fitxa de l&#8217;activitat)<\/h5>\n\n\n\n<ul class=\"wp-block-list\">\n<li><a href=\"https:\/\/drive.google.com\/file\/d\/0B3bKbe2nPP6oM1NwcVVxQ1hibEU\/view?usp=sharing\">Educaci\u00f3 Prim\u00e0ria (CI, CM, CS)<\/a><\/li>\n\n\n\n<li><a href=\"https:\/\/drive.google.com\/file\/d\/0B3bKbe2nPP6oc1dBQ2Y1UEtLc0E\/view?usp=sharing\">Educaci\u00f3 Secund\u00e0ria (1r cicle ESO)<\/a><\/li>\n<\/ul>\n\n\n\n<h5 class=\"wp-block-heading\"><strong>Desenvolupament de l&#8217;activitat:<\/strong><\/h5>\n\n\n\n<p><strong>Arribada a Castellar de n\u2019Hug<\/strong><br>Presentaci\u00f3 de l\u2019activitat i formulaci\u00f3 dels interrogants que s\u2019hauran de resoldre al llarg del dia. Situaci\u00f3 de la Tuta i presentaci\u00f3 d\u2019algunes unitats de relleu.<\/p>\n\n\n\n<p><strong>Tur\u00f3 prop de camp de futbol o altre indret (si es decideix no pujar a&nbsp;la Tuta)<br><\/strong>Lectura del paisatge i comparaci\u00f3 amb el del seu lloc de proced\u00e8ncia. A&nbsp;trav\u00e9s dels elements del paisatge es parla de la formaci\u00f3 dels Pirineus,&nbsp;s\u2019identifica el tipus i caracter\u00edstiques de la roca que ens envolta, l\u2019evoluci\u00f3 i&nbsp;aprofitament de l\u2019entorn.&nbsp;Es treballa el relleu de l\u2019Alt Bergued\u00e0, tot orientant-lo i situant-lo en un perfil.<\/p>\n\n\n\n<p><strong>Cam\u00ed de la Tuta, Antic dip\u00f2sit<\/strong><br>Lectura del paisatge i comparaci\u00f3 amb el del seu lloc de proced\u00e8ncia. A&nbsp;trav\u00e9s dels elements del paisatge es parla de la formaci\u00f3 dels Pirineus,&nbsp;s\u2019identifica el tipus i caracter\u00edstiques de la roca que ens envolta, l\u2019evoluci\u00f3 i&nbsp;aprofitament de l\u2019entorn.&nbsp;Es situa l\u2019antic castell, i que d\u00f3na nom al poble, on ara es situa el museu del&nbsp;pastor.<\/p>\n\n\n\n<p><strong>La cova de la Tuta<br><\/strong>Entrarem a la cova equipats amb casc i lots. S\u2019observar\u00e0 la part m\u00e9s externa&nbsp;tot deduint possibles usos remots i actuals. Es baixar\u00e0 fins a la seg\u00fcent&nbsp;galeria on s\u2019observaran i es parlar\u00e0 del proc\u00e9s de formaci\u00f3 d\u2019estalactites i estalagmites. Una mica m\u00e9s endins, es parlar\u00e0 dels avencs i a les fosques i&nbsp;amb silenci, s\u2019escoltar\u00e0 el soroll de les gotes d\u2019aigua al caure.<\/p>\n\n\n\n<p><strong>Les Fonts del Llobregat<\/strong><br>Pel cam\u00ed de Castellar fins a les Fonts es faran un parell de parades, una per&nbsp;escoltar el soroll i l\u2019altre per parlar del torrent de la Font del boix.&nbsp;En la visita a Les Fonts del Llobregat ens fixarem per on surt l\u2019aigua, quanta&nbsp;en surt&#8230; Tamb\u00e9 ens aportar\u00e0 informaci\u00f3 sobre l\u2019aprofitament de l\u2019aigua&nbsp;abans i ara (canals, rescloses, molins, minicentrals hidroel\u00e8ctriques.<\/p>\n\n\n\n<p><strong>Al Mol\u00ed de les Fonts farem l\u2019ultima parada.<\/strong><br>Aqu\u00ed explicarem la llegenda de \u201cLa bruixa del riu\u201d, a partir de la qual, i de les&nbsp;observacions fetes durant tot el dia, esbrinarem l\u2019origen de les Fonts (el&nbsp;recorregut de l\u2019aigua per dins la muntanya lligant-lo amb l visita a la cova de&nbsp;la Tuta) i el seu comportament durant el curs de l\u2019any.&nbsp;Tamb\u00e9 parlarem de l\u2019aprofitament del riu per part de les persones..<\/p>\n\n\n\n<h5 class=\"wp-block-heading\"><strong>Producte final<\/strong><\/h5>\n\n\n\n<p><strong>Opci\u00f3 1: <\/strong>&nbsp;Els alumnes, de tornada al centre, hauran de fer un text que transformi la visi\u00f3 mitol\u00f2gica que ofereix la llegenda en una visi\u00f3 m\u00e9s cient\u00edfica del seu origen.&nbsp; El format del text pot prendre la forma d\u2019un article period\u00edstic.<\/p>\n\n\n\n<p><strong>Opci\u00f3 2: <\/strong>Al llarg de tot el dia haurem trepitjat un paisatge de ben segur particular, d\u2019alta muntanya. Establir una comparaci\u00f3 amb el paisatge dels alumnes pot ser un treball interessant a realitzar. Aquesta comparaci\u00f3 es pot establir a trav\u00e9s de fotografies que hagin realitzat els mateixos alumnes durant la sortida i fotografies que puguin recollir del paisatge de la seva localitat.<\/p>\n\n\n\n<h5 class=\"wp-block-heading\"><strong>Observacions:<\/strong><\/h5>\n\n\n\n<ul class=\"wp-block-list\">\n<li>L\u2019activitat \u00e9s d\u2019un dia.<\/li>\n\n\n\n<li>Cal portar esmorzar, dinar i aigua.<\/li>\n\n\n\n<li>Per entrar a la cova de la Tuta cal que els alumnes portin un lot o frontal.<\/li>\n\n\n\n<li>Cal anar preparat amb bon cal\u00e7at i roba d\u2019abric per protegir-se de les possibles inclem\u00e8ncies del temps.<\/li>\n\n\n\n<li>L\u2019activitat es pot adaptar segons les necessitats del centre i els&nbsp;aspectes curriculars que es vulguin tractar.<\/li>\n<\/ul>\n\n\n\n<h5 class=\"wp-block-heading\"><strong>Localitzacions de l&#8217;activitat:<\/strong><\/h5>\n\n\n\n<iframe loading=\"lazy\" src=\"https:\/\/www.google.com\/maps\/d\/u\/0\/embed?mid=1OsQWYF3jQxwXjDH0F5HlI7n6UDy4sZg&#038;ehbc=2E312F\" width=\"640\" height=\"480\"><\/iframe>\n\n\n\n<p><a href=\"https:\/\/ca.wikiloc.com\/rutes-senderisme\/cova-de-la-tuta-i-fonts-del-llobregat-134202378\">Itinerari de l&#8217;activitat<\/a><\/p>\n","protected":false},"excerpt":{"rendered":"<p>MODALITATS: Estada Sortida d&#8217;un dia Nivells educatius: (Cliqueu per descarregar-vos la fitxa de l&#8217;activitat) Desenvolupament de l&#8217;activitat: Arribada a Castellar de n\u2019HugPresentaci\u00f3 de l\u2019activitat i formulaci\u00f3 dels interrogants que s\u2019hauran de resoldre al llarg del dia. Situaci\u00f3 de la Tuta i presentaci\u00f3 d\u2019algunes unitats de relleu. Tur\u00f3 prop de camp de futbol o altre indret [&hellip;]<\/p>\n","protected":false},"author":1,"featured_media":0,"parent":8235,"menu_order":11,"comment_status":"closed","ping_status":"closed","template":"","meta":{"_bbp_topic_count":0,"_bbp_reply_count":0,"_bbp_total_topic_count":0,"_bbp_total_reply_count":0,"_bbp_voice_count":0,"_bbp_anonymous_reply_count":0,"_bbp_topic_count_hidden":0,"_bbp_reply_count_hidden":0,"_bbp_forum_subforum_count":0,"site-sidebar-layout":"default","site-content-layout":"","ast-site-content-layout":"default","site-content-style":"default","site-sidebar-style":"default","ast-global-header-display":"","ast-banner-title-visibility":"","ast-main-header-display":"","ast-hfb-above-header-display":"","ast-hfb-below-header-display":"","ast-hfb-mobile-header-display":"","site-post-title":"","ast-breadcrumbs-content":"","ast-featured-img":"","footer-sml-layout":"","theme-transparent-header-meta":"","adv-header-id-meta":"","stick-header-meta":"","header-above-stick-meta":"","header-main-stick-meta":"","header-below-stick-meta":"","astra-migrate-meta-layouts":"set","ast-page-background-enabled":"default","ast-page-background-meta":{"desktop":{"background-color":"var(--ast-global-color-4)","background-image":"","background-repeat":"repeat","background-position":"center center","background-size":"auto","background-attachment":"scroll","background-type":"","background-media":"","overlay-type":"","overlay-color":"","overlay-opacity":"","overlay-gradient":""},"tablet":{"background-color":"","background-image":"","background-repeat":"repeat","background-position":"center center","background-size":"auto","background-attachment":"scroll","background-type":"","background-media":"","overlay-type":"","overlay-color":"","overlay-opacity":"","overlay-gradient":""},"mobile":{"background-color":"","background-image":"","background-repeat":"repeat","background-position":"center center","background-size":"auto","background-attachment":"scroll","background-type":"","background-media":"","overlay-type":"","overlay-color":"","overlay-opacity":"","overlay-gradient":""}},"ast-content-background-meta":{"desktop":{"background-color":"var(--ast-global-color-5)","background-image":"","background-repeat":"repeat","background-position":"center center","background-size":"auto","background-attachment":"scroll","background-type":"","background-media":"","overlay-type":"","overlay-color":"","overlay-opacity":"","overlay-gradient":""},"tablet":{"background-color":"var(--ast-global-color-5)","background-image":"","background-repeat":"repeat","background-position":"center center","background-size":"auto","background-attachment":"scroll","background-type":"","background-media":"","overlay-type":"","overlay-color":"","overlay-opacity":"","overlay-gradient":""},"mobile":{"background-color":"var(--ast-global-color-5)","background-image":"","background-repeat":"repeat","background-position":"center center","background-size":"auto","background-attachment":"scroll","background-type":"","background-media":"","overlay-type":"","overlay-color":"","overlay-opacity":"","overlay-gradient":""}},"footnotes":""},"class_list":["post-316","page","type-page","status-publish","hentry"],"post_mailing_queue_ids":[],"_links":{"self":[{"href":"https:\/\/serveiseducatius.xtec.cat\/cda-altbergueda\/wp-json\/wp\/v2\/pages\/316","targetHints":{"allow":["GET"]}}],"collection":[{"href":"https:\/\/serveiseducatius.xtec.cat\/cda-altbergueda\/wp-json\/wp\/v2\/pages"}],"about":[{"href":"https:\/\/serveiseducatius.xtec.cat\/cda-altbergueda\/wp-json\/wp\/v2\/types\/page"}],"author":[{"embeddable":true,"href":"https:\/\/serveiseducatius.xtec.cat\/cda-altbergueda\/wp-json\/wp\/v2\/users\/1"}],"replies":[{"embeddable":true,"href":"https:\/\/serveiseducatius.xtec.cat\/cda-altbergueda\/wp-json\/wp\/v2\/comments?post=316"}],"version-history":[{"count":6,"href":"https:\/\/serveiseducatius.xtec.cat\/cda-altbergueda\/wp-json\/wp\/v2\/pages\/316\/revisions"}],"predecessor-version":[{"id":15456,"href":"https:\/\/serveiseducatius.xtec.cat\/cda-altbergueda\/wp-json\/wp\/v2\/pages\/316\/revisions\/15456"}],"up":[{"embeddable":true,"href":"https:\/\/serveiseducatius.xtec.cat\/cda-altbergueda\/wp-json\/wp\/v2\/pages\/8235"}],"wp:attachment":[{"href":"https:\/\/serveiseducatius.xtec.cat\/cda-altbergueda\/wp-json\/wp\/v2\/media?parent=316"}],"curies":[{"name":"wp","href":"https:\/\/api.w.org\/{rel}","templated":true}]}}