{"id":254,"date":"2013-11-16T11:47:36","date_gmt":"2013-11-16T10:47:36","guid":{"rendered":"http:\/\/blocs.xtec.cat\/cdaaltbergueda\/?page_id=254"},"modified":"2024-05-24T09:38:26","modified_gmt":"2024-05-24T07:38:26","slug":"inscripcio","status":"publish","type":"page","link":"https:\/\/serveiseducatius.xtec.cat\/cda-altbergueda\/el-camp\/inscripcio\/","title":{"rendered":"Inscripci\u00f3"},"content":{"rendered":"<p><img loading=\"lazy\" decoding=\"async\" class=\"aligncenter wp-image-13835 size-thumbnail\" src=\"https:\/\/serveiseducatius.xtec.cat\/cda-altbergueda\/wp-content\/uploads\/usu1364\/2024\/05\/lista-150x150.png\" alt=\"\" width=\"150\" height=\"150\" srcset=\"https:\/\/serveiseducatius.xtec.cat\/cda-altbergueda\/wp-content\/uploads\/usu1364\/2024\/05\/lista-150x150.png 150w, https:\/\/serveiseducatius.xtec.cat\/cda-altbergueda\/wp-content\/uploads\/usu1364\/2024\/05\/lista-300x300.png 300w, https:\/\/serveiseducatius.xtec.cat\/cda-altbergueda\/wp-content\/uploads\/usu1364\/2024\/05\/lista.png 512w\" sizes=\"auto, (max-width: 150px) 100vw, 150px\" \/><\/p>\n<p style=\"text-align: justify;\">Cada any les inscripcions als Camps i Entorns d&#8217;Aprenentatge es realitzen durant el <strong>mes\u00a0 de maig <\/strong>a trav\u00e9s de la <a href=\"http:\/\/xtec.gencat.cat\/ca\/serveis\/sesc\/cda\/\">web del Departament d&#8217;Educaci\u00f3, <\/a>en l&#8217;apartat destinat a aquest fi. La inscripci\u00f3 s&#8217;ha de realitzar amb el codi i contrasenya XTEC del centre. Les direccions del centre poden donar acc\u00e9s als mestres o professors del seu claustre per tal que realitzin les inscripcions des del seu compte Xtec.<\/p>\n<p><strong>Inscripci\u00f3 i quotes<\/strong><\/p>\n<p>Podeu trobar tota la informaci\u00f3 actualitzada en aquest <a href=\"http:\/\/xtec.gencat.cat\/ca\/serveis\/sesc\/cda\/inscripcio\/\">enlla\u00e7<\/a><\/p>\n<p><strong style=\"color: #000000;\">Inscripcions fora de\u00a0termini<\/strong><\/p>\n<p style=\"text-align: justify;\">Per demanar\u00a0sortides\u00a0(un dia) o\u00a0estades\u00a0(m\u00e9s d&#8217;un dia) fora del per\u00edode d&#8217;inscripci\u00f3, us heu de posar en contacte amb nosaltres a trav\u00e9s d&#8217;<a href=\"https:\/\/docs.google.com\/forms\/d\/e\/1FAIpQLSfroO7VO6OOZoFzKJ02OKeFz90SpxRxJQx5akrCaFJkceFJOw\/viewform\">aquest formulari<\/a> o de les vies de <a href=\"http:\/\/serveiseducatius.xtec.cat\/cda-altbergueda\/el-camp\/contacte\/\">contacte<\/a>\u00a0que tenim a la vostra disposici\u00f3. La vostra sol\u00b7licitud ser\u00e0 atesa en funci\u00f3 de les possibles baixes que s&#8217;hagin pogut ocasionar despr\u00e9s de la finalitzaci\u00f3 del procediment habitual d&#8217;inscripcions, i de les dates que tinguem disponibles al nostre calendari.<\/p>\n<p><img loading=\"lazy\" decoding=\"async\" class=\"aligncenter wp-image-13858 size-thumbnail\" src=\"https:\/\/serveiseducatius.xtec.cat\/cda-altbergueda\/wp-content\/uploads\/usu1364\/2024\/05\/tarde-150x150.png\" alt=\"\" width=\"150\" height=\"150\" srcset=\"https:\/\/serveiseducatius.xtec.cat\/cda-altbergueda\/wp-content\/uploads\/usu1364\/2024\/05\/tarde-150x150.png 150w, https:\/\/serveiseducatius.xtec.cat\/cda-altbergueda\/wp-content\/uploads\/usu1364\/2024\/05\/tarde-300x300.png 300w, https:\/\/serveiseducatius.xtec.cat\/cda-altbergueda\/wp-content\/uploads\/usu1364\/2024\/05\/tarde.png 512w\" sizes=\"auto, (max-width: 150px) 100vw, 150px\" \/><\/p>\n","protected":false},"excerpt":{"rendered":"<p>Cada any les inscripcions als Camps i Entorns d&#8217;Aprenentatge es realitzen durant el mes\u00a0 de maig a trav\u00e9s de la web del Departament d&#8217;Educaci\u00f3, en l&#8217;apartat destinat a aquest fi. La inscripci\u00f3 s&#8217;ha de realitzar amb el codi i contrasenya XTEC del centre. Les direccions del centre poden donar acc\u00e9s als mestres o professors del [&hellip;]<\/p>\n","protected":false},"author":1,"featured_media":0,"parent":8225,"menu_order":6,"comment_status":"closed","ping_status":"closed","template":"page-templates\/side-menu.php","meta":{"_bbp_topic_count":0,"_bbp_reply_count":0,"_bbp_total_topic_count":0,"_bbp_total_reply_count":0,"_bbp_voice_count":0,"_bbp_anonymous_reply_count":0,"_bbp_topic_count_hidden":0,"_bbp_reply_count_hidden":0,"_bbp_forum_subforum_count":0,"site-sidebar-layout":"default","site-content-layout":"","ast-site-content-layout":"","site-content-style":"default","site-sidebar-style":"default","ast-global-header-display":"","ast-banner-title-visibility":"","ast-main-header-display":"","ast-hfb-above-header-display":"","ast-hfb-below-header-display":"","ast-hfb-mobile-header-display":"","site-post-title":"","ast-breadcrumbs-content":"","ast-featured-img":"","footer-sml-layout":"","theme-transparent-header-meta":"","adv-header-id-meta":"","stick-header-meta":"","header-above-stick-meta":"","header-main-stick-meta":"","header-below-stick-meta":"","astra-migrate-meta-layouts":"default","ast-page-background-enabled":"default","ast-page-background-meta":{"desktop":{"background-color":"var(--ast-global-color-4)","background-image":"","background-repeat":"repeat","background-position":"center center","background-size":"auto","background-attachment":"scroll","background-type":"","background-media":"","overlay-type":"","overlay-color":"","overlay-opacity":"","overlay-gradient":""},"tablet":{"background-color":"","background-image":"","background-repeat":"repeat","background-position":"center center","background-size":"auto","background-attachment":"scroll","background-type":"","background-media":"","overlay-type":"","overlay-color":"","overlay-opacity":"","overlay-gradient":""},"mobile":{"background-color":"","background-image":"","background-repeat":"repeat","background-position":"center center","background-size":"auto","background-attachment":"scroll","background-type":"","background-media":"","overlay-type":"","overlay-color":"","overlay-opacity":"","overlay-gradient":""}},"ast-content-background-meta":{"desktop":{"background-color":"var(--ast-global-color-5)","background-image":"","background-repeat":"repeat","background-position":"center center","background-size":"auto","background-attachment":"scroll","background-type":"","background-media":"","overlay-type":"","overlay-color":"","overlay-opacity":"","overlay-gradient":""},"tablet":{"background-color":"var(--ast-global-color-5)","background-image":"","background-repeat":"repeat","background-position":"center center","background-size":"auto","background-attachment":"scroll","background-type":"","background-media":"","overlay-type":"","overlay-color":"","overlay-opacity":"","overlay-gradient":""},"mobile":{"background-color":"var(--ast-global-color-5)","background-image":"","background-repeat":"repeat","background-position":"center center","background-size":"auto","background-attachment":"scroll","background-type":"","background-media":"","overlay-type":"","overlay-color":"","overlay-opacity":"","overlay-gradient":""}},"footnotes":""},"class_list":["post-254","page","type-page","status-publish","hentry"],"post_mailing_queue_ids":[],"_links":{"self":[{"href":"https:\/\/serveiseducatius.xtec.cat\/cda-altbergueda\/wp-json\/wp\/v2\/pages\/254","targetHints":{"allow":["GET"]}}],"collection":[{"href":"https:\/\/serveiseducatius.xtec.cat\/cda-altbergueda\/wp-json\/wp\/v2\/pages"}],"about":[{"href":"https:\/\/serveiseducatius.xtec.cat\/cda-altbergueda\/wp-json\/wp\/v2\/types\/page"}],"author":[{"embeddable":true,"href":"https:\/\/serveiseducatius.xtec.cat\/cda-altbergueda\/wp-json\/wp\/v2\/users\/1"}],"replies":[{"embeddable":true,"href":"https:\/\/serveiseducatius.xtec.cat\/cda-altbergueda\/wp-json\/wp\/v2\/comments?post=254"}],"version-history":[{"count":6,"href":"https:\/\/serveiseducatius.xtec.cat\/cda-altbergueda\/wp-json\/wp\/v2\/pages\/254\/revisions"}],"predecessor-version":[{"id":13865,"href":"https:\/\/serveiseducatius.xtec.cat\/cda-altbergueda\/wp-json\/wp\/v2\/pages\/254\/revisions\/13865"}],"up":[{"embeddable":true,"href":"https:\/\/serveiseducatius.xtec.cat\/cda-altbergueda\/wp-json\/wp\/v2\/pages\/8225"}],"wp:attachment":[{"href":"https:\/\/serveiseducatius.xtec.cat\/cda-altbergueda\/wp-json\/wp\/v2\/media?parent=254"}],"curies":[{"name":"wp","href":"https:\/\/api.w.org\/{rel}","templated":true}]}}